{"id":2922,"date":"2025-10-14T14:44:51","date_gmt":"2025-10-14T12:44:51","guid":{"rendered":"https:\/\/www.diukoptyk.pl\/?post_type=product&#038;p=2922"},"modified":"2026-03-05T18:18:55","modified_gmt":"2026-03-05T17:18:55","slug":"jacques-marie-mage-dealan-beau","status":"publish","type":"product","link":"https:\/\/www.diukoptyk.pl\/pl\/produkt\/jacques-marie-mage-dealan-beau\/","title":{"rendered":"Jacques Marie Mage DEALAN | BEAU"},"content":{"rendered":"<article class=\"text-token-text-primary w-full focus:outline-none [--shadow-height:45px] has-data-writing-block:pointer-events-none has-data-writing-block:-mt-(--shadow-height) has-data-writing-block:pt-(--shadow-height) [&amp;:has([data-writing-block])&gt;*]:pointer-events-auto [content-visibility:auto] supports-[content-visibility:auto]:[contain-intrinsic-size:auto_100lvh] scroll-mt-[calc(var(--header-height)+min(200px,max(70px,20svh)))]\" dir=\"auto\" tabindex=\"-1\" data-turn-id=\"request-68dbb5b1-7ef0-832d-b63b-57cc941960e2-36\" data-testid=\"conversation-turn-354\" data-scroll-anchor=\"true\" data-turn=\"assistant\">\n<div class=\"text-base my-auto mx-auto pb-10 [--thread-content-margin:--spacing(4)] thread-sm:[--thread-content-margin:--spacing(6)] thread-lg:[--thread-content-margin:--spacing(16)] px-(--thread-content-margin)\">\n<div class=\"[--thread-content-max-width:40rem] thread-lg:[--thread-content-max-width:48rem] mx-auto max-w-(--thread-content-max-width) flex-1 group\/turn-messages focus-visible:outline-hidden relative flex w-full min-w-0 flex-col agent-turn\" tabindex=\"-1\">\n<div class=\"flex max-w-full flex-col grow\">\n<div class=\"min-h-8 text-message relative flex w-full flex-col items-end gap-2 text-start break-words whitespace-normal [.text-message+&amp;]:mt-1\" dir=\"auto\" data-message-author-role=\"assistant\" data-message-id=\"beacea4e-b327-4ef4-a4ba-634caac1056d\" data-message-model-slug=\"gpt-5\">\n<div class=\"flex w-full flex-col gap-1 empty:hidden first:pt-[1px]\">\n<div class=\"markdown prose dark:prose-invert w-full break-words light markdown-new-styling\">\n<p data-start=\"1826\" data-end=\"2135\" data-is-last-node=\"\" data-is-only-node=\"\"><strong data-start=\"1826\" data-end=\"1839\">Dla kogo:<\/strong><br data-start=\"1839\" data-end=\"1842\" \/>Dla mi\u0142o\u015bnik\u00f3w <strong data-start=\"1857\" data-end=\"1881\">ponadczasowego stylu<\/strong> i <strong data-start=\"1884\" data-end=\"1931\">subtelnej elegancji z artystycznym akcentem<\/strong>.<br data-start=\"1932\" data-end=\"1935\" \/>Jacques Marie Mage <strong data-start=\"1954\" data-end=\"1969\">Dealan Beau<\/strong> to okulary, kt\u00f3re nie tylko podkre\u015blaj\u0105 twarz \u2014 one <strong data-start=\"2022\" data-end=\"2041\">tworz\u0105 obecno\u015b\u0107<\/strong>.<br data-start=\"2042\" data-end=\"2045\" \/>Pe\u0142ne charakteru, idealne dla tych, kt\u00f3rzy ceni\u0105 <strong data-start=\"2094\" data-end=\"2134\">jako\u015b\u0107, rzemios\u0142o i niepowtarzalno\u015b\u0107<\/strong>.<\/p>\n<\/div>\n<\/div>\n<\/div>\n<\/div>\n<\/div>\n<\/div>\n<\/article>\n","protected":false},"excerpt":{"rendered":"<h3 data-start=\"0\" data-end=\"44\"><strong data-start=\"4\" data-end=\"42\">Jacques Marie Mage \u2013 DEALAN | BEAU<\/strong><\/h3>\n<p data-start=\"45\" data-end=\"105\"><strong data-start=\"45\" data-end=\"103\">Limitowana edycja \u2013 ikona stylu inspirowana latami 60.<\/strong><\/p>\n<p data-start=\"107\" data-end=\"470\">Model <strong data-start=\"113\" data-end=\"138\">Dealan w kolorze Beau<\/strong> to kwintesencja estetyki Jacques Marie Mage \u2014 klasyczna forma, rze\u017abiarska obj\u0119to\u015b\u0107 i subtelne metalowe detale, kt\u00f3re razem tworz\u0105 ponadczasowy symbol elegancji. Inspirowany latami 60., ten model sta\u0142 si\u0119 jednym z najbardziej rozpoznawalnych projekt\u00f3w marki, uwielbianym przez artyst\u00f3w, muzyk\u00f3w i koneser\u00f3w stylu z ca\u0142ego \u015bwiata.<\/p>\n<p data-start=\"472\" data-end=\"894\">R\u0119cznie wykonane w Japonii z <strong data-start=\"501\" data-end=\"536\">10 mm acetatu w odcieniu Havana<\/strong>, okulary <strong data-start=\"546\" data-end=\"561\">Dealan Beau<\/strong> zachwycaj\u0105 ciep\u0142ym tonem i mi\u0119kkim blaskiem. <strong data-start=\"607\" data-end=\"641\">Z\u0142ote nity w kszta\u0142cie strza\u0142y<\/strong>, ukryty <strong data-start=\"650\" data-end=\"667\">drut wirecore<\/strong> z precyzyjnym grawerem i <strong data-start=\"693\" data-end=\"712\">7-barrel zawias<\/strong> podkre\u015blaj\u0105 mistrzostwo rzemios\u0142a. Ca\u0142o\u015b\u0107 uzupe\u0142niaj\u0105 <strong data-start=\"767\" data-end=\"802\">niebieskie soczewki Nimbus CR39<\/strong>, oferuj\u0105ce <strong data-start=\"814\" data-end=\"833\">100% ochrony UV<\/strong> i doskona\u0142\u0105 przejrzysto\u015b\u0107 dzi\u0119ki pow\u0142oce antyrefleksyjnej.<\/p>\n<p data-start=\"896\" data-end=\"1017\">To okulary, kt\u00f3re \u0142\u0105cz\u0105 w sobie <strong data-start=\"928\" data-end=\"972\">charakter vintage z nowoczesn\u0105 elegancj\u0105<\/strong> \u2014 klasyk, kt\u00f3ry nigdy nie wychodzi z mody.<\/p>\n<hr data-start=\"1019\" data-end=\"1022\" \/>\n<p data-start=\"1024\" data-end=\"1049\"><strong data-start=\"1024\" data-end=\"1047\">Detale i wykonanie:<\/strong><\/p>\n<ul data-start=\"1050\" data-end=\"1632\">\n<li data-start=\"1050\" data-end=\"1097\">\n<p data-start=\"1052\" data-end=\"1097\"><strong data-start=\"1052\" data-end=\"1063\">Rodzaj:<\/strong> okulary przeciws\u0142oneczne unisex<\/p>\n<\/li>\n<li data-start=\"1098\" data-end=\"1163\">\n<p data-start=\"1100\" data-end=\"1163\"><strong data-start=\"1100\" data-end=\"1112\">Kszta\u0142t:<\/strong> square (prostok\u0105tne, inspirowane stylem lat 60.)<\/p>\n<\/li>\n<li data-start=\"1164\" data-end=\"1217\">\n<p data-start=\"1166\" data-end=\"1217\"><strong data-start=\"1166\" data-end=\"1176\">Kolor:<\/strong> Beau \u2013 Havana z niebieskimi soczewkami<\/p>\n<\/li>\n<li data-start=\"1218\" data-end=\"1265\">\n<p data-start=\"1220\" data-end=\"1265\"><strong data-start=\"1220\" data-end=\"1233\">Materia\u0142:<\/strong> 10 mm cured cellulose acetate<\/p>\n<\/li>\n<li data-start=\"1266\" data-end=\"1490\">\n<p data-start=\"1268\" data-end=\"1286\"><strong data-start=\"1268\" data-end=\"1284\">Wyko\u0144czenie:<\/strong><\/p>\n<ul data-start=\"1289\" data-end=\"1490\">\n<li data-start=\"1289\" data-end=\"1326\">\n<p data-start=\"1291\" data-end=\"1326\">Light Gold <em data-start=\"1302\" data-end=\"1324\">arrowhead front pins<\/em><\/p>\n<\/li>\n<li data-start=\"1329\" data-end=\"1393\">\n<p data-start=\"1331\" data-end=\"1393\">Ukryty <em data-start=\"1338\" data-end=\"1359\">light gold wirecore<\/em> z grawerem <em data-start=\"1371\" data-end=\"1391\">hairline engraving<\/em><\/p>\n<\/li>\n<li data-start=\"1396\" data-end=\"1450\">\n<p data-start=\"1398\" data-end=\"1450\"><em data-start=\"1398\" data-end=\"1448\">Light gold tension-secured custom 7-barrel hinge<\/em><\/p>\n<\/li>\n<li data-start=\"1453\" data-end=\"1490\">\n<p data-start=\"1455\" data-end=\"1490\">Metalowe elementy z jasnego z\u0142ota<\/p>\n<\/li>\n<\/ul>\n<\/li>\n<li data-start=\"1491\" data-end=\"1567\">\n<p data-start=\"1493\" data-end=\"1567\"><strong data-start=\"1493\" data-end=\"1506\">Soczewki:<\/strong> Nimbus CR39 (6-base) z pow\u0142ok\u0105 antyrefleksyjn\u0105 od wewn\u0105trz<\/p>\n<\/li>\n<li data-start=\"1568\" data-end=\"1592\">\n<p data-start=\"1570\" data-end=\"1592\"><strong data-start=\"1570\" data-end=\"1582\">Ochrona:<\/strong> 100% UV<\/p>\n<\/li>\n<li data-start=\"1593\" data-end=\"1632\">\n<p data-start=\"1595\" data-end=\"1632\"><strong data-start=\"1595\" data-end=\"1609\">Rzemios\u0142o:<\/strong> Handcrafted in Japan<\/p>\n<\/li>\n<\/ul>\n","protected":false},"featured_media":2924,"template":"","meta":{"_acf_changed":false,"_joinchat":[]},"product_brand":[82],"product_cat":[32,37,30,35],"product_tag":[],"model":[374],"class_list":{"0":"post-2922","1":"product","2":"type-product","3":"status-publish","4":"has-post-thumbnail","6":"product_brand-jacques-marie-mage","7":"product_cat-damskie","8":"product_cat-meskie","9":"product_cat-okulary-przeciwsloneczne","10":"product_cat-unisex","11":"model-dealan","13":"first","14":"instock","15":"shipping-taxable","16":"purchasable","17":"product-type-simple"},"acf":[],"aioseo_notices":[],"_links":{"self":[{"href":"https:\/\/www.diukoptyk.pl\/pl\/wp-json\/wp\/v2\/product\/2922","targetHints":{"allow":["GET"]}}],"collection":[{"href":"https:\/\/www.diukoptyk.pl\/pl\/wp-json\/wp\/v2\/product"}],"about":[{"href":"https:\/\/www.diukoptyk.pl\/pl\/wp-json\/wp\/v2\/types\/product"}],"version-history":[{"count":1,"href":"https:\/\/www.diukoptyk.pl\/pl\/wp-json\/wp\/v2\/product\/2922\/revisions"}],"predecessor-version":[{"id":4481,"href":"https:\/\/www.diukoptyk.pl\/pl\/wp-json\/wp\/v2\/product\/2922\/revisions\/4481"}],"wp:featuredmedia":[{"embeddable":true,"href":"https:\/\/www.diukoptyk.pl\/pl\/wp-json\/wp\/v2\/media\/2924"}],"wp:attachment":[{"href":"https:\/\/www.diukoptyk.pl\/pl\/wp-json\/wp\/v2\/media?parent=2922"}],"wp:term":[{"taxonomy":"product_brand","embeddable":true,"href":"https:\/\/www.diukoptyk.pl\/pl\/wp-json\/wp\/v2\/product_brand?post=2922"},{"taxonomy":"product_cat","embeddable":true,"href":"https:\/\/www.diukoptyk.pl\/pl\/wp-json\/wp\/v2\/product_cat?post=2922"},{"taxonomy":"product_tag","embeddable":true,"href":"https:\/\/www.diukoptyk.pl\/pl\/wp-json\/wp\/v2\/product_tag?post=2922"},{"taxonomy":"model","embeddable":true,"href":"https:\/\/www.diukoptyk.pl\/pl\/wp-json\/wp\/v2\/model?post=2922"}],"curies":[{"name":"wp","href":"https:\/\/api.w.org\/{rel}","templated":true}]}}