{"id":2896,"date":"2025-10-14T14:24:33","date_gmt":"2025-10-14T12:24:33","guid":{"rendered":"https:\/\/www.diukoptyk.pl\/?post_type=product&#038;p=2896"},"modified":"2026-03-05T18:17:49","modified_gmt":"2026-03-05T17:17:49","slug":"jacques-marie-mage-commodore-roma","status":"publish","type":"product","link":"https:\/\/www.diukoptyk.pl\/pl\/produkt\/jacques-marie-mage-commodore-roma\/","title":{"rendered":"Jacques Marie Mage COMMODORE | ROMA"},"content":{"rendered":"<p><strong data-start=\"1775\" data-end=\"1788\">Dla kogo:<\/strong><br data-start=\"1788\" data-end=\"1791\" \/>Dla tych, kt\u00f3rzy \u0142\u0105cz\u0105 <strong data-start=\"1814\" data-end=\"1855\">odwag\u0119 stylu z wyrafinowan\u0105 elegancj\u0105<\/strong>. Model <strong data-start=\"1863\" data-end=\"1881\">Commodore Roma<\/strong> to ho\u0142d dla z\u0142otej ery motoryzacji i w\u0142oskiego designu \u2014 okulary o <strong data-start=\"1949\" data-end=\"1990\">duszy vintage i wsp\u00f3\u0142czesnej precyzji<\/strong>, kt\u00f3re m\u00f3wi\u0105 jedno: <em data-start=\"2011\" data-end=\"2042\">class never goes out of style<\/em>.<\/p>\n","protected":false},"excerpt":{"rendered":"<h3 data-start=\"0\" data-end=\"47\"><strong data-start=\"4\" data-end=\"45\">acques Marie Mage \u2013 COMMODORE | ROMA<\/strong><\/h3>\n<p data-start=\"48\" data-end=\"89\"><strong data-start=\"48\" data-end=\"87\">Limitowana edycja \u2013 500 egzemplarzy<\/strong><\/p>\n<p data-start=\"91\" data-end=\"476\">Model <strong data-start=\"97\" data-end=\"125\">Commodore w kolorze Roma<\/strong> to spektakularne po\u0142\u0105czenie <strong data-start=\"154\" data-end=\"205\">in\u017cynieryjnej precyzji i w\u0142oskiego temperamentu<\/strong>. Te eleganckie, prostok\u0105tne okulary z podw\u00f3jnym mostkiem i rze\u017abionymi detalami stanowi\u0105 wyrafinowany ho\u0142d dla lat 70. \u2014 epoki, w kt\u00f3rej styl, pr\u0119dko\u015b\u0107 i elegancja tworzy\u0142y nierozerwaln\u0105 ca\u0142o\u015b\u0107. Stworzone dla tych, kt\u00f3rzy lubi\u0105 by\u0107 w centrum uwagi, ale zawsze z klas\u0105.<\/p>\n<p data-start=\"478\" data-end=\"834\">R\u0119cznie wykonane w Japonii z <strong data-start=\"507\" data-end=\"533\">100% tytanu klasy beta<\/strong>, okulary <strong data-start=\"543\" data-end=\"561\">Commodore Roma<\/strong> emanuj\u0105 ciep\u0142ym blaskiem <strong data-start=\"587\" data-end=\"600\">Moon Gold<\/strong>, kt\u00f3ry subtelnie kontrastuje z <strong data-start=\"632\" data-end=\"670\">srebrnymi wstawkami wok\u00f3\u0142 soczewek<\/strong>. Zauszniki z grawerem <em data-start=\"693\" data-end=\"703\">hairline<\/em>, zako\u0144czone w formie skrzyde\u0142, odzwierciedlaj\u0105 kunszt rzemie\u015blniczy i dba\u0142o\u015b\u0107 o detale charakterystyczn\u0105 dla Jacques Marie Mage.<\/p>\n<p data-start=\"836\" data-end=\"1064\">Uzupe\u0142nieniem projektu s\u0105 <strong data-start=\"862\" data-end=\"908\">pomara\u0144czowe soczewki Tuscan Gradient CR39<\/strong>, kt\u00f3re przywodz\u0105 na my\u015bl zachodz\u0105ce s\u0142o\u0144ce nad Rzymem. Zapewniaj\u0105 <strong data-start=\"975\" data-end=\"994\">100% ochron\u0119 UV<\/strong>, doskona\u0142\u0105 przejrzysto\u015b\u0107 i komfort dzi\u0119ki pow\u0142oce antyrefleksyjnej.<\/p>\n<hr data-start=\"1066\" data-end=\"1069\" \/>\n<p data-start=\"1071\" data-end=\"1096\"><strong data-start=\"1071\" data-end=\"1094\">Detale i wykonanie:<\/strong><\/p>\n<ul data-start=\"1097\" data-end=\"1768\">\n<li data-start=\"1097\" data-end=\"1144\">\n<p data-start=\"1099\" data-end=\"1144\"><strong data-start=\"1099\" data-end=\"1110\">Rodzaj:<\/strong> okulary przeciws\u0142oneczne unisex<\/p>\n<\/li>\n<li data-start=\"1145\" data-end=\"1203\">\n<p data-start=\"1147\" data-end=\"1203\"><strong data-start=\"1147\" data-end=\"1159\">Kszta\u0142t:<\/strong> prostok\u0105tny, inspirowany estetyk\u0105 lat 70.<\/p>\n<\/li>\n<li data-start=\"1204\" data-end=\"1257\">\n<p data-start=\"1206\" data-end=\"1257\"><strong data-start=\"1206\" data-end=\"1216\">Kolor:<\/strong> Roma \u2013 Moon Gold z srebrnymi wstawkami<\/p>\n<\/li>\n<li data-start=\"1258\" data-end=\"1294\">\n<p data-start=\"1260\" data-end=\"1294\"><strong data-start=\"1260\" data-end=\"1273\">Materia\u0142:<\/strong> 100% beta titanium<\/p>\n<\/li>\n<li data-start=\"1295\" data-end=\"1617\">\n<p data-start=\"1297\" data-end=\"1315\"><strong data-start=\"1297\" data-end=\"1313\">Wyko\u0144czenie:<\/strong><\/p>\n<ul data-start=\"1318\" data-end=\"1617\">\n<li data-start=\"1318\" data-end=\"1410\">\n<p data-start=\"1320\" data-end=\"1410\">Zauszniki z grawerem <em data-start=\"1341\" data-end=\"1351\">hairline<\/em> w odcieniu Moon Gold, zako\u0144czone skrzyd\u0142owymi ko\u0144c\u00f3wkami<\/p>\n<\/li>\n<li data-start=\"1413\" data-end=\"1464\">\n<p data-start=\"1415\" data-end=\"1464\">Moon Gold <em data-start=\"1425\" data-end=\"1439\">hidden hinge<\/em> o precyzyjnym napi\u0119ciu<\/p>\n<\/li>\n<li data-start=\"1467\" data-end=\"1510\">\n<p data-start=\"1469\" data-end=\"1510\">Srebrne tytanowe wstawki przy oprawkach<\/p>\n<\/li>\n<li data-start=\"1513\" data-end=\"1557\">\n<p data-start=\"1515\" data-end=\"1557\">Mostek z subtelnym wyko\u0144czeniem Art Deco<\/p>\n<\/li>\n<li data-start=\"1560\" data-end=\"1617\">\n<p data-start=\"1562\" data-end=\"1617\">Niestandardowe noski z logo JMM i grawerem <em data-start=\"1605\" data-end=\"1615\">hairline<\/em><\/p>\n<\/li>\n<\/ul>\n<\/li>\n<li data-start=\"1618\" data-end=\"1703\">\n<p data-start=\"1620\" data-end=\"1703\"><strong data-start=\"1620\" data-end=\"1633\">Soczewki:<\/strong> Tuscan Gradient CR39 (4-base) z pow\u0142ok\u0105 antyrefleksyjn\u0105 od wewn\u0105trz<\/p>\n<\/li>\n<li data-start=\"1704\" data-end=\"1728\">\n<p data-start=\"1706\" data-end=\"1728\"><strong data-start=\"1706\" data-end=\"1718\">Ochrona:<\/strong> 100% UV<\/p>\n<\/li>\n<li data-start=\"1729\" data-end=\"1768\">\n<p data-start=\"1731\" data-end=\"1768\"><strong data-start=\"1731\" data-end=\"1745\">Rzemios\u0142o:<\/strong> Handcrafted in Japan<\/p>\n<\/li>\n<\/ul>\n","protected":false},"featured_media":2901,"template":"","meta":{"_acf_changed":false,"_joinchat":[]},"product_brand":[82],"product_cat":[37,30,35],"product_tag":[],"model":[372],"class_list":{"0":"post-2896","1":"product","2":"type-product","3":"status-publish","4":"has-post-thumbnail","6":"product_brand-jacques-marie-mage","7":"product_cat-meskie","8":"product_cat-okulary-przeciwsloneczne","9":"product_cat-unisex","10":"model-commodore","12":"first","13":"instock","14":"shipping-taxable","15":"purchasable","16":"product-type-simple"},"acf":[],"aioseo_notices":[],"_links":{"self":[{"href":"https:\/\/www.diukoptyk.pl\/pl\/wp-json\/wp\/v2\/product\/2896","targetHints":{"allow":["GET"]}}],"collection":[{"href":"https:\/\/www.diukoptyk.pl\/pl\/wp-json\/wp\/v2\/product"}],"about":[{"href":"https:\/\/www.diukoptyk.pl\/pl\/wp-json\/wp\/v2\/types\/product"}],"version-history":[{"count":1,"href":"https:\/\/www.diukoptyk.pl\/pl\/wp-json\/wp\/v2\/product\/2896\/revisions"}],"predecessor-version":[{"id":4474,"href":"https:\/\/www.diukoptyk.pl\/pl\/wp-json\/wp\/v2\/product\/2896\/revisions\/4474"}],"wp:featuredmedia":[{"embeddable":true,"href":"https:\/\/www.diukoptyk.pl\/pl\/wp-json\/wp\/v2\/media\/2901"}],"wp:attachment":[{"href":"https:\/\/www.diukoptyk.pl\/pl\/wp-json\/wp\/v2\/media?parent=2896"}],"wp:term":[{"taxonomy":"product_brand","embeddable":true,"href":"https:\/\/www.diukoptyk.pl\/pl\/wp-json\/wp\/v2\/product_brand?post=2896"},{"taxonomy":"product_cat","embeddable":true,"href":"https:\/\/www.diukoptyk.pl\/pl\/wp-json\/wp\/v2\/product_cat?post=2896"},{"taxonomy":"product_tag","embeddable":true,"href":"https:\/\/www.diukoptyk.pl\/pl\/wp-json\/wp\/v2\/product_tag?post=2896"},{"taxonomy":"model","embeddable":true,"href":"https:\/\/www.diukoptyk.pl\/pl\/wp-json\/wp\/v2\/model?post=2896"}],"curies":[{"name":"wp","href":"https:\/\/api.w.org\/{rel}","templated":true}]}}