{"id":2887,"date":"2025-10-14T14:24:21","date_gmt":"2025-10-14T12:24:21","guid":{"rendered":"https:\/\/www.diukoptyk.pl\/?post_type=product&#038;p=2887"},"modified":"2026-03-05T18:17:39","modified_gmt":"2026-03-05T17:17:39","slug":"jacques-marie-mage-commodore-pacific","status":"publish","type":"product","link":"https:\/\/www.diukoptyk.pl\/pl\/produkt\/jacques-marie-mage-commodore-pacific\/","title":{"rendered":"Jacques Marie Mage COMMODORE | PACIFIC"},"content":{"rendered":"<p><strong data-start=\"1755\" data-end=\"1768\">Dla kogo:<\/strong><br data-start=\"1768\" data-end=\"1771\" \/>Dla mi\u0142o\u015bnik\u00f3w <strong data-start=\"1786\" data-end=\"1844\">motoryzacyjnego ducha, klasyki i technicznej perfekcji<\/strong>, kt\u00f3rzy ceni\u0105 sobie <strong data-start=\"1865\" data-end=\"1902\">presti\u017c i funkcjonalno\u015b\u0107 w jednym<\/strong>. Model <strong data-start=\"1910\" data-end=\"1931\">Commodore Pacific<\/strong> to tytanowa manifestacja stylu \u2013 mocny, elegancki i wyj\u0105tkowy jak jego w\u0142a\u015bciciel.<\/p>\n","protected":false},"excerpt":{"rendered":"<h3 data-start=\"0\" data-end=\"50\"><strong data-start=\"4\" data-end=\"48\">Jacques Marie Mage \u2013 COMMODORE | PACIFIC<\/strong><\/h3>\n<p data-start=\"51\" data-end=\"92\"><strong data-start=\"51\" data-end=\"90\">Limitowana edycja \u2013 500 egzemplarzy<\/strong><\/p>\n<p data-start=\"94\" data-end=\"499\">Model <strong data-start=\"100\" data-end=\"131\">Commodore w kolorze Pacific<\/strong> to ho\u0142d dla odwagi, pr\u0119dko\u015bci i niepowtarzalnego stylu lat 70. Te eleganckie, prostok\u0105tne okulary z charakterystycznym podw\u00f3jnym mostkiem i rze\u017abionym profilem \u201ecoined-edge\u201d stanowi\u0105 perfekcyjne po\u0142\u0105czenie <strong data-start=\"338\" data-end=\"364\">in\u017cynieryjnej precyzji<\/strong> i <strong data-start=\"367\" data-end=\"398\">artystycznego wyrafinowania<\/strong>. Inspirowane \u015bwiatem wy\u015bcig\u00f3w i duchem wolno\u015bci, emanuj\u0105 si\u0142\u0105, klas\u0105 i bezb\u0142\u0119dnym wyczuciem stylu.<\/p>\n<p data-start=\"501\" data-end=\"939\">R\u0119cznie wykonane w Japonii z <strong data-start=\"530\" data-end=\"556\">100% tytanu klasy beta<\/strong>, okulary <strong data-start=\"566\" data-end=\"587\">Commodore Pacific<\/strong> charakteryzuj\u0105 si\u0119 wyj\u0105tkow\u0105 lekko\u015bci\u0105, trwa\u0142o\u015bci\u0105 i detalami, kt\u00f3re \u015bwiadcz\u0105 o mistrzowskim rzemio\u015ble. <strong data-start=\"692\" data-end=\"737\">Wstawki z czarnego tytanu o grubo\u015bci 6 mm<\/strong> oraz <strong data-start=\"743\" data-end=\"792\">podw\u00f3jny mostek z kontrastuj\u0105cym wyko\u0144czeniem<\/strong> nadaj\u0105 konstrukcji dynamizmu i g\u0142\u0119bi. <strong data-start=\"831\" data-end=\"872\">Srebrne zauszniki z grawerem hairline<\/strong> i zako\u0144czeniem w formie skrzyde\u0142 podkre\u015blaj\u0105 charakter projektu.<\/p>\n<p data-start=\"941\" data-end=\"1110\">Ca\u0142o\u015b\u0107 dope\u0142niaj\u0105 <strong data-start=\"959\" data-end=\"1015\">granatowo-niebieskie soczewki Midnight Gradient CR39<\/strong> z pow\u0142ok\u0105 antyrefleksyjn\u0105, zapewniaj\u0105ce <strong data-start=\"1056\" data-end=\"1075\">100% ochron\u0119 UV<\/strong> oraz wyj\u0105tkowy komfort widzenia.<\/p>\n<hr data-start=\"1112\" data-end=\"1115\" \/>\n<p data-start=\"1117\" data-end=\"1142\"><strong data-start=\"1117\" data-end=\"1140\">Detale i wykonanie:<\/strong><\/p>\n<ul data-start=\"1143\" data-end=\"1748\">\n<li data-start=\"1143\" data-end=\"1190\">\n<p data-start=\"1145\" data-end=\"1190\"><strong data-start=\"1145\" data-end=\"1156\">Rodzaj:<\/strong> okulary przeciws\u0142oneczne unisex<\/p>\n<\/li>\n<li data-start=\"1191\" data-end=\"1243\">\n<p data-start=\"1193\" data-end=\"1243\"><strong data-start=\"1193\" data-end=\"1205\">Kszta\u0142t:<\/strong> prostok\u0105tny, inspirowany latami 70.<\/p>\n<\/li>\n<li data-start=\"1244\" data-end=\"1311\">\n<p data-start=\"1246\" data-end=\"1311\"><strong data-start=\"1246\" data-end=\"1256\">Kolor:<\/strong> Pacific \u2013 srebrny z czarnymi i niebieskimi akcentami<\/p>\n<\/li>\n<li data-start=\"1312\" data-end=\"1348\">\n<p data-start=\"1314\" data-end=\"1348\"><strong data-start=\"1314\" data-end=\"1327\">Materia\u0142:<\/strong> 100% beta titanium<\/p>\n<\/li>\n<li data-start=\"1349\" data-end=\"1595\">\n<p data-start=\"1351\" data-end=\"1369\"><strong data-start=\"1351\" data-end=\"1367\">Wyko\u0144czenie:<\/strong><\/p>\n<ul data-start=\"1372\" data-end=\"1595\">\n<li data-start=\"1372\" data-end=\"1428\">\n<p data-start=\"1374\" data-end=\"1428\">Srebrne, grawerowane zauszniki z detalami <em data-start=\"1416\" data-end=\"1426\">hairline<\/em><\/p>\n<\/li>\n<li data-start=\"1431\" data-end=\"1480\">\n<p data-start=\"1433\" data-end=\"1480\">Zawiasy <em data-start=\"1441\" data-end=\"1455\">hidden hinge<\/em> o precyzyjnym napi\u0119ciu<\/p>\n<\/li>\n<li data-start=\"1483\" data-end=\"1521\">\n<p data-start=\"1485\" data-end=\"1521\">Czarny tytanowy insert w oprawkach<\/p>\n<\/li>\n<li data-start=\"1524\" data-end=\"1595\">\n<p data-start=\"1526\" data-end=\"1595\">Mostek i ko\u0144c\u00f3wki zausznik\u00f3w z podw\u00f3jnym, kontrastowym wyko\u0144czeniem<\/p>\n<\/li>\n<\/ul>\n<\/li>\n<li data-start=\"1596\" data-end=\"1683\">\n<p data-start=\"1598\" data-end=\"1683\"><strong data-start=\"1598\" data-end=\"1611\">Soczewki:<\/strong> Midnight Gradient CR39 (4-base) z pow\u0142ok\u0105 antyrefleksyjn\u0105 od wewn\u0105trz<\/p>\n<\/li>\n<li data-start=\"1684\" data-end=\"1708\">\n<p data-start=\"1686\" data-end=\"1708\"><strong data-start=\"1686\" data-end=\"1698\">Ochrona:<\/strong> 100% UV<\/p>\n<\/li>\n<li data-start=\"1709\" data-end=\"1748\">\n<p data-start=\"1711\" data-end=\"1748\"><strong data-start=\"1711\" data-end=\"1725\">Rzemios\u0142o:<\/strong> Handcrafted in Japan<\/p>\n<\/li>\n<\/ul>\n","protected":false},"featured_media":2894,"template":"","meta":{"_acf_changed":false,"_joinchat":[]},"product_brand":[82],"product_cat":[37,30,35],"product_tag":[],"model":[372],"class_list":{"0":"post-2887","1":"product","2":"type-product","3":"status-publish","4":"has-post-thumbnail","6":"product_brand-jacques-marie-mage","7":"product_cat-meskie","8":"product_cat-okulary-przeciwsloneczne","9":"product_cat-unisex","10":"model-commodore","12":"first","13":"instock","14":"shipping-taxable","15":"purchasable","16":"product-type-simple"},"acf":[],"aioseo_notices":[],"_links":{"self":[{"href":"https:\/\/www.diukoptyk.pl\/pl\/wp-json\/wp\/v2\/product\/2887","targetHints":{"allow":["GET"]}}],"collection":[{"href":"https:\/\/www.diukoptyk.pl\/pl\/wp-json\/wp\/v2\/product"}],"about":[{"href":"https:\/\/www.diukoptyk.pl\/pl\/wp-json\/wp\/v2\/types\/product"}],"version-history":[{"count":1,"href":"https:\/\/www.diukoptyk.pl\/pl\/wp-json\/wp\/v2\/product\/2887\/revisions"}],"predecessor-version":[{"id":4473,"href":"https:\/\/www.diukoptyk.pl\/pl\/wp-json\/wp\/v2\/product\/2887\/revisions\/4473"}],"wp:featuredmedia":[{"embeddable":true,"href":"https:\/\/www.diukoptyk.pl\/pl\/wp-json\/wp\/v2\/media\/2894"}],"wp:attachment":[{"href":"https:\/\/www.diukoptyk.pl\/pl\/wp-json\/wp\/v2\/media?parent=2887"}],"wp:term":[{"taxonomy":"product_brand","embeddable":true,"href":"https:\/\/www.diukoptyk.pl\/pl\/wp-json\/wp\/v2\/product_brand?post=2887"},{"taxonomy":"product_cat","embeddable":true,"href":"https:\/\/www.diukoptyk.pl\/pl\/wp-json\/wp\/v2\/product_cat?post=2887"},{"taxonomy":"product_tag","embeddable":true,"href":"https:\/\/www.diukoptyk.pl\/pl\/wp-json\/wp\/v2\/product_tag?post=2887"},{"taxonomy":"model","embeddable":true,"href":"https:\/\/www.diukoptyk.pl\/pl\/wp-json\/wp\/v2\/model?post=2887"}],"curies":[{"name":"wp","href":"https:\/\/api.w.org\/{rel}","templated":true}]}}