{"id":2883,"date":"2025-10-14T14:19:04","date_gmt":"2025-10-14T12:19:04","guid":{"rendered":"https:\/\/www.diukoptyk.pl\/?post_type=product&#038;p=2883"},"modified":"2026-03-05T18:17:21","modified_gmt":"2026-03-05T17:17:21","slug":"jacques-marie-mage-cleveland-nightfall","status":"publish","type":"product","link":"https:\/\/www.diukoptyk.pl\/pl\/produkt\/jacques-marie-mage-cleveland-nightfall\/","title":{"rendered":"Jacques Marie Mage CLEVELAND | NIGHTFALL"},"content":{"rendered":"<p><strong data-start=\"1728\" data-end=\"1741\">Dla kogo:<\/strong><br data-start=\"1741\" data-end=\"1744\" \/>Dla os\u00f3b o silnej osobowo\u015bci i artystycznej duszy, kt\u00f3re wiedz\u0105, \u017ce styl to spos\u00f3b bycia. <strong data-start=\"1834\" data-end=\"1876\">Jacques Marie Mage Cleveland Nightfall<\/strong> to wyrafinowany akcent dla tych, kt\u00f3rzy <strong data-start=\"1917\" data-end=\"1958\">wol\u0105 b\u0142yszcze\u0107 ni\u017c wtapia\u0107 si\u0119 w t\u0142um<\/strong> \u2014 idealny balans mi\u0119dzy elegancj\u0105 a odwa\u017cn\u0105 ekspresj\u0105.<\/p>\n","protected":false},"excerpt":{"rendered":"<h3 data-start=\"0\" data-end=\"52\"><strong data-start=\"4\" data-end=\"50\">Jacques Marie Mage \u2013 CLEVELAND | NIGHTFALL<\/strong><\/h3>\n<p data-start=\"53\" data-end=\"94\"><strong data-start=\"53\" data-end=\"92\">Limitowana edycja \u2013 500 egzemplarzy<\/strong><\/p>\n<p data-start=\"96\" data-end=\"475\">Model <strong data-start=\"102\" data-end=\"125\">Cleveland Nightfall<\/strong> to ho\u0142d dla b\u0142ysku reflektor\u00f3w, odwagi scenicznej i niepowtarzalnego stylu lat 80. To okulary stworzone dla tych, kt\u00f3rzy nie boj\u0105 si\u0119 by\u0107 w centrum uwagi \u2013 pewnych siebie indywidualist\u00f3w, dla kt\u00f3rych moda to forma ekspresji. Eleganckie, okr\u0105g\u0142e, z wyra\u017anym charakterem \u2013 te oprawki s\u0105 jak zaproszenie na premier\u0119, w kt\u00f3rej to Ty grasz g\u0142\u00f3wn\u0105 rol\u0119.<\/p>\n<p data-start=\"477\" data-end=\"897\">Wykonane r\u0119cznie w Japonii z <strong data-start=\"506\" data-end=\"531\">7 mm czarnego acetatu<\/strong>, prezentuj\u0105 dopracowany balans mi\u0119dzy klasyk\u0105 a ekstrawagancj\u0105. <strong data-start=\"596\" data-end=\"630\">Ukryty drut Dark Gold Wirecore<\/strong> z subtelnym grawerem hairline oraz <strong data-start=\"666\" data-end=\"708\">7-barrel zawias o napi\u0119ciu precyzyjnym<\/strong> gwarantuj\u0105 trwa\u0142o\u015b\u0107 i perfekcyjne dopasowanie. <strong data-start=\"756\" data-end=\"796\">Czarne gradientowe soczewki Jet CR39<\/strong> zapewniaj\u0105 pe\u0142n\u0105 ochron\u0119 UV i krystaliczn\u0105 przejrzysto\u015b\u0107 widzenia dzi\u0119ki pow\u0142oce antyrefleksyjnej.<\/p>\n<p data-start=\"899\" data-end=\"1083\">Model <strong data-start=\"905\" data-end=\"918\">Cleveland<\/strong> zachowuje charakterystyczn\u0105 dla Jacques Marie Mage teatralno\u015b\u0107 i wyrafinowanie \u2014 idealny dla tych, kt\u00f3rzy lubi\u0105 \u0142\u0105czy\u0107 <strong data-start=\"1038\" data-end=\"1080\">elegancj\u0119 z nieco rockow\u0105 nonszalancj\u0105<\/strong>.<\/p>\n<hr data-start=\"1085\" data-end=\"1088\" \/>\n<p data-start=\"1090\" data-end=\"1115\"><strong data-start=\"1090\" data-end=\"1113\">Detale i wykonanie:<\/strong><\/p>\n<ul data-start=\"1116\" data-end=\"1721\">\n<li data-start=\"1116\" data-end=\"1163\">\n<p data-start=\"1118\" data-end=\"1163\"><strong data-start=\"1118\" data-end=\"1129\">Rodzaj:<\/strong> okulary przeciws\u0142oneczne unisex<\/p>\n<\/li>\n<li data-start=\"1164\" data-end=\"1207\">\n<p data-start=\"1166\" data-end=\"1207\"><strong data-start=\"1166\" data-end=\"1178\">Kszta\u0142t:<\/strong> okr\u0105g\u0142y (<em data-start=\"1188\" data-end=\"1204\">Circular Frame<\/em>)<\/p>\n<\/li>\n<li data-start=\"1208\" data-end=\"1266\">\n<p data-start=\"1210\" data-end=\"1266\"><strong data-start=\"1210\" data-end=\"1220\">Kolor:<\/strong> Nightfall \u2013 czarny z ciemnoz\u0142otymi detalami<\/p>\n<\/li>\n<li data-start=\"1267\" data-end=\"1313\">\n<p data-start=\"1269\" data-end=\"1313\"><strong data-start=\"1269\" data-end=\"1282\">Materia\u0142:<\/strong> 7 mm cured cellulose acetate<\/p>\n<\/li>\n<li data-start=\"1314\" data-end=\"1441\">\n<p data-start=\"1316\" data-end=\"1334\"><strong data-start=\"1316\" data-end=\"1332\">Wyko\u0144czenie:<\/strong><\/p>\n<ul data-start=\"1337\" data-end=\"1441\">\n<li data-start=\"1337\" data-end=\"1387\">\n<p data-start=\"1339\" data-end=\"1387\">Hidden Dark Gold wirecore z subtelnym grawerem<\/p>\n<\/li>\n<li data-start=\"1390\" data-end=\"1441\">\n<p data-start=\"1392\" data-end=\"1441\">Dark Gold tension-secured custom 7-barrel hinge<\/p>\n<\/li>\n<\/ul>\n<\/li>\n<li data-start=\"1442\" data-end=\"1523\">\n<p data-start=\"1444\" data-end=\"1523\"><strong data-start=\"1444\" data-end=\"1457\">Soczewki:<\/strong> Jet Gradient CR39, 4-base z pow\u0142ok\u0105 antyrefleksyjn\u0105 od wewn\u0105trz<\/p>\n<\/li>\n<li data-start=\"1524\" data-end=\"1548\">\n<p data-start=\"1526\" data-end=\"1548\"><strong data-start=\"1526\" data-end=\"1538\">Ochrona:<\/strong> 100% UV<\/p>\n<\/li>\n<li data-start=\"1549\" data-end=\"1681\">\n<p data-start=\"1551\" data-end=\"1565\"><strong data-start=\"1551\" data-end=\"1563\">Wymiary:<\/strong><\/p>\n<ul data-start=\"1568\" data-end=\"1681\">\n<li data-start=\"1568\" data-end=\"1589\">\n<p data-start=\"1570\" data-end=\"1589\">Lens Width: 38 mm<\/p>\n<\/li>\n<li data-start=\"1592\" data-end=\"1614\">\n<p data-start=\"1594\" data-end=\"1614\">Lens Height: 50 mm<\/p>\n<\/li>\n<li data-start=\"1617\" data-end=\"1634\">\n<p data-start=\"1619\" data-end=\"1634\">Bridge: 21 mm<\/p>\n<\/li>\n<li data-start=\"1637\" data-end=\"1655\">\n<p data-start=\"1639\" data-end=\"1655\">Temple: 141 mm<\/p>\n<\/li>\n<li data-start=\"1658\" data-end=\"1681\">\n<p data-start=\"1660\" data-end=\"1681\">Total Width: 145 mm<\/p>\n<\/li>\n<\/ul>\n<\/li>\n<li data-start=\"1682\" data-end=\"1721\">\n<p data-start=\"1684\" data-end=\"1721\"><strong data-start=\"1684\" data-end=\"1698\">Rzemios\u0142o:<\/strong> Handcrafted in Japan<\/p>\n<\/li>\n<\/ul>\n","protected":false},"featured_media":2885,"template":"","meta":{"_acf_changed":false,"_joinchat":[]},"product_brand":[82],"product_cat":[32,30],"product_tag":[],"model":[],"class_list":{"0":"post-2883","1":"product","2":"type-product","3":"status-publish","4":"has-post-thumbnail","6":"product_brand-jacques-marie-mage","7":"product_cat-damskie","8":"product_cat-okulary-przeciwsloneczne","10":"first","11":"instock","12":"shipping-taxable","13":"purchasable","14":"product-type-simple"},"acf":[],"aioseo_notices":[],"_links":{"self":[{"href":"https:\/\/www.diukoptyk.pl\/pl\/wp-json\/wp\/v2\/product\/2883","targetHints":{"allow":["GET"]}}],"collection":[{"href":"https:\/\/www.diukoptyk.pl\/pl\/wp-json\/wp\/v2\/product"}],"about":[{"href":"https:\/\/www.diukoptyk.pl\/pl\/wp-json\/wp\/v2\/types\/product"}],"version-history":[{"count":1,"href":"https:\/\/www.diukoptyk.pl\/pl\/wp-json\/wp\/v2\/product\/2883\/revisions"}],"predecessor-version":[{"id":5221,"href":"https:\/\/www.diukoptyk.pl\/pl\/wp-json\/wp\/v2\/product\/2883\/revisions\/5221"}],"wp:featuredmedia":[{"embeddable":true,"href":"https:\/\/www.diukoptyk.pl\/pl\/wp-json\/wp\/v2\/media\/2885"}],"wp:attachment":[{"href":"https:\/\/www.diukoptyk.pl\/pl\/wp-json\/wp\/v2\/media?parent=2883"}],"wp:term":[{"taxonomy":"product_brand","embeddable":true,"href":"https:\/\/www.diukoptyk.pl\/pl\/wp-json\/wp\/v2\/product_brand?post=2883"},{"taxonomy":"product_cat","embeddable":true,"href":"https:\/\/www.diukoptyk.pl\/pl\/wp-json\/wp\/v2\/product_cat?post=2883"},{"taxonomy":"product_tag","embeddable":true,"href":"https:\/\/www.diukoptyk.pl\/pl\/wp-json\/wp\/v2\/product_tag?post=2883"},{"taxonomy":"model","embeddable":true,"href":"https:\/\/www.diukoptyk.pl\/pl\/wp-json\/wp\/v2\/model?post=2883"}],"curies":[{"name":"wp","href":"https:\/\/api.w.org\/{rel}","templated":true}]}}