{"id":2865,"date":"2025-10-14T14:04:48","date_gmt":"2025-10-14T12:04:48","guid":{"rendered":"https:\/\/www.diukoptyk.pl\/?post_type=product&#038;p=2865"},"modified":"2026-03-05T18:16:43","modified_gmt":"2026-03-05T17:16:43","slug":"jacques-marie-mage-cash-noir-9","status":"publish","type":"product","link":"https:\/\/www.diukoptyk.pl\/pl\/produkt\/jacques-marie-mage-cash-noir-9\/","title":{"rendered":"Jacques Marie Mage CASH | NOIR 9"},"content":{"rendered":"<p><strong data-start=\"2059\" data-end=\"2072\">Dla kogo:<\/strong><br data-start=\"2072\" data-end=\"2075\" \/>Dla tych, kt\u00f3rzy \u2013 jak <strong data-start=\"2098\" data-end=\"2114\">Man in Black<\/strong> \u2013 id\u0105 w\u0142asn\u0105 drog\u0105, <strong data-start=\"2135\" data-end=\"2174\">\u0142\u0105cz\u0105c bunt z bezkompromisow\u0105 klas\u0105<\/strong>. Jacques Marie Mage <strong data-start=\"2195\" data-end=\"2210\">Cash Noir 9<\/strong> to wi\u0119cej ni\u017c okulary. To manifest odwagi, autentyczno\u015bci i stylu, kt\u00f3ry nigdy nie przemija.<\/p>\n","protected":false},"excerpt":{"rendered":"<h3 data-start=\"0\" data-end=\"44\"><strong data-start=\"4\" data-end=\"42\">Jacques Marie Mage \u2013 CASH | NOIR 9<\/strong><\/h3>\n<p data-start=\"45\" data-end=\"110\"><strong data-start=\"45\" data-end=\"108\">Johnny Cash by JMM Collection \u2013 limitowana edycja 500 sztuk<\/strong><\/p>\n<p data-start=\"112\" data-end=\"459\">Model <strong data-start=\"118\" data-end=\"143\">Cash w kolorze Noir 9<\/strong> to ho\u0142d dla niez\u0142omnego ducha <strong data-start=\"174\" data-end=\"194\">Johnny\u2019ego Casha<\/strong>, cz\u0142owieka, kt\u00f3ry chodzi\u0142 w\u0142asn\u0105 \u015bcie\u017ck\u0105 \u2013 z klas\u0105, autentyczno\u015bci\u0105 i niepokorno\u015bci\u0105. Inspirowane oprawkami, kt\u00f3re artysta nosi\u0142 w 1965 roku, te <strong data-start=\"340\" data-end=\"370\">mocne, prostok\u0105tne okulary<\/strong> stanowi\u0105 po\u0142\u0105czenie rebelii i elegancji \u2013 esencji legendy, kt\u00f3ra przesz\u0142a do historii.<\/p>\n<p data-start=\"461\" data-end=\"880\">Wykonane r\u0119cznie w Japonii z <strong data-start=\"490\" data-end=\"516\">10 mm czarnego acetatu<\/strong>, okulary <strong data-start=\"526\" data-end=\"541\">Cash Noir 9<\/strong> przyci\u0105gaj\u0105 wzrok wyrazist\u0105 bry\u0142\u0105, grubym profilem i dopracowanymi detalami. <strong data-start=\"619\" data-end=\"677\">Srebrne nity w kszta\u0142cie strza\u0142 (Arrowhead front pins)<\/strong> podkre\u015blaj\u0105 dziedzictwo marki Jacques Marie Mage, a <strong data-start=\"730\" data-end=\"768\">zielone soczewki Serpent Armorlite<\/strong> nadaj\u0105 ca\u0142o\u015bci filmowego charakteru, oferuj\u0105c jednocze\u015bnie <strong data-start=\"828\" data-end=\"847\">100% ochron\u0119 UV<\/strong> i <strong data-start=\"850\" data-end=\"877\">pow\u0142ok\u0119 antyrefleksyjn\u0105<\/strong>.<\/p>\n<p data-start=\"882\" data-end=\"1138\">Wewn\u0105trz znajdziesz ukryty <strong data-start=\"909\" data-end=\"936\">drut Spiketail wirecore<\/strong> z precyzyjnym grawerem oraz <strong data-start=\"965\" data-end=\"1009\">podpis Johnny\u2019ego Casha w srebrnej folii<\/strong>, przypominaj\u0105cy o jego dziedzictwie. Ka\u017cda para to numerowana cz\u0119\u015b\u0107 historii \u2013 odwa\u017cna, wyj\u0105tkowa i absolutnie kolekcjonerska.<\/p>\n<hr data-start=\"1140\" data-end=\"1143\" \/>\n<p data-start=\"1145\" data-end=\"1170\"><strong data-start=\"1145\" data-end=\"1168\">Detale i wykonanie:<\/strong><\/p>\n<ul data-start=\"1171\" data-end=\"1772\">\n<li data-start=\"1171\" data-end=\"1218\">\n<p data-start=\"1173\" data-end=\"1218\"><strong data-start=\"1173\" data-end=\"1184\">Rodzaj:<\/strong> okulary przeciws\u0142oneczne unisex<\/p>\n<\/li>\n<li data-start=\"1219\" data-end=\"1271\">\n<p data-start=\"1221\" data-end=\"1271\"><strong data-start=\"1221\" data-end=\"1233\">Kszta\u0142t:<\/strong> prostok\u0105tny, inspirowany latami 60.<\/p>\n<\/li>\n<li data-start=\"1272\" data-end=\"1328\">\n<p data-start=\"1274\" data-end=\"1328\"><strong data-start=\"1274\" data-end=\"1284\">Kolor:<\/strong> Noir 9 \u2013 g\u0142\u0119boka czer\u0144 z akcentami srebra<\/p>\n<\/li>\n<li data-start=\"1329\" data-end=\"1376\">\n<p data-start=\"1331\" data-end=\"1376\"><strong data-start=\"1331\" data-end=\"1344\">Materia\u0142:<\/strong> 10 mm cured cellulose acetate<\/p>\n<\/li>\n<li data-start=\"1377\" data-end=\"1601\">\n<p data-start=\"1379\" data-end=\"1397\"><strong data-start=\"1379\" data-end=\"1395\">Wyko\u0144czenie:<\/strong><\/p>\n<ul data-start=\"1400\" data-end=\"1601\">\n<li data-start=\"1400\" data-end=\"1442\">\n<p data-start=\"1402\" data-end=\"1442\">Sterling Silver <em data-start=\"1418\" data-end=\"1429\">Arrowhead<\/em> front pins<\/p>\n<\/li>\n<li data-start=\"1445\" data-end=\"1492\">\n<p data-start=\"1447\" data-end=\"1492\">Eksponowany <em data-start=\"1459\" data-end=\"1479\">Spiketail wirecore<\/em> z grawerem<\/p>\n<\/li>\n<li data-start=\"1495\" data-end=\"1547\">\n<p data-start=\"1497\" data-end=\"1547\">Wewn\u0119trzny podpis \u201eJohnny Cash\u201d w srebrnej folii<\/p>\n<\/li>\n<li data-start=\"1550\" data-end=\"1601\">\n<p data-start=\"1552\" data-end=\"1601\">Srebrny, 9-barrel zawias o napi\u0119ciu precyzyjnym<\/p>\n<\/li>\n<\/ul>\n<\/li>\n<li data-start=\"1602\" data-end=\"1689\">\n<p data-start=\"1604\" data-end=\"1689\"><strong data-start=\"1604\" data-end=\"1617\">Soczewki:<\/strong> Serpent Armorlite Green, z pow\u0142ok\u0105 antyrefleksyjn\u0105 i pe\u0142n\u0105 ochron\u0105 UV<\/p>\n<\/li>\n<li data-start=\"1690\" data-end=\"1729\">\n<p data-start=\"1692\" data-end=\"1729\"><strong data-start=\"1692\" data-end=\"1706\">Rzemios\u0142o:<\/strong> Handcrafted in Japan<\/p>\n<\/li>\n<li data-start=\"1730\" data-end=\"1772\">\n<p data-start=\"1732\" data-end=\"1772\"><strong data-start=\"1732\" data-end=\"1746\">Limitacja:<\/strong> 500 sztuk na ca\u0142y \u015bwiat<\/p>\n<\/li>\n<\/ul>\n<hr data-start=\"1774\" data-end=\"1777\" \/>\n<p data-start=\"1779\" data-end=\"1906\"><strong data-start=\"1779\" data-end=\"1805\">Zestaw kolekcjonerski:<\/strong><br data-start=\"1805\" data-end=\"1808\" \/>Ka\u017cda para <strong data-start=\"1819\" data-end=\"1834\">CASH NOIR 9<\/strong> dostarczana jest w specjalnym, kolekcjonerskim zestawie zawieraj\u0105cym:<\/p>\n<ul data-start=\"1907\" data-end=\"2052\">\n<li data-start=\"1907\" data-end=\"1941\">\n<p data-start=\"1909\" data-end=\"1941\">Sk\u00f3rzane etui wykonane r\u0119cznie<\/p>\n<\/li>\n<li data-start=\"1942\" data-end=\"1991\">\n<p data-start=\"1944\" data-end=\"1991\">Limitowany box z t\u0142oczeniem JMM x Johnny Cash<\/p>\n<\/li>\n<\/ul>\n","protected":false},"featured_media":2871,"template":"","meta":{"_acf_changed":false,"_joinchat":[]},"product_brand":[82],"product_cat":[37,30,35],"product_tag":[],"model":[368],"class_list":{"0":"post-2865","1":"product","2":"type-product","3":"status-publish","4":"has-post-thumbnail","6":"product_brand-jacques-marie-mage","7":"product_cat-meskie","8":"product_cat-okulary-przeciwsloneczne","9":"product_cat-unisex","10":"model-cash","12":"first","13":"outofstock","14":"shipping-taxable","15":"purchasable","16":"product-type-simple"},"acf":[],"aioseo_notices":[],"_links":{"self":[{"href":"https:\/\/www.diukoptyk.pl\/pl\/wp-json\/wp\/v2\/product\/2865","targetHints":{"allow":["GET"]}}],"collection":[{"href":"https:\/\/www.diukoptyk.pl\/pl\/wp-json\/wp\/v2\/product"}],"about":[{"href":"https:\/\/www.diukoptyk.pl\/pl\/wp-json\/wp\/v2\/types\/product"}],"version-history":[{"count":1,"href":"https:\/\/www.diukoptyk.pl\/pl\/wp-json\/wp\/v2\/product\/2865\/revisions"}],"predecessor-version":[{"id":4464,"href":"https:\/\/www.diukoptyk.pl\/pl\/wp-json\/wp\/v2\/product\/2865\/revisions\/4464"}],"wp:featuredmedia":[{"embeddable":true,"href":"https:\/\/www.diukoptyk.pl\/pl\/wp-json\/wp\/v2\/media\/2871"}],"wp:attachment":[{"href":"https:\/\/www.diukoptyk.pl\/pl\/wp-json\/wp\/v2\/media?parent=2865"}],"wp:term":[{"taxonomy":"product_brand","embeddable":true,"href":"https:\/\/www.diukoptyk.pl\/pl\/wp-json\/wp\/v2\/product_brand?post=2865"},{"taxonomy":"product_cat","embeddable":true,"href":"https:\/\/www.diukoptyk.pl\/pl\/wp-json\/wp\/v2\/product_cat?post=2865"},{"taxonomy":"product_tag","embeddable":true,"href":"https:\/\/www.diukoptyk.pl\/pl\/wp-json\/wp\/v2\/product_tag?post=2865"},{"taxonomy":"model","embeddable":true,"href":"https:\/\/www.diukoptyk.pl\/pl\/wp-json\/wp\/v2\/model?post=2865"}],"curies":[{"name":"wp","href":"https:\/\/api.w.org\/{rel}","templated":true}]}}