{"id":2838,"date":"2025-10-14T13:58:35","date_gmt":"2025-10-14T11:58:35","guid":{"rendered":"https:\/\/www.diukoptyk.pl\/?post_type=product&#038;p=2838"},"modified":"2026-03-05T18:16:31","modified_gmt":"2026-03-05T17:16:31","slug":"jacques-marie-mage-aspen-gold","status":"publish","type":"product","link":"https:\/\/www.diukoptyk.pl\/pl\/produkt\/jacques-marie-mage-aspen-gold\/","title":{"rendered":"Jacques Marie Mage ASPEN | GOLD"},"content":{"rendered":"<p><strong data-start=\"1661\" data-end=\"1674\">Dla kogo:<\/strong><br data-start=\"1674\" data-end=\"1677\" \/>Dla os\u00f3b, kt\u00f3re pragn\u0105 \u0142\u0105czy\u0107 <strong data-start=\"1707\" data-end=\"1771\">mocny charakter sportowego designu z elegancj\u0105 haute couture<\/strong>. Jacques Marie Mage <strong data-start=\"1792\" data-end=\"1806\">Aspen Gold<\/strong> to model dla indywidualist\u00f3w \u2013 tych, kt\u00f3rzy widz\u0105 luksus nie w logotypach, lecz w precyzji wykonania i perfekcyjnym balansie mi\u0119dzy form\u0105 a funkcj\u0105.<\/p>\n","protected":false},"excerpt":{"rendered":"<h3 data-start=\"0\" data-end=\"43\"><strong data-start=\"4\" data-end=\"41\">Jacques Marie Mage \u2013 ASPEN | GOLD<\/strong><\/h3>\n<p data-start=\"44\" data-end=\"85\"><strong data-start=\"44\" data-end=\"83\">Limitowana edycja \u2013 500 egzemplarzy<\/strong><\/p>\n<p data-start=\"87\" data-end=\"442\">Model <strong data-start=\"93\" data-end=\"107\">Aspen Gold<\/strong> to luksusowa interpretacja sportowej klasyki \u2013 oprawa o czystych, aerodynamicznych liniach inspirowanych latami 60., wykonana z precyzj\u0105 godn\u0105 mistrz\u00f3w rzemios\u0142a. Ten model z <strong data-start=\"283\" data-end=\"301\">serii Titanium<\/strong> \u0142\u0105czy wyrafinowan\u0105 form\u0119 z najwy\u017csz\u0105 jako\u015bci\u0105 materia\u0142\u00f3w, tworz\u0105c okulary, kt\u00f3re balansuj\u0105 mi\u0119dzy <strong data-start=\"400\" data-end=\"439\">funkcjonalno\u015bci\u0105 a czyst\u0105 elegancj\u0105<\/strong>.<\/p>\n<p data-start=\"444\" data-end=\"861\">Wykonane z <strong data-start=\"455\" data-end=\"500\">ciemnoz\u0142otego tytanu (100% beta-titanium)<\/strong> i ozdobione elementami z <strong data-start=\"526\" data-end=\"555\">czarnego acetatu Marquina<\/strong>, okulary zachwycaj\u0105 subtelnym kontrastem i g\u0142\u0119bi\u0105 barw. Charakterystyczny <strong data-start=\"630\" data-end=\"655\">g\u00f3rny pasek z acetatu<\/strong> oraz <strong data-start=\"661\" data-end=\"684\">rze\u017abione zauszniki<\/strong> nadaj\u0105 ca\u0142o\u015bci strukturalny, architektoniczny charakter, a dopracowane detale \u2013 jak <strong data-start=\"769\" data-end=\"805\">noski z logo i grawerem hairline<\/strong> \u2013 \u015bwiadcz\u0105 o kunszcie i filozofii Jacques Marie Mage.<\/p>\n<p data-start=\"863\" data-end=\"1023\">Soczewki <strong data-start=\"872\" data-end=\"898\">Crescent Gradient CR39<\/strong> oferuj\u0105 pe\u0142n\u0105 ochron\u0119 UV i pow\u0142ok\u0119 antyrefleksyjn\u0105, zapewniaj\u0105c nie tylko styl, ale i krystaliczn\u0105 przejrzysto\u015b\u0107 widzenia.<\/p>\n<hr data-start=\"1025\" data-end=\"1028\" \/>\n<p data-start=\"1030\" data-end=\"1055\"><strong data-start=\"1030\" data-end=\"1053\">Detale i wykonanie:<\/strong><\/p>\n<ul data-start=\"1056\" data-end=\"1654\">\n<li data-start=\"1056\" data-end=\"1103\">\n<p data-start=\"1058\" data-end=\"1103\"><strong data-start=\"1058\" data-end=\"1069\">Rodzaj:<\/strong> okulary przeciws\u0142oneczne unisex<\/p>\n<\/li>\n<li data-start=\"1104\" data-end=\"1159\">\n<p data-start=\"1106\" data-end=\"1159\"><strong data-start=\"1106\" data-end=\"1118\">Kszta\u0142t:<\/strong> <em data-start=\"1119\" data-end=\"1134\">shooter style<\/em> inspirowany latami 60.<\/p>\n<\/li>\n<li data-start=\"1160\" data-end=\"1227\">\n<p data-start=\"1162\" data-end=\"1227\"><strong data-start=\"1162\" data-end=\"1172\">Kolor:<\/strong> Gold \u2013 Dark Gold tytan z czarnymi akcentami Marquina<\/p>\n<\/li>\n<li data-start=\"1228\" data-end=\"1300\">\n<p data-start=\"1230\" data-end=\"1300\"><strong data-start=\"1230\" data-end=\"1243\">Materia\u0142:<\/strong> 100% Dark Gold beta-titanium + cured cellulose acetate<\/p>\n<\/li>\n<li data-start=\"1301\" data-end=\"1467\">\n<p data-start=\"1303\" data-end=\"1321\"><strong data-start=\"1303\" data-end=\"1319\">Wyko\u0144czenie:<\/strong><\/p>\n<ul data-start=\"1324\" data-end=\"1467\">\n<li data-start=\"1324\" data-end=\"1359\">\n<p data-start=\"1326\" data-end=\"1359\">Custom Dark Gold titanium hinge<\/p>\n<\/li>\n<li data-start=\"1362\" data-end=\"1410\">\n<p data-start=\"1364\" data-end=\"1410\">Marquina acetate bridge accent i temple tips<\/p>\n<\/li>\n<li data-start=\"1413\" data-end=\"1467\">\n<p data-start=\"1415\" data-end=\"1467\">Dark Gold nose pads z logo JMM i grawerem hairline<\/p>\n<\/li>\n<\/ul>\n<\/li>\n<li data-start=\"1468\" data-end=\"1554\">\n<p data-start=\"1470\" data-end=\"1554\"><strong data-start=\"1470\" data-end=\"1483\">Soczewki:<\/strong> Crescent Gradient CR39, 2-base z pow\u0142ok\u0105 antyrefleksyjn\u0105 od wewn\u0105trz<\/p>\n<\/li>\n<li data-start=\"1555\" data-end=\"1579\">\n<p data-start=\"1557\" data-end=\"1579\"><strong data-start=\"1557\" data-end=\"1569\">Ochrona:<\/strong> 100% UV<\/p>\n<\/li>\n<li data-start=\"1580\" data-end=\"1619\">\n<p data-start=\"1582\" data-end=\"1619\"><strong data-start=\"1582\" data-end=\"1596\">Rzemios\u0142o:<\/strong> Handcrafted in Japan<\/p>\n<\/li>\n<li data-start=\"1620\" data-end=\"1654\">\n<p data-start=\"1622\" data-end=\"1654\"><strong data-start=\"1622\" data-end=\"1636\">Limitacja:<\/strong> 500 egzemplarzy<\/p>\n<\/li>\n<\/ul>\n","protected":false},"featured_media":2845,"template":"","meta":{"_acf_changed":false,"_joinchat":[]},"product_brand":[82],"product_cat":[32,37,30,35],"product_tag":[],"model":[364],"class_list":{"0":"post-2838","1":"product","2":"type-product","3":"status-publish","4":"has-post-thumbnail","6":"product_brand-jacques-marie-mage","7":"product_cat-damskie","8":"product_cat-meskie","9":"product_cat-okulary-przeciwsloneczne","10":"product_cat-unisex","11":"model-aspen","13":"first","14":"instock","15":"shipping-taxable","16":"purchasable","17":"product-type-simple"},"acf":[],"aioseo_notices":[],"_links":{"self":[{"href":"https:\/\/www.diukoptyk.pl\/pl\/wp-json\/wp\/v2\/product\/2838","targetHints":{"allow":["GET"]}}],"collection":[{"href":"https:\/\/www.diukoptyk.pl\/pl\/wp-json\/wp\/v2\/product"}],"about":[{"href":"https:\/\/www.diukoptyk.pl\/pl\/wp-json\/wp\/v2\/types\/product"}],"version-history":[{"count":1,"href":"https:\/\/www.diukoptyk.pl\/pl\/wp-json\/wp\/v2\/product\/2838\/revisions"}],"predecessor-version":[{"id":4454,"href":"https:\/\/www.diukoptyk.pl\/pl\/wp-json\/wp\/v2\/product\/2838\/revisions\/4454"}],"wp:featuredmedia":[{"embeddable":true,"href":"https:\/\/www.diukoptyk.pl\/pl\/wp-json\/wp\/v2\/media\/2845"}],"wp:attachment":[{"href":"https:\/\/www.diukoptyk.pl\/pl\/wp-json\/wp\/v2\/media?parent=2838"}],"wp:term":[{"taxonomy":"product_brand","embeddable":true,"href":"https:\/\/www.diukoptyk.pl\/pl\/wp-json\/wp\/v2\/product_brand?post=2838"},{"taxonomy":"product_cat","embeddable":true,"href":"https:\/\/www.diukoptyk.pl\/pl\/wp-json\/wp\/v2\/product_cat?post=2838"},{"taxonomy":"product_tag","embeddable":true,"href":"https:\/\/www.diukoptyk.pl\/pl\/wp-json\/wp\/v2\/product_tag?post=2838"},{"taxonomy":"model","embeddable":true,"href":"https:\/\/www.diukoptyk.pl\/pl\/wp-json\/wp\/v2\/model?post=2838"}],"curies":[{"name":"wp","href":"https:\/\/api.w.org\/{rel}","templated":true}]}}