{"id":2723,"date":"2025-10-14T12:53:34","date_gmt":"2025-10-14T10:53:34","guid":{"rendered":"https:\/\/www.diukoptyk.pl\/?post_type=product&#038;p=2723"},"modified":"2026-03-05T18:13:34","modified_gmt":"2026-03-05T17:13:34","slug":"jacques-marie-mage-wesley-regal","status":"publish","type":"product","link":"https:\/\/www.diukoptyk.pl\/pl\/produkt\/jacques-marie-mage-wesley-regal\/","title":{"rendered":"Jacques Marie Mage WESLEY | REGAL"},"content":{"rendered":"<p><strong data-start=\"1674\" data-end=\"1687\">Dla kogo:<\/strong><br data-start=\"1687\" data-end=\"1690\" \/>Dla os\u00f3b o silnym, spokojnym stylu \u2013 <strong data-start=\"1727\" data-end=\"1762\">Jacques Marie Mage Wesley Regal<\/strong> to esencja nowoczesnego luksusu, w kt\u00f3rym <strong data-start=\"1805\" data-end=\"1823\">srebrne detale<\/strong> i <strong data-start=\"1826\" data-end=\"1844\">g\u0142\u0119boki b\u0142\u0119kit<\/strong> tworz\u0105 kompozycj\u0119 godn\u0105 kolekcjonera.<\/p>\n","protected":false},"excerpt":{"rendered":"<h3 data-start=\"0\" data-end=\"45\"><strong data-start=\"4\" data-end=\"43\">Jacques Marie Mage \u2013 WESLEY | REGAL<\/strong><\/h3>\n<p data-start=\"46\" data-end=\"81\"><strong data-start=\"46\" data-end=\"79\">Limitowana edycja \u2013 400 sztuk<\/strong><\/p>\n<p data-start=\"83\" data-end=\"339\">Model <strong data-start=\"89\" data-end=\"115\">Wesley w kolorze Regal<\/strong> to wyrafinowane po\u0142\u0105czenie klasycznej elegancji i nowoczesnej \u015bwie\u017co\u015bci. Nawi\u0105zuj\u0105cy do pierwowzoru z 2016 roku, ten projekt stanowi ho\u0142d dla kunsztu rzemios\u0142a i artystycznej precyzji, z kt\u00f3rych s\u0142ynie Jacques Marie Mage.<\/p>\n<p data-start=\"341\" data-end=\"908\">R\u0119cznie wykonane w Japonii okulary wyr\u00f3\u017cniaj\u0105 si\u0119 <strong data-start=\"391\" data-end=\"429\">rze\u017abiarskim prostok\u0105tnym profilem<\/strong>, <strong data-start=\"431\" data-end=\"468\">kluczowym mostkiem (keyhole nose)<\/strong> i <strong data-start=\"471\" data-end=\"496\">szerokim dopasowaniem<\/strong>, kt\u00f3re nadaje im wyj\u0105tkowy charakter. <strong data-start=\"535\" data-end=\"553\">Srebrne detale<\/strong> \u2013 od nit\u00f3w w kszta\u0142cie strza\u0142 po precyzyjny grawerunek <em data-start=\"609\" data-end=\"618\">feather<\/em> na ods\u0142oni\u0119tym drucie <em data-start=\"641\" data-end=\"651\">wirecore<\/em> \u2013 podkre\u015blaj\u0105 szlachetny ch\u0142\u00f3d tej konstrukcji. <strong data-start=\"700\" data-end=\"745\">Niebieskie soczewki Neptune Gradient CR39<\/strong> z pow\u0142ok\u0105 antyrefleksyjn\u0105 zapewniaj\u0105 doskona\u0142\u0105 klarowno\u015b\u0107 i subtelny efekt przej\u015bcia tonalnego, idealnie wsp\u00f3\u0142graj\u0105cy z g\u0142\u0119bokim odcieniem niebieskiego acetatu.<\/p>\n<p data-start=\"910\" data-end=\"1037\"><strong data-start=\"910\" data-end=\"926\">Wesley Regal<\/strong> to harmonia odwagi i elegancji \u2013 okulary stworzone dla tych, kt\u00f3rzy ceni\u0105 si\u0142\u0119 wyrazu w najczystszej formie.<\/p>\n<hr data-start=\"1039\" data-end=\"1042\" \/>\n<p data-start=\"1044\" data-end=\"1069\"><strong data-start=\"1044\" data-end=\"1067\">Detale i wykonanie:<\/strong><\/p>\n<ul data-start=\"1070\" data-end=\"1667\">\n<li data-start=\"1070\" data-end=\"1117\">\n<p data-start=\"1072\" data-end=\"1117\"><strong data-start=\"1072\" data-end=\"1083\">Rodzaj:<\/strong> okulary przeciws\u0142oneczne unisex<\/p>\n<\/li>\n<li data-start=\"1118\" data-end=\"1173\">\n<p data-start=\"1120\" data-end=\"1173\"><strong data-start=\"1120\" data-end=\"1132\">Kszta\u0142t:<\/strong> prostok\u0105tny, z mostkiem <em data-start=\"1157\" data-end=\"1171\">keyhole nose<\/em><\/p>\n<\/li>\n<li data-start=\"1174\" data-end=\"1214\">\n<p data-start=\"1176\" data-end=\"1214\"><strong data-start=\"1176\" data-end=\"1186\">Kolor:<\/strong> Regal \u2013 g\u0142\u0119boki niebieski<\/p>\n<\/li>\n<li data-start=\"1215\" data-end=\"1265\">\n<p data-start=\"1217\" data-end=\"1265\"><strong data-start=\"1217\" data-end=\"1230\">Materia\u0142:<\/strong> 10 mm utwardzany japo\u0144ski acetat<\/p>\n<\/li>\n<li data-start=\"1266\" data-end=\"1487\">\n<p data-start=\"1268\" data-end=\"1286\"><strong data-start=\"1268\" data-end=\"1284\">Wyko\u0144czenie:<\/strong><\/p>\n<ul data-start=\"1289\" data-end=\"1487\">\n<li data-start=\"1289\" data-end=\"1328\">\n<p data-start=\"1291\" data-end=\"1328\">Srebrne nity <em data-start=\"1304\" data-end=\"1326\">arrowhead front pins<\/em><\/p>\n<\/li>\n<li data-start=\"1331\" data-end=\"1406\">\n<p data-start=\"1333\" data-end=\"1406\">Ods\u0142oni\u0119ty <em data-start=\"1344\" data-end=\"1361\">silver wirecore<\/em> z grawerunkiem pi\u00f3ra (<em data-start=\"1384\" data-end=\"1403\">feather engraving<\/em>)<\/p>\n<\/li>\n<li data-start=\"1409\" data-end=\"1450\">\n<p data-start=\"1411\" data-end=\"1450\">Zawias <em data-start=\"1418\" data-end=\"1448\">silver custom 5-barrel hinge<\/em><\/p>\n<\/li>\n<li data-start=\"1453\" data-end=\"1487\">\n<p data-start=\"1455\" data-end=\"1487\">Podw\u00f3jnie laminowane zauszniki<\/p>\n<\/li>\n<\/ul>\n<\/li>\n<li data-start=\"1488\" data-end=\"1573\">\n<p data-start=\"1490\" data-end=\"1573\"><strong data-start=\"1490\" data-end=\"1503\">Soczewki:<\/strong> Neptune Gradient CR39, 6-base z pow\u0142ok\u0105 antyrefleksyjn\u0105 od wewn\u0105trz<\/p>\n<\/li>\n<li data-start=\"1574\" data-end=\"1598\">\n<p data-start=\"1576\" data-end=\"1598\"><strong data-start=\"1576\" data-end=\"1588\">Ochrona:<\/strong> 100% UV<\/p>\n<\/li>\n<li data-start=\"1599\" data-end=\"1632\">\n<p data-start=\"1601\" data-end=\"1632\"><strong data-start=\"1601\" data-end=\"1622\">Kraj pochodzenia:<\/strong> Japonia<\/p>\n<\/li>\n<li data-start=\"1633\" data-end=\"1667\">\n<p data-start=\"1635\" data-end=\"1667\"><strong data-start=\"1635\" data-end=\"1649\">Limitacja:<\/strong> 350 egzemplarzy<\/p>\n<\/li>\n<\/ul>\n","protected":false},"featured_media":2727,"template":"","meta":{"_acf_changed":false,"_joinchat":[]},"product_brand":[82],"product_cat":[37,30,35],"product_tag":[],"model":[408],"class_list":{"0":"post-2723","1":"product","2":"type-product","3":"status-publish","4":"has-post-thumbnail","6":"product_brand-jacques-marie-mage","7":"product_cat-meskie","8":"product_cat-okulary-przeciwsloneczne","9":"product_cat-unisex","10":"model-wesley","12":"first","13":"instock","14":"shipping-taxable","15":"purchasable","16":"product-type-simple"},"acf":[],"aioseo_notices":[],"_links":{"self":[{"href":"https:\/\/www.diukoptyk.pl\/pl\/wp-json\/wp\/v2\/product\/2723","targetHints":{"allow":["GET"]}}],"collection":[{"href":"https:\/\/www.diukoptyk.pl\/pl\/wp-json\/wp\/v2\/product"}],"about":[{"href":"https:\/\/www.diukoptyk.pl\/pl\/wp-json\/wp\/v2\/types\/product"}],"version-history":[{"count":1,"href":"https:\/\/www.diukoptyk.pl\/pl\/wp-json\/wp\/v2\/product\/2723\/revisions"}],"predecessor-version":[{"id":4581,"href":"https:\/\/www.diukoptyk.pl\/pl\/wp-json\/wp\/v2\/product\/2723\/revisions\/4581"}],"wp:featuredmedia":[{"embeddable":true,"href":"https:\/\/www.diukoptyk.pl\/pl\/wp-json\/wp\/v2\/media\/2727"}],"wp:attachment":[{"href":"https:\/\/www.diukoptyk.pl\/pl\/wp-json\/wp\/v2\/media?parent=2723"}],"wp:term":[{"taxonomy":"product_brand","embeddable":true,"href":"https:\/\/www.diukoptyk.pl\/pl\/wp-json\/wp\/v2\/product_brand?post=2723"},{"taxonomy":"product_cat","embeddable":true,"href":"https:\/\/www.diukoptyk.pl\/pl\/wp-json\/wp\/v2\/product_cat?post=2723"},{"taxonomy":"product_tag","embeddable":true,"href":"https:\/\/www.diukoptyk.pl\/pl\/wp-json\/wp\/v2\/product_tag?post=2723"},{"taxonomy":"model","embeddable":true,"href":"https:\/\/www.diukoptyk.pl\/pl\/wp-json\/wp\/v2\/model?post=2723"}],"curies":[{"name":"wp","href":"https:\/\/api.w.org\/{rel}","templated":true}]}}