{"id":2716,"date":"2025-10-14T12:50:25","date_gmt":"2025-10-14T10:50:25","guid":{"rendered":"https:\/\/www.diukoptyk.pl\/?post_type=product&#038;p=2716"},"modified":"2026-03-05T18:12:46","modified_gmt":"2026-03-05T17:12:46","slug":"jacques-marie-mage-wesley-samoa","status":"publish","type":"product","link":"https:\/\/www.diukoptyk.pl\/pl\/produkt\/jacques-marie-mage-wesley-samoa\/","title":{"rendered":"Jacques Marie Mage WESLEY | SAMOA"},"content":{"rendered":"<p><strong data-start=\"1706\" data-end=\"1719\">Dla kogo:<\/strong><br data-start=\"1719\" data-end=\"1722\" \/>Dla mi\u0142o\u015bnik\u00f3w klasyki z dusz\u0105 i kolekcjoner\u00f3w ceni\u0105cych <strong data-start=\"1779\" data-end=\"1834\">r\u0119czne rzemios\u0142o, z\u0142ote detale i subteln\u0105 elegancj\u0119<\/strong>. Jacques Marie Mage <strong data-start=\"1855\" data-end=\"1871\">Wesley Samoa<\/strong> to wsp\u00f3\u0142czesna legenda \u2013 ho\u0142d dla wolno\u015bci, stylu i perfekcyjnego designu.<\/p>\n","protected":false},"excerpt":{"rendered":"<h3 data-start=\"0\" data-end=\"45\"><strong data-start=\"4\" data-end=\"43\">Jacques Marie Mage \u2013 WESLEY | SAMOA<\/strong><\/h3>\n<p data-start=\"46\" data-end=\"81\"><strong data-start=\"46\" data-end=\"79\">Limitowana edycja \u2013 400 sztuk<\/strong><\/p>\n<p data-start=\"83\" data-end=\"434\">Elegancki, dynamiczny i pe\u0142en charakteru \u2013 model <strong data-start=\"132\" data-end=\"158\">Wesley w kolorze Samoa<\/strong> to wsp\u00f3\u0142czesna reinterpretacja klasyki Jacques Marie Mage, inspirowana duchem Dzikiego Zachodu i rzemios\u0142em najwy\u017cszej pr\u00f3by. Te okulary o <strong data-start=\"298\" data-end=\"357\">szerokim dopasowaniu i wyrazistym, prostok\u0105tnym profilu<\/strong> \u0142\u0105cz\u0105 odwag\u0119 z finezj\u0105, tworz\u0105c form\u0119, kt\u00f3ra zachwyca detalem i proporcj\u0105.<\/p>\n<p data-start=\"436\" data-end=\"970\">R\u0119cznie wykonane w Japonii z <strong data-start=\"465\" data-end=\"512\">10 mm utwardzanego acetatu w kolorze Havana<\/strong>, wyr\u00f3\u017cniaj\u0105 si\u0119 <strong data-start=\"529\" data-end=\"604\">pierwszym w swoim rodzaju zausznikiem z grawerunkiem \u201efeather wirecore\u201d<\/strong>, kt\u00f3ry przywodzi na my\u015bl pi\u00f3ro unoszone przez wiatr \u2013 symbol lekko\u015bci i wolno\u015bci. <strong data-start=\"687\" data-end=\"703\">Z\u0142ote detale<\/strong>, takie jak nity w kszta\u0142cie strza\u0142 i precyzyjnie wykonane zawiasy <em data-start=\"770\" data-end=\"796\">dark gold 5-barrel hinge<\/em>, nadaj\u0105 im bi\u017cuteryjnego wyrafinowania. Ca\u0142o\u015b\u0107 dope\u0142niaj\u0105 <strong data-start=\"855\" data-end=\"887\">br\u0105zowe soczewki Sienna CR39<\/strong> z pow\u0142ok\u0105 antyrefleksyjn\u0105, zapewniaj\u0105ce wyj\u0105tkow\u0105 klarowno\u015b\u0107 i komfort widzenia.<\/p>\n<p data-start=\"972\" data-end=\"1069\"><strong data-start=\"972\" data-end=\"988\">Wesley Samoa<\/strong> to wyraz nowoczesnego luksusu \u2013 klasyka w ruchu, rze\u017abiona z precyzj\u0105 i pasj\u0105.<\/p>\n<hr data-start=\"1071\" data-end=\"1074\" \/>\n<p data-start=\"1076\" data-end=\"1101\"><strong data-start=\"1076\" data-end=\"1099\">Detale i wykonanie:<\/strong><\/p>\n<ul data-start=\"1102\" data-end=\"1699\">\n<li data-start=\"1102\" data-end=\"1149\">\n<p data-start=\"1104\" data-end=\"1149\"><strong data-start=\"1104\" data-end=\"1115\">Rodzaj:<\/strong> okulary przeciws\u0142oneczne unisex<\/p>\n<\/li>\n<li data-start=\"1150\" data-end=\"1217\">\n<p data-start=\"1152\" data-end=\"1217\"><strong data-start=\"1152\" data-end=\"1164\">Kszta\u0142t:<\/strong> prostok\u0105tny, z kluczowym mostkiem (<em data-start=\"1200\" data-end=\"1214\">keyhole nose<\/em>)<\/p>\n<\/li>\n<li data-start=\"1218\" data-end=\"1253\">\n<p data-start=\"1220\" data-end=\"1253\"><strong data-start=\"1220\" data-end=\"1230\">Kolor:<\/strong> Samoa \u2013 Havana Brown<\/p>\n<\/li>\n<li data-start=\"1254\" data-end=\"1304\">\n<p data-start=\"1256\" data-end=\"1304\"><strong data-start=\"1256\" data-end=\"1269\">Materia\u0142:<\/strong> 10 mm utwardzany japo\u0144ski acetat<\/p>\n<\/li>\n<li data-start=\"1305\" data-end=\"1529\">\n<p data-start=\"1307\" data-end=\"1325\"><strong data-start=\"1307\" data-end=\"1323\">Wyko\u0144czenie:<\/strong><\/p>\n<ul data-start=\"1328\" data-end=\"1529\">\n<li data-start=\"1328\" data-end=\"1371\">\n<p data-start=\"1330\" data-end=\"1371\">Ciemnoz\u0142ote nity <em data-start=\"1347\" data-end=\"1369\">arrowhead front pins<\/em><\/p>\n<\/li>\n<li data-start=\"1374\" data-end=\"1452\">\n<p data-start=\"1376\" data-end=\"1452\">Ods\u0142oni\u0119ty <em data-start=\"1387\" data-end=\"1407\">dark gold wirecore<\/em> z grawerunkiem pi\u00f3ra (<em data-start=\"1430\" data-end=\"1449\">feather engraving<\/em>)<\/p>\n<\/li>\n<li data-start=\"1455\" data-end=\"1492\">\n<p data-start=\"1457\" data-end=\"1492\">Zawias <em data-start=\"1464\" data-end=\"1490\">dark gold 5-barrel hinge<\/em><\/p>\n<\/li>\n<li data-start=\"1495\" data-end=\"1529\">\n<p data-start=\"1497\" data-end=\"1529\">Podw\u00f3jnie laminowane zauszniki<\/p>\n<\/li>\n<\/ul>\n<\/li>\n<li data-start=\"1530\" data-end=\"1605\">\n<p data-start=\"1532\" data-end=\"1605\"><strong data-start=\"1532\" data-end=\"1545\">Soczewki:<\/strong> Sienna CR39, 6-base z pow\u0142ok\u0105 antyrefleksyjn\u0105 od wewn\u0105trz<\/p>\n<\/li>\n<li data-start=\"1606\" data-end=\"1630\">\n<p data-start=\"1608\" data-end=\"1630\"><strong data-start=\"1608\" data-end=\"1620\">Ochrona:<\/strong> 100% UV<\/p>\n<\/li>\n<li data-start=\"1631\" data-end=\"1664\">\n<p data-start=\"1633\" data-end=\"1664\"><strong data-start=\"1633\" data-end=\"1654\">Kraj pochodzenia:<\/strong> Japonia<\/p>\n<\/li>\n<li data-start=\"1665\" data-end=\"1699\">\n<p data-start=\"1667\" data-end=\"1699\"><strong data-start=\"1667\" data-end=\"1681\">Limitacja:<\/strong> 400 egzemplarzy<\/p>\n<\/li>\n<\/ul>\n","protected":false},"featured_media":2721,"template":"","meta":{"_acf_changed":false,"_joinchat":[]},"product_brand":[82],"product_cat":[37,30,35],"product_tag":[],"model":[408],"class_list":{"0":"post-2716","1":"product","2":"type-product","3":"status-publish","4":"has-post-thumbnail","6":"product_brand-jacques-marie-mage","7":"product_cat-meskie","8":"product_cat-okulary-przeciwsloneczne","9":"product_cat-unisex","10":"model-wesley","12":"first","13":"instock","14":"shipping-taxable","15":"purchasable","16":"product-type-simple"},"acf":[],"aioseo_notices":[],"_links":{"self":[{"href":"https:\/\/www.diukoptyk.pl\/pl\/wp-json\/wp\/v2\/product\/2716","targetHints":{"allow":["GET"]}}],"collection":[{"href":"https:\/\/www.diukoptyk.pl\/pl\/wp-json\/wp\/v2\/product"}],"about":[{"href":"https:\/\/www.diukoptyk.pl\/pl\/wp-json\/wp\/v2\/types\/product"}],"version-history":[{"count":1,"href":"https:\/\/www.diukoptyk.pl\/pl\/wp-json\/wp\/v2\/product\/2716\/revisions"}],"predecessor-version":[{"id":4580,"href":"https:\/\/www.diukoptyk.pl\/pl\/wp-json\/wp\/v2\/product\/2716\/revisions\/4580"}],"wp:featuredmedia":[{"embeddable":true,"href":"https:\/\/www.diukoptyk.pl\/pl\/wp-json\/wp\/v2\/media\/2721"}],"wp:attachment":[{"href":"https:\/\/www.diukoptyk.pl\/pl\/wp-json\/wp\/v2\/media?parent=2716"}],"wp:term":[{"taxonomy":"product_brand","embeddable":true,"href":"https:\/\/www.diukoptyk.pl\/pl\/wp-json\/wp\/v2\/product_brand?post=2716"},{"taxonomy":"product_cat","embeddable":true,"href":"https:\/\/www.diukoptyk.pl\/pl\/wp-json\/wp\/v2\/product_cat?post=2716"},{"taxonomy":"product_tag","embeddable":true,"href":"https:\/\/www.diukoptyk.pl\/pl\/wp-json\/wp\/v2\/product_tag?post=2716"},{"taxonomy":"model","embeddable":true,"href":"https:\/\/www.diukoptyk.pl\/pl\/wp-json\/wp\/v2\/model?post=2716"}],"curies":[{"name":"wp","href":"https:\/\/api.w.org\/{rel}","templated":true}]}}