{"id":2711,"date":"2025-10-14T12:42:39","date_gmt":"2025-10-14T10:42:39","guid":{"rendered":"https:\/\/www.diukoptyk.pl\/?post_type=product&#038;p=2711"},"modified":"2026-03-05T18:12:32","modified_gmt":"2026-03-05T17:12:32","slug":"jacques-marie-mage-walker-bloodstone-rx","status":"publish","type":"product","link":"https:\/\/www.diukoptyk.pl\/pl\/produkt\/jacques-marie-mage-walker-bloodstone-rx\/","title":{"rendered":"Jacques Marie Mage WALKER | BLOODSTONE RX"},"content":{"rendered":"<p><strong data-start=\"1119\" data-end=\"1132\">Dla kogo?<\/strong><br data-start=\"1132\" data-end=\"1135\" \/><strong data-start=\"1135\" data-end=\"1177\">Jacques Marie Mage Walker | Bloodstone<\/strong> <strong>RX<\/strong> to model dla os\u00f3b, kt\u00f3re id\u0105 w\u0142asn\u0105 drog\u0105 \u2013 pewnych siebie, tw\u00f3rczych i odwa\u017cnych.<\/p>\n<p>Stylowy manifest indywidualizmu, kt\u00f3ry potrafi oczarowa\u0107, zainspirowa\u0107 i\u2026 rozpali\u0107 serca.<\/p>\n","protected":false},"excerpt":{"rendered":"<h3 data-start=\"154\" data-end=\"204\">Jacques Marie Mage \u2013 <strong data-start=\"179\" data-end=\"202\">Walker | Bloodstone<\/strong><\/h3>\n<p data-start=\"206\" data-end=\"510\"><strong data-start=\"206\" data-end=\"240\">Pewno\u015b\u0107, styl i odrobina buntu<\/strong><br data-start=\"240\" data-end=\"243\" \/>Model <strong data-start=\"249\" data-end=\"272\">Walker | Bloodstone RX<\/strong> to eleganckie, prostok\u0105tne okulary o mi\u0119kkich liniach i wyrafinowanym charakterze. To po\u0142\u0105czenie klasycznej formy i artystycznej energii \u2013 stworzone dla tych, kt\u00f3rzy dostrzegaj\u0105 pi\u0119kno w detalach, ale pozostaj\u0105 wierni w\u0142asnemu rytmowi.<\/p>\n<p data-start=\"512\" data-end=\"533\"><strong data-start=\"512\" data-end=\"531\">Detale i design<\/strong><\/p>\n<ul data-start=\"534\" data-end=\"1117\">\n<li data-start=\"534\" data-end=\"640\">\n<p data-start=\"536\" data-end=\"640\">Kszta\u0142t: prostok\u0105tny z delikatnie zaokr\u0105glonymi kraw\u0119dziami, idealny balans mi\u0119dzy elegancj\u0105 a swobod\u0105<\/p>\n<\/li>\n<li data-start=\"641\" data-end=\"728\">\n<p data-start=\"643\" data-end=\"728\">Rama: r\u0119cznie wykonana z utwardzonego acetatu celulozowego w kolorze <strong data-start=\"712\" data-end=\"726\">Bloodstone<\/strong><\/p>\n<\/li>\n<li data-start=\"729\" data-end=\"890\">\n<p data-start=\"731\" data-end=\"890\">Detale: charakterystyczne dla Jacques Marie Mage metalowe nity w kszta\u0142cie strza\u0142y (<em data-start=\"815\" data-end=\"837\">arrowhead front-pins<\/em>) oraz nity w formie ostrogi (<em data-start=\"867\" data-end=\"887\">spur-shaped rivets<\/em>)<\/p>\n<\/li>\n<li data-start=\"891\" data-end=\"965\">\n<p data-start=\"893\" data-end=\"965\">Rdze\u0144 zausznik\u00f3w: klasyczny <em data-start=\"921\" data-end=\"931\">wirecore<\/em> z subtelnym grawerem <em data-start=\"953\" data-end=\"963\">hairline<\/em><\/p>\n<\/li>\n<li data-start=\"966\" data-end=\"1043\">\n<p data-start=\"968\" data-end=\"1043\">Styl: inspirowany duchem artystycznej niezale\u017cno\u015bci i miejskiej elegancji<\/p>\n<\/li>\n<li data-start=\"1044\" data-end=\"1117\">\n<p data-start=\"1046\" data-end=\"1117\">Limitowana edycja, wykonana z najwy\u017csz\u0105 precyzj\u0105 i dba\u0142o\u015bci\u0105 o detale<\/p>\n<\/li>\n<\/ul>\n","protected":false},"featured_media":2714,"template":"","meta":{"_acf_changed":false,"_joinchat":[]},"product_brand":[82],"product_cat":[37,51,35],"product_tag":[],"model":[417],"class_list":{"0":"post-2711","1":"product","2":"type-product","3":"status-publish","4":"has-post-thumbnail","6":"product_brand-jacques-marie-mage","7":"product_cat-meskie","8":"product_cat-okulary-korekcyjne","9":"product_cat-unisex","10":"model-walker","12":"first","13":"outofstock","14":"shipping-taxable","15":"purchasable","16":"product-type-simple"},"acf":[],"aioseo_notices":[],"_links":{"self":[{"href":"https:\/\/www.diukoptyk.pl\/pl\/wp-json\/wp\/v2\/product\/2711","targetHints":{"allow":["GET"]}}],"collection":[{"href":"https:\/\/www.diukoptyk.pl\/pl\/wp-json\/wp\/v2\/product"}],"about":[{"href":"https:\/\/www.diukoptyk.pl\/pl\/wp-json\/wp\/v2\/types\/product"}],"version-history":[{"count":1,"href":"https:\/\/www.diukoptyk.pl\/pl\/wp-json\/wp\/v2\/product\/2711\/revisions"}],"predecessor-version":[{"id":4831,"href":"https:\/\/www.diukoptyk.pl\/pl\/wp-json\/wp\/v2\/product\/2711\/revisions\/4831"}],"wp:featuredmedia":[{"embeddable":true,"href":"https:\/\/www.diukoptyk.pl\/pl\/wp-json\/wp\/v2\/media\/2714"}],"wp:attachment":[{"href":"https:\/\/www.diukoptyk.pl\/pl\/wp-json\/wp\/v2\/media?parent=2711"}],"wp:term":[{"taxonomy":"product_brand","embeddable":true,"href":"https:\/\/www.diukoptyk.pl\/pl\/wp-json\/wp\/v2\/product_brand?post=2711"},{"taxonomy":"product_cat","embeddable":true,"href":"https:\/\/www.diukoptyk.pl\/pl\/wp-json\/wp\/v2\/product_cat?post=2711"},{"taxonomy":"product_tag","embeddable":true,"href":"https:\/\/www.diukoptyk.pl\/pl\/wp-json\/wp\/v2\/product_tag?post=2711"},{"taxonomy":"model","embeddable":true,"href":"https:\/\/www.diukoptyk.pl\/pl\/wp-json\/wp\/v2\/model?post=2711"}],"curies":[{"name":"wp","href":"https:\/\/api.w.org\/{rel}","templated":true}]}}