{"id":2696,"date":"2025-10-14T12:35:21","date_gmt":"2025-10-14T10:35:21","guid":{"rendered":"https:\/\/www.diukoptyk.pl\/?post_type=product&#038;p=2696"},"modified":"2026-03-05T18:12:06","modified_gmt":"2026-03-05T17:12:06","slug":"jacques-marie-mage-vera-shadow","status":"publish","type":"product","link":"https:\/\/www.diukoptyk.pl\/pl\/produkt\/jacques-marie-mage-vera-shadow\/","title":{"rendered":"Jacques Marie Mage VERA | SHADOW"},"content":{"rendered":"<p><strong data-start=\"1536\" data-end=\"1549\">Dla kogo:<\/strong><br data-start=\"1549\" data-end=\"1552\" \/>Dla kobiet, kt\u00f3re kochaj\u0105 styl i odwag\u0119 \u2013 <strong data-start=\"1594\" data-end=\"1602\">VERA<\/strong> to ho\u0142d dla niezale\u017cno\u015bci, artystycznej duszy i ponadczasowej kobieco\u015bci.<\/p>\n","protected":false},"excerpt":{"rendered":"<h3 data-start=\"0\" data-end=\"44\"><strong data-start=\"4\" data-end=\"42\">Jacques Marie Mage \u2013 VERA | SHADOW<\/strong><\/h3>\n<p data-start=\"45\" data-end=\"80\"><strong data-start=\"45\" data-end=\"78\">Limitowana edycja \u2013 350 sztuk<\/strong><\/p>\n<p data-start=\"82\" data-end=\"408\">Zmys\u0142owa, odwa\u017cna i niepowtarzalna \u2014 <strong data-start=\"119\" data-end=\"127\">VERA<\/strong> w kolorze <strong data-start=\"138\" data-end=\"148\">Shadow<\/strong> to nowoczesna interpretacja kobiecej si\u0142y i stylu inspirowanego latami 60. Jej <strong data-start=\"228\" data-end=\"262\">bandeau-owa, prostok\u0105tna forma<\/strong> i rze\u017abiarska linia to po\u0142\u0105czenie artystycznej precyzji i zmys\u0142owej elegancji, stworzone dla kobiet, kt\u00f3re lubi\u0105 pozostawia\u0107 po sobie wra\u017cenie.<\/p>\n<p data-start=\"410\" data-end=\"790\">R\u0119cznie wykonane we W\u0142oszech z <strong data-start=\"441\" data-end=\"494\">8 mm utwardzanego acetatu w kolorze czerni Shadow<\/strong>, oprawy wyr\u00f3\u017cniaj\u0105 si\u0119 <strong data-start=\"518\" data-end=\"567\">ods\u0142oni\u0119tym srebrnym drutem gauntlet wirecore<\/strong> z grawerunkiem typu hairline oraz <strong data-start=\"602\" data-end=\"627\">7-barrelowym zawiasem<\/strong> o perfekcyjnej precyzji. <strong data-start=\"653\" data-end=\"681\">Czarne soczewki Jet CR39<\/strong> z pow\u0142ok\u0105 antyrefleksyjn\u0105 od wewn\u0105trz zapewniaj\u0105 pe\u0142n\u0105 ochron\u0119 UV, dodaj\u0105c modelowi g\u0142\u0119bi i tajemniczo\u015bci.<\/p>\n<p data-start=\"792\" data-end=\"926\"><strong data-start=\"792\" data-end=\"807\">VERA Shadow<\/strong> to kwintesencja wsp\u00f3\u0142czesnego luksusu \u2013 silna forma, minimalistyczny kolor i kobieca energia w najczystszej postaci.<\/p>\n<hr data-start=\"928\" data-end=\"931\" \/>\n<p data-start=\"933\" data-end=\"958\"><strong data-start=\"933\" data-end=\"956\">Detale i wykonanie:<\/strong><\/p>\n<ul data-start=\"959\" data-end=\"1461\">\n<li data-start=\"959\" data-end=\"1007\">\n<p data-start=\"961\" data-end=\"1007\"><strong data-start=\"961\" data-end=\"972\">Rodzaj:<\/strong> okulary przeciws\u0142oneczne damskie<\/p>\n<\/li>\n<li data-start=\"1008\" data-end=\"1048\">\n<p data-start=\"1010\" data-end=\"1048\"><strong data-start=\"1010\" data-end=\"1022\">Kszta\u0142t:<\/strong> prostok\u0105tny wrap-around<\/p>\n<\/li>\n<li data-start=\"1049\" data-end=\"1086\">\n<p data-start=\"1051\" data-end=\"1086\"><strong data-start=\"1051\" data-end=\"1061\">Kolor:<\/strong> Shadow \u2013 g\u0142\u0119boka czer\u0144<\/p>\n<\/li>\n<li data-start=\"1087\" data-end=\"1134\">\n<p data-start=\"1089\" data-end=\"1134\"><strong data-start=\"1089\" data-end=\"1102\">Materia\u0142:<\/strong> 8 mm utwardzany w\u0142oski acetat<\/p>\n<\/li>\n<li data-start=\"1135\" data-end=\"1295\">\n<p data-start=\"1137\" data-end=\"1155\"><strong data-start=\"1137\" data-end=\"1153\">Wyko\u0144czenie:<\/strong><\/p>\n<ul data-start=\"1158\" data-end=\"1295\">\n<li data-start=\"1158\" data-end=\"1199\">\n<p data-start=\"1160\" data-end=\"1199\">Ods\u0142oni\u0119ty <em data-start=\"1171\" data-end=\"1197\">silver gauntlet wirecore<\/em><\/p>\n<\/li>\n<li data-start=\"1202\" data-end=\"1246\">\n<p data-start=\"1204\" data-end=\"1246\">Srebrny <em data-start=\"1212\" data-end=\"1244\">custom 7-barrel hairline hinge<\/em><\/p>\n<\/li>\n<li data-start=\"1249\" data-end=\"1295\">\n<p data-start=\"1251\" data-end=\"1295\">Metalowe akcenty <em data-start=\"1268\" data-end=\"1293\">precious metal hardware<\/em><\/p>\n<\/li>\n<\/ul>\n<\/li>\n<li data-start=\"1296\" data-end=\"1368\">\n<p data-start=\"1298\" data-end=\"1368\"><strong data-start=\"1298\" data-end=\"1311\">Soczewki:<\/strong> Jet CR39, 6-base z pow\u0142ok\u0105 antyrefleksyjn\u0105 od wewn\u0105trz<\/p>\n<\/li>\n<li data-start=\"1369\" data-end=\"1393\">\n<p data-start=\"1371\" data-end=\"1393\"><strong data-start=\"1371\" data-end=\"1383\">Ochrona:<\/strong> 100% UV<\/p>\n<\/li>\n<li data-start=\"1394\" data-end=\"1426\">\n<p data-start=\"1396\" data-end=\"1426\"><strong data-start=\"1396\" data-end=\"1417\">Kraj pochodzenia:<\/strong> W\u0142ochy<\/p>\n<\/li>\n<li data-start=\"1427\" data-end=\"1461\">\n<p data-start=\"1429\" data-end=\"1461\"><strong data-start=\"1429\" data-end=\"1443\">Limitacja:<\/strong> 350 egzemplarzy<\/p>\n<\/li>\n<\/ul>\n","protected":false},"featured_media":2701,"template":"","meta":{"_acf_changed":false,"_joinchat":[]},"product_brand":[82],"product_cat":[32,30],"product_tag":[],"model":[406],"class_list":{"0":"post-2696","1":"product","2":"type-product","3":"status-publish","4":"has-post-thumbnail","6":"product_brand-jacques-marie-mage","7":"product_cat-damskie","8":"product_cat-okulary-przeciwsloneczne","9":"model-vera","11":"first","12":"instock","13":"shipping-taxable","14":"purchasable","15":"product-type-simple"},"acf":[],"aioseo_notices":[],"_links":{"self":[{"href":"https:\/\/www.diukoptyk.pl\/pl\/wp-json\/wp\/v2\/product\/2696","targetHints":{"allow":["GET"]}}],"collection":[{"href":"https:\/\/www.diukoptyk.pl\/pl\/wp-json\/wp\/v2\/product"}],"about":[{"href":"https:\/\/www.diukoptyk.pl\/pl\/wp-json\/wp\/v2\/types\/product"}],"version-history":[{"count":1,"href":"https:\/\/www.diukoptyk.pl\/pl\/wp-json\/wp\/v2\/product\/2696\/revisions"}],"predecessor-version":[{"id":4573,"href":"https:\/\/www.diukoptyk.pl\/pl\/wp-json\/wp\/v2\/product\/2696\/revisions\/4573"}],"wp:featuredmedia":[{"embeddable":true,"href":"https:\/\/www.diukoptyk.pl\/pl\/wp-json\/wp\/v2\/media\/2701"}],"wp:attachment":[{"href":"https:\/\/www.diukoptyk.pl\/pl\/wp-json\/wp\/v2\/media?parent=2696"}],"wp:term":[{"taxonomy":"product_brand","embeddable":true,"href":"https:\/\/www.diukoptyk.pl\/pl\/wp-json\/wp\/v2\/product_brand?post=2696"},{"taxonomy":"product_cat","embeddable":true,"href":"https:\/\/www.diukoptyk.pl\/pl\/wp-json\/wp\/v2\/product_cat?post=2696"},{"taxonomy":"product_tag","embeddable":true,"href":"https:\/\/www.diukoptyk.pl\/pl\/wp-json\/wp\/v2\/product_tag?post=2696"},{"taxonomy":"model","embeddable":true,"href":"https:\/\/www.diukoptyk.pl\/pl\/wp-json\/wp\/v2\/model?post=2696"}],"curies":[{"name":"wp","href":"https:\/\/api.w.org\/{rel}","templated":true}]}}