{"id":2689,"date":"2025-10-14T12:35:10","date_gmt":"2025-10-14T10:35:10","guid":{"rendered":"https:\/\/www.diukoptyk.pl\/?post_type=product&#038;p=2689"},"modified":"2026-03-05T18:11:50","modified_gmt":"2026-03-05T17:11:50","slug":"jacques-marie-mage-vera-agar","status":"publish","type":"product","link":"https:\/\/www.diukoptyk.pl\/pl\/produkt\/jacques-marie-mage-vera-agar\/","title":{"rendered":"Jacques Marie Mage VERA | AGAR"},"content":{"rendered":"<p><strong data-start=\"1536\" data-end=\"1549\">Dla kogo:<\/strong><br data-start=\"1549\" data-end=\"1552\" \/>Dla kobiet, kt\u00f3re kochaj\u0105 styl i odwag\u0119 \u2013 <strong data-start=\"1594\" data-end=\"1602\">VERA<\/strong> to ho\u0142d dla niezale\u017cno\u015bci, artystycznej duszy i ponadczasowej kobieco\u015bci.<\/p>\n","protected":false},"excerpt":{"rendered":"<h3 data-start=\"0\" data-end=\"42\"><strong data-start=\"4\" data-end=\"40\">Jacques Marie Mage \u2013 VERA | AGAR<\/strong><\/h3>\n<p data-start=\"43\" data-end=\"78\"><strong data-start=\"43\" data-end=\"76\">Limitowana edycja \u2013 350 sztuk<\/strong><\/p>\n<p data-start=\"80\" data-end=\"419\">Nowy model <strong data-start=\"91\" data-end=\"99\">VERA<\/strong> to odwa\u017cna interpretacja kobiecej si\u0142y i zmys\u0142owo\u015bci w stylu <strong data-start=\"161\" data-end=\"172\">lat 60.<\/strong> \u2014 czas\u00f3w supermodelek, sztuki pop i muzyki, kt\u00f3ra definiowa\u0142a epok\u0119. Te <strong data-start=\"245\" data-end=\"301\">rze\u017abiarskie, prostok\u0105tne okulary o op\u0142ywowej formie<\/strong> to wyrafinowane po\u0142\u0105czenie designu i ekspresji, stworzone dla kobiet, kt\u00f3re lubi\u0105 b\u0142yszcze\u0107 \u2013 na w\u0142asnych zasadach.<\/p>\n<p data-start=\"421\" data-end=\"879\">R\u0119cznie wykonane we W\u0142oszech z <strong data-start=\"452\" data-end=\"490\">8 mm acetatu w kolorze Havana Agar<\/strong>, oprawy zachwycaj\u0105 <strong data-start=\"510\" data-end=\"535\">fazowanymi soczewkami<\/strong> i unikalnym <strong data-start=\"548\" data-end=\"568\">\u201eLever\u201d wirecore<\/strong> w odcieniu ciemnego z\u0142ota. Detale, takie jak <strong data-start=\"614\" data-end=\"670\">zawiasy 7-barrel z precyzyjnym grawerunkiem hairline<\/strong> czy <strong data-start=\"675\" data-end=\"715\">metalowe akcenty w kolorze dark gold<\/strong>, nadaj\u0105 im charakter luksusowego dzie\u0142a sztuki. Ca\u0142o\u015b\u0107 dope\u0142niaj\u0105 <strong data-start=\"782\" data-end=\"805\">\u017c\u00f3\u0142te soczewki CR39<\/strong> z pow\u0142ok\u0105 antyrefleksyjn\u0105 \u2013 dodaj\u0105ce blasku i ciep\u0142a ka\u017cdej stylizacji.<\/p>\n<p data-start=\"881\" data-end=\"966\"><strong data-start=\"881\" data-end=\"889\">VERA<\/strong> to nie tylko okulary \u2013 to manifest kobiecej odwagi, pewno\u015bci i magnetyzmu.<\/p>\n<hr data-start=\"968\" data-end=\"971\" \/>\n<p data-start=\"973\" data-end=\"998\"><strong data-start=\"973\" data-end=\"996\">Detale i wykonanie:<\/strong><\/p>\n<ul data-start=\"999\" data-end=\"1529\">\n<li data-start=\"999\" data-end=\"1047\">\n<p data-start=\"1001\" data-end=\"1047\"><strong data-start=\"1001\" data-end=\"1012\">Rodzaj:<\/strong> okulary przeciws\u0142oneczne damskie<\/p>\n<\/li>\n<li data-start=\"1048\" data-end=\"1117\">\n<p data-start=\"1050\" data-end=\"1117\"><strong data-start=\"1050\" data-end=\"1062\">Kszta\u0142t:<\/strong> prostok\u0105tny wrap-around (inspirowany stylem lat 60.)<\/p>\n<\/li>\n<li data-start=\"1118\" data-end=\"1144\">\n<p data-start=\"1120\" data-end=\"1144\"><strong data-start=\"1120\" data-end=\"1130\">Kolor:<\/strong> Agar Havana<\/p>\n<\/li>\n<li data-start=\"1145\" data-end=\"1192\">\n<p data-start=\"1147\" data-end=\"1192\"><strong data-start=\"1147\" data-end=\"1160\">Materia\u0142:<\/strong> 8 mm utwardzany w\u0142oski acetat<\/p>\n<\/li>\n<li data-start=\"1193\" data-end=\"1361\">\n<p data-start=\"1195\" data-end=\"1213\"><strong data-start=\"1195\" data-end=\"1211\">Wyko\u0144czenie:<\/strong><\/p>\n<ul data-start=\"1216\" data-end=\"1361\">\n<li data-start=\"1216\" data-end=\"1264\">\n<p data-start=\"1218\" data-end=\"1264\">Ciemnoz\u0142oty drut <em data-start=\"1235\" data-end=\"1262\">exposed gauntlet wirecore<\/em><\/p>\n<\/li>\n<li data-start=\"1267\" data-end=\"1313\">\n<p data-start=\"1269\" data-end=\"1313\">Zawias <em data-start=\"1276\" data-end=\"1311\">dark gold 7-barrel hairline hinge<\/em><\/p>\n<\/li>\n<li data-start=\"1316\" data-end=\"1361\">\n<p data-start=\"1318\" data-end=\"1361\">Metalowe detale <em data-start=\"1334\" data-end=\"1359\">precious metal hardware<\/em><\/p>\n<\/li>\n<\/ul>\n<\/li>\n<li data-start=\"1362\" data-end=\"1436\">\n<p data-start=\"1364\" data-end=\"1436\"><strong data-start=\"1364\" data-end=\"1377\">Soczewki:<\/strong> \u017b\u00f3\u0142te CR39, 6-base z pow\u0142ok\u0105 antyrefleksyjn\u0105 od wewn\u0105trz<\/p>\n<\/li>\n<li data-start=\"1437\" data-end=\"1461\">\n<p data-start=\"1439\" data-end=\"1461\"><strong data-start=\"1439\" data-end=\"1451\">Ochrona:<\/strong> 100% UV<\/p>\n<\/li>\n<li data-start=\"1462\" data-end=\"1494\">\n<p data-start=\"1464\" data-end=\"1494\"><strong data-start=\"1464\" data-end=\"1485\">Kraj pochodzenia:<\/strong> W\u0142ochy<\/p>\n<\/li>\n<li data-start=\"1495\" data-end=\"1529\">\n<p data-start=\"1497\" data-end=\"1529\"><strong data-start=\"1497\" data-end=\"1511\">Limitacja:<\/strong> 350 egzemplarzy<\/p>\n<\/li>\n<\/ul>\n","protected":false},"featured_media":2694,"template":"","meta":{"_acf_changed":false,"_joinchat":[]},"product_brand":[82],"product_cat":[32,30],"product_tag":[],"model":[406],"class_list":{"0":"post-2689","1":"product","2":"type-product","3":"status-publish","4":"has-post-thumbnail","6":"product_brand-jacques-marie-mage","7":"product_cat-damskie","8":"product_cat-okulary-przeciwsloneczne","9":"model-vera","11":"first","12":"instock","13":"shipping-taxable","14":"purchasable","15":"product-type-simple"},"acf":[],"aioseo_notices":[],"_links":{"self":[{"href":"https:\/\/www.diukoptyk.pl\/pl\/wp-json\/wp\/v2\/product\/2689","targetHints":{"allow":["GET"]}}],"collection":[{"href":"https:\/\/www.diukoptyk.pl\/pl\/wp-json\/wp\/v2\/product"}],"about":[{"href":"https:\/\/www.diukoptyk.pl\/pl\/wp-json\/wp\/v2\/types\/product"}],"version-history":[{"count":1,"href":"https:\/\/www.diukoptyk.pl\/pl\/wp-json\/wp\/v2\/product\/2689\/revisions"}],"predecessor-version":[{"id":4572,"href":"https:\/\/www.diukoptyk.pl\/pl\/wp-json\/wp\/v2\/product\/2689\/revisions\/4572"}],"wp:featuredmedia":[{"embeddable":true,"href":"https:\/\/www.diukoptyk.pl\/pl\/wp-json\/wp\/v2\/media\/2694"}],"wp:attachment":[{"href":"https:\/\/www.diukoptyk.pl\/pl\/wp-json\/wp\/v2\/media?parent=2689"}],"wp:term":[{"taxonomy":"product_brand","embeddable":true,"href":"https:\/\/www.diukoptyk.pl\/pl\/wp-json\/wp\/v2\/product_brand?post=2689"},{"taxonomy":"product_cat","embeddable":true,"href":"https:\/\/www.diukoptyk.pl\/pl\/wp-json\/wp\/v2\/product_cat?post=2689"},{"taxonomy":"product_tag","embeddable":true,"href":"https:\/\/www.diukoptyk.pl\/pl\/wp-json\/wp\/v2\/product_tag?post=2689"},{"taxonomy":"model","embeddable":true,"href":"https:\/\/www.diukoptyk.pl\/pl\/wp-json\/wp\/v2\/model?post=2689"}],"curies":[{"name":"wp","href":"https:\/\/api.w.org\/{rel}","templated":true}]}}