{"id":2660,"date":"2025-10-14T11:48:59","date_gmt":"2025-10-14T09:48:59","guid":{"rendered":"https:\/\/www.diukoptyk.pl\/?post_type=product&#038;p=2660"},"modified":"2026-03-05T18:10:30","modified_gmt":"2026-03-05T17:10:30","slug":"jacques-marie-mage-ugo-black","status":"publish","type":"product","link":"https:\/\/www.diukoptyk.pl\/pl\/produkt\/jacques-marie-mage-ugo-black\/","title":{"rendered":"Jacques Marie Mage UGO | BLACK"},"content":{"rendered":"<p><strong data-start=\"1484\" data-end=\"1497\">Dla kogo:<\/strong><br data-start=\"1497\" data-end=\"1500\" \/>Dla indywidualist\u00f3w, kt\u00f3rzy ceni\u0105 <strong data-start=\"1534\" data-end=\"1604\">architektoniczn\u0105 form\u0119, nowoczesny minimalizm i perfekcyjne detale<\/strong>. Jacques Marie Mage <strong data-start=\"1625\" data-end=\"1638\">UGO Black<\/strong> to odwa\u017cny wyraz stylu \u2013 elegancki, geometryczny i niepowtarzalny.<\/p>\n","protected":false},"excerpt":{"rendered":"<h3 data-start=\"0\" data-end=\"42\"><strong data-start=\"4\" data-end=\"40\">Jacques Marie Mage \u2013 UGO | BLACK<\/strong><\/h3>\n<p data-start=\"43\" data-end=\"78\"><strong data-start=\"43\" data-end=\"76\">Limitowana edycja \u2013 350 sztuk<\/strong><\/p>\n<p data-start=\"80\" data-end=\"400\">Model <strong data-start=\"86\" data-end=\"93\">UGO<\/strong> to nowoczesna interpretacja okular\u00f3w z lat 90., w kt\u00f3rych <strong data-start=\"152\" data-end=\"174\">geometryczna forma<\/strong> spotyka si\u0119 z <strong data-start=\"189\" data-end=\"217\">wyrafinowanym rzemios\u0142em<\/strong>. Zainspirowane epok\u0105 ekstrawagancji i bezkompromisowego stylu, te <strong data-start=\"284\" data-end=\"335\">sze\u015bciok\u0105tne okulary z kolekcji Titanium Series<\/strong> \u0142\u0105cz\u0105 w sobie odwag\u0119 designu z lekko\u015bci\u0105 i precyzj\u0105 wykonania.<\/p>\n<p data-start=\"402\" data-end=\"773\">Wykonane w Japonii z <strong data-start=\"423\" data-end=\"449\">100% tytanu klasy beta<\/strong>, oprawki zachwycaj\u0105 <strong data-start=\"470\" data-end=\"512\">profilowan\u0105 lini\u0105 w kszta\u0142cie litery V<\/strong>, <strong data-start=\"514\" data-end=\"536\">ukrytymi zawiasami<\/strong> oraz detalami z grawerunkiem <em data-start=\"566\" data-end=\"582\">hairline epoxy<\/em>. <strong data-start=\"584\" data-end=\"626\">Ko\u0144c\u00f3wki zausznik\u00f3w z czarnego acetatu<\/strong> oraz <strong data-start=\"632\" data-end=\"660\">niebieskie soczewki CR39<\/strong> z pow\u0142ok\u0105 antyrefleksyjn\u0105 nadaj\u0105 kompozycji \u015bwie\u017co\u015bci i charakteru, zapewniaj\u0105c jednocze\u015bnie pe\u0142n\u0105 ochron\u0119 UV.<\/p>\n<p data-start=\"775\" data-end=\"887\">To model dla tych, kt\u00f3rzy lubi\u0105 <strong data-start=\"807\" data-end=\"836\">wyr\u00f3\u017cnia\u0107 si\u0119 bez wysi\u0142ku<\/strong> \u2014 subtelnie prowokuj\u0105cy, stylowy i pewny siebie.<\/p>\n<hr data-start=\"889\" data-end=\"892\" \/>\n<p data-start=\"894\" data-end=\"919\"><strong data-start=\"894\" data-end=\"917\">Detale i wykonanie:<\/strong><\/p>\n<ul data-start=\"920\" data-end=\"1477\">\n<li data-start=\"920\" data-end=\"967\">\n<p data-start=\"922\" data-end=\"967\"><strong data-start=\"922\" data-end=\"933\">Rodzaj:<\/strong> okulary przeciws\u0142oneczne unisex<\/p>\n<\/li>\n<li data-start=\"968\" data-end=\"1021\">\n<p data-start=\"970\" data-end=\"1021\"><strong data-start=\"970\" data-end=\"982\">Kszta\u0142t:<\/strong> sze\u015bciok\u0105tny, inspirowany latami 90.<\/p>\n<\/li>\n<li data-start=\"1022\" data-end=\"1042\">\n<p data-start=\"1024\" data-end=\"1042\"><strong data-start=\"1024\" data-end=\"1034\">Kolor:<\/strong> Black<\/p>\n<\/li>\n<li data-start=\"1043\" data-end=\"1098\">\n<p data-start=\"1045\" data-end=\"1098\"><strong data-start=\"1045\" data-end=\"1058\">Materia\u0142:<\/strong> 100% beta tytan z akcentami z acetatu<\/p>\n<\/li>\n<li data-start=\"1099\" data-end=\"1308\">\n<p data-start=\"1101\" data-end=\"1119\"><strong data-start=\"1101\" data-end=\"1117\">Wyko\u0144czenie:<\/strong><\/p>\n<ul data-start=\"1122\" data-end=\"1308\">\n<li data-start=\"1122\" data-end=\"1167\">\n<p data-start=\"1124\" data-end=\"1167\">Ukryty zawias <em data-start=\"1138\" data-end=\"1165\">custom black hidden hinge<\/em><\/p>\n<\/li>\n<li data-start=\"1170\" data-end=\"1209\">\n<p data-start=\"1172\" data-end=\"1209\">Grawerunki <em data-start=\"1183\" data-end=\"1207\">hairline epoxy details<\/em><\/p>\n<\/li>\n<li data-start=\"1212\" data-end=\"1265\">\n<p data-start=\"1214\" data-end=\"1265\">Czarne ko\u0144c\u00f3wki zausznik\u00f3w z utwardzanego acetatu<\/p>\n<\/li>\n<li data-start=\"1268\" data-end=\"1308\">\n<p data-start=\"1270\" data-end=\"1308\">Metalowe noski z logo i grawerunkiem<\/p>\n<\/li>\n<\/ul>\n<\/li>\n<li data-start=\"1309\" data-end=\"1383\">\n<p data-start=\"1311\" data-end=\"1383\"><strong data-start=\"1311\" data-end=\"1324\">Soczewki:<\/strong> Azure CR39, 4-base z pow\u0142ok\u0105 antyrefleksyjn\u0105 od wewn\u0105trz<\/p>\n<\/li>\n<li data-start=\"1384\" data-end=\"1408\">\n<p data-start=\"1386\" data-end=\"1408\"><strong data-start=\"1386\" data-end=\"1398\">Ochrona:<\/strong> 100% UV<\/p>\n<\/li>\n<li data-start=\"1409\" data-end=\"1442\">\n<p data-start=\"1411\" data-end=\"1442\"><strong data-start=\"1411\" data-end=\"1432\">Kraj pochodzenia:<\/strong> Japonia<\/p>\n<\/li>\n<li data-start=\"1443\" data-end=\"1477\">\n<p data-start=\"1445\" data-end=\"1477\"><strong data-start=\"1445\" data-end=\"1459\">Limitacja:<\/strong> 350 egzemplarzy<\/p>\n<\/li>\n<\/ul>\n","protected":false},"featured_media":2665,"template":"","meta":{"_acf_changed":false,"_joinchat":[]},"product_brand":[82],"product_cat":[32,37,30,35],"product_tag":[],"model":[404],"class_list":{"0":"post-2660","1":"product","2":"type-product","3":"status-publish","4":"has-post-thumbnail","6":"product_brand-jacques-marie-mage","7":"product_cat-damskie","8":"product_cat-meskie","9":"product_cat-okulary-przeciwsloneczne","10":"product_cat-unisex","11":"model-ugo","13":"first","14":"instock","15":"shipping-taxable","16":"purchasable","17":"product-type-simple"},"acf":[],"aioseo_notices":[],"_links":{"self":[{"href":"https:\/\/www.diukoptyk.pl\/pl\/wp-json\/wp\/v2\/product\/2660","targetHints":{"allow":["GET"]}}],"collection":[{"href":"https:\/\/www.diukoptyk.pl\/pl\/wp-json\/wp\/v2\/product"}],"about":[{"href":"https:\/\/www.diukoptyk.pl\/pl\/wp-json\/wp\/v2\/types\/product"}],"version-history":[{"count":1,"href":"https:\/\/www.diukoptyk.pl\/pl\/wp-json\/wp\/v2\/product\/2660\/revisions"}],"predecessor-version":[{"id":4568,"href":"https:\/\/www.diukoptyk.pl\/pl\/wp-json\/wp\/v2\/product\/2660\/revisions\/4568"}],"wp:featuredmedia":[{"embeddable":true,"href":"https:\/\/www.diukoptyk.pl\/pl\/wp-json\/wp\/v2\/media\/2665"}],"wp:attachment":[{"href":"https:\/\/www.diukoptyk.pl\/pl\/wp-json\/wp\/v2\/media?parent=2660"}],"wp:term":[{"taxonomy":"product_brand","embeddable":true,"href":"https:\/\/www.diukoptyk.pl\/pl\/wp-json\/wp\/v2\/product_brand?post=2660"},{"taxonomy":"product_cat","embeddable":true,"href":"https:\/\/www.diukoptyk.pl\/pl\/wp-json\/wp\/v2\/product_cat?post=2660"},{"taxonomy":"product_tag","embeddable":true,"href":"https:\/\/www.diukoptyk.pl\/pl\/wp-json\/wp\/v2\/product_tag?post=2660"},{"taxonomy":"model","embeddable":true,"href":"https:\/\/www.diukoptyk.pl\/pl\/wp-json\/wp\/v2\/model?post=2660"}],"curies":[{"name":"wp","href":"https:\/\/api.w.org\/{rel}","templated":true}]}}