{"id":2634,"date":"2025-10-14T10:46:06","date_gmt":"2025-10-14T08:46:06","guid":{"rendered":"https:\/\/www.diukoptyk.pl\/?post_type=product&#038;p=2634"},"modified":"2026-03-05T18:09:56","modified_gmt":"2026-03-05T17:09:56","slug":"jacques-marie-mage-lucknow-beluga","status":"publish","type":"product","link":"https:\/\/www.diukoptyk.pl\/pl\/produkt\/jacques-marie-mage-lucknow-beluga\/","title":{"rendered":"Jacques Marie Mage LUCKNOW | BELUGA"},"content":{"rendered":"<p><strong data-start=\"1429\" data-end=\"1442\">Dla kogo:<\/strong><br data-start=\"1442\" data-end=\"1445\" \/>Dla estet\u00f3w, kt\u00f3rzy ceni\u0105 <strong data-start=\"1471\" data-end=\"1524\">r\u0119czne wykonanie, mocne formy i szlachetne detale<\/strong>. Jacques Marie Mage <strong data-start=\"1545\" data-end=\"1563\">Lucknow Beluga<\/strong> to po\u0142\u0105czenie si\u0142y, elegancji i artystycznego ducha \u2013 stworzone, by przyci\u0105ga\u0107 spojrzenia.<\/p>\n","protected":false},"excerpt":{"rendered":"<h3 data-start=\"0\" data-end=\"47\"><strong data-start=\"4\" data-end=\"45\">Jacques Marie Mage \u2013 LUCKNOW | BELUGA<\/strong><\/h3>\n<p data-start=\"48\" data-end=\"83\"><strong data-start=\"48\" data-end=\"81\">Limitowana edycja \u2013 400 sztuk<\/strong><\/p>\n<p data-start=\"85\" data-end=\"328\">Model <strong data-start=\"91\" data-end=\"102\">Lucknow<\/strong> w kolorze <strong data-start=\"113\" data-end=\"123\">Beluga<\/strong> to odwa\u017cne po\u0142\u0105czenie elegancji i artystycznej energii. Inspirowany duchem lat 70., zachwyca <strong data-start=\"217\" data-end=\"238\">rze\u017abiarsk\u0105 form\u0105<\/strong> i <strong data-start=\"241\" data-end=\"276\">przeskalowan\u0105 prostok\u0105tn\u0105 lini\u0105<\/strong>, kt\u00f3ra emanuje pewno\u015bci\u0105 siebie i wyrafinowaniem.<\/p>\n<p data-start=\"330\" data-end=\"718\">R\u0119cznie wykonana w Japonii oprawa z <strong data-start=\"366\" data-end=\"396\">10 mm utwardzanego acetatu<\/strong> w kolorze <strong data-start=\"407\" data-end=\"424\">czerni Beluga<\/strong> zosta\u0142a wzbogacona o <strong data-start=\"446\" data-end=\"462\">z\u0142ote detale<\/strong> \u2014 od nit\u00f3w w kszta\u0142cie strza\u0142 po ods\u0142oni\u0119ty <strong data-start=\"507\" data-end=\"529\">dark gold wirecore<\/strong> z grawerunkiem o art d\u00e9co charakterze. <strong data-start=\"569\" data-end=\"604\">Soczewki Superlight Bronze CR39<\/strong> z pow\u0142ok\u0105 antyrefleksyjn\u0105 zapewniaj\u0105 klarowno\u015b\u0107 widzenia i pe\u0142n\u0105 ochron\u0119 UV, dodaj\u0105c kompozycji ciep\u0142a i g\u0142\u0119bi.<\/p>\n<p data-start=\"720\" data-end=\"819\">To okulary dla tych, kt\u00f3rzy potrafi\u0105 \u0142\u0105czy\u0107 <strong data-start=\"764\" data-end=\"787\">klasyk\u0119 z ekspresj\u0105<\/strong> \u2013 elegancj\u0119 z niezale\u017cno\u015bci\u0105.<\/p>\n<hr data-start=\"821\" data-end=\"824\" \/>\n<p data-start=\"826\" data-end=\"851\"><strong data-start=\"826\" data-end=\"849\">Detale i wykonanie:<\/strong><\/p>\n<ul data-start=\"852\" data-end=\"1422\">\n<li data-start=\"852\" data-end=\"899\">\n<p data-start=\"854\" data-end=\"899\"><strong data-start=\"854\" data-end=\"865\">Rodzaj:<\/strong> okulary przeciws\u0142oneczne unisex<\/p>\n<\/li>\n<li data-start=\"900\" data-end=\"954\">\n<p data-start=\"902\" data-end=\"954\"><strong data-start=\"902\" data-end=\"914\">Kszta\u0142t:<\/strong> prostok\u0105tny, inspirowany stylem retro<\/p>\n<\/li>\n<li data-start=\"955\" data-end=\"1012\">\n<p data-start=\"957\" data-end=\"1012\"><strong data-start=\"957\" data-end=\"967\">Kolor:<\/strong> Beluga (czarny z metalicznym wyko\u0144czeniem)<\/p>\n<\/li>\n<li data-start=\"1013\" data-end=\"1063\">\n<p data-start=\"1015\" data-end=\"1063\"><strong data-start=\"1015\" data-end=\"1028\">Materia\u0142:<\/strong> 10 mm utwardzany japo\u0144ski acetat<\/p>\n<\/li>\n<li data-start=\"1064\" data-end=\"1241\">\n<p data-start=\"1066\" data-end=\"1084\"><strong data-start=\"1066\" data-end=\"1082\">Wyko\u0144czenie:<\/strong><\/p>\n<ul data-start=\"1087\" data-end=\"1241\">\n<li data-start=\"1087\" data-end=\"1140\">\n<p data-start=\"1089\" data-end=\"1140\">Ciemnoz\u0142ote nity <em data-start=\"1106\" data-end=\"1138\">signature arrowhead front pins<\/em><\/p>\n<\/li>\n<li data-start=\"1143\" data-end=\"1193\">\n<p data-start=\"1145\" data-end=\"1193\">Ods\u0142oni\u0119ty <em data-start=\"1156\" data-end=\"1176\">dark gold wirecore<\/em> z grawerunkiem<\/p>\n<\/li>\n<li data-start=\"1196\" data-end=\"1241\">\n<p data-start=\"1198\" data-end=\"1241\">Zawias <em data-start=\"1205\" data-end=\"1239\">dark gold custom monoblock hinge<\/em><\/p>\n<\/li>\n<\/ul>\n<\/li>\n<li data-start=\"1242\" data-end=\"1328\">\n<p data-start=\"1244\" data-end=\"1328\"><strong data-start=\"1244\" data-end=\"1257\">Soczewki:<\/strong> Superlight Bronze CR39, 4-base z pow\u0142ok\u0105 antyrefleksyjn\u0105 od wewn\u0105trz<\/p>\n<\/li>\n<li data-start=\"1329\" data-end=\"1353\">\n<p data-start=\"1331\" data-end=\"1353\"><strong data-start=\"1331\" data-end=\"1343\">Ochrona:<\/strong> 100% UV<\/p>\n<\/li>\n<li data-start=\"1354\" data-end=\"1387\">\n<p data-start=\"1356\" data-end=\"1387\"><strong data-start=\"1356\" data-end=\"1377\">Kraj pochodzenia:<\/strong> Japonia<\/p>\n<\/li>\n<li data-start=\"1388\" data-end=\"1422\">\n<p data-start=\"1390\" data-end=\"1422\"><strong data-start=\"1390\" data-end=\"1404\">Limitacja:<\/strong> 400 egzemplarzy<\/p>\n<\/li>\n<\/ul>\n","protected":false},"featured_media":2639,"template":"","meta":{"_acf_changed":false,"_joinchat":[]},"product_brand":[82],"product_cat":[32,37,51,35],"product_tag":[],"model":[387],"class_list":{"0":"post-2634","1":"product","2":"type-product","3":"status-publish","4":"has-post-thumbnail","6":"product_brand-jacques-marie-mage","7":"product_cat-damskie","8":"product_cat-meskie","9":"product_cat-okulary-korekcyjne","10":"product_cat-unisex","11":"model-lucknow","13":"first","14":"instock","15":"shipping-taxable","16":"purchasable","17":"product-type-simple"},"acf":[],"aioseo_notices":[],"_links":{"self":[{"href":"https:\/\/www.diukoptyk.pl\/pl\/wp-json\/wp\/v2\/product\/2634","targetHints":{"allow":["GET"]}}],"collection":[{"href":"https:\/\/www.diukoptyk.pl\/pl\/wp-json\/wp\/v2\/product"}],"about":[{"href":"https:\/\/www.diukoptyk.pl\/pl\/wp-json\/wp\/v2\/types\/product"}],"version-history":[{"count":1,"href":"https:\/\/www.diukoptyk.pl\/pl\/wp-json\/wp\/v2\/product\/2634\/revisions"}],"predecessor-version":[{"id":4516,"href":"https:\/\/www.diukoptyk.pl\/pl\/wp-json\/wp\/v2\/product\/2634\/revisions\/4516"}],"wp:featuredmedia":[{"embeddable":true,"href":"https:\/\/www.diukoptyk.pl\/pl\/wp-json\/wp\/v2\/media\/2639"}],"wp:attachment":[{"href":"https:\/\/www.diukoptyk.pl\/pl\/wp-json\/wp\/v2\/media?parent=2634"}],"wp:term":[{"taxonomy":"product_brand","embeddable":true,"href":"https:\/\/www.diukoptyk.pl\/pl\/wp-json\/wp\/v2\/product_brand?post=2634"},{"taxonomy":"product_cat","embeddable":true,"href":"https:\/\/www.diukoptyk.pl\/pl\/wp-json\/wp\/v2\/product_cat?post=2634"},{"taxonomy":"product_tag","embeddable":true,"href":"https:\/\/www.diukoptyk.pl\/pl\/wp-json\/wp\/v2\/product_tag?post=2634"},{"taxonomy":"model","embeddable":true,"href":"https:\/\/www.diukoptyk.pl\/pl\/wp-json\/wp\/v2\/model?post=2634"}],"curies":[{"name":"wp","href":"https:\/\/api.w.org\/{rel}","templated":true}]}}