{"id":2627,"date":"2025-10-14T10:45:03","date_gmt":"2025-10-14T08:45:03","guid":{"rendered":"https:\/\/www.diukoptyk.pl\/?post_type=product&#038;p=2627"},"modified":"2026-03-11T21:32:54","modified_gmt":"2026-03-11T20:32:54","slug":"jacques-marie-mage-lucknow-breccia","status":"publish","type":"product","link":"https:\/\/www.diukoptyk.pl\/pl\/produkt\/jacques-marie-mage-lucknow-breccia\/","title":{"rendered":"Jacques Marie Mage LUCKNOW | BRECCIA"},"content":{"rendered":"<p><strong data-start=\"1430\" data-end=\"1443\">Dla kogo:<\/strong><br data-start=\"1443\" data-end=\"1446\" \/>Dla mi\u0142o\u015bnik\u00f3w stylu i muzyki, kt\u00f3rzy ceni\u0105 <strong data-start=\"1490\" data-end=\"1507\">\u015bmia\u0142y design<\/strong>, <strong data-start=\"1509\" data-end=\"1526\">z\u0142ote akcenty<\/strong> i <strong data-start=\"1529\" data-end=\"1549\">r\u0119czne wykonanie<\/strong> na najwy\u017cszym poziomie. Jacques Marie Mage <strong data-start=\"1593\" data-end=\"1604\">Lucknow<\/strong> to okulary, kt\u00f3re graj\u0105 w Twoim rytmie \u2013 z elegancj\u0105 i rockow\u0105 dusz\u0105.<\/p>\n","protected":false},"excerpt":{"rendered":"<h3 data-start=\"0\" data-end=\"48\"><strong data-start=\"4\" data-end=\"46\">Jacques Marie Mage \u2013 LUCKNOW | BRECCIA<\/strong><\/h3>\n<p data-start=\"49\" data-end=\"84\"><strong data-start=\"49\" data-end=\"82\">Limitowana edycja \u2013 400 sztuk<\/strong><\/p>\n<p data-start=\"86\" data-end=\"358\">Wyrafinowany, nowoczesny i z charakterem \u2013 model <strong data-start=\"135\" data-end=\"146\">Lucknow<\/strong> to ho\u0142d dla ponadczasowej elegancji w duchu rock\u2019n\u2019rolla. Jego <strong data-start=\"210\" data-end=\"242\">wyrazista, prostok\u0105tna forma<\/strong> z mocno rze\u017abion\u0105 lini\u0105 i <strong data-start=\"269\" data-end=\"294\">subtelne z\u0142ote detale<\/strong> tworz\u0105 kompozycj\u0119, kt\u00f3ra \u0142\u0105czy klasyk\u0119 z artystycznym buntem.<\/p>\n<p data-start=\"360\" data-end=\"725\">Wykonana z <strong data-start=\"371\" data-end=\"401\">10 mm utwardzanego acetatu<\/strong> w odcieniu <strong data-start=\"413\" data-end=\"431\">Havana Breccia<\/strong>, oprawa zachwyca <strong data-start=\"449\" data-end=\"470\">rze\u017abiarsk\u0105 bry\u0142\u0105<\/strong>, a zauszniki z ods\u0142oni\u0119tym <strong data-start=\"498\" data-end=\"524\">z\u0142otym drutem wirecore<\/strong> i <strong data-start=\"527\" data-end=\"562\">metalowymi zdobieniami Art Deco<\/strong> podkre\u015blaj\u0105 luksusowy charakter projektu. <strong data-start=\"605\" data-end=\"649\">Soczewki CR39 w kolorze Superlight Brown<\/strong> z pow\u0142ok\u0105 antyrefleksyjn\u0105 zapewniaj\u0105 komfort widzenia i pe\u0142n\u0105 ochron\u0119 UV.<\/p>\n<p data-start=\"727\" data-end=\"845\"><strong data-start=\"727\" data-end=\"738\">Lucknow<\/strong> to manifest stylu \u2014 dla tych, kt\u00f3rzy maj\u0105 rytm w duszy i ceni\u0105 r\u0119czne rzemios\u0142o o perfekcyjnej precyzji.<\/p>\n<hr data-start=\"847\" data-end=\"850\" \/>\n<p data-start=\"852\" data-end=\"877\"><strong data-start=\"852\" data-end=\"875\">Detale i wykonanie:<\/strong><\/p>\n<ul data-start=\"878\" data-end=\"1423\">\n<li data-start=\"878\" data-end=\"925\">\n<p data-start=\"880\" data-end=\"925\"><strong data-start=\"880\" data-end=\"891\">Rodzaj:<\/strong> okulary przeciws\u0142oneczne unisex<\/p>\n<\/li>\n<li data-start=\"926\" data-end=\"982\">\n<p data-start=\"928\" data-end=\"982\"><strong data-start=\"928\" data-end=\"940\">Kszta\u0142t:<\/strong> prostok\u0105tny, inspirowany estetyk\u0105 retro<\/p>\n<\/li>\n<li data-start=\"983\" data-end=\"1012\">\n<p data-start=\"985\" data-end=\"1012\"><strong data-start=\"985\" data-end=\"995\">Kolor:<\/strong> Breccia Havana<\/p>\n<\/li>\n<li data-start=\"1013\" data-end=\"1063\">\n<p data-start=\"1015\" data-end=\"1063\"><strong data-start=\"1015\" data-end=\"1028\">Materia\u0142:<\/strong> 10 mm utwardzany japo\u0144ski acetat<\/p>\n<\/li>\n<li data-start=\"1064\" data-end=\"1255\">\n<p data-start=\"1066\" data-end=\"1084\"><strong data-start=\"1066\" data-end=\"1082\">Wyko\u0144czenie:<\/strong><\/p>\n<ul data-start=\"1087\" data-end=\"1255\">\n<li data-start=\"1087\" data-end=\"1138\">\n<p data-start=\"1089\" data-end=\"1138\">Jasnoz\u0142ote nity <em data-start=\"1105\" data-end=\"1136\">signature arrowhead front pin<\/em><\/p>\n<\/li>\n<li data-start=\"1141\" data-end=\"1206\">\n<p data-start=\"1143\" data-end=\"1206\">Ods\u0142oni\u0119ty drut <em data-start=\"1159\" data-end=\"1180\">light gold wirecore<\/em> z grawerunkiem Art Deco<\/p>\n<\/li>\n<li data-start=\"1209\" data-end=\"1255\">\n<p data-start=\"1211\" data-end=\"1255\">Zawias <em data-start=\"1218\" data-end=\"1253\">light gold custom monoblock hinge<\/em><\/p>\n<\/li>\n<\/ul>\n<\/li>\n<li data-start=\"1256\" data-end=\"1329\">\n<p data-start=\"1258\" data-end=\"1329\"><strong data-start=\"1258\" data-end=\"1271\">Soczewki:<\/strong> demo<\/p>\n<\/li>\n<li data-start=\"1355\" data-end=\"1388\">\n<p data-start=\"1357\" data-end=\"1388\"><strong data-start=\"1357\" data-end=\"1378\">Kraj pochodzenia:<\/strong> Japonia<\/p>\n<\/li>\n<li data-start=\"1389\" data-end=\"1423\">\n<p data-start=\"1391\" data-end=\"1423\"><strong data-start=\"1391\" data-end=\"1405\">Limitacja:<\/strong> 400 egzemplarzy<\/p>\n<\/li>\n<\/ul>\n","protected":false},"featured_media":2632,"template":"","meta":{"_acf_changed":false,"_joinchat":[]},"product_brand":[82],"product_cat":[32,37,51,35],"product_tag":[],"model":[387],"class_list":{"0":"post-2627","1":"product","2":"type-product","3":"status-publish","4":"has-post-thumbnail","6":"product_brand-jacques-marie-mage","7":"product_cat-damskie","8":"product_cat-meskie","9":"product_cat-okulary-korekcyjne","10":"product_cat-unisex","11":"model-lucknow","13":"first","14":"outofstock","15":"shipping-taxable","16":"purchasable","17":"product-type-simple"},"acf":[],"aioseo_notices":[],"_links":{"self":[{"href":"https:\/\/www.diukoptyk.pl\/pl\/wp-json\/wp\/v2\/product\/2627","targetHints":{"allow":["GET"]}}],"collection":[{"href":"https:\/\/www.diukoptyk.pl\/pl\/wp-json\/wp\/v2\/product"}],"about":[{"href":"https:\/\/www.diukoptyk.pl\/pl\/wp-json\/wp\/v2\/types\/product"}],"version-history":[{"count":1,"href":"https:\/\/www.diukoptyk.pl\/pl\/wp-json\/wp\/v2\/product\/2627\/revisions"}],"predecessor-version":[{"id":4515,"href":"https:\/\/www.diukoptyk.pl\/pl\/wp-json\/wp\/v2\/product\/2627\/revisions\/4515"}],"wp:featuredmedia":[{"embeddable":true,"href":"https:\/\/www.diukoptyk.pl\/pl\/wp-json\/wp\/v2\/media\/2632"}],"wp:attachment":[{"href":"https:\/\/www.diukoptyk.pl\/pl\/wp-json\/wp\/v2\/media?parent=2627"}],"wp:term":[{"taxonomy":"product_brand","embeddable":true,"href":"https:\/\/www.diukoptyk.pl\/pl\/wp-json\/wp\/v2\/product_brand?post=2627"},{"taxonomy":"product_cat","embeddable":true,"href":"https:\/\/www.diukoptyk.pl\/pl\/wp-json\/wp\/v2\/product_cat?post=2627"},{"taxonomy":"product_tag","embeddable":true,"href":"https:\/\/www.diukoptyk.pl\/pl\/wp-json\/wp\/v2\/product_tag?post=2627"},{"taxonomy":"model","embeddable":true,"href":"https:\/\/www.diukoptyk.pl\/pl\/wp-json\/wp\/v2\/model?post=2627"}],"curies":[{"name":"wp","href":"https:\/\/api.w.org\/{rel}","templated":true}]}}