{"id":2601,"date":"2025-10-14T10:02:21","date_gmt":"2025-10-14T08:02:21","guid":{"rendered":"https:\/\/www.diukoptyk.pl\/?post_type=product&#038;p=2601"},"modified":"2026-03-05T18:08:51","modified_gmt":"2026-03-05T17:08:51","slug":"jacques-marie-mage-torino-prime","status":"publish","type":"product","link":"https:\/\/www.diukoptyk.pl\/pl\/produkt\/jacques-marie-mage-torino-prime\/","title":{"rendered":"Jacques Marie Mage TORINO | PRIME"},"content":{"rendered":"<p><strong data-start=\"1286\" data-end=\"1299\">Dla kogo:<\/strong><br data-start=\"1299\" data-end=\"1302\" \/>Dla estet\u00f3w i indywidualist\u00f3w, kt\u00f3rzy ceni\u0105 <strong data-start=\"1346\" data-end=\"1367\">rze\u017abiarsk\u0105 form\u0119<\/strong>, <strong data-start=\"1369\" data-end=\"1392\">japo\u0144skie rzemios\u0142o<\/strong> i <strong data-start=\"1395\" data-end=\"1420\">w\u0142oski duch elegancji<\/strong>. Jacques Marie Mage <strong data-start=\"1441\" data-end=\"1451\">Torino<\/strong> to model, kt\u00f3ry przyci\u0105ga uwag\u0119 bez krzyku \u2014 subtelnie, ale z klas\u0105.<\/p>\n","protected":false},"excerpt":{"rendered":"<h3 data-start=\"0\" data-end=\"45\"><strong data-start=\"4\" data-end=\"43\">Jacques Marie Mage \u2013 TORINO | PRIME<\/strong><\/h3>\n<p data-start=\"46\" data-end=\"81\"><strong data-start=\"46\" data-end=\"79\">Limitowana edycja \u2013 400 sztuk<\/strong><\/p>\n<p data-start=\"83\" data-end=\"297\">Klasyczny, ponadczasowy model <strong data-start=\"113\" data-end=\"123\">Torino<\/strong> to ho\u0142d dla w\u0142oskiej elegancji i teatralnego kunsztu \u2014 nazwany na cze\u015b\u0107 legendarnego <strong data-start=\"209\" data-end=\"235\">Teatro Regio di Torino<\/strong>, gdzie styl i sztuka spotykaj\u0105 si\u0119 w perfekcyjnej harmonii.<\/p>\n<p data-start=\"299\" data-end=\"648\">Okulary inspirowane estetyk\u0105 lat 60. zachwycaj\u0105 <strong data-start=\"347\" data-end=\"373\">architektoniczn\u0105 lini\u0105<\/strong>, subtelnymi k\u0105tami i precyzyjnym wyko\u0144czeniem. Charakterystyczne dla Jacques Marie Mage <strong data-start=\"462\" data-end=\"498\">metalowe nity w kszta\u0142cie strza\u0142<\/strong>, <strong data-start=\"500\" data-end=\"519\">7-barrel hinges<\/strong> oraz <strong data-start=\"525\" data-end=\"575\">drutowe zauszniki z grawerunkiem typu hairline<\/strong> tworz\u0105 sp\u00f3jn\u0105 kompozycj\u0119 elegancji i rzemios\u0142a na najwy\u017cszym poziomie.<\/p>\n<p data-start=\"650\" data-end=\"794\">Model <strong data-start=\"656\" data-end=\"675\">Torino in Prime<\/strong> to kwintesencja wyrafinowanego stylu \u2013 klasyka z dusz\u0105, stworzona dla tych, kt\u00f3rzy doceniaj\u0105 pi\u0119kno w ka\u017cdym detalu.<\/p>\n<hr data-start=\"796\" data-end=\"799\" \/>\n<p data-start=\"801\" data-end=\"826\"><strong data-start=\"801\" data-end=\"824\">Detale i wykonanie:<\/strong><\/p>\n<ul data-start=\"827\" data-end=\"1279\">\n<li data-start=\"827\" data-end=\"866\">\n<p data-start=\"829\" data-end=\"866\"><strong data-start=\"829\" data-end=\"840\">Rodzaj:<\/strong> okulary optyczne unisex<\/p>\n<\/li>\n<li data-start=\"867\" data-end=\"918\">\n<p data-start=\"869\" data-end=\"918\"><strong data-start=\"869\" data-end=\"881\">Kszta\u0142t:<\/strong> klasyczny prostok\u0105t z nut\u0105 lat 60.<\/p>\n<\/li>\n<li data-start=\"919\" data-end=\"939\">\n<p data-start=\"921\" data-end=\"939\"><strong data-start=\"921\" data-end=\"931\">Kolor:<\/strong> Prime<\/p>\n<\/li>\n<li data-start=\"940\" data-end=\"981\">\n<p data-start=\"942\" data-end=\"981\"><strong data-start=\"942\" data-end=\"955\">Materia\u0142:<\/strong> japo\u0144ski acetat premium<\/p>\n<\/li>\n<li data-start=\"982\" data-end=\"1135\">\n<p data-start=\"984\" data-end=\"1002\"><strong data-start=\"984\" data-end=\"1000\">Wyko\u0144czenie:<\/strong><\/p>\n<ul data-start=\"1005\" data-end=\"1135\">\n<li data-start=\"1005\" data-end=\"1046\">\n<p data-start=\"1007\" data-end=\"1046\">Nity <em data-start=\"1012\" data-end=\"1044\">signature arrowhead front pins<\/em><\/p>\n<\/li>\n<li data-start=\"1049\" data-end=\"1077\">\n<p data-start=\"1051\" data-end=\"1077\">Zawiasy <em data-start=\"1059\" data-end=\"1075\">7-barrel hinge<\/em><\/p>\n<\/li>\n<li data-start=\"1080\" data-end=\"1135\">\n<p data-start=\"1082\" data-end=\"1135\">Zauszniki z drutem <em data-start=\"1101\" data-end=\"1111\">wirecore<\/em> o grawerunku hairline<\/p>\n<\/li>\n<\/ul>\n<\/li>\n<li data-start=\"1136\" data-end=\"1210\">\n<p data-start=\"1138\" data-end=\"1210\"><strong data-start=\"1138\" data-end=\"1150\">Wymiary:<\/strong> proporcjonalne, dopasowane do \u015brednich i wi\u0119kszych twarzy<\/p>\n<\/li>\n<li data-start=\"1211\" data-end=\"1245\">\n<p data-start=\"1213\" data-end=\"1245\"><strong data-start=\"1213\" data-end=\"1227\">Limitacja:<\/strong> 400 egzemplarzy<\/p>\n<\/li>\n<li data-start=\"1246\" data-end=\"1279\">\n<p data-start=\"1248\" data-end=\"1279\"><strong data-start=\"1248\" data-end=\"1269\">Kraj pochodzenia:<\/strong> Japonia<\/p>\n<\/li>\n<\/ul>\n","protected":false},"featured_media":2606,"template":"","meta":{"_acf_changed":false,"_joinchat":[]},"product_brand":[82],"product_cat":[37,30,35],"product_tag":[293],"model":[402],"class_list":{"0":"post-2601","1":"product","2":"type-product","3":"status-publish","4":"has-post-thumbnail","6":"product_brand-jacques-marie-mage","7":"product_cat-meskie","8":"product_cat-okulary-przeciwsloneczne","9":"product_cat-unisex","10":"product_tag-jmmtr10a","11":"model-torino","13":"first","14":"outofstock","15":"shipping-taxable","16":"purchasable","17":"product-type-simple"},"acf":[],"aioseo_notices":[],"_links":{"self":[{"href":"https:\/\/www.diukoptyk.pl\/pl\/wp-json\/wp\/v2\/product\/2601","targetHints":{"allow":["GET"]}}],"collection":[{"href":"https:\/\/www.diukoptyk.pl\/pl\/wp-json\/wp\/v2\/product"}],"about":[{"href":"https:\/\/www.diukoptyk.pl\/pl\/wp-json\/wp\/v2\/types\/product"}],"version-history":[{"count":1,"href":"https:\/\/www.diukoptyk.pl\/pl\/wp-json\/wp\/v2\/product\/2601\/revisions"}],"predecessor-version":[{"id":4559,"href":"https:\/\/www.diukoptyk.pl\/pl\/wp-json\/wp\/v2\/product\/2601\/revisions\/4559"}],"wp:featuredmedia":[{"embeddable":true,"href":"https:\/\/www.diukoptyk.pl\/pl\/wp-json\/wp\/v2\/media\/2606"}],"wp:attachment":[{"href":"https:\/\/www.diukoptyk.pl\/pl\/wp-json\/wp\/v2\/media?parent=2601"}],"wp:term":[{"taxonomy":"product_brand","embeddable":true,"href":"https:\/\/www.diukoptyk.pl\/pl\/wp-json\/wp\/v2\/product_brand?post=2601"},{"taxonomy":"product_cat","embeddable":true,"href":"https:\/\/www.diukoptyk.pl\/pl\/wp-json\/wp\/v2\/product_cat?post=2601"},{"taxonomy":"product_tag","embeddable":true,"href":"https:\/\/www.diukoptyk.pl\/pl\/wp-json\/wp\/v2\/product_tag?post=2601"},{"taxonomy":"model","embeddable":true,"href":"https:\/\/www.diukoptyk.pl\/pl\/wp-json\/wp\/v2\/model?post=2601"}],"curies":[{"name":"wp","href":"https:\/\/api.w.org\/{rel}","templated":true}]}}