{"id":2593,"date":"2025-10-14T09:52:31","date_gmt":"2025-10-14T07:52:31","guid":{"rendered":"https:\/\/www.diukoptyk.pl\/?post_type=product&#038;p=2593"},"modified":"2026-03-05T18:08:24","modified_gmt":"2026-03-05T17:08:24","slug":"jacques-marie-mage-suze-havana-5","status":"publish","type":"product","link":"https:\/\/www.diukoptyk.pl\/pl\/produkt\/jacques-marie-mage-suze-havana-5\/","title":{"rendered":"Jacques Marie Mage SUZE | HAVANA 5"},"content":{"rendered":"<p data-start=\"1045\" data-end=\"1301\"><strong data-start=\"1045\" data-end=\"1058\">Dla kogo?<\/strong><br data-start=\"1058\" data-end=\"1061\" \/><strong data-start=\"1061\" data-end=\"1088\">Jacques Marie Mage Suze<\/strong> to oprawa dla kobiet, kt\u00f3re ceni\u0105 styl z histori\u0105 \u2013 silnych, kreatywnych i wra\u017cliwych.<\/p>\n<p data-start=\"1045\" data-end=\"1301\">To okulary, kt\u00f3re nie tylko podkre\u015blaj\u0105 osobowo\u015b\u0107, ale staj\u0105 si\u0119 jej integraln\u0105 cz\u0119\u015bci\u0105 \u2013 z klas\u0105, emocj\u0105 i dusz\u0105 artystki.<\/p>\n","protected":false},"excerpt":{"rendered":"<h3 data-start=\"162\" data-end=\"197\">Jacques Marie Mage \u2013 <strong data-start=\"187\" data-end=\"195\">Suze<\/strong><\/h3>\n<p data-start=\"199\" data-end=\"676\"><strong data-start=\"199\" data-end=\"245\">Si\u0142a kobieco\u015bci inspirowana duchem lat 60.<\/strong><br data-start=\"245\" data-end=\"248\" \/>Model <strong data-start=\"254\" data-end=\"262\">Suze<\/strong> to wyrazista, kobieca oprawa zaprojektowana z my\u015bl\u0105 o osobach o subtelniejszych rysach twarzy. Inspirowana energi\u0105 nowojorskiego Greenwich Village lat 60., oddaje ho\u0142d artystkom, intelektualistkom i buntowniczkom, kt\u00f3re odwa\u017cy\u0142y si\u0119 my\u015ble\u0107 inaczej. Nazwana na cze\u015b\u0107 <strong data-start=\"529\" data-end=\"544\">Suze Rotolo<\/strong> \u2013 artystki, nauczycielki i muzy Boba Dylana \u2013 symbolizuje niezale\u017cno\u015b\u0107, pasj\u0119 i urok, kt\u00f3ry potrafi roz\u015bwietli\u0107 ka\u017cd\u0105 przestrze\u0144.<\/p>\n<p data-start=\"678\" data-end=\"699\"><strong data-start=\"678\" data-end=\"697\">Detale i design<\/strong><\/p>\n<ul data-start=\"700\" data-end=\"1043\">\n<li data-start=\"700\" data-end=\"768\">\n<p data-start=\"702\" data-end=\"768\">Kszta\u0142t: mocna, kobieca forma o delikatnie zaokr\u0105glonych liniach<\/p>\n<\/li>\n<li data-start=\"769\" data-end=\"815\">\n<p data-start=\"771\" data-end=\"815\">Dopasowanie: idealne dla mniejszych twarzy<\/p>\n<\/li>\n<li data-start=\"816\" data-end=\"892\">\n<p data-start=\"818\" data-end=\"892\">Inspiracja: estetyka lat 60. \u2013 artystyczna, wyrazista i pe\u0142na charakteru<\/p>\n<\/li>\n<li data-start=\"893\" data-end=\"957\">\n<p data-start=\"895\" data-end=\"957\">Styl: po\u0142\u0105czenie intelektualnej elegancji i odwagi w wyrazie<\/p>\n<\/li>\n<li data-start=\"958\" data-end=\"1043\">\n<p data-start=\"960\" data-end=\"1043\">Symbolika: ho\u0142d dla <strong data-start=\"980\" data-end=\"995\">Suze Rotolo<\/strong>, ikony wolnego ducha i kobiecej niezale\u017cno\u015bci<\/p>\n<\/li>\n<\/ul>\n","protected":false},"featured_media":2595,"template":"","meta":{"_acf_changed":false,"_joinchat":[]},"product_brand":[82],"product_cat":[32,51],"product_tag":[],"model":[401],"class_list":{"0":"post-2593","1":"product","2":"type-product","3":"status-publish","4":"has-post-thumbnail","6":"product_brand-jacques-marie-mage","7":"product_cat-damskie","8":"product_cat-okulary-korekcyjne","9":"model-suze","11":"first","12":"outofstock","13":"shipping-taxable","14":"purchasable","15":"product-type-simple"},"acf":[],"aioseo_notices":[],"_links":{"self":[{"href":"https:\/\/www.diukoptyk.pl\/pl\/wp-json\/wp\/v2\/product\/2593","targetHints":{"allow":["GET"]}}],"collection":[{"href":"https:\/\/www.diukoptyk.pl\/pl\/wp-json\/wp\/v2\/product"}],"about":[{"href":"https:\/\/www.diukoptyk.pl\/pl\/wp-json\/wp\/v2\/types\/product"}],"version-history":[{"count":1,"href":"https:\/\/www.diukoptyk.pl\/pl\/wp-json\/wp\/v2\/product\/2593\/revisions"}],"predecessor-version":[{"id":4196,"href":"https:\/\/www.diukoptyk.pl\/pl\/wp-json\/wp\/v2\/product\/2593\/revisions\/4196"}],"wp:featuredmedia":[{"embeddable":true,"href":"https:\/\/www.diukoptyk.pl\/pl\/wp-json\/wp\/v2\/media\/2595"}],"wp:attachment":[{"href":"https:\/\/www.diukoptyk.pl\/pl\/wp-json\/wp\/v2\/media?parent=2593"}],"wp:term":[{"taxonomy":"product_brand","embeddable":true,"href":"https:\/\/www.diukoptyk.pl\/pl\/wp-json\/wp\/v2\/product_brand?post=2593"},{"taxonomy":"product_cat","embeddable":true,"href":"https:\/\/www.diukoptyk.pl\/pl\/wp-json\/wp\/v2\/product_cat?post=2593"},{"taxonomy":"product_tag","embeddable":true,"href":"https:\/\/www.diukoptyk.pl\/pl\/wp-json\/wp\/v2\/product_tag?post=2593"},{"taxonomy":"model","embeddable":true,"href":"https:\/\/www.diukoptyk.pl\/pl\/wp-json\/wp\/v2\/model?post=2593"}],"curies":[{"name":"wp","href":"https:\/\/api.w.org\/{rel}","templated":true}]}}