{"id":2585,"date":"2025-10-14T09:48:53","date_gmt":"2025-10-14T07:48:53","guid":{"rendered":"https:\/\/www.diukoptyk.pl\/?post_type=product&#038;p=2585"},"modified":"2026-03-05T18:07:56","modified_gmt":"2026-03-05T17:07:56","slug":"jacques-marie-mage-the-sud-francoise-noir","status":"publish","type":"product","link":"https:\/\/www.diukoptyk.pl\/pl\/produkt\/jacques-marie-mage-the-sud-francoise-noir\/","title":{"rendered":"Jacques Marie Mage THE SUD | FRANCOISE (NOIR)"},"content":{"rendered":"<p><strong data-start=\"1476\" data-end=\"1489\">Dla kogo:<\/strong><br data-start=\"1489\" data-end=\"1492\" \/>Dla kobiet, kt\u00f3re ceni\u0105 styl z charakterem \u2014 artystyczny, niezale\u017cny i ponadczasowy. <strong data-start=\"1577\" data-end=\"1600\">The Sud \u201cFrancoise\u201d<\/strong> to elegancja z nut\u0105 buntu, stworzona, by b\u0142yszcze\u0107 na w\u0142asnych zasadach.<\/p>\n","protected":false},"excerpt":{"rendered":"<h3 data-start=\"0\" data-end=\"57\"><strong data-start=\"4\" data-end=\"55\">Jacques Marie Mage \u2013 THE SUD \u201cFRAN\u00c7OISE\u201d | Noir<\/strong><\/h3>\n<p data-start=\"58\" data-end=\"93\"><strong data-start=\"58\" data-end=\"91\">Limitowana edycja \u2013 500 sztuk<\/strong><\/p>\n<p data-start=\"95\" data-end=\"353\">Z kolaboracji <strong data-start=\"109\" data-end=\"145\">Erin Wasson x Jacques Marie Mage<\/strong> powsta\u0142 model <strong data-start=\"160\" data-end=\"173\">Francoise<\/strong> \u2013 ho\u0142d dla francuskiej ikony stylu i muzyki, <strong data-start=\"219\" data-end=\"238\">Fran\u00e7oise Hardy<\/strong>. Ta wyj\u0105tkowa oprawa \u0142\u0105czy w sobie ducha paryskiej elegancji lat 60. z nowoczesn\u0105 si\u0142\u0105 i artystycznym rozmachem.<\/p>\n<p data-start=\"355\" data-end=\"680\">Mi\u0119kko wyprofilowana, rze\u017abiarska forma w odcieniu <strong data-start=\"406\" data-end=\"428\">polerowanej czerni<\/strong> zosta\u0142a uzupe\u0142niona o srebrne detale: <strong data-start=\"467\" data-end=\"503\">podw\u00f3jne nity w kszta\u0142cie strza\u0142<\/strong>, <strong data-start=\"505\" data-end=\"533\">zawiasy w formie ostrogi<\/strong> oraz <strong data-start=\"539\" data-end=\"570\">zauszniki z herbem Marsylii<\/strong>. To po\u0142\u0105czenie subtelnej kobieco\u015bci i wyrafinowanego rzemios\u0142a, kt\u00f3re tworzy efekt nieprzemijaj\u0105cego szyku.<\/p>\n<p data-start=\"682\" data-end=\"833\"><strong data-start=\"682\" data-end=\"695\">Francoise<\/strong> to nie tylko okulary \u2013 to manifestacja stylu z dusz\u0105, stworzona dla kobiet, kt\u00f3re potrafi\u0105 \u0142\u0105czy\u0107 klasyk\u0119 z autentyczn\u0105 niezale\u017cno\u015bci\u0105.<\/p>\n<hr data-start=\"835\" data-end=\"838\" \/>\n<p data-start=\"840\" data-end=\"865\"><strong data-start=\"840\" data-end=\"863\">Detale i wykonanie:<\/strong><\/p>\n<ul data-start=\"866\" data-end=\"1469\">\n<li data-start=\"866\" data-end=\"914\">\n<p data-start=\"868\" data-end=\"914\"><strong data-start=\"868\" data-end=\"879\">Rodzaj:<\/strong> okulary przeciws\u0142oneczne damskie<\/p>\n<\/li>\n<li data-start=\"915\" data-end=\"970\">\n<p data-start=\"917\" data-end=\"970\"><strong data-start=\"917\" data-end=\"929\">Kszta\u0142t:<\/strong> lekko zaokr\u0105glony, rze\u017abiarski cat-eye<\/p>\n<\/li>\n<li data-start=\"971\" data-end=\"1009\">\n<p data-start=\"973\" data-end=\"1009\"><strong data-start=\"973\" data-end=\"983\">Kolor:<\/strong> Noir \u2013 polerowana czer\u0144<\/p>\n<\/li>\n<li data-start=\"1010\" data-end=\"1059\">\n<p data-start=\"1012\" data-end=\"1059\"><strong data-start=\"1012\" data-end=\"1025\">Materia\u0142:<\/strong> premium japo\u0144ski tytan i acetat<\/p>\n<\/li>\n<li data-start=\"1060\" data-end=\"1232\">\n<p data-start=\"1062\" data-end=\"1080\"><strong data-start=\"1062\" data-end=\"1078\">Wyko\u0144czenie:<\/strong><\/p>\n<ul data-start=\"1083\" data-end=\"1232\">\n<li data-start=\"1083\" data-end=\"1122\">\n<p data-start=\"1085\" data-end=\"1122\">Metalowe zdobienia w kolorze srebra<\/p>\n<\/li>\n<li data-start=\"1125\" data-end=\"1163\">\n<p data-start=\"1127\" data-end=\"1163\">Nity <em data-start=\"1132\" data-end=\"1161\">double-arrowhead front pins<\/em><\/p>\n<\/li>\n<li data-start=\"1166\" data-end=\"1198\">\n<p data-start=\"1168\" data-end=\"1198\">Zawiasy <em data-start=\"1176\" data-end=\"1196\">spur-shaped rivets<\/em><\/p>\n<\/li>\n<li data-start=\"1201\" data-end=\"1232\">\n<p data-start=\"1203\" data-end=\"1232\">Zauszniki z herbem Marsylii<\/p>\n<\/li>\n<\/ul>\n<\/li>\n<li data-start=\"1233\" data-end=\"1305\">\n<p data-start=\"1235\" data-end=\"1305\"><strong data-start=\"1235\" data-end=\"1248\">Soczewki:<\/strong> Jet CR39 z pow\u0142ok\u0105 antyrefleksyjn\u0105, 100% UV protection<\/p>\n<\/li>\n<li data-start=\"1306\" data-end=\"1364\">\n<p data-start=\"1308\" data-end=\"1364\"><strong data-start=\"1308\" data-end=\"1320\">Wymiary:<\/strong> Eye 56 mm | Bridge 18 mm | Temples 145 mm<\/p>\n<\/li>\n<li data-start=\"1365\" data-end=\"1400\">\n<p data-start=\"1367\" data-end=\"1400\"><strong data-start=\"1367\" data-end=\"1391\">Szeroko\u015b\u0107 ca\u0142kowita:<\/strong> 148 mm<\/p>\n<\/li>\n<li data-start=\"1401\" data-end=\"1435\">\n<p data-start=\"1403\" data-end=\"1435\"><strong data-start=\"1403\" data-end=\"1417\">Limitacja:<\/strong> 500 egzemplarzy<\/p>\n<\/li>\n<li data-start=\"1436\" data-end=\"1469\">\n<p data-start=\"1438\" data-end=\"1469\"><strong data-start=\"1438\" data-end=\"1459\">Kraj pochodzenia:<\/strong> Japonia<\/p>\n<\/li>\n<\/ul>\n","protected":false},"featured_media":2589,"template":"","meta":{"_acf_changed":false,"_joinchat":[]},"product_brand":[82],"product_cat":[32,30],"product_tag":[],"model":[400],"class_list":{"0":"post-2585","1":"product","2":"type-product","3":"status-publish","4":"has-post-thumbnail","6":"product_brand-jacques-marie-mage","7":"product_cat-damskie","8":"product_cat-okulary-przeciwsloneczne","9":"model-the-sud","11":"first","12":"instock","13":"shipping-taxable","14":"purchasable","15":"product-type-simple"},"acf":[],"aioseo_notices":[],"_links":{"self":[{"href":"https:\/\/www.diukoptyk.pl\/pl\/wp-json\/wp\/v2\/product\/2585","targetHints":{"allow":["GET"]}}],"collection":[{"href":"https:\/\/www.diukoptyk.pl\/pl\/wp-json\/wp\/v2\/product"}],"about":[{"href":"https:\/\/www.diukoptyk.pl\/pl\/wp-json\/wp\/v2\/types\/product"}],"version-history":[{"count":1,"href":"https:\/\/www.diukoptyk.pl\/pl\/wp-json\/wp\/v2\/product\/2585\/revisions"}],"predecessor-version":[{"id":4554,"href":"https:\/\/www.diukoptyk.pl\/pl\/wp-json\/wp\/v2\/product\/2585\/revisions\/4554"}],"wp:featuredmedia":[{"embeddable":true,"href":"https:\/\/www.diukoptyk.pl\/pl\/wp-json\/wp\/v2\/media\/2589"}],"wp:attachment":[{"href":"https:\/\/www.diukoptyk.pl\/pl\/wp-json\/wp\/v2\/media?parent=2585"}],"wp:term":[{"taxonomy":"product_brand","embeddable":true,"href":"https:\/\/www.diukoptyk.pl\/pl\/wp-json\/wp\/v2\/product_brand?post=2585"},{"taxonomy":"product_cat","embeddable":true,"href":"https:\/\/www.diukoptyk.pl\/pl\/wp-json\/wp\/v2\/product_cat?post=2585"},{"taxonomy":"product_tag","embeddable":true,"href":"https:\/\/www.diukoptyk.pl\/pl\/wp-json\/wp\/v2\/product_tag?post=2585"},{"taxonomy":"model","embeddable":true,"href":"https:\/\/www.diukoptyk.pl\/pl\/wp-json\/wp\/v2\/model?post=2585"}],"curies":[{"name":"wp","href":"https:\/\/api.w.org\/{rel}","templated":true}]}}