{"id":2581,"date":"2025-10-14T09:30:33","date_gmt":"2025-10-14T07:30:33","guid":{"rendered":"https:\/\/www.diukoptyk.pl\/?post_type=product&#038;p=2581"},"modified":"2026-03-05T18:07:28","modified_gmt":"2026-03-05T17:07:28","slug":"jacques-marie-mage-standiford-havana-5","status":"publish","type":"product","link":"https:\/\/www.diukoptyk.pl\/pl\/produkt\/jacques-marie-mage-standiford-havana-5\/","title":{"rendered":"Jacques Marie Mage STANDIFORD | HAVANA 5"},"content":{"rendered":"<p><strong data-start=\"1530\" data-end=\"1543\">Dla kogo:<\/strong><br data-start=\"1543\" data-end=\"1546\" \/>Dla mi\u0142o\u015bnik\u00f3w odwa\u017cnych form, klasycznych odniesie\u0144 i perfekcyjnego rzemios\u0142a. <strong data-start=\"1626\" data-end=\"1645\">Standiford Havana 5<\/strong> to model, kt\u00f3ry podkre\u015bla indywidualno\u015b\u0107 i przyci\u0105ga uwag\u0119 bez wysi\u0142ku.<\/p>\n","protected":false},"excerpt":{"rendered":"<h3 data-start=\"0\" data-end=\"48\"><strong data-start=\"4\" data-end=\"46\">Jacques Marie Mage \u2013 STANDIFORD | HAVANA 5<\/strong><\/h3>\n<p data-start=\"49\" data-end=\"84\"><strong data-start=\"49\" data-end=\"82\">Limitowana edycja \u2013 500 sztuk<\/strong><\/p>\n<p data-start=\"86\" data-end=\"448\">\u015amia\u0142y, wyrazisty i pe\u0142en charakteru \u2014 model <strong data-start=\"131\" data-end=\"145\">Standiford<\/strong> to ho\u0142d dla elegancji lat 60., reinterpretowany z nowoczesn\u0105 si\u0142\u0105 i precyzj\u0105 charakterystyczn\u0105 dla Jacques Marie Mage. Ta <strong data-start=\"268\" data-end=\"299\">wyd\u0142u\u017cona prostok\u0105tna forma<\/strong> z wyra\u017anym k\u0105tem pantoskopowym przyci\u0105ga uwag\u0119 proporcjami i perfekcyjnym wyko\u0144czeniem, tworz\u0105c idealny balans mi\u0119dzy retro a wsp\u00f3\u0142czesnym stylem.<\/p>\n<p data-start=\"450\" data-end=\"828\">R\u0119cznie wykonana w Japonii oprawa z <strong data-start=\"486\" data-end=\"516\">10 mm polerowanego acetatu<\/strong> w kolorze <strong data-start=\"527\" data-end=\"535\">Havana 5<\/strong> zosta\u0142a uzupe\u0142niona o <strong data-start=\"558\" data-end=\"592\">podw\u00f3jnie laminowane zauszniki<\/strong> oraz <strong data-start=\"598\" data-end=\"625\">detale z ciemnego z\u0142ota<\/strong>, kt\u00f3re dodaj\u0105 jej bi\u017cuteryjnego sznytu. <strong data-start=\"666\" data-end=\"692\">Soczewki Highland CR39<\/strong> oferuj\u0105 pe\u0142n\u0105 ochron\u0119 UV i krystaliczn\u0105 przejrzysto\u015b\u0107, dzi\u0119ki czemu ten model \u0142\u0105czy design z funkcjonalno\u015bci\u0105 na najwy\u017cszym poziomie.<\/p>\n<p data-start=\"830\" data-end=\"952\">To okulary dla os\u00f3b, kt\u00f3re ceni\u0105 mocny, \u015bwiadomy styl i pewno\u015b\u0107 siebie \u2013 w duchu klasycznej, nieprzemijaj\u0105cej elegancji.<\/p>\n<hr data-start=\"954\" data-end=\"957\" \/>\n<p data-start=\"959\" data-end=\"984\"><strong data-start=\"959\" data-end=\"982\">Detale i wykonanie:<\/strong><\/p>\n<ul data-start=\"985\" data-end=\"1523\">\n<li data-start=\"985\" data-end=\"1032\">\n<p data-start=\"987\" data-end=\"1032\"><strong data-start=\"987\" data-end=\"998\">Rodzaj:<\/strong> okulary przeciws\u0142oneczne unisex<\/p>\n<\/li>\n<li data-start=\"1033\" data-end=\"1079\">\n<p data-start=\"1035\" data-end=\"1079\"><strong data-start=\"1035\" data-end=\"1047\">Kszta\u0142t:<\/strong> wyd\u0142u\u017cony prostok\u0105t z lat 60.<\/p>\n<\/li>\n<li data-start=\"1080\" data-end=\"1127\">\n<p data-start=\"1082\" data-end=\"1127\"><strong data-start=\"1082\" data-end=\"1092\">Kolor:<\/strong> Havana 5 &#8211; pi\u0119kny szylkret<\/p>\n<\/li>\n<li data-start=\"1128\" data-end=\"1175\">\n<p data-start=\"1130\" data-end=\"1175\"><strong data-start=\"1130\" data-end=\"1143\">Materia\u0142:<\/strong> 10 mm japo\u0144ski acetat premium<\/p>\n<\/li>\n<li data-start=\"1176\" data-end=\"1344\">\n<p data-start=\"1178\" data-end=\"1196\"><strong data-start=\"1178\" data-end=\"1194\">Wyko\u0144czenie:<\/strong><\/p>\n<ul data-start=\"1199\" data-end=\"1344\">\n<li data-start=\"1199\" data-end=\"1233\">\n<p data-start=\"1201\" data-end=\"1233\">Podw\u00f3jnie laminowane zauszniki<\/p>\n<\/li>\n<li data-start=\"1236\" data-end=\"1300\">\n<p data-start=\"1238\" data-end=\"1300\">Ciemnoz\u0142ote metalowe akcenty (<em data-start=\"1268\" data-end=\"1297\">precious dark gold hardware<\/em>)<\/p>\n<\/li>\n<li data-start=\"1303\" data-end=\"1344\">\n<p data-start=\"1305\" data-end=\"1344\">Zawiasy o wysokiej precyzji wykonania<\/p>\n<\/li>\n<\/ul>\n<\/li>\n<li data-start=\"1345\" data-end=\"1395\">\n<p data-start=\"1347\" data-end=\"1395\"><strong data-start=\"1347\" data-end=\"1360\">Soczewki:<\/strong> Highland CR39 z pe\u0142n\u0105 ochron\u0105 UV<\/p>\n<\/li>\n<li data-start=\"1396\" data-end=\"1456\">\n<p data-start=\"1398\" data-end=\"1456\"><strong data-start=\"1398\" data-end=\"1410\">Wymiary:<\/strong> 52\u201321\u2013148 mm (soczewka \u2013 mostek \u2013 zausznik)<\/p>\n<\/li>\n<li data-start=\"1457\" data-end=\"1488\">\n<p data-start=\"1459\" data-end=\"1488\"><strong data-start=\"1459\" data-end=\"1478\">Kraj produkcji:<\/strong> Japonia<\/p>\n<\/li>\n<li data-start=\"1489\" data-end=\"1523\">\n<p data-start=\"1491\" data-end=\"1523\"><strong data-start=\"1491\" data-end=\"1505\">Limitacja:<\/strong> 500 egzemplarzy<\/p>\n<\/li>\n<\/ul>\n","protected":false},"featured_media":2583,"template":"","meta":{"_acf_changed":false,"_joinchat":[]},"product_brand":[82],"product_cat":[32,30],"product_tag":[],"model":[399],"class_list":{"0":"post-2581","1":"product","2":"type-product","3":"status-publish","4":"has-post-thumbnail","6":"product_brand-jacques-marie-mage","7":"product_cat-damskie","8":"product_cat-okulary-przeciwsloneczne","9":"model-standiford","11":"first","12":"instock","13":"shipping-taxable","14":"purchasable","15":"product-type-simple"},"acf":[],"aioseo_notices":[],"_links":{"self":[{"href":"https:\/\/www.diukoptyk.pl\/pl\/wp-json\/wp\/v2\/product\/2581","targetHints":{"allow":["GET"]}}],"collection":[{"href":"https:\/\/www.diukoptyk.pl\/pl\/wp-json\/wp\/v2\/product"}],"about":[{"href":"https:\/\/www.diukoptyk.pl\/pl\/wp-json\/wp\/v2\/types\/product"}],"version-history":[{"count":1,"href":"https:\/\/www.diukoptyk.pl\/pl\/wp-json\/wp\/v2\/product\/2581\/revisions"}],"predecessor-version":[{"id":4553,"href":"https:\/\/www.diukoptyk.pl\/pl\/wp-json\/wp\/v2\/product\/2581\/revisions\/4553"}],"wp:featuredmedia":[{"embeddable":true,"href":"https:\/\/www.diukoptyk.pl\/pl\/wp-json\/wp\/v2\/media\/2583"}],"wp:attachment":[{"href":"https:\/\/www.diukoptyk.pl\/pl\/wp-json\/wp\/v2\/media?parent=2581"}],"wp:term":[{"taxonomy":"product_brand","embeddable":true,"href":"https:\/\/www.diukoptyk.pl\/pl\/wp-json\/wp\/v2\/product_brand?post=2581"},{"taxonomy":"product_cat","embeddable":true,"href":"https:\/\/www.diukoptyk.pl\/pl\/wp-json\/wp\/v2\/product_cat?post=2581"},{"taxonomy":"product_tag","embeddable":true,"href":"https:\/\/www.diukoptyk.pl\/pl\/wp-json\/wp\/v2\/product_tag?post=2581"},{"taxonomy":"model","embeddable":true,"href":"https:\/\/www.diukoptyk.pl\/pl\/wp-json\/wp\/v2\/model?post=2581"}],"curies":[{"name":"wp","href":"https:\/\/api.w.org\/{rel}","templated":true}]}}