{"id":2566,"date":"2025-10-14T09:20:44","date_gmt":"2025-10-14T07:20:44","guid":{"rendered":"https:\/\/www.diukoptyk.pl\/?post_type=product&#038;p=2566"},"modified":"2026-03-05T18:06:30","modified_gmt":"2026-03-05T17:06:30","slug":"jacques-marie-mage-sonata-shadow","status":"publish","type":"product","link":"https:\/\/www.diukoptyk.pl\/pl\/produkt\/jacques-marie-mage-sonata-shadow\/","title":{"rendered":"Jacques Marie Mage SONATA | SHADOW"},"content":{"rendered":"<p><strong data-start=\"1547\" data-end=\"1560\">Dla kogo:<\/strong><br data-start=\"1560\" data-end=\"1563\" \/>Dla tych, kt\u00f3rzy \u2013 jak Glenn Gould \u2013 tworz\u0105 w\u0142asne tempo \u017cycia. <strong data-start=\"1627\" data-end=\"1637\">Sonata<\/strong> to model dla os\u00f3b ceni\u0105cych intelektualn\u0105 elegancj\u0119, perfekcyjne wykonanie i niepowtarzalny charakter.<\/p>\n","protected":false},"excerpt":{"rendered":"<h3 data-start=\"0\" data-end=\"46\"><strong data-start=\"4\" data-end=\"44\">Jacques Marie Mage \u2013 SONATA | SHADOW<\/strong><\/h3>\n<p data-start=\"47\" data-end=\"82\"><strong data-start=\"47\" data-end=\"80\">Limitowana edycja \u2013 450 sztuk<\/strong><\/p>\n<p data-start=\"84\" data-end=\"364\">Zainspirowane postaci\u0105 genialnego pianisty <strong data-start=\"127\" data-end=\"145\">Glenn\u2019a Goulda<\/strong>, okulary <strong data-start=\"155\" data-end=\"165\">Sonata<\/strong> to harmonijne po\u0142\u0105czenie sztuki, precyzji i luksusu. Ten model to ho\u0142d dla indywidualizmu i perfekcjonizmu \u2013 warto\u015bci, kt\u00f3re definiuj\u0105 zar\u00f3wno tw\u00f3rczo\u015b\u0107 Goulda, jak i filozofi\u0119 Jacques Marie Mage.<\/p>\n<p data-start=\"366\" data-end=\"806\">R\u0119cznie wykonana oprawa z <strong data-start=\"392\" data-end=\"422\">10 mm utwardzanego acetatu<\/strong> zachwyca rze\u017abiarsk\u0105 form\u0105 i dopracowanymi detalami. <strong data-start=\"476\" data-end=\"510\">Podw\u00f3jnie laminowane zauszniki<\/strong> z metalowymi akcentami oraz charakterystyczne dla marki <strong data-start=\"567\" data-end=\"594\">nity w kszta\u0142cie strza\u0142<\/strong> podkre\u015blaj\u0105 unikalny charakter modelu. <strong data-start=\"634\" data-end=\"651\">Soczewki CR39<\/strong> z pow\u0142ok\u0105 antyrefleksyjn\u0105 zapewniaj\u0105 doskona\u0142\u0105 przejrzysto\u015b\u0107 obrazu i <strong data-start=\"722\" data-end=\"742\">pe\u0142n\u0105 ochron\u0119 UV<\/strong>, a <strong data-start=\"746\" data-end=\"764\">7-barrel hinge<\/strong> gwarantuje trwa\u0142o\u015b\u0107 i komfort noszenia.<\/p>\n<p data-start=\"808\" data-end=\"913\"><strong data-start=\"808\" data-end=\"818\">Sonata<\/strong> to wi\u0119cej ni\u017c okulary \u2013 to obiekt kolekcjonerski, stworzony dla koneser\u00f3w pi\u0119kna i precyzji.<\/p>\n<hr data-start=\"915\" data-end=\"918\" \/>\n<p data-start=\"920\" data-end=\"945\"><strong data-start=\"920\" data-end=\"943\">Detale i wykonanie:<\/strong><\/p>\n<ul data-start=\"946\" data-end=\"1540\">\n<li data-start=\"946\" data-end=\"993\">\n<p data-start=\"948\" data-end=\"993\"><strong data-start=\"948\" data-end=\"959\">Rodzaj:<\/strong> okulary przeciws\u0142oneczne unisex<\/p>\n<\/li>\n<li data-start=\"994\" data-end=\"1067\">\n<p data-start=\"996\" data-end=\"1067\"><strong data-start=\"996\" data-end=\"1008\">Kszta\u0142t:<\/strong> klasyczny prostok\u0105t z nut\u0105 retro (inspiracja latami 60.)<\/p>\n<\/li>\n<li data-start=\"1068\" data-end=\"1089\">\n<p data-start=\"1070\" data-end=\"1089\"><strong data-start=\"1070\" data-end=\"1080\">Kolor:<\/strong> Shadow<\/p>\n<\/li>\n<li data-start=\"1090\" data-end=\"1140\">\n<p data-start=\"1092\" data-end=\"1140\"><strong data-start=\"1092\" data-end=\"1105\">Materia\u0142:<\/strong> 10 mm utwardzany japo\u0144ski acetat<\/p>\n<\/li>\n<li data-start=\"1141\" data-end=\"1319\">\n<p data-start=\"1143\" data-end=\"1161\"><strong data-start=\"1143\" data-end=\"1159\">Wyko\u0144czenie:<\/strong><\/p>\n<ul data-start=\"1164\" data-end=\"1319\">\n<li data-start=\"1164\" data-end=\"1195\">\n<p data-start=\"1166\" data-end=\"1195\">Nity <em data-start=\"1171\" data-end=\"1193\">arrowhead front pins<\/em><\/p>\n<\/li>\n<li data-start=\"1198\" data-end=\"1234\">\n<p data-start=\"1200\" data-end=\"1234\">Ods\u0142oni\u0119ty drut <em data-start=\"1216\" data-end=\"1232\">outer wirecore<\/em><\/p>\n<\/li>\n<li data-start=\"1237\" data-end=\"1271\">\n<p data-start=\"1239\" data-end=\"1271\">Zawias <em data-start=\"1246\" data-end=\"1269\">custom 7-barrel hinge<\/em><\/p>\n<\/li>\n<li data-start=\"1274\" data-end=\"1319\">\n<p data-start=\"1276\" data-end=\"1319\">Metalowe detale <em data-start=\"1292\" data-end=\"1317\">precious metal hardware<\/em><\/p>\n<\/li>\n<\/ul>\n<\/li>\n<li data-start=\"1320\" data-end=\"1388\">\n<p data-start=\"1322\" data-end=\"1388\"><strong data-start=\"1322\" data-end=\"1335\">Soczewki:<\/strong> CR39, 2-base z pow\u0142ok\u0105 antyrefleksyjn\u0105 od wewn\u0105trz<\/p>\n<\/li>\n<li data-start=\"1389\" data-end=\"1413\">\n<p data-start=\"1391\" data-end=\"1413\"><strong data-start=\"1391\" data-end=\"1403\">Ochrona:<\/strong> 100% UV<\/p>\n<\/li>\n<li data-start=\"1414\" data-end=\"1471\">\n<p data-start=\"1416\" data-end=\"1471\"><strong data-start=\"1416\" data-end=\"1428\">Wymiary:<\/strong> Eye 48 mm | Bridge 23 mm | Temple 146 mm<\/p>\n<\/li>\n<li data-start=\"1472\" data-end=\"1506\">\n<p data-start=\"1474\" data-end=\"1506\"><strong data-start=\"1474\" data-end=\"1488\">Limitacja:<\/strong> 450 egzemplarzy<\/p>\n<\/li>\n<li data-start=\"1507\" data-end=\"1540\">\n<p data-start=\"1509\" data-end=\"1540\"><strong data-start=\"1509\" data-end=\"1530\">Kraj pochodzenia:<\/strong> Japonia<\/p>\n<\/li>\n<\/ul>\n","protected":false},"featured_media":2569,"template":"","meta":{"_acf_changed":false,"_joinchat":[]},"product_brand":[82],"product_cat":[32,37,30,35],"product_tag":[],"model":[398],"class_list":{"0":"post-2566","1":"product","2":"type-product","3":"status-publish","4":"has-post-thumbnail","6":"product_brand-jacques-marie-mage","7":"product_cat-damskie","8":"product_cat-meskie","9":"product_cat-okulary-przeciwsloneczne","10":"product_cat-unisex","11":"model-sonata","13":"first","14":"instock","15":"shipping-taxable","16":"purchasable","17":"product-type-simple"},"acf":[],"aioseo_notices":[],"_links":{"self":[{"href":"https:\/\/www.diukoptyk.pl\/pl\/wp-json\/wp\/v2\/product\/2566","targetHints":{"allow":["GET"]}}],"collection":[{"href":"https:\/\/www.diukoptyk.pl\/pl\/wp-json\/wp\/v2\/product"}],"about":[{"href":"https:\/\/www.diukoptyk.pl\/pl\/wp-json\/wp\/v2\/types\/product"}],"version-history":[{"count":1,"href":"https:\/\/www.diukoptyk.pl\/pl\/wp-json\/wp\/v2\/product\/2566\/revisions"}],"predecessor-version":[{"id":4550,"href":"https:\/\/www.diukoptyk.pl\/pl\/wp-json\/wp\/v2\/product\/2566\/revisions\/4550"}],"wp:featuredmedia":[{"embeddable":true,"href":"https:\/\/www.diukoptyk.pl\/pl\/wp-json\/wp\/v2\/media\/2569"}],"wp:attachment":[{"href":"https:\/\/www.diukoptyk.pl\/pl\/wp-json\/wp\/v2\/media?parent=2566"}],"wp:term":[{"taxonomy":"product_brand","embeddable":true,"href":"https:\/\/www.diukoptyk.pl\/pl\/wp-json\/wp\/v2\/product_brand?post=2566"},{"taxonomy":"product_cat","embeddable":true,"href":"https:\/\/www.diukoptyk.pl\/pl\/wp-json\/wp\/v2\/product_cat?post=2566"},{"taxonomy":"product_tag","embeddable":true,"href":"https:\/\/www.diukoptyk.pl\/pl\/wp-json\/wp\/v2\/product_tag?post=2566"},{"taxonomy":"model","embeddable":true,"href":"https:\/\/www.diukoptyk.pl\/pl\/wp-json\/wp\/v2\/model?post=2566"}],"curies":[{"name":"wp","href":"https:\/\/api.w.org\/{rel}","templated":true}]}}