{"id":2554,"date":"2025-10-13T16:21:55","date_gmt":"2025-10-13T14:21:55","guid":{"rendered":"https:\/\/www.diukoptyk.pl\/?post_type=product&#038;p=2554"},"modified":"2026-03-05T18:06:20","modified_gmt":"2026-03-05T17:06:20","slug":"jacques-marie-mage-silverton-ciel","status":"publish","type":"product","link":"https:\/\/www.diukoptyk.pl\/pl\/produkt\/jacques-marie-mage-silverton-ciel\/","title":{"rendered":"Jacques Marie Mage SILVERTON | CIEL"},"content":{"rendered":"<p data-start=\"1564\" data-end=\"1740\"><strong data-start=\"1564\" data-end=\"1577\">Dla kogo:<\/strong><br data-start=\"1577\" data-end=\"1580\" \/>Dla os\u00f3b, kt\u00f3re lubi\u0105 subtelne, architektoniczne formy i bi\u017cuteryjny minimalizm. <strong data-start=\"1661\" data-end=\"1683\">Silvertone in Ciel<\/strong> to po\u0142\u0105czenie spokoju, \u015bwiat\u0142a i nowoczesnego luksusu.<\/p>\n","protected":false},"excerpt":{"rendered":"<h3 data-start=\"0\" data-end=\"48\"><strong data-start=\"4\" data-end=\"46\">Jacques Marie Mage \u2013 SILVERTON in CIEL<\/strong><\/h3>\n<p data-start=\"49\" data-end=\"84\"><strong data-start=\"49\" data-end=\"82\">Limitowana edycja \u2013 350 sztuk<\/strong><\/p>\n<p data-start=\"86\" data-end=\"359\">Subtelno\u015b\u0107 i precyzja spotykaj\u0105 si\u0119 w tym zachwycaj\u0105cym modelu z kolekcji <strong data-start=\"160\" data-end=\"178\">Rimless Series<\/strong>, w kt\u00f3rym lekko\u015b\u0107 konstrukcji idzie w parze z kunsztem rzemie\u015blniczym. <strong data-start=\"250\" data-end=\"272\">Silvertone in Ciel<\/strong> to projekt, kt\u00f3ry przyci\u0105ga spojrzenia \u2013 delikatny, a jednocze\u015bnie pe\u0142en charakteru.<\/p>\n<p data-start=\"361\" data-end=\"732\">Zaprojektowane i r\u0119cznie wykonane w Japonii <strong data-start=\"405\" data-end=\"429\">okulary bezoprawkowe<\/strong> \u0142\u0105cz\u0105 <strong data-start=\"436\" data-end=\"483\">z\u0142oty tytanowy mostek z srebrnymi akcentami<\/strong> oraz <strong data-start=\"489\" data-end=\"532\">\u017c\u00f3\u0142te, krystaliczne zauszniki z acetatu<\/strong>, tworz\u0105c wra\u017cenie \u015bwietlisto\u015bci i luksusu. <strong data-start=\"576\" data-end=\"609\">Jasnoniebieskie soczewki CR39<\/strong> z pow\u0142ok\u0105 antyrefleksyjn\u0105 przywo\u0142uj\u0105 na my\u015bl czyste niebo o \u015bwicie \u2013 dodaj\u0105c spojrzeniu lekko\u015bci, elegancji i \u015bwie\u017co\u015bci.<\/p>\n<p data-start=\"734\" data-end=\"915\">To model dla koneser\u00f3w nowoczesnego minimalizmu, w kt\u00f3rym ka\u017cdy detal ma znaczenie \u2013 od <strong data-start=\"822\" data-end=\"863\">rze\u017abionych zawias\u00f3w Gold Block Hinge<\/strong>, po <strong data-start=\"868\" data-end=\"912\">precyzyjnie grawerowane noski z logo JMM<\/strong>.<\/p>\n<hr data-start=\"917\" data-end=\"920\" \/>\n<p data-start=\"922\" data-end=\"947\"><strong data-start=\"922\" data-end=\"945\">Detale i wykonanie:<\/strong><\/p>\n<ul data-start=\"948\" data-end=\"1557\">\n<li data-start=\"948\" data-end=\"995\">\n<p data-start=\"950\" data-end=\"995\"><strong data-start=\"950\" data-end=\"961\">Rodzaj:<\/strong> okulary przeciws\u0142oneczne unisex<\/p>\n<\/li>\n<li data-start=\"996\" data-end=\"1052\">\n<p data-start=\"998\" data-end=\"1052\"><strong data-start=\"998\" data-end=\"1010\">Kszta\u0142t:<\/strong> nowoczesne rimless z tytanowym mostkiem<\/p>\n<\/li>\n<li data-start=\"1053\" data-end=\"1132\">\n<p data-start=\"1055\" data-end=\"1132\"><strong data-start=\"1055\" data-end=\"1065\">Kolor:<\/strong> Ciel \u2013 z\u0142oto z akcentami srebra i transparentnym \u017c\u00f3\u0142tym akcentem<\/p>\n<\/li>\n<li data-start=\"1133\" data-end=\"1199\">\n<p data-start=\"1135\" data-end=\"1199\"><strong data-start=\"1135\" data-end=\"1148\">Materia\u0142:<\/strong> 100% beta tytan + utwardzany krystaliczny acetat<\/p>\n<\/li>\n<li data-start=\"1200\" data-end=\"1383\">\n<p data-start=\"1202\" data-end=\"1220\"><strong data-start=\"1202\" data-end=\"1218\">Wyko\u0144czenie:<\/strong><\/p>\n<ul data-start=\"1223\" data-end=\"1383\">\n<li data-start=\"1223\" data-end=\"1252\">\n<p data-start=\"1225\" data-end=\"1252\">Custom <em data-start=\"1232\" data-end=\"1250\">Gold Block Hinge<\/em><\/p>\n<\/li>\n<li data-start=\"1255\" data-end=\"1299\">\n<p data-start=\"1257\" data-end=\"1299\">Z\u0142oty mostek z detalami w srebrnym tonie<\/p>\n<\/li>\n<li data-start=\"1302\" data-end=\"1342\">\n<p data-start=\"1304\" data-end=\"1342\">Krystaliczny \u017c\u00f3\u0142ty acetat zausznik\u00f3w<\/p>\n<\/li>\n<li data-start=\"1345\" data-end=\"1383\">\n<p data-start=\"1347\" data-end=\"1383\">Noski z logo i grawerem <em data-start=\"1371\" data-end=\"1381\">hairline<\/em><\/p>\n<\/li>\n<\/ul>\n<\/li>\n<li data-start=\"1384\" data-end=\"1463\">\n<p data-start=\"1386\" data-end=\"1463\"><strong data-start=\"1386\" data-end=\"1399\">Soczewki:<\/strong> Baby Blue CR39, 2-base, z pow\u0142ok\u0105 antyrefleksyjn\u0105 od wewn\u0105trz<\/p>\n<\/li>\n<li data-start=\"1464\" data-end=\"1488\">\n<p data-start=\"1466\" data-end=\"1488\"><strong data-start=\"1466\" data-end=\"1478\">Ochrona:<\/strong> 100% UV<\/p>\n<\/li>\n<li data-start=\"1489\" data-end=\"1522\">\n<p data-start=\"1491\" data-end=\"1522\"><strong data-start=\"1491\" data-end=\"1512\">Kraj pochodzenia:<\/strong> Japonia<\/p>\n<\/li>\n<li data-start=\"1523\" data-end=\"1557\">\n<p data-start=\"1525\" data-end=\"1557\"><strong data-start=\"1525\" data-end=\"1539\">Limitacja:<\/strong> 350 egzemplarzy<\/p>\n<\/li>\n<\/ul>\n","protected":false},"featured_media":2559,"template":"","meta":{"_acf_changed":false,"_joinchat":[]},"product_brand":[82],"product_cat":[37,30,35],"product_tag":[],"model":[397],"class_list":{"0":"post-2554","1":"product","2":"type-product","3":"status-publish","4":"has-post-thumbnail","6":"product_brand-jacques-marie-mage","7":"product_cat-meskie","8":"product_cat-okulary-przeciwsloneczne","9":"product_cat-unisex","10":"model-silverton","12":"first","13":"instock","14":"shipping-taxable","15":"purchasable","16":"product-type-simple"},"acf":[],"aioseo_notices":[],"_links":{"self":[{"href":"https:\/\/www.diukoptyk.pl\/pl\/wp-json\/wp\/v2\/product\/2554","targetHints":{"allow":["GET"]}}],"collection":[{"href":"https:\/\/www.diukoptyk.pl\/pl\/wp-json\/wp\/v2\/product"}],"about":[{"href":"https:\/\/www.diukoptyk.pl\/pl\/wp-json\/wp\/v2\/types\/product"}],"version-history":[{"count":1,"href":"https:\/\/www.diukoptyk.pl\/pl\/wp-json\/wp\/v2\/product\/2554\/revisions"}],"predecessor-version":[{"id":4548,"href":"https:\/\/www.diukoptyk.pl\/pl\/wp-json\/wp\/v2\/product\/2554\/revisions\/4548"}],"wp:featuredmedia":[{"embeddable":true,"href":"https:\/\/www.diukoptyk.pl\/pl\/wp-json\/wp\/v2\/media\/2559"}],"wp:attachment":[{"href":"https:\/\/www.diukoptyk.pl\/pl\/wp-json\/wp\/v2\/media?parent=2554"}],"wp:term":[{"taxonomy":"product_brand","embeddable":true,"href":"https:\/\/www.diukoptyk.pl\/pl\/wp-json\/wp\/v2\/product_brand?post=2554"},{"taxonomy":"product_cat","embeddable":true,"href":"https:\/\/www.diukoptyk.pl\/pl\/wp-json\/wp\/v2\/product_cat?post=2554"},{"taxonomy":"product_tag","embeddable":true,"href":"https:\/\/www.diukoptyk.pl\/pl\/wp-json\/wp\/v2\/product_tag?post=2554"},{"taxonomy":"model","embeddable":true,"href":"https:\/\/www.diukoptyk.pl\/pl\/wp-json\/wp\/v2\/model?post=2554"}],"curies":[{"name":"wp","href":"https:\/\/api.w.org\/{rel}","templated":true}]}}