{"id":2545,"date":"2025-10-13T16:18:24","date_gmt":"2025-10-13T14:18:24","guid":{"rendered":"https:\/\/www.diukoptyk.pl\/?post_type=product&#038;p=2545"},"modified":"2026-03-05T18:06:09","modified_gmt":"2026-03-05T17:06:09","slug":"jacques-marie-mage-silverton-raven","status":"publish","type":"product","link":"https:\/\/www.diukoptyk.pl\/pl\/produkt\/jacques-marie-mage-silverton-raven\/","title":{"rendered":"Jacques Marie Mage SILVERTON | RAVEN"},"content":{"rendered":"<p><strong data-start=\"973\" data-end=\"986\">Dla kogo?<\/strong><br data-start=\"986\" data-end=\"989\" \/><strong data-start=\"989\" data-end=\"1029\">Jacques Marie Mage Silverton in Raven <\/strong>to oprawa dla\u00a0estet\u00f3w i perfekcjonist\u00f3w \u2014 <strong data-start=\"1783\" data-end=\"1834\">dla tych, kt\u00f3rzy m\u00f3wi\u0105 ma\u0142o, ale zawsze z moc\u0105.<\/strong><\/p>\n","protected":false},"excerpt":{"rendered":"<h3 data-start=\"109\" data-end=\"158\"><strong data-start=\"113\" data-end=\"156\">acques Marie Mage \u2013 SILVERTON in RAVEN<\/strong><\/h3>\n<p data-start=\"159\" data-end=\"194\"><strong data-start=\"159\" data-end=\"192\">Limitowana edycja \u2013 350 sztuk<\/strong><\/p>\n<p data-start=\"196\" data-end=\"694\"><strong data-start=\"196\" data-end=\"253\">Czysta precyzja. Dyskretna si\u0142a. Absolutna elegancja.<\/strong><br data-start=\"253\" data-end=\"256\" \/>Model <strong data-start=\"262\" data-end=\"284\">Silverton in Raven<\/strong> to odwa\u017cna reinterpretacja klasyki \u2013 nowoczesna ods\u0142ona okular\u00f3w bezoprawkowych z kolekcji <em data-start=\"376\" data-end=\"392\">Rimless Series<\/em>, w kt\u00f3rych rzemie\u015blnicza doskona\u0142o\u015b\u0107 spotyka si\u0119 z minimalistycznym luksusem. Wyposa\u017cone w <strong data-start=\"484\" data-end=\"522\">tytanowy mostek \u0142\u0105cz\u0105cy nos i brwi<\/strong> z kontrastowymi, srebrnymi akcentami oraz <strong data-start=\"565\" data-end=\"607\">rze\u017abione zauszniki z czarnego acetatu<\/strong> z grawerowanym drutem <em data-start=\"630\" data-end=\"640\">wirecore<\/em>, stanowi\u0105 dow\u00f3d mistrzostwa japo\u0144skiego r\u0119kodzie\u0142a.<\/p>\n<p data-start=\"696\" data-end=\"993\">Ka\u017cdy detal \u2013 od <strong data-start=\"713\" data-end=\"754\">czarnego mostka z wyko\u0144czeniem Silver<\/strong>, po <strong data-start=\"759\" data-end=\"800\">niuanse matowego po\u0142ysku na zawiasach<\/strong> \u2013 podkre\u015bla wyrafinowany charakter tych okular\u00f3w. <strong data-start=\"851\" data-end=\"877\">Soczewki Charcoal CR39<\/strong> z pow\u0142ok\u0105 antyrefleksyjn\u0105 nadaj\u0105 spojrzeniu g\u0142\u0119bi i spokoju, tworz\u0105c obraz czystej nowoczesno\u015bci z dusz\u0105 klasyki.<\/p>\n<p data-start=\"995\" data-end=\"1093\"><strong data-start=\"995\" data-end=\"1008\">Silverton<\/strong> to projekt dla tych, kt\u00f3rzy ceni\u0105 spok\u00f3j ponad zgie\u0142k, a perfekcj\u0119 ponad przesad\u0119.<\/p>\n<p data-start=\"1095\" data-end=\"1120\"><strong data-start=\"1095\" data-end=\"1118\">Detale i wykonanie:<\/strong><\/p>\n<ul data-start=\"1121\" data-end=\"1733\">\n<li data-start=\"1121\" data-end=\"1168\">\n<p data-start=\"1123\" data-end=\"1168\"><strong data-start=\"1123\" data-end=\"1134\">Rodzaj:<\/strong> okulary przeciws\u0142oneczne unisex<\/p>\n<\/li>\n<li data-start=\"1169\" data-end=\"1203\">\n<p data-start=\"1171\" data-end=\"1203\"><strong data-start=\"1171\" data-end=\"1183\">Kszta\u0142t:<\/strong> rimless navigator<\/p>\n<\/li>\n<li data-start=\"1204\" data-end=\"1251\">\n<p data-start=\"1206\" data-end=\"1251\"><strong data-start=\"1206\" data-end=\"1216\">Kolor:<\/strong> Raven \u2013 czer\u0144 z akcentami Silver<\/p>\n<\/li>\n<li data-start=\"1252\" data-end=\"1311\">\n<p data-start=\"1254\" data-end=\"1311\"><strong data-start=\"1254\" data-end=\"1267\">Materia\u0142:<\/strong> 100% tytan klasy beta + utwardzany acetat<\/p>\n<\/li>\n<li data-start=\"1312\" data-end=\"1561\">\n<p data-start=\"1314\" data-end=\"1332\"><strong data-start=\"1314\" data-end=\"1330\">Wyko\u0144czenie:<\/strong><\/p>\n<ul data-start=\"1335\" data-end=\"1561\">\n<li data-start=\"1335\" data-end=\"1396\">\n<p data-start=\"1337\" data-end=\"1396\">Tytanowy mostek z podw\u00f3jnym wyko\u0144czeniem (Black \/ Silver)<\/p>\n<\/li>\n<li data-start=\"1399\" data-end=\"1439\">\n<p data-start=\"1401\" data-end=\"1439\">Czarna blokowa zawiasowa konstrukcja<\/p>\n<\/li>\n<li data-start=\"1442\" data-end=\"1509\">\n<p data-start=\"1444\" data-end=\"1509\">Zauszniki z czarnego acetatu z grawerowanym rdzeniem <em data-start=\"1497\" data-end=\"1507\">wirecore<\/em><\/p>\n<\/li>\n<li data-start=\"1512\" data-end=\"1561\">\n<p data-start=\"1514\" data-end=\"1561\">Regulowane noski z logo i grawerem <em data-start=\"1549\" data-end=\"1559\">hairline<\/em><\/p>\n<\/li>\n<\/ul>\n<\/li>\n<li data-start=\"1562\" data-end=\"1639\">\n<p data-start=\"1564\" data-end=\"1639\"><strong data-start=\"1564\" data-end=\"1577\">Soczewki:<\/strong> Charcoal CR39, 2-base, z wewn\u0119trzn\u0105 pow\u0142ok\u0105 antyrefleksyjn\u0105<\/p>\n<\/li>\n<li data-start=\"1640\" data-end=\"1664\">\n<p data-start=\"1642\" data-end=\"1664\"><strong data-start=\"1642\" data-end=\"1654\">Ochrona:<\/strong> 100% UV<\/p>\n<\/li>\n<li data-start=\"1665\" data-end=\"1698\">\n<p data-start=\"1667\" data-end=\"1698\"><strong data-start=\"1667\" data-end=\"1688\">Kraj pochodzenia:<\/strong> Japonia<\/p>\n<\/li>\n<li data-start=\"1699\" data-end=\"1733\">\n<p data-start=\"1701\" data-end=\"1733\"><strong data-start=\"1701\" data-end=\"1715\">Limitacja:<\/strong> 350 egzemplarzy<\/p>\n<\/li>\n<\/ul>\n","protected":false},"featured_media":2552,"template":"","meta":{"_acf_changed":false,"_joinchat":[]},"product_brand":[82],"product_cat":[37,30,35],"product_tag":[],"model":[397],"class_list":{"0":"post-2545","1":"product","2":"type-product","3":"status-publish","4":"has-post-thumbnail","6":"product_brand-jacques-marie-mage","7":"product_cat-meskie","8":"product_cat-okulary-przeciwsloneczne","9":"product_cat-unisex","10":"model-silverton","12":"first","13":"instock","14":"shipping-taxable","15":"purchasable","16":"product-type-simple"},"acf":[],"aioseo_notices":[],"_links":{"self":[{"href":"https:\/\/www.diukoptyk.pl\/pl\/wp-json\/wp\/v2\/product\/2545","targetHints":{"allow":["GET"]}}],"collection":[{"href":"https:\/\/www.diukoptyk.pl\/pl\/wp-json\/wp\/v2\/product"}],"about":[{"href":"https:\/\/www.diukoptyk.pl\/pl\/wp-json\/wp\/v2\/types\/product"}],"version-history":[{"count":1,"href":"https:\/\/www.diukoptyk.pl\/pl\/wp-json\/wp\/v2\/product\/2545\/revisions"}],"predecessor-version":[{"id":4547,"href":"https:\/\/www.diukoptyk.pl\/pl\/wp-json\/wp\/v2\/product\/2545\/revisions\/4547"}],"wp:featuredmedia":[{"embeddable":true,"href":"https:\/\/www.diukoptyk.pl\/pl\/wp-json\/wp\/v2\/media\/2552"}],"wp:attachment":[{"href":"https:\/\/www.diukoptyk.pl\/pl\/wp-json\/wp\/v2\/media?parent=2545"}],"wp:term":[{"taxonomy":"product_brand","embeddable":true,"href":"https:\/\/www.diukoptyk.pl\/pl\/wp-json\/wp\/v2\/product_brand?post=2545"},{"taxonomy":"product_cat","embeddable":true,"href":"https:\/\/www.diukoptyk.pl\/pl\/wp-json\/wp\/v2\/product_cat?post=2545"},{"taxonomy":"product_tag","embeddable":true,"href":"https:\/\/www.diukoptyk.pl\/pl\/wp-json\/wp\/v2\/product_tag?post=2545"},{"taxonomy":"model","embeddable":true,"href":"https:\/\/www.diukoptyk.pl\/pl\/wp-json\/wp\/v2\/model?post=2545"}],"curies":[{"name":"wp","href":"https:\/\/api.w.org\/{rel}","templated":true}]}}