{"id":2538,"date":"2025-10-13T16:12:05","date_gmt":"2025-10-13T14:12:05","guid":{"rendered":"https:\/\/www.diukoptyk.pl\/?post_type=product&#038;p=2538"},"modified":"2026-03-05T18:05:56","modified_gmt":"2026-03-05T17:05:56","slug":"jacques-marie-mage-seymour-next-noir","status":"publish","type":"product","link":"https:\/\/www.diukoptyk.pl\/pl\/produkt\/jacques-marie-mage-seymour-next-noir\/","title":{"rendered":"Jacques Marie Mage SEYMOUR | NEXT NOIR"},"content":{"rendered":"<p><strong data-start=\"1777\" data-end=\"1790\">Dla kogo:<\/strong><br data-start=\"1790\" data-end=\"1793\" \/>Dla kobiet, kt\u00f3re b\u0142yszcz\u0105 pewno\u015bci\u0105 siebie i elegancj\u0105 \u2013 <strong data-start=\"1851\" data-end=\"1923\">dla tych, kt\u00f3re wiedz\u0105, \u017ce prawdziwy styl to nie moda, lecz postawa.<\/strong><\/p>\n","protected":false},"excerpt":{"rendered":"<h3 data-start=\"98\" data-end=\"149\"><strong data-start=\"102\" data-end=\"147\">Jacques Marie Mage \u2013 SEYMOUR in NEXT NOIR<\/strong><\/h3>\n<p data-start=\"150\" data-end=\"185\"><strong data-start=\"150\" data-end=\"183\">Limitowana edycja \u2013 400 sztuk<\/strong><\/p>\n<p data-start=\"187\" data-end=\"575\"><strong data-start=\"187\" data-end=\"224\">Czarna elegancja w rytmie lat 90.<\/strong><br data-start=\"224\" data-end=\"227\" \/>Model <strong data-start=\"233\" data-end=\"257\">Seymour in Next Noir<\/strong> to esencja zmys\u0142owej si\u0142y i wyrafinowania \u2013 kocie okulary o subtelnym kszta\u0142cie <em data-start=\"338\" data-end=\"351\">wrap-around<\/em>, inspirowane supermodelkami i modow\u0105 ekstrawagancj\u0105 lat 90. Ich mi\u0119kka linia, <strong data-start=\"430\" data-end=\"470\">delikatnie uniesiona brwiowa kraw\u0119d\u017a<\/strong> oraz <strong data-start=\"476\" data-end=\"507\" data-is-only-node=\"\">mostek w kszta\u0142cie litery V<\/strong> tworz\u0105 sylwetk\u0119, kt\u00f3ra jest jednocze\u015bnie elegancka i magnetyczna.<\/p>\n<p data-start=\"577\" data-end=\"785\" data-is-last-node=\"\" data-is-only-node=\"\">Wykonane r\u0119cznie we W\u0142oszech z <strong data-start=\"608\" data-end=\"653\">czarnego 10-milimetrowego acetatu premium<\/strong>, zdobione <strong data-start=\"664\" data-end=\"719\">srebrnym, grawerowanym rdzeniem Cantilever Wirecore<\/strong> i <strong data-start=\"722\" data-end=\"762\">metalowymi detalami w tonacji Silver<\/strong>, oprawki te zachwycaj\u0105<\/p>\n","protected":false},"featured_media":2543,"template":"","meta":{"_acf_changed":false,"_joinchat":[]},"product_brand":[82],"product_cat":[32,30],"product_tag":[],"model":[396],"class_list":{"0":"post-2538","1":"product","2":"type-product","3":"status-publish","4":"has-post-thumbnail","6":"product_brand-jacques-marie-mage","7":"product_cat-damskie","8":"product_cat-okulary-przeciwsloneczne","9":"model-seymour","11":"first","12":"instock","13":"shipping-taxable","14":"purchasable","15":"product-type-simple"},"acf":[],"aioseo_notices":[],"_links":{"self":[{"href":"https:\/\/www.diukoptyk.pl\/pl\/wp-json\/wp\/v2\/product\/2538","targetHints":{"allow":["GET"]}}],"collection":[{"href":"https:\/\/www.diukoptyk.pl\/pl\/wp-json\/wp\/v2\/product"}],"about":[{"href":"https:\/\/www.diukoptyk.pl\/pl\/wp-json\/wp\/v2\/types\/product"}],"version-history":[{"count":2,"href":"https:\/\/www.diukoptyk.pl\/pl\/wp-json\/wp\/v2\/product\/2538\/revisions"}],"predecessor-version":[{"id":4544,"href":"https:\/\/www.diukoptyk.pl\/pl\/wp-json\/wp\/v2\/product\/2538\/revisions\/4544"}],"wp:featuredmedia":[{"embeddable":true,"href":"https:\/\/www.diukoptyk.pl\/pl\/wp-json\/wp\/v2\/media\/2543"}],"wp:attachment":[{"href":"https:\/\/www.diukoptyk.pl\/pl\/wp-json\/wp\/v2\/media?parent=2538"}],"wp:term":[{"taxonomy":"product_brand","embeddable":true,"href":"https:\/\/www.diukoptyk.pl\/pl\/wp-json\/wp\/v2\/product_brand?post=2538"},{"taxonomy":"product_cat","embeddable":true,"href":"https:\/\/www.diukoptyk.pl\/pl\/wp-json\/wp\/v2\/product_cat?post=2538"},{"taxonomy":"product_tag","embeddable":true,"href":"https:\/\/www.diukoptyk.pl\/pl\/wp-json\/wp\/v2\/product_tag?post=2538"},{"taxonomy":"model","embeddable":true,"href":"https:\/\/www.diukoptyk.pl\/pl\/wp-json\/wp\/v2\/model?post=2538"}],"curies":[{"name":"wp","href":"https:\/\/api.w.org\/{rel}","templated":true}]}}