{"id":2529,"date":"2025-10-13T16:11:50","date_gmt":"2025-10-13T14:11:50","guid":{"rendered":"https:\/\/www.diukoptyk.pl\/?post_type=product&#038;p=2529"},"modified":"2026-03-05T18:05:43","modified_gmt":"2026-03-05T17:05:43","slug":"jacques-marie-mage-seymour-beau","status":"publish","type":"product","link":"https:\/\/www.diukoptyk.pl\/pl\/produkt\/jacques-marie-mage-seymour-beau\/","title":{"rendered":"Jacques Marie Mage SEYMOUR | BEAU"},"content":{"rendered":"<p><strong data-start=\"1777\" data-end=\"1790\">Dla kogo:<\/strong><br data-start=\"1790\" data-end=\"1793\" \/>Dla kobiet, kt\u00f3re b\u0142yszcz\u0105 pewno\u015bci\u0105 siebie i elegancj\u0105 \u2013 <strong data-start=\"1851\" data-end=\"1923\">dla tych, kt\u00f3re wiedz\u0105, \u017ce prawdziwy styl to nie moda, lecz postawa.<\/strong><\/p>\n","protected":false},"excerpt":{"rendered":"<h3 data-start=\"106\" data-end=\"152\"><strong data-start=\"110\" data-end=\"150\">Jacques Marie Mage \u2013 SEYMOUR in BEAU<\/strong><\/h3>\n<p data-start=\"153\" data-end=\"188\"><strong data-start=\"153\" data-end=\"186\">Limitowana edycja \u2013 400 sztuk<\/strong><\/p>\n<p data-start=\"190\" data-end=\"619\"><strong data-start=\"190\" data-end=\"226\">Zmys\u0142owo\u015b\u0107. Si\u0142a. Luksus lat 90.<\/strong><br data-start=\"226\" data-end=\"229\" \/>Model <strong data-start=\"235\" data-end=\"254\">Seymour in Beau<\/strong> to ho\u0142d dla z\u0142otej ery wybieg\u00f3w \u2013 czasu, gdy supermodelki stawa\u0142y si\u0119 ikonami stylu, a moda by\u0142a pe\u0142na odwagi i magnetyzmu. Te <strong data-start=\"382\" data-end=\"436\">kocie okulary przeciws\u0142oneczne o \u015brednim rozmiarze<\/strong> \u0142\u0105cz\u0105 mi\u0119kk\u0105 lini\u0119 z subtelnym owijaj\u0105cym kszta\u0142tem <em data-start=\"489\" data-end=\"502\">wrap-around<\/em> i charakterystycznym <strong data-start=\"524\" data-end=\"549\">V-kszta\u0142tnym mostkiem<\/strong>, tworz\u0105c wyrafinowany, kobiecy profil o uwodzicielskim charakterze.<\/p>\n<p data-start=\"621\" data-end=\"1018\">R\u0119cznie wykonane we W\u0142oszech z <strong data-start=\"652\" data-end=\"705\">10-milimetrowego acetatu premium w kolorze Havana<\/strong>, model zachwyca <strong data-start=\"722\" data-end=\"755\">detalami w tonacji Light Gold<\/strong>, <strong data-start=\"757\" data-end=\"802\">grawerowanym rdzeniem Cantilever Wirecore<\/strong>, oraz <strong data-start=\"809\" data-end=\"835\">soczewkami Nimbus CR39<\/strong> w odcieniu fioletowym z pow\u0142ok\u0105 antyrefleksyjn\u0105. Ka\u017cdy element \u2013 od mi\u0119kko wygi\u0119tej brwi po rze\u017abione zauszniki z metalowymi akcentami \u2013 tworzy obraz pe\u0142en klasy i pewno\u015bci siebie.<\/p>\n<p data-start=\"1020\" data-end=\"1146\">To oprawa, kt\u00f3ra celebruje kobieco\u015b\u0107 w najczystszej formie \u2013 <strong data-start=\"1081\" data-end=\"1144\">dla kobiet, kt\u00f3re nie pod\u0105\u017caj\u0105 za trendami, lecz je tworz\u0105.<\/strong><\/p>\n<p data-start=\"1148\" data-end=\"1173\"><strong data-start=\"1148\" data-end=\"1171\">Detale i wykonanie:<\/strong><\/p>\n<ul data-start=\"1174\" data-end=\"1775\">\n<li data-start=\"1174\" data-end=\"1222\">\n<p data-start=\"1176\" data-end=\"1222\"><strong data-start=\"1176\" data-end=\"1187\">Rodzaj:<\/strong> okulary przeciws\u0142oneczne damskie<\/p>\n<\/li>\n<li data-start=\"1223\" data-end=\"1286\">\n<p data-start=\"1225\" data-end=\"1286\"><strong data-start=\"1225\" data-end=\"1237\">Kszta\u0142t:<\/strong> cat-eye, \u015bredni rozmiar z lekkim <em data-start=\"1271\" data-end=\"1284\">wrap-around<\/em><\/p>\n<\/li>\n<li data-start=\"1287\" data-end=\"1340\">\n<p data-start=\"1289\" data-end=\"1340\"><strong data-start=\"1289\" data-end=\"1299\">Kolor:<\/strong> Beau \u2013 Havana z fioletowymi soczewkami<\/p>\n<\/li>\n<li data-start=\"1341\" data-end=\"1416\">\n<p data-start=\"1343\" data-end=\"1416\"><strong data-start=\"1343\" data-end=\"1356\">Materia\u0142:<\/strong> 10 mm utwardzany acetat z metalowymi akcentami Light Gold<\/p>\n<\/li>\n<li data-start=\"1417\" data-end=\"1605\">\n<p data-start=\"1419\" data-end=\"1437\"><strong data-start=\"1419\" data-end=\"1435\">Wyko\u0144czenie:<\/strong><\/p>\n<ul data-start=\"1440\" data-end=\"1605\">\n<li data-start=\"1440\" data-end=\"1500\">\n<p data-start=\"1442\" data-end=\"1500\">Ukryty rdze\u0144 <em data-start=\"1455\" data-end=\"1476\">Cantilever Wirecore<\/em> z grawerem <em data-start=\"1488\" data-end=\"1498\">hairline<\/em><\/p>\n<\/li>\n<li data-start=\"1503\" data-end=\"1556\">\n<p data-start=\"1505\" data-end=\"1556\">Zawias <em data-start=\"1512\" data-end=\"1522\">7-barrel<\/em> z detalami w tonacji Light Gold<\/p>\n<\/li>\n<li data-start=\"1559\" data-end=\"1605\">\n<p data-start=\"1561\" data-end=\"1605\">R\u0119cznie polerowane detale z cennych metali<\/p>\n<\/li>\n<\/ul>\n<\/li>\n<li data-start=\"1606\" data-end=\"1682\">\n<p data-start=\"1608\" data-end=\"1682\"><strong data-start=\"1608\" data-end=\"1621\">Soczewki:<\/strong> Nimbus CR39, 2-base, z pow\u0142ok\u0105 antyrefleksyjn\u0105 od wewn\u0105trz<\/p>\n<\/li>\n<li data-start=\"1683\" data-end=\"1707\">\n<p data-start=\"1685\" data-end=\"1707\"><strong data-start=\"1685\" data-end=\"1697\">Ochrona:<\/strong> 100% UV<\/p>\n<\/li>\n<li data-start=\"1708\" data-end=\"1740\">\n<p data-start=\"1710\" data-end=\"1740\"><strong data-start=\"1710\" data-end=\"1731\">Kraj pochodzenia:<\/strong> W\u0142ochy<\/p>\n<\/li>\n<li data-start=\"1741\" data-end=\"1775\">\n<p data-start=\"1743\" data-end=\"1775\"><strong data-start=\"1743\" data-end=\"1757\">Limitacja:<\/strong> 400 egzemplarzy<\/p>\n<\/li>\n<\/ul>\n","protected":false},"featured_media":2536,"template":"","meta":{"_acf_changed":false,"_joinchat":[]},"product_brand":[82],"product_cat":[32,30],"product_tag":[],"model":[396],"class_list":{"0":"post-2529","1":"product","2":"type-product","3":"status-publish","4":"has-post-thumbnail","6":"product_brand-jacques-marie-mage","7":"product_cat-damskie","8":"product_cat-okulary-przeciwsloneczne","9":"model-seymour","11":"first","12":"instock","13":"shipping-taxable","14":"purchasable","15":"product-type-simple"},"acf":[],"aioseo_notices":[],"_links":{"self":[{"href":"https:\/\/www.diukoptyk.pl\/pl\/wp-json\/wp\/v2\/product\/2529","targetHints":{"allow":["GET"]}}],"collection":[{"href":"https:\/\/www.diukoptyk.pl\/pl\/wp-json\/wp\/v2\/product"}],"about":[{"href":"https:\/\/www.diukoptyk.pl\/pl\/wp-json\/wp\/v2\/types\/product"}],"version-history":[{"count":2,"href":"https:\/\/www.diukoptyk.pl\/pl\/wp-json\/wp\/v2\/product\/2529\/revisions"}],"predecessor-version":[{"id":4545,"href":"https:\/\/www.diukoptyk.pl\/pl\/wp-json\/wp\/v2\/product\/2529\/revisions\/4545"}],"wp:featuredmedia":[{"embeddable":true,"href":"https:\/\/www.diukoptyk.pl\/pl\/wp-json\/wp\/v2\/media\/2536"}],"wp:attachment":[{"href":"https:\/\/www.diukoptyk.pl\/pl\/wp-json\/wp\/v2\/media?parent=2529"}],"wp:term":[{"taxonomy":"product_brand","embeddable":true,"href":"https:\/\/www.diukoptyk.pl\/pl\/wp-json\/wp\/v2\/product_brand?post=2529"},{"taxonomy":"product_cat","embeddable":true,"href":"https:\/\/www.diukoptyk.pl\/pl\/wp-json\/wp\/v2\/product_cat?post=2529"},{"taxonomy":"product_tag","embeddable":true,"href":"https:\/\/www.diukoptyk.pl\/pl\/wp-json\/wp\/v2\/product_tag?post=2529"},{"taxonomy":"model","embeddable":true,"href":"https:\/\/www.diukoptyk.pl\/pl\/wp-json\/wp\/v2\/model?post=2529"}],"curies":[{"name":"wp","href":"https:\/\/api.w.org\/{rel}","templated":true}]}}