{"id":2500,"date":"2025-10-13T14:54:52","date_gmt":"2025-10-13T12:54:52","guid":{"rendered":"https:\/\/www.diukoptyk.pl\/?post_type=product&#038;p=2500"},"modified":"2026-03-05T18:02:39","modified_gmt":"2026-03-05T17:02:39","slug":"jacques-marie-mage-sartre-noir-x","status":"publish","type":"product","link":"https:\/\/www.diukoptyk.pl\/pl\/produkt\/jacques-marie-mage-sartre-noir-x\/","title":{"rendered":"Jacques Marie Mage SARTRE | NOIR X"},"content":{"rendered":"<p><strong data-start=\"1813\" data-end=\"1826\">Dla kogo:<\/strong><br data-start=\"1826\" data-end=\"1829\" \/>Dla mi\u0142o\u015bnik\u00f3w klasyki z dusz\u0105 filozofa \u2013 <strong data-start=\"1871\" data-end=\"1938\">dla tych, kt\u00f3rzy potrafi\u0105 my\u015ble\u0107 g\u0142\u0119boko i wygl\u0105da\u0107 wyrazi\u015bcie.<\/strong><\/p>\n","protected":false},"excerpt":{"rendered":"<h3 data-start=\"107\" data-end=\"154\"><strong data-start=\"111\" data-end=\"152\">Jacques Marie Mage \u2013 SARTRE in NOIR X<\/strong><\/h3>\n<p data-start=\"155\" data-end=\"190\"><strong data-start=\"155\" data-end=\"188\">Limitowana edycja \u2013 500 sztuk<\/strong><\/p>\n<p data-start=\"192\" data-end=\"610\"><strong data-start=\"192\" data-end=\"231\">Filozofia. Styl. \u015awiadoma obecno\u015b\u0107.<\/strong><br data-start=\"231\" data-end=\"234\" \/>Model <strong data-start=\"240\" data-end=\"260\">Sartre in Noir X<\/strong> to wyj\u0105tkowa reinterpretacja klasyki lat 50., \u0142\u0105cz\u0105ca intelektualny ch\u0142\u00f3d z rzemie\u015blniczym kunsztem. Inspirowane francuskim egzystencjalizmem i postaw\u0105 niezale\u017cnego my\u015blenia, te <strong data-start=\"439\" data-end=\"461\">okulary typu combo<\/strong> \u0142\u0105cz\u0105 wyra\u017any <strong data-start=\"476\" data-end=\"509\">10-milimetrowy most acetatowy<\/strong> z <strong data-start=\"512\" data-end=\"551\">okr\u0105g\u0142ymi tytanowymi oprawkami oczu<\/strong>, tworz\u0105c balans mi\u0119dzy si\u0142\u0105 formy a subtelno\u015bci\u0105 detalu.<\/p>\n<p data-start=\"612\" data-end=\"1014\">R\u0119cznie wykonane w Japonii z <strong data-start=\"641\" data-end=\"667\">100% tytanu klasy beta<\/strong> i <strong data-start=\"670\" data-end=\"702\">utwardzanego acetatu premium<\/strong>, model wyr\u00f3\u017cnia si\u0119 <strong data-start=\"723\" data-end=\"764\">zawiasami monoblock z motywem strza\u0142y<\/strong>, <strong data-start=\"766\" data-end=\"802\">rze\u017abionymi zausznikami z tytanu<\/strong> oraz <strong data-start=\"808\" data-end=\"860\">metalowymi detalami w tonacji srebra i Moon Gold<\/strong>. Ca\u0142o\u015b\u0107 dope\u0142niaj\u0105 <strong data-start=\"880\" data-end=\"922\">pomara\u0144czowe soczewki ArmorLite 4-base<\/strong> z pow\u0142ok\u0105 antyrefleksyjn\u0105, kt\u00f3re dodaj\u0105 ca\u0142o\u015bci wyrafinowanego, artystycznego charakteru.<\/p>\n<p data-start=\"1016\" data-end=\"1132\">To okulary dla my\u015blicieli, tw\u00f3rc\u00f3w i buntownik\u00f3w \u2013 <strong data-start=\"1067\" data-end=\"1130\">dla tych, kt\u00f3rzy zamiast szuka\u0107 sensu, potrafi\u0105 go tworzy\u0107.<\/strong><\/p>\n<p data-start=\"1134\" data-end=\"1159\"><strong data-start=\"1134\" data-end=\"1157\">Detale i wykonanie:<\/strong><\/p>\n<ul data-start=\"1160\" data-end=\"1811\">\n<li data-start=\"1160\" data-end=\"1207\">\n<p data-start=\"1162\" data-end=\"1207\"><strong data-start=\"1162\" data-end=\"1173\">Rodzaj:<\/strong> okulary przeciws\u0142oneczne unisex<\/p>\n<\/li>\n<li data-start=\"1208\" data-end=\"1265\">\n<p data-start=\"1210\" data-end=\"1265\"><strong data-start=\"1210\" data-end=\"1222\">Kszta\u0142t:<\/strong> klasyczny combo \u2013 inspirowany latami 50.<\/p>\n<\/li>\n<li data-start=\"1266\" data-end=\"1337\">\n<p data-start=\"1268\" data-end=\"1337\"><strong data-start=\"1268\" data-end=\"1278\">Kolor:<\/strong> Noir X \u2013 czarny z akcentami w tonacji Moon Gold i Silver<\/p>\n<\/li>\n<li data-start=\"1338\" data-end=\"1400\">\n<p data-start=\"1340\" data-end=\"1400\"><strong data-start=\"1340\" data-end=\"1353\">Materia\u0142:<\/strong> 100% beta tytan z 10 mm utwardzanego acetatu<\/p>\n<\/li>\n<li data-start=\"1401\" data-end=\"1635\">\n<p data-start=\"1403\" data-end=\"1421\"><strong data-start=\"1403\" data-end=\"1419\">Wyko\u0144czenie:<\/strong><\/p>\n<ul data-start=\"1424\" data-end=\"1635\">\n<li data-start=\"1424\" data-end=\"1472\">\n<p data-start=\"1426\" data-end=\"1472\">Mostek w kolorze Silver z detalami Moon Gold<\/p>\n<\/li>\n<li data-start=\"1475\" data-end=\"1523\">\n<p data-start=\"1477\" data-end=\"1523\">Okr\u0105g\u0142e tytanowe oprawki z grawerem Art Deco<\/p>\n<\/li>\n<li data-start=\"1526\" data-end=\"1600\">\n<p data-start=\"1528\" data-end=\"1600\">Zauszniki z motywem strza\u0142y i zako\u0144czeniami z czarno-br\u0105zowego acetatu<\/p>\n<\/li>\n<li data-start=\"1603\" data-end=\"1635\">\n<p data-start=\"1605\" data-end=\"1635\">Zawiasy monoblock z logo JMM<\/p>\n<\/li>\n<\/ul>\n<\/li>\n<li data-start=\"1636\" data-end=\"1717\">\n<p data-start=\"1638\" data-end=\"1717\"><strong data-start=\"1638\" data-end=\"1651\">Soczewki:<\/strong> Orange ArmorLite, 4-base, z pow\u0142ok\u0105 antyrefleksyjn\u0105 od wewn\u0105trz<\/p>\n<\/li>\n<li data-start=\"1718\" data-end=\"1742\">\n<p data-start=\"1720\" data-end=\"1742\"><strong data-start=\"1720\" data-end=\"1732\">Ochrona:<\/strong> 100% UV<\/p>\n<\/li>\n<li data-start=\"1743\" data-end=\"1776\">\n<p data-start=\"1745\" data-end=\"1776\"><strong data-start=\"1745\" data-end=\"1766\">Kraj pochodzenia:<\/strong> Japonia<\/p>\n<\/li>\n<li data-start=\"1777\" data-end=\"1811\">\n<p data-start=\"1779\" data-end=\"1811\"><strong data-start=\"1779\" data-end=\"1793\">Limitacja:<\/strong> 500 egzemplarzy<\/p>\n<\/li>\n<\/ul>\n","protected":false},"featured_media":2507,"template":"","meta":{"_acf_changed":false,"_joinchat":[]},"product_brand":[82],"product_cat":[32,37,30,35],"product_tag":[],"model":[],"class_list":{"0":"post-2500","1":"product","2":"type-product","3":"status-publish","4":"has-post-thumbnail","6":"product_brand-jacques-marie-mage","7":"product_cat-damskie","8":"product_cat-meskie","9":"product_cat-okulary-przeciwsloneczne","10":"product_cat-unisex","12":"first","13":"instock","14":"shipping-taxable","15":"purchasable","16":"product-type-simple"},"acf":[],"aioseo_notices":[],"_links":{"self":[{"href":"https:\/\/www.diukoptyk.pl\/pl\/wp-json\/wp\/v2\/product\/2500","targetHints":{"allow":["GET"]}}],"collection":[{"href":"https:\/\/www.diukoptyk.pl\/pl\/wp-json\/wp\/v2\/product"}],"about":[{"href":"https:\/\/www.diukoptyk.pl\/pl\/wp-json\/wp\/v2\/types\/product"}],"version-history":[{"count":1,"href":"https:\/\/www.diukoptyk.pl\/pl\/wp-json\/wp\/v2\/product\/2500\/revisions"}],"predecessor-version":[{"id":5216,"href":"https:\/\/www.diukoptyk.pl\/pl\/wp-json\/wp\/v2\/product\/2500\/revisions\/5216"}],"wp:featuredmedia":[{"embeddable":true,"href":"https:\/\/www.diukoptyk.pl\/pl\/wp-json\/wp\/v2\/media\/2507"}],"wp:attachment":[{"href":"https:\/\/www.diukoptyk.pl\/pl\/wp-json\/wp\/v2\/media?parent=2500"}],"wp:term":[{"taxonomy":"product_brand","embeddable":true,"href":"https:\/\/www.diukoptyk.pl\/pl\/wp-json\/wp\/v2\/product_brand?post=2500"},{"taxonomy":"product_cat","embeddable":true,"href":"https:\/\/www.diukoptyk.pl\/pl\/wp-json\/wp\/v2\/product_cat?post=2500"},{"taxonomy":"product_tag","embeddable":true,"href":"https:\/\/www.diukoptyk.pl\/pl\/wp-json\/wp\/v2\/product_tag?post=2500"},{"taxonomy":"model","embeddable":true,"href":"https:\/\/www.diukoptyk.pl\/pl\/wp-json\/wp\/v2\/model?post=2500"}],"curies":[{"name":"wp","href":"https:\/\/api.w.org\/{rel}","templated":true}]}}