{"id":2495,"date":"2025-10-13T14:50:26","date_gmt":"2025-10-13T12:50:26","guid":{"rendered":"https:\/\/www.diukoptyk.pl\/?post_type=product&#038;p=2495"},"modified":"2026-03-05T18:02:31","modified_gmt":"2026-03-05T17:02:31","slug":"jacques-marie-mage-roxy-agar","status":"publish","type":"product","link":"https:\/\/www.diukoptyk.pl\/pl\/produkt\/jacques-marie-mage-roxy-agar\/","title":{"rendered":"Jacques Marie Mage ROXY | AGAR"},"content":{"rendered":"<p><strong data-start=\"1763\" data-end=\"1776\">Dla kogo:<\/strong><br data-start=\"1776\" data-end=\"1779\" \/>Dla kobiet o silnym charakterze i nienagannym gu\u015bcie \u2013 <strong data-start=\"1834\" data-end=\"1898\">dla tych, kt\u00f3re b\u0142yszcz\u0105 tak naturalnie, jak z\u0142oto w s\u0142o\u0144cu.<\/strong><\/p>\n","protected":false},"excerpt":{"rendered":"<h3 data-start=\"112\" data-end=\"164\"><strong data-start=\"116\" data-end=\"162\">Jacques Marie Mage \u2013 ROXY 6D \/ AGAR YELLOW<\/strong><\/h3>\n<p data-start=\"165\" data-end=\"216\"><strong data-start=\"165\" data-end=\"214\">Limitowana edycja \u2013 ho\u0142d dla wolno\u015bci lat 90.<\/strong><\/p>\n<p data-start=\"218\" data-end=\"591\"><strong data-start=\"218\" data-end=\"255\">\u015amia\u0142o\u015b\u0107. Zmys\u0142owo\u015b\u0107. Wolny duch.<\/strong><br data-start=\"255\" data-end=\"258\" \/>Model <strong data-start=\"264\" data-end=\"289\">Roxy 6D \/ Agar Yellow<\/strong> to odwa\u017cna reinterpretacja kociego oka \u2014 wyraz kobieco\u015bci, energii i stylu, kt\u00f3ry nie zna kompromis\u00f3w. Inspirowane z\u0142ot\u0105 er\u0105 wybieg\u00f3w lat 90., te okulary \u0142\u0105cz\u0105 w sobie beztroski luksus, ekspresj\u0119 i nieuchwytny magnetyzm kobiet, kt\u00f3re \u017cy\u0142y tak, jak chcia\u0142y \u2013 z otwartymi oczami i sercem pe\u0142nym pasji.<\/p>\n<p data-start=\"593\" data-end=\"997\">R\u0119cznie wykonane w Japonii z <strong data-start=\"622\" data-end=\"663\">10-milimetrowego utwardzanego acetatu<\/strong>, model zachwyca <strong data-start=\"680\" data-end=\"707\">\u017c\u00f3\u0142tymi soczewkami CR39<\/strong> z pow\u0142ok\u0105 antyrefleksyjn\u0105, <strong data-start=\"735\" data-end=\"776\">podw\u00f3jnymi pinami w kszta\u0142cie strza\u0142y<\/strong> w odcieniu ciemnego z\u0142ota oraz <strong data-start=\"808\" data-end=\"861\">grawerowanym drutem wewn\u0119trznym Hairline Wirecore<\/strong>. Ka\u017cdy detal \u2014 od b\u0142ysku metalu po rze\u017abione linie \u2014 podkre\u015bla charakter i niezale\u017cno\u015b\u0107, zamieniaj\u0105c Roxy w manifest pewno\u015bci siebie.<\/p>\n<p data-start=\"999\" data-end=\"1134\">To model dla kobiet, kt\u00f3re nie boj\u0105 si\u0119 b\u0142yszcze\u0107. Dla tych, kt\u00f3re wiedz\u0105, \u017ce <strong data-start=\"1077\" data-end=\"1132\">\u201enie maj\u0105 nic do stracenia i wszystko do zyskania.\u201d<\/strong><\/p>\n<p data-start=\"1136\" data-end=\"1161\"><strong data-start=\"1136\" data-end=\"1159\">Detale i wykonanie:<\/strong><\/p>\n<ul data-start=\"1162\" data-end=\"1761\">\n<li data-start=\"1162\" data-end=\"1210\">\n<p data-start=\"1164\" data-end=\"1210\"><strong data-start=\"1164\" data-end=\"1175\">Rodzaj:<\/strong> okulary przeciws\u0142oneczne damskie<\/p>\n<\/li>\n<li data-start=\"1211\" data-end=\"1258\">\n<p data-start=\"1213\" data-end=\"1258\"><strong data-start=\"1213\" data-end=\"1225\">Kszta\u0142t:<\/strong> cat-eye inspirowany latami 90.<\/p>\n<\/li>\n<li data-start=\"1259\" data-end=\"1330\">\n<p data-start=\"1261\" data-end=\"1330\"><strong data-start=\"1261\" data-end=\"1271\">Kolor:<\/strong> Agar Yellow \/ br\u0105zowy z metalicznymi akcentami Dark Gold<\/p>\n<\/li>\n<li data-start=\"1331\" data-end=\"1409\">\n<p data-start=\"1333\" data-end=\"1409\"><strong data-start=\"1333\" data-end=\"1346\">Materia\u0142:<\/strong> 10 mm utwardzany acetat z podw\u00f3jnie laminowanymi zausznikami<\/p>\n<\/li>\n<li data-start=\"1410\" data-end=\"1579\">\n<p data-start=\"1412\" data-end=\"1425\"><strong data-start=\"1412\" data-end=\"1423\">Detale:<\/strong><\/p>\n<ul data-start=\"1428\" data-end=\"1579\">\n<li data-start=\"1428\" data-end=\"1479\">\n<p data-start=\"1430\" data-end=\"1479\">Ciemnoz\u0142ote podw\u00f3jne nity <em data-start=\"1456\" data-end=\"1477\">arrowhead front pin<\/em><\/p>\n<\/li>\n<li data-start=\"1482\" data-end=\"1532\">\n<p data-start=\"1484\" data-end=\"1532\">Widoczny, grawerowany drut <em data-start=\"1511\" data-end=\"1530\">hairline wirecore<\/em><\/p>\n<\/li>\n<li data-start=\"1535\" data-end=\"1579\">\n<p data-start=\"1537\" data-end=\"1579\">Zawias <em data-start=\"1544\" data-end=\"1554\">7-barrel<\/em> o precyzyjnym napi\u0119ciu<\/p>\n<\/li>\n<\/ul>\n<\/li>\n<li data-start=\"1580\" data-end=\"1643\">\n<p data-start=\"1582\" data-end=\"1643\"><strong data-start=\"1582\" data-end=\"1595\">Soczewki:<\/strong> \u017c\u00f3\u0142te CR39, 8-base, z pow\u0142ok\u0105 antyrefleksyjn\u0105<\/p>\n<\/li>\n<li data-start=\"1644\" data-end=\"1668\">\n<p data-start=\"1646\" data-end=\"1668\"><strong data-start=\"1646\" data-end=\"1658\">Ochrona:<\/strong> 100% UV<\/p>\n<\/li>\n<li data-start=\"1669\" data-end=\"1727\">\n<p data-start=\"1671\" data-end=\"1727\"><strong data-start=\"1671\" data-end=\"1683\">Wymiary:<\/strong> Eye 59 mm | Bridge 20 mm | Temples 135 mm<\/p>\n<\/li>\n<li data-start=\"1728\" data-end=\"1761\">\n<p data-start=\"1730\" data-end=\"1761\"><strong data-start=\"1730\" data-end=\"1751\">Kraj pochodzenia:<\/strong> Japonia<\/p>\n<\/li>\n<\/ul>\n","protected":false},"featured_media":2497,"template":"","meta":{"_acf_changed":false,"_joinchat":[]},"product_brand":[82],"product_cat":[32,30],"product_tag":[],"model":[],"class_list":{"0":"post-2495","1":"product","2":"type-product","3":"status-publish","4":"has-post-thumbnail","6":"product_brand-jacques-marie-mage","7":"product_cat-damskie","8":"product_cat-okulary-przeciwsloneczne","10":"first","11":"instock","12":"shipping-taxable","13":"purchasable","14":"product-type-simple"},"acf":[],"aioseo_notices":[],"_links":{"self":[{"href":"https:\/\/www.diukoptyk.pl\/pl\/wp-json\/wp\/v2\/product\/2495","targetHints":{"allow":["GET"]}}],"collection":[{"href":"https:\/\/www.diukoptyk.pl\/pl\/wp-json\/wp\/v2\/product"}],"about":[{"href":"https:\/\/www.diukoptyk.pl\/pl\/wp-json\/wp\/v2\/types\/product"}],"version-history":[{"count":1,"href":"https:\/\/www.diukoptyk.pl\/pl\/wp-json\/wp\/v2\/product\/2495\/revisions"}],"predecessor-version":[{"id":5215,"href":"https:\/\/www.diukoptyk.pl\/pl\/wp-json\/wp\/v2\/product\/2495\/revisions\/5215"}],"wp:featuredmedia":[{"embeddable":true,"href":"https:\/\/www.diukoptyk.pl\/pl\/wp-json\/wp\/v2\/media\/2497"}],"wp:attachment":[{"href":"https:\/\/www.diukoptyk.pl\/pl\/wp-json\/wp\/v2\/media?parent=2495"}],"wp:term":[{"taxonomy":"product_brand","embeddable":true,"href":"https:\/\/www.diukoptyk.pl\/pl\/wp-json\/wp\/v2\/product_brand?post=2495"},{"taxonomy":"product_cat","embeddable":true,"href":"https:\/\/www.diukoptyk.pl\/pl\/wp-json\/wp\/v2\/product_cat?post=2495"},{"taxonomy":"product_tag","embeddable":true,"href":"https:\/\/www.diukoptyk.pl\/pl\/wp-json\/wp\/v2\/product_tag?post=2495"},{"taxonomy":"model","embeddable":true,"href":"https:\/\/www.diukoptyk.pl\/pl\/wp-json\/wp\/v2\/model?post=2495"}],"curies":[{"name":"wp","href":"https:\/\/api.w.org\/{rel}","templated":true}]}}