{"id":2485,"date":"2025-10-13T14:44:07","date_gmt":"2025-10-13T12:44:07","guid":{"rendered":"https:\/\/www.diukoptyk.pl\/?post_type=product&#038;p=2485"},"modified":"2026-03-05T18:02:22","modified_gmt":"2026-03-05T17:02:22","slug":"jacques-marie-mage-ringo-altan","status":"publish","type":"product","link":"https:\/\/www.diukoptyk.pl\/pl\/produkt\/jacques-marie-mage-ringo-altan\/","title":{"rendered":"Jacques Marie Mage RINGO | ALTAN"},"content":{"rendered":"<p><strong data-start=\"1638\" data-end=\"1651\">Dla kogo:<\/strong><br data-start=\"1651\" data-end=\"1654\" \/>Dla estet\u00f3w o artystycznym zaci\u0119ciu \u2013 <strong data-start=\"1692\" data-end=\"1756\">dla tych, kt\u00f3rzy potrafi\u0105 po\u0142\u0105czy\u0107 elegancj\u0119 z rytmem \u017cycia.<\/strong><\/p>\n","protected":false},"excerpt":{"rendered":"<h3 data-start=\"105\" data-end=\"150\"><strong data-start=\"109\" data-end=\"148\">Jacques Marie Mage \u2013 RINGO in ALTAN<\/strong><\/h3>\n<p data-start=\"151\" data-end=\"186\"><strong data-start=\"151\" data-end=\"184\">Limitowana edycja \u2013 500 sztuk<\/strong><\/p>\n<p data-start=\"188\" data-end=\"536\"><strong data-start=\"188\" data-end=\"219\">Styl. Brzmienie. Charakter.<\/strong><br data-start=\"219\" data-end=\"222\" \/>Model <strong data-start=\"228\" data-end=\"246\">Ringo in Altan<\/strong> to ho\u0142d dla energii lat 60. \u2013 czasu, gdy muzyka, sztuka i moda tworzy\u0142y wsp\u00f3lny rytm wolno\u015bci. Te <strong data-start=\"345\" data-end=\"374\">unikalne tytanowe okulary<\/strong> z podw\u00f3jnym mostkiem i rze\u017abionymi liniami \u0142\u0105cz\u0105 elegancj\u0119 z rockowym duchem, tworz\u0105c kompozycj\u0119 tak harmonijn\u0105, jak klasyczny riff basu w legendarnym utworze.<\/p>\n<p data-start=\"538\" data-end=\"1003\">R\u0119cznie wykonane w Japonii z <strong data-start=\"567\" data-end=\"614\">100% tytanu klasy beta w kolorze Light Gold<\/strong>, model Ringo zachwyca <strong data-start=\"637\" data-end=\"694\">10-milimetrowymi acetatowymi oprawkami wok\u00f3\u0142 soczewek<\/strong>, charakterystycznymi <strong data-start=\"716\" data-end=\"770\">ko\u0144c\u00f3wkami zausznik\u00f3w r\u0119cznie malowanymi epoksydem<\/strong>, oraz precyzyjnym wyko\u0144czeniem inspirowanym kunsztem zegarmistrzowskim. Soczewki w odcieniu <strong data-start=\"863\" data-end=\"875\">zielonym<\/strong> nadaj\u0105 ca\u0142o\u015bci wywa\u017conego, luksusowego tonu \u2013 subtelnie przywo\u0142uj\u0105c ducha scenicznych reflektor\u00f3w i d\u017awi\u0119k\u00f3w rhythm &amp; bluesa.<\/p>\n<p data-start=\"1005\" data-end=\"1144\">To okulary stworzone dla os\u00f3b, kt\u00f3re s\u0142ysz\u0105 rytm stylu zanim jeszcze rozbrzmi muzyka \u2013 <strong data-start=\"1092\" data-end=\"1142\">dla tych, kt\u00f3rzy zawsze trzymaj\u0105 w\u0142asne tempo.<\/strong><\/p>\n<p data-start=\"1146\" data-end=\"1171\"><strong data-start=\"1146\" data-end=\"1169\">Detale i wykonanie:<\/strong><\/p>\n<ul data-start=\"1172\" data-end=\"1636\">\n<li data-start=\"1172\" data-end=\"1212\">\n<p data-start=\"1174\" data-end=\"1212\"><strong data-start=\"1174\" data-end=\"1185\">Rodzaj:<\/strong> okulary przeciws\u0142oneczne<\/p>\n<\/li>\n<li data-start=\"1213\" data-end=\"1274\">\n<p data-start=\"1215\" data-end=\"1274\"><strong data-start=\"1215\" data-end=\"1227\">Kszta\u0142t:<\/strong> inspirowany latami 60., z podw\u00f3jnym mostkiem<\/p>\n<\/li>\n<li data-start=\"1275\" data-end=\"1331\">\n<p data-start=\"1277\" data-end=\"1331\"><strong data-start=\"1277\" data-end=\"1287\">Kolor:<\/strong> Altan \u2013 Light Gold z zielonymi soczewkami<\/p>\n<\/li>\n<li data-start=\"1332\" data-end=\"1393\">\n<p data-start=\"1334\" data-end=\"1393\"><strong data-start=\"1334\" data-end=\"1347\">Materia\u0142:<\/strong> 100% beta tytan z wstawkami z 10 mm acetatu<\/p>\n<\/li>\n<li data-start=\"1394\" data-end=\"1471\">\n<p data-start=\"1396\" data-end=\"1471\"><strong data-start=\"1396\" data-end=\"1409\">Soczewki:<\/strong> zielone CR39, z pow\u0142ok\u0105 antyrefleksyjn\u0105, 100% UV protection<\/p>\n<\/li>\n<li data-start=\"1472\" data-end=\"1567\">\n<p data-start=\"1474\" data-end=\"1567\"><strong data-start=\"1474\" data-end=\"1490\">Wyko\u0144czenie:<\/strong> r\u0119cznie malowane ko\u0144c\u00f3wki zausznik\u00f3w, rze\u017abiony mostek i detale <em data-start=\"1555\" data-end=\"1565\">Art Deco<\/em><\/p>\n<\/li>\n<li data-start=\"1568\" data-end=\"1601\">\n<p data-start=\"1570\" data-end=\"1601\"><strong data-start=\"1570\" data-end=\"1591\">Kraj pochodzenia:<\/strong> Japonia<\/p>\n<\/li>\n<li data-start=\"1602\" data-end=\"1636\">\n<p data-start=\"1604\" data-end=\"1636\"><strong data-start=\"1604\" data-end=\"1618\">Limitacja:<\/strong> 500 egzemplarzy<\/p>\n<\/li>\n<\/ul>\n","protected":false},"featured_media":2493,"template":"","meta":{"_acf_changed":false,"_joinchat":[]},"product_brand":[82],"product_cat":[32,37,51,30,35],"product_tag":[],"model":[],"class_list":{"0":"post-2485","1":"product","2":"type-product","3":"status-publish","4":"has-post-thumbnail","6":"product_brand-jacques-marie-mage","7":"product_cat-damskie","8":"product_cat-meskie","9":"product_cat-okulary-korekcyjne","10":"product_cat-okulary-przeciwsloneczne","11":"product_cat-unisex","13":"first","14":"instock","15":"shipping-taxable","16":"purchasable","17":"product-type-simple"},"acf":[],"aioseo_notices":[],"_links":{"self":[{"href":"https:\/\/www.diukoptyk.pl\/pl\/wp-json\/wp\/v2\/product\/2485","targetHints":{"allow":["GET"]}}],"collection":[{"href":"https:\/\/www.diukoptyk.pl\/pl\/wp-json\/wp\/v2\/product"}],"about":[{"href":"https:\/\/www.diukoptyk.pl\/pl\/wp-json\/wp\/v2\/types\/product"}],"version-history":[{"count":1,"href":"https:\/\/www.diukoptyk.pl\/pl\/wp-json\/wp\/v2\/product\/2485\/revisions"}],"predecessor-version":[{"id":5214,"href":"https:\/\/www.diukoptyk.pl\/pl\/wp-json\/wp\/v2\/product\/2485\/revisions\/5214"}],"wp:featuredmedia":[{"embeddable":true,"href":"https:\/\/www.diukoptyk.pl\/pl\/wp-json\/wp\/v2\/media\/2493"}],"wp:attachment":[{"href":"https:\/\/www.diukoptyk.pl\/pl\/wp-json\/wp\/v2\/media?parent=2485"}],"wp:term":[{"taxonomy":"product_brand","embeddable":true,"href":"https:\/\/www.diukoptyk.pl\/pl\/wp-json\/wp\/v2\/product_brand?post=2485"},{"taxonomy":"product_cat","embeddable":true,"href":"https:\/\/www.diukoptyk.pl\/pl\/wp-json\/wp\/v2\/product_cat?post=2485"},{"taxonomy":"product_tag","embeddable":true,"href":"https:\/\/www.diukoptyk.pl\/pl\/wp-json\/wp\/v2\/product_tag?post=2485"},{"taxonomy":"model","embeddable":true,"href":"https:\/\/www.diukoptyk.pl\/pl\/wp-json\/wp\/v2\/model?post=2485"}],"curies":[{"name":"wp","href":"https:\/\/api.w.org\/{rel}","templated":true}]}}