{"id":2477,"date":"2025-10-13T14:17:03","date_gmt":"2025-10-13T12:17:03","guid":{"rendered":"https:\/\/www.diukoptyk.pl\/?post_type=product&#038;p=2477"},"modified":"2026-03-05T18:02:07","modified_gmt":"2026-03-05T17:02:07","slug":"jacques-marie-mage-quentin-black-fade","status":"publish","type":"product","link":"https:\/\/www.diukoptyk.pl\/pl\/produkt\/jacques-marie-mage-quentin-black-fade\/","title":{"rendered":"Jacques Marie Mage QUENTIN | BLACK FADE"},"content":{"rendered":"<p><strong data-start=\"2064\" data-end=\"2077\">Dla kogo:<\/strong><br data-start=\"2077\" data-end=\"2080\" \/>Dla mi\u0142o\u015bnik\u00f3w autentyczno\u015bci i historii \u2013 <strong data-start=\"2123\" data-end=\"2220\">dla tych, kt\u00f3rzy nosz\u0105 styl jak manifest i maj\u0105 odwag\u0119 by\u0107 sob\u0105, nawet w \u015bwietle reflektor\u00f3w.<\/strong><\/p>\n","protected":false},"excerpt":{"rendered":"<h3 data-start=\"183\" data-end=\"258\"><strong data-start=\"187\" data-end=\"256\">Jacques Marie Mage \u2013 QUENTIN 3R \/ BLACK FADE \/ LIGHT BOTTLE GREEN<\/strong><\/h3>\n<p data-start=\"259\" data-end=\"312\"><strong data-start=\"259\" data-end=\"310\">Limitowana edycja z kolekcji Johnny Cash by JMM<\/strong><\/p>\n<p data-start=\"314\" data-end=\"716\"><strong data-start=\"314\" data-end=\"354\">Legenda. Autentyczno\u015b\u0107. Si\u0142a wyrazu.<\/strong><br data-start=\"354\" data-end=\"357\" \/>Model <strong data-start=\"363\" data-end=\"377\">Quentin 3R<\/strong> to wyj\u0105tkowy ho\u0142d dla niez\u0142omnego ducha wolno\u015bci \u2013 inspirowany okularami wi\u0119\u017ania uchwyconego podczas legendarnego koncertu <strong data-start=\"501\" data-end=\"547\">Johnny\u2019ego Casha w San Quentin w 1969 roku<\/strong>. To dzie\u0142o rzemios\u0142a, kt\u00f3re \u0142\u0105czy surowo\u015b\u0107 historii z elegancj\u0105 wsp\u00f3\u0142czesnego designu, tworz\u0105c <strong data-start=\"643\" data-end=\"714\">unikaln\u0105 kolekcjonersk\u0105 form\u0119 o mocnym, intelektualnym charakterze.<\/strong><\/p>\n<p data-start=\"718\" data-end=\"1148\">R\u0119cznie wykonane w Japonii z <strong data-start=\"747\" data-end=\"789\">10-milimetrowego acetatu klasy premium<\/strong>, oprawki w kolorze <strong data-start=\"809\" data-end=\"823\">Black Fade<\/strong> zachwycaj\u0105 detalami \u2013 od <strong data-start=\"849\" data-end=\"887\">srebrnych nit\u00f3w w kszta\u0142cie topora<\/strong> i <strong data-start=\"890\" data-end=\"945\">ods\u0142oni\u0119tego srebrnego rdzenia Spiketail z grawerem<\/strong>, po <strong data-start=\"950\" data-end=\"997\">sygnatur\u0119 Johnny\u2019ego Casha w srebrnej folii<\/strong> na wewn\u0119trznej stronie zausznika. Ca\u0142o\u015b\u0107 uzupe\u0142niaj\u0105 <strong data-start=\"1051\" data-end=\"1100\">zielone soczewki Light Bottle Green ArmorLite<\/strong> z pow\u0142ok\u0105 antyrefleksyjn\u0105 i pe\u0142n\u0105 ochron\u0105 UV.<\/p>\n<p data-start=\"1150\" data-end=\"1305\">To okulary, kt\u00f3re nosz\u0105 w sobie histori\u0119 odwagi, muzyki i nieust\u0119pliwego charakteru \u2013 <strong data-start=\"1236\" data-end=\"1303\">dla tych, kt\u00f3rzy id\u0105 w\u0142asn\u0105 drog\u0105, niezale\u017cnie od okoliczno\u015bci.<\/strong><\/p>\n<p data-start=\"1307\" data-end=\"1332\"><strong data-start=\"1307\" data-end=\"1330\">Detale i wykonanie:<\/strong><\/p>\n<ul data-start=\"1333\" data-end=\"2062\">\n<li data-start=\"1333\" data-end=\"1373\">\n<p data-start=\"1335\" data-end=\"1373\"><strong data-start=\"1335\" data-end=\"1346\">Rodzaj:<\/strong> okulary przeciws\u0142oneczne<\/p>\n<\/li>\n<li data-start=\"1374\" data-end=\"1431\">\n<p data-start=\"1376\" data-end=\"1431\"><strong data-start=\"1376\" data-end=\"1388\">Kszta\u0142t:<\/strong> prostok\u0105tny, klasyczny z mocnym profilem<\/p>\n<\/li>\n<li data-start=\"1432\" data-end=\"1489\">\n<p data-start=\"1434\" data-end=\"1489\"><strong data-start=\"1434\" data-end=\"1444\">Kolor:<\/strong> Black Fade z soczewkami Light Bottle Green<\/p>\n<\/li>\n<li data-start=\"1490\" data-end=\"1568\">\n<p data-start=\"1492\" data-end=\"1568\"><strong data-start=\"1492\" data-end=\"1505\">Materia\u0142:<\/strong> 10 mm utwardzany acetat z podw\u00f3jnie laminowanymi zausznikami<\/p>\n<\/li>\n<li data-start=\"1569\" data-end=\"1778\">\n<p data-start=\"1571\" data-end=\"1584\"><strong data-start=\"1571\" data-end=\"1582\">Detale:<\/strong><\/p>\n<ul data-start=\"1587\" data-end=\"1778\">\n<li data-start=\"1587\" data-end=\"1622\">\n<p data-start=\"1589\" data-end=\"1622\">Srebrne nity w kszta\u0142cie topora<\/p>\n<\/li>\n<li data-start=\"1625\" data-end=\"1683\">\n<p data-start=\"1627\" data-end=\"1683\">Widoczny srebrny rdze\u0144 <em data-start=\"1650\" data-end=\"1670\">Spiketail Wirecore<\/em> z grawerem<\/p>\n<\/li>\n<li data-start=\"1686\" data-end=\"1730\">\n<p data-start=\"1688\" data-end=\"1730\">Sygnatura <em data-start=\"1698\" data-end=\"1711\">Johnny Cash<\/em> w srebrnej folii<\/p>\n<\/li>\n<li data-start=\"1733\" data-end=\"1778\">\n<p data-start=\"1735\" data-end=\"1778\">Zawias <em data-start=\"1742\" data-end=\"1752\">9-barrel<\/em> z napi\u0119ciem precyzyjnym<\/p>\n<\/li>\n<\/ul>\n<\/li>\n<li data-start=\"1779\" data-end=\"1859\">\n<p data-start=\"1781\" data-end=\"1859\"><strong data-start=\"1781\" data-end=\"1794\">Soczewki:<\/strong> Light Bottle Green ArmorLite 4-base, z pow\u0142ok\u0105 antyrefleksyjn\u0105<\/p>\n<\/li>\n<li data-start=\"1860\" data-end=\"1884\">\n<p data-start=\"1862\" data-end=\"1884\"><strong data-start=\"1862\" data-end=\"1874\">Ochrona:<\/strong> 100% UV<\/p>\n<\/li>\n<li data-start=\"1885\" data-end=\"1943\">\n<p data-start=\"1887\" data-end=\"1943\"><strong data-start=\"1887\" data-end=\"1899\">Wymiary:<\/strong> Eye 50 mm | Bridge 22 mm | Temples 149 mm<\/p>\n<\/li>\n<li data-start=\"1944\" data-end=\"1977\">\n<p data-start=\"1946\" data-end=\"1977\"><strong data-start=\"1946\" data-end=\"1967\">Kraj pochodzenia:<\/strong> Japonia<\/p>\n<\/li>\n<li data-start=\"1978\" data-end=\"2014\">\n<p data-start=\"1980\" data-end=\"2014\"><strong data-start=\"1980\" data-end=\"1993\">Kolekcja:<\/strong> Johnny Cash by JMM<\/p>\n<\/li>\n<li data-start=\"2015\" data-end=\"2062\">\n<p data-start=\"2017\" data-end=\"2062\"><strong data-start=\"2017\" data-end=\"2031\">Limitacja:<\/strong> limitowana, numerowana seria<\/p>\n<\/li>\n<\/ul>\n","protected":false},"featured_media":2483,"template":"","meta":{"_acf_changed":false,"_joinchat":[]},"product_brand":[82],"product_cat":[37,30,35],"product_tag":[],"model":[],"class_list":{"0":"post-2477","1":"product","2":"type-product","3":"status-publish","4":"has-post-thumbnail","6":"product_brand-jacques-marie-mage","7":"product_cat-meskie","8":"product_cat-okulary-przeciwsloneczne","9":"product_cat-unisex","11":"first","12":"outofstock","13":"shipping-taxable","14":"purchasable","15":"product-type-simple"},"acf":[],"aioseo_notices":[],"_links":{"self":[{"href":"https:\/\/www.diukoptyk.pl\/pl\/wp-json\/wp\/v2\/product\/2477","targetHints":{"allow":["GET"]}}],"collection":[{"href":"https:\/\/www.diukoptyk.pl\/pl\/wp-json\/wp\/v2\/product"}],"about":[{"href":"https:\/\/www.diukoptyk.pl\/pl\/wp-json\/wp\/v2\/types\/product"}],"version-history":[{"count":2,"href":"https:\/\/www.diukoptyk.pl\/pl\/wp-json\/wp\/v2\/product\/2477\/revisions"}],"predecessor-version":[{"id":4285,"href":"https:\/\/www.diukoptyk.pl\/pl\/wp-json\/wp\/v2\/product\/2477\/revisions\/4285"}],"wp:featuredmedia":[{"embeddable":true,"href":"https:\/\/www.diukoptyk.pl\/pl\/wp-json\/wp\/v2\/media\/2483"}],"wp:attachment":[{"href":"https:\/\/www.diukoptyk.pl\/pl\/wp-json\/wp\/v2\/media?parent=2477"}],"wp:term":[{"taxonomy":"product_brand","embeddable":true,"href":"https:\/\/www.diukoptyk.pl\/pl\/wp-json\/wp\/v2\/product_brand?post=2477"},{"taxonomy":"product_cat","embeddable":true,"href":"https:\/\/www.diukoptyk.pl\/pl\/wp-json\/wp\/v2\/product_cat?post=2477"},{"taxonomy":"product_tag","embeddable":true,"href":"https:\/\/www.diukoptyk.pl\/pl\/wp-json\/wp\/v2\/product_tag?post=2477"},{"taxonomy":"model","embeddable":true,"href":"https:\/\/www.diukoptyk.pl\/pl\/wp-json\/wp\/v2\/model?post=2477"}],"curies":[{"name":"wp","href":"https:\/\/api.w.org\/{rel}","templated":true}]}}