{"id":2454,"date":"2025-10-13T13:10:21","date_gmt":"2025-10-13T11:10:21","guid":{"rendered":"https:\/\/www.diukoptyk.pl\/?post_type=product&#038;p=2454"},"modified":"2026-03-05T18:01:18","modified_gmt":"2026-03-05T17:01:18","slug":"jacques-marie-mahe-neptune-port","status":"publish","type":"product","link":"https:\/\/www.diukoptyk.pl\/pl\/produkt\/jacques-marie-mahe-neptune-port\/","title":{"rendered":"Jacques Marie Mahe NEPTUNE | PORT"},"content":{"rendered":"<p><strong data-start=\"1490\" data-end=\"1503\">Dla kogo:<\/strong><br data-start=\"1503\" data-end=\"1506\" \/>Dla nocnych odkrywc\u00f3w i urodzonych lider\u00f3w \u2013 <strong data-start=\"1551\" data-end=\"1617\">dla tych, kt\u00f3rzy maj\u0105 w sobie si\u0142\u0119, by zawsze by\u0107 \u201ena li\u015bcie\u201d.<\/strong><\/p>\n","protected":false},"excerpt":{"rendered":"<h3 data-start=\"110\" data-end=\"160\"><strong data-start=\"114\" data-end=\"158\">Jacques Marie Mage \u2013 NEPTUNE \/ PORT<\/strong><\/h3>\n<p data-start=\"161\" data-end=\"196\"><strong data-start=\"161\" data-end=\"194\">Limitowana edycja \u2013 500 sztuk<\/strong><\/p>\n<p data-start=\"198\" data-end=\"554\"><strong data-start=\"198\" data-end=\"233\">Moc. Noc. Styl bez kompromis\u00f3w.<\/strong><br data-start=\"233\" data-end=\"236\" \/>Model <strong data-start=\"242\" data-end=\"265\">Neptune \/ Port<\/strong>\u00a0to uniseksowy <strong data-start=\"280\" data-end=\"320\">navigator inspirowany duchem lat 80.<\/strong> \u2013 era, w kt\u00f3rej styl by\u0142 manifestem wolno\u015bci, a noc nale\u017ca\u0142a do tych, kt\u00f3rzy odwa\u017cali si\u0119 wyr\u00f3\u017cnia\u0107. Z subtelnym podw\u00f3jnym mostkiem i pot\u0119\u017cn\u0105 sylwetk\u0105, <strong data-start=\"473\" data-end=\"484\">Neptune<\/strong> \u0142\u0105czy wyrafinowan\u0105 form\u0119 z energi\u0105 miasta, kt\u00f3re nigdy nie zasypia.<\/p>\n<p data-start=\"556\" data-end=\"950\">R\u0119cznie wykonane w Japonii z <strong data-start=\"585\" data-end=\"620\">8-milimetrowego acetatu premium<\/strong>, oprawki w g\u0142\u0119bokim odcieniu <strong data-start=\"650\" data-end=\"671\">burgundu\/Port<\/strong> zosta\u0142y wyko\u0144czone <strong data-start=\"691\" data-end=\"728\">ukrytym rdzeniem ze srebra<\/strong>, <strong data-start=\"730\" data-end=\"761\">autorskim zawiasem 7-barrel<\/strong>, a ca\u0142o\u015b\u0107 dope\u0142niaj\u0105 <strong data-start=\"783\" data-end=\"813\">soczewki Jet Gradient CR39<\/strong> z pow\u0142ok\u0105 antyrefleksyjn\u0105. To projekt o silnej, niepokornej osobowo\u015bci \u2013 stworzony dla ludzi, kt\u00f3rzy patrz\u0105 dalej i \u017cyj\u0105 intensywniej.<\/p>\n<p data-start=\"952\" data-end=\"977\"><strong data-start=\"952\" data-end=\"975\">Detale i wykonanie:<\/strong><\/p>\n<ul data-start=\"978\" data-end=\"1488\">\n<li data-start=\"978\" data-end=\"1025\">\n<p data-start=\"980\" data-end=\"1025\"><strong data-start=\"980\" data-end=\"991\">Rodzaj:<\/strong> okulary przeciws\u0142oneczne unisex<\/p>\n<\/li>\n<li data-start=\"1026\" data-end=\"1073\">\n<p data-start=\"1028\" data-end=\"1073\"><strong data-start=\"1028\" data-end=\"1040\">Kszta\u0142t:<\/strong> navigator z podw\u00f3jnym mostkiem<\/p>\n<\/li>\n<li data-start=\"1074\" data-end=\"1139\">\n<p data-start=\"1076\" data-end=\"1139\"><strong data-start=\"1076\" data-end=\"1086\">Kolor:<\/strong> Burgundowe z odcieniami pudrowego r\u00f3\u017cu<\/p>\n<\/li>\n<li data-start=\"1140\" data-end=\"1222\">\n<p data-start=\"1142\" data-end=\"1222\"><strong data-start=\"1142\" data-end=\"1155\">Soczewki:<\/strong> Jet Gradient CR39, 6-base, z pow\u0142ok\u0105 antyrefleksyjn\u0105 od wewn\u0105trz<\/p>\n<\/li>\n<li data-start=\"1223\" data-end=\"1300\">\n<p data-start=\"1225\" data-end=\"1300\"><strong data-start=\"1225\" data-end=\"1238\">Materia\u0142:<\/strong> 8 mm utwardzany acetat z podw\u00f3jnie laminowanymi zausznikami<\/p>\n<\/li>\n<li data-start=\"1301\" data-end=\"1394\">\n<p data-start=\"1303\" data-end=\"1394\"><strong data-start=\"1303\" data-end=\"1319\">Wyko\u0144czenie:<\/strong> ukryty srebrny rdze\u0144 <em data-start=\"1339\" data-end=\"1349\">wirecore<\/em>, zawias <em data-start=\"1358\" data-end=\"1368\">7-barrel<\/em> z precyzyjnym napi\u0119ciem<\/p>\n<\/li>\n<li data-start=\"1395\" data-end=\"1419\">\n<p data-start=\"1397\" data-end=\"1419\"><strong data-start=\"1397\" data-end=\"1409\">Ochrona:<\/strong> 100% UV<\/p>\n<\/li>\n<li data-start=\"1454\" data-end=\"1488\">\n<p data-start=\"1456\" data-end=\"1488\"><strong data-start=\"1456\" data-end=\"1470\">Limitacja:<\/strong> 500 egzemplarzy<\/p>\n<\/li>\n<\/ul>\n","protected":false},"featured_media":2456,"template":"","meta":{"_acf_changed":false,"_joinchat":[]},"product_brand":[82],"product_cat":[32,30],"product_tag":[],"model":[391],"class_list":{"0":"post-2454","1":"product","2":"type-product","3":"status-publish","4":"has-post-thumbnail","6":"product_brand-jacques-marie-mage","7":"product_cat-damskie","8":"product_cat-okulary-przeciwsloneczne","9":"model-neptune","11":"first","12":"instock","13":"shipping-taxable","14":"purchasable","15":"product-type-simple"},"acf":[],"aioseo_notices":[],"_links":{"self":[{"href":"https:\/\/www.diukoptyk.pl\/pl\/wp-json\/wp\/v2\/product\/2454","targetHints":{"allow":["GET"]}}],"collection":[{"href":"https:\/\/www.diukoptyk.pl\/pl\/wp-json\/wp\/v2\/product"}],"about":[{"href":"https:\/\/www.diukoptyk.pl\/pl\/wp-json\/wp\/v2\/types\/product"}],"version-history":[{"count":1,"href":"https:\/\/www.diukoptyk.pl\/pl\/wp-json\/wp\/v2\/product\/2454\/revisions"}],"predecessor-version":[{"id":4531,"href":"https:\/\/www.diukoptyk.pl\/pl\/wp-json\/wp\/v2\/product\/2454\/revisions\/4531"}],"wp:featuredmedia":[{"embeddable":true,"href":"https:\/\/www.diukoptyk.pl\/pl\/wp-json\/wp\/v2\/media\/2456"}],"wp:attachment":[{"href":"https:\/\/www.diukoptyk.pl\/pl\/wp-json\/wp\/v2\/media?parent=2454"}],"wp:term":[{"taxonomy":"product_brand","embeddable":true,"href":"https:\/\/www.diukoptyk.pl\/pl\/wp-json\/wp\/v2\/product_brand?post=2454"},{"taxonomy":"product_cat","embeddable":true,"href":"https:\/\/www.diukoptyk.pl\/pl\/wp-json\/wp\/v2\/product_cat?post=2454"},{"taxonomy":"product_tag","embeddable":true,"href":"https:\/\/www.diukoptyk.pl\/pl\/wp-json\/wp\/v2\/product_tag?post=2454"},{"taxonomy":"model","embeddable":true,"href":"https:\/\/www.diukoptyk.pl\/pl\/wp-json\/wp\/v2\/model?post=2454"}],"curies":[{"name":"wp","href":"https:\/\/api.w.org\/{rel}","templated":true}]}}