{"id":2441,"date":"2025-10-13T12:57:15","date_gmt":"2025-10-13T10:57:15","guid":{"rendered":"https:\/\/www.diukoptyk.pl\/?post_type=product&#038;p=2441"},"modified":"2026-03-05T18:01:05","modified_gmt":"2026-03-05T17:01:05","slug":"jacques-marie-mage-nadja-noir","status":"publish","type":"product","link":"https:\/\/www.diukoptyk.pl\/pl\/produkt\/jacques-marie-mage-nadja-noir\/","title":{"rendered":"Jacques Marie Mage NADJA | NOIR"},"content":{"rendered":"<p><strong data-start=\"1665\" data-end=\"1678\">Dla kogo:<\/strong><br data-start=\"1678\" data-end=\"1681\" \/>Dla kobiet, kt\u00f3re maj\u0105 w sobie odwag\u0119 supermodelki i wyrafinowanie ikony stylu \u2013 <strong data-start=\"1762\" data-end=\"1817\">dla tych, kt\u00f3re nie id\u0105 za mod\u0105, lecz j\u0105 definiuj\u0105.<\/strong><\/p>\n","protected":false},"excerpt":{"rendered":"<h3 data-start=\"154\" data-end=\"205\"><strong data-start=\"158\" data-end=\"203\">Jacques Marie Mage \u2013 NADJA \/ NOIR \/ AZURE<\/strong><\/h3>\n<p data-start=\"206\" data-end=\"241\"><strong data-start=\"206\" data-end=\"239\">Limitowana edycja \u2013 350 sztuk<\/strong><\/p>\n<p data-start=\"243\" data-end=\"597\"><strong data-start=\"243\" data-end=\"290\">Zmys\u0142owo\u015b\u0107. Styl. Ikoniczny glamour lat 90.<\/strong><br data-start=\"290\" data-end=\"293\" \/>Model <strong data-start=\"299\" data-end=\"324\">Nadja in Noir \/ Azure<\/strong> to wyrafinowany ho\u0142d dla ery supermodelek i z\u0142otego okresu nowojorskiego wybiegu. Inspirowane duchem lat 90., te <strong data-start=\"438\" data-end=\"487\">kocie oprawki o mi\u0119kkim, eleganckim kszta\u0142cie<\/strong> przywo\u0142uj\u0105 powr\u00f3t hollywoodzkiego przepychu, pewno\u015bci siebie i magnetyzmu, kt\u00f3ry nigdy nie wychodzi z mody.<\/p>\n<p data-start=\"599\" data-end=\"1011\">R\u0119cznie wykonane w Japonii z <strong data-start=\"628\" data-end=\"664\">8-milimetrowego czarnego acetatu<\/strong>, okulary <strong data-start=\"674\" data-end=\"683\">Nadja<\/strong> zachwycaj\u0105 <strong data-start=\"695\" data-end=\"733\">detalami w odcieniu ciemnego z\u0142ota<\/strong>, <strong data-start=\"735\" data-end=\"778\">ukrytym drutem z grawerem typu hairline<\/strong> oraz <strong data-start=\"784\" data-end=\"817\">autorskimi zawiasami 7-barrel<\/strong> zapewniaj\u0105cymi stabilno\u015b\u0107 i trwa\u0142o\u015b\u0107. Soczewki <strong data-start=\"865\" data-end=\"879\">Azure CR39<\/strong> z pow\u0142ok\u0105 antyrefleksyjn\u0105 nadaj\u0105 spojrzeniu g\u0142\u0119bi, a konstrukcja <em data-start=\"945\" data-end=\"957\">wrap frame<\/em> otula twarz w stylu, kt\u00f3ry \u0142\u0105czy subtelno\u015b\u0107 i si\u0142\u0119.<\/p>\n<p data-start=\"1013\" data-end=\"1127\">To model, kt\u00f3ry emanuje energi\u0105 wybiegu i elegancj\u0105 kina \u2013 <strong data-start=\"1072\" data-end=\"1125\">dla kobiet, kt\u00f3re potrafi\u0105 b\u0142yszcze\u0107 bez wysi\u0142ku.<\/strong><\/p>\n<p data-start=\"1129\" data-end=\"1154\"><strong data-start=\"1129\" data-end=\"1152\">Detale i wykonanie:<\/strong><\/p>\n<ul data-start=\"1155\" data-end=\"1663\">\n<li data-start=\"1155\" data-end=\"1195\">\n<p data-start=\"1157\" data-end=\"1195\"><strong data-start=\"1157\" data-end=\"1168\">Rodzaj:<\/strong> okulary przeciws\u0142oneczne<\/p>\n<\/li>\n<li data-start=\"1196\" data-end=\"1243\">\n<p data-start=\"1198\" data-end=\"1243\"><strong data-start=\"1198\" data-end=\"1210\">Kszta\u0142t:<\/strong> cat-eye inspirowany latami 90.<\/p>\n<\/li>\n<li data-start=\"1244\" data-end=\"1295\">\n<p data-start=\"1246\" data-end=\"1295\"><strong data-start=\"1246\" data-end=\"1256\">Kolor:<\/strong> Noir z detalami w odcieniu Dark Gold<\/p>\n<\/li>\n<li data-start=\"1296\" data-end=\"1371\">\n<p data-start=\"1298\" data-end=\"1371\"><strong data-start=\"1298\" data-end=\"1311\">Soczewki:<\/strong> Azure CR39, 6-base, z pow\u0142ok\u0105 antyrefleksyjn\u0105 od wewn\u0105trz<\/p>\n<\/li>\n<li data-start=\"1372\" data-end=\"1425\">\n<p data-start=\"1374\" data-end=\"1425\"><strong data-start=\"1374\" data-end=\"1387\">Materia\u0142:<\/strong> 8 mm utwardzany acetat (wrap frame)<\/p>\n<\/li>\n<li data-start=\"1426\" data-end=\"1535\">\n<p data-start=\"1428\" data-end=\"1535\"><strong data-start=\"1428\" data-end=\"1444\">Wyko\u0144czenie:<\/strong> ukryty drut z grawerem <em data-start=\"1468\" data-end=\"1478\">hairline<\/em>, zawias <em data-start=\"1487\" data-end=\"1497\">7-barrel<\/em>, precyzyjne detale z ciemnego z\u0142ota<\/p>\n<\/li>\n<li data-start=\"1536\" data-end=\"1594\">\n<p data-start=\"1538\" data-end=\"1594\"><strong data-start=\"1538\" data-end=\"1550\">Wymiary:<\/strong> Eye 54 mm | Bridge 17 mm | Temples 142 mm<\/p>\n<\/li>\n<li data-start=\"1595\" data-end=\"1628\">\n<p data-start=\"1597\" data-end=\"1628\"><strong data-start=\"1597\" data-end=\"1618\">Kraj pochodzenia:<\/strong> Japonia<\/p>\n<\/li>\n<li data-start=\"1629\" data-end=\"1663\">\n<p data-start=\"1631\" data-end=\"1663\"><strong data-start=\"1631\" data-end=\"1645\">Limitacja:<\/strong> 350 egzemplarzy<\/p>\n<\/li>\n<\/ul>\n","protected":false},"featured_media":2446,"template":"","meta":{"_acf_changed":false,"_joinchat":[]},"product_brand":[82],"product_cat":[32,30],"product_tag":[],"model":[],"class_list":{"0":"post-2441","1":"product","2":"type-product","3":"status-publish","4":"has-post-thumbnail","6":"product_brand-jacques-marie-mage","7":"product_cat-damskie","8":"product_cat-okulary-przeciwsloneczne","10":"first","11":"instock","12":"shipping-taxable","13":"purchasable","14":"product-type-simple"},"acf":[],"aioseo_notices":[],"_links":{"self":[{"href":"https:\/\/www.diukoptyk.pl\/pl\/wp-json\/wp\/v2\/product\/2441","targetHints":{"allow":["GET"]}}],"collection":[{"href":"https:\/\/www.diukoptyk.pl\/pl\/wp-json\/wp\/v2\/product"}],"about":[{"href":"https:\/\/www.diukoptyk.pl\/pl\/wp-json\/wp\/v2\/types\/product"}],"version-history":[{"count":1,"href":"https:\/\/www.diukoptyk.pl\/pl\/wp-json\/wp\/v2\/product\/2441\/revisions"}],"predecessor-version":[{"id":5213,"href":"https:\/\/www.diukoptyk.pl\/pl\/wp-json\/wp\/v2\/product\/2441\/revisions\/5213"}],"wp:featuredmedia":[{"embeddable":true,"href":"https:\/\/www.diukoptyk.pl\/pl\/wp-json\/wp\/v2\/media\/2446"}],"wp:attachment":[{"href":"https:\/\/www.diukoptyk.pl\/pl\/wp-json\/wp\/v2\/media?parent=2441"}],"wp:term":[{"taxonomy":"product_brand","embeddable":true,"href":"https:\/\/www.diukoptyk.pl\/pl\/wp-json\/wp\/v2\/product_brand?post=2441"},{"taxonomy":"product_cat","embeddable":true,"href":"https:\/\/www.diukoptyk.pl\/pl\/wp-json\/wp\/v2\/product_cat?post=2441"},{"taxonomy":"product_tag","embeddable":true,"href":"https:\/\/www.diukoptyk.pl\/pl\/wp-json\/wp\/v2\/product_tag?post=2441"},{"taxonomy":"model","embeddable":true,"href":"https:\/\/www.diukoptyk.pl\/pl\/wp-json\/wp\/v2\/model?post=2441"}],"curies":[{"name":"wp","href":"https:\/\/api.w.org\/{rel}","templated":true}]}}