{"id":2437,"date":"2025-10-13T12:41:04","date_gmt":"2025-10-13T10:41:04","guid":{"rendered":"https:\/\/www.diukoptyk.pl\/?post_type=product&#038;p=2437"},"modified":"2026-03-05T18:00:57","modified_gmt":"2026-03-05T17:00:57","slug":"jacques-marie-mage-moscova-hickory","status":"publish","type":"product","link":"https:\/\/www.diukoptyk.pl\/pl\/produkt\/jacques-marie-mage-moscova-hickory\/","title":{"rendered":"Jacques Marie Mage MOSCOVA | HICKORY"},"content":{"rendered":"<p><strong data-start=\"1279\" data-end=\"1292\">Dla kogo:<\/strong><br data-start=\"1292\" data-end=\"1295\" \/>Dla os\u00f3b, kt\u00f3re \u0142\u0105cz\u0105 intelekt z estetyk\u0105 \u2013 <strong data-start=\"1339\" data-end=\"1398\">dla tych, kt\u00f3rzy ceni\u0105 harmoni\u0119 pomi\u0119dzy my\u015bl\u0105 a form\u0105.<\/strong><\/p>\n","protected":false},"excerpt":{"rendered":"<h3 data-start=\"109\" data-end=\"158\"><strong data-start=\"113\" data-end=\"156\">Jacques Marie Mage \u2013 MOSCOVA in HICKORY<\/strong><\/h3>\n<p data-start=\"159\" data-end=\"194\"><strong data-start=\"159\" data-end=\"192\">Limitowana edycja \u2013 350 sztuk<\/strong><\/p>\n<p data-start=\"196\" data-end=\"539\"><strong data-start=\"196\" data-end=\"237\">Inteligencja w formie. Si\u0142a w detalu.<\/strong><br data-start=\"237\" data-end=\"240\" \/>Model <strong data-start=\"246\" data-end=\"268\">Moscova in Hickory<\/strong> to ho\u0142d dla precyzji, logiki i klasycznej elegancji. Te <strong data-start=\"325\" data-end=\"381\">oprawki optyczne o wyrazistym prostok\u0105tnym kszta\u0142cie<\/strong> zosta\u0142y zaprojektowane z my\u015bl\u0105 o osobach, kt\u00f3re ceni\u0105 czysto\u015b\u0107 formy i g\u0142\u0119bi\u0119 znaczenia \u2013 \u0142\u0105cz\u0105c intelektualny ch\u0142\u00f3d modernizmu z wyrafinowanym rzemios\u0142em.<\/p>\n<p data-start=\"541\" data-end=\"883\">R\u0119cznie wykonane w Japonii, wyr\u00f3\u017cniaj\u0105 si\u0119 <strong data-start=\"584\" data-end=\"626\">solidnym zawiasem monoblock z logo JMM<\/strong>, <strong data-start=\"628\" data-end=\"709\">zausznikami z metalowym rdzeniem zdobionym precyzyjnym grawerem typu hairline<\/strong> oraz <strong data-start=\"715\" data-end=\"786\">klarown\u0105, rze\u017abiarsk\u0105 lini\u0105 inspirowan\u0105 brutalistyczn\u0105 architektur\u0105<\/strong>. To okulary, kt\u00f3re przyci\u0105gaj\u0105 nie krzykiem, lecz obecno\u015bci\u0105 \u2013 subtelne, mocne i ponadczasowe.<\/p>\n<p data-start=\"885\" data-end=\"910\"><strong data-start=\"885\" data-end=\"908\">Detale i wykonanie:<\/strong><\/p>\n<ul data-start=\"911\" data-end=\"1277\">\n<li data-start=\"911\" data-end=\"945\">\n<p data-start=\"913\" data-end=\"945\"><strong data-start=\"913\" data-end=\"924\">Rodzaj:<\/strong> okulary korekcyjne<\/p>\n<\/li>\n<li data-start=\"946\" data-end=\"986\">\n<p data-start=\"948\" data-end=\"986\"><strong data-start=\"948\" data-end=\"960\">Kszta\u0142t:<\/strong> prostok\u0105tny, nowoczesny<\/p>\n<\/li>\n<li data-start=\"987\" data-end=\"1034\">\n<p data-start=\"989\" data-end=\"1034\"><strong data-start=\"989\" data-end=\"999\">Kolor:<\/strong> Hickory \u2013 ciep\u0142y, naturalny br\u0105z<\/p>\n<\/li>\n<li data-start=\"1035\" data-end=\"1099\">\n<p data-start=\"1037\" data-end=\"1099\"><strong data-start=\"1037\" data-end=\"1050\">Materia\u0142:<\/strong> najwy\u017cszej jako\u015bci acetat z metalowym rdzeniem<\/p>\n<\/li>\n<li data-start=\"1100\" data-end=\"1158\">\n<p data-start=\"1102\" data-end=\"1158\"><strong data-start=\"1102\" data-end=\"1113\">Zawias:<\/strong> tytanowy monoblock z grawerowanym logo JMM<\/p>\n<\/li>\n<li data-start=\"1159\" data-end=\"1208\">\n<p data-start=\"1161\" data-end=\"1208\"><strong data-start=\"1161\" data-end=\"1175\">Zauszniki:<\/strong> grawerowane w stylu <em data-start=\"1196\" data-end=\"1206\">hairline<\/em><\/p>\n<\/li>\n<li data-start=\"1209\" data-end=\"1242\">\n<p data-start=\"1211\" data-end=\"1242\"><strong data-start=\"1211\" data-end=\"1232\">Kraj pochodzenia:<\/strong> Japonia<\/p>\n<\/li>\n<li data-start=\"1243\" data-end=\"1277\">\n<p data-start=\"1245\" data-end=\"1277\"><strong data-start=\"1245\" data-end=\"1259\">Limitacja:<\/strong> 350 egzemplarzy<\/p>\n<\/li>\n<\/ul>\n","protected":false},"featured_media":2439,"template":"","meta":{"_acf_changed":false,"_joinchat":[]},"product_brand":[82],"product_cat":[32,37,51,35],"product_tag":[],"model":[],"class_list":{"0":"post-2437","1":"product","2":"type-product","3":"status-publish","4":"has-post-thumbnail","6":"product_brand-jacques-marie-mage","7":"product_cat-damskie","8":"product_cat-meskie","9":"product_cat-okulary-korekcyjne","10":"product_cat-unisex","12":"first","13":"instock","14":"shipping-taxable","15":"purchasable","16":"product-type-simple"},"acf":[],"aioseo_notices":[],"_links":{"self":[{"href":"https:\/\/www.diukoptyk.pl\/pl\/wp-json\/wp\/v2\/product\/2437","targetHints":{"allow":["GET"]}}],"collection":[{"href":"https:\/\/www.diukoptyk.pl\/pl\/wp-json\/wp\/v2\/product"}],"about":[{"href":"https:\/\/www.diukoptyk.pl\/pl\/wp-json\/wp\/v2\/types\/product"}],"version-history":[{"count":1,"href":"https:\/\/www.diukoptyk.pl\/pl\/wp-json\/wp\/v2\/product\/2437\/revisions"}],"predecessor-version":[{"id":5212,"href":"https:\/\/www.diukoptyk.pl\/pl\/wp-json\/wp\/v2\/product\/2437\/revisions\/5212"}],"wp:featuredmedia":[{"embeddable":true,"href":"https:\/\/www.diukoptyk.pl\/pl\/wp-json\/wp\/v2\/media\/2439"}],"wp:attachment":[{"href":"https:\/\/www.diukoptyk.pl\/pl\/wp-json\/wp\/v2\/media?parent=2437"}],"wp:term":[{"taxonomy":"product_brand","embeddable":true,"href":"https:\/\/www.diukoptyk.pl\/pl\/wp-json\/wp\/v2\/product_brand?post=2437"},{"taxonomy":"product_cat","embeddable":true,"href":"https:\/\/www.diukoptyk.pl\/pl\/wp-json\/wp\/v2\/product_cat?post=2437"},{"taxonomy":"product_tag","embeddable":true,"href":"https:\/\/www.diukoptyk.pl\/pl\/wp-json\/wp\/v2\/product_tag?post=2437"},{"taxonomy":"model","embeddable":true,"href":"https:\/\/www.diukoptyk.pl\/pl\/wp-json\/wp\/v2\/model?post=2437"}],"curies":[{"name":"wp","href":"https:\/\/api.w.org\/{rel}","templated":true}]}}