{"id":2407,"date":"2025-10-13T12:17:15","date_gmt":"2025-10-13T10:17:15","guid":{"rendered":"https:\/\/www.diukoptyk.pl\/?post_type=product&#038;p=2407"},"modified":"2026-03-05T17:58:46","modified_gmt":"2026-03-05T16:58:46","slug":"jacques-marie-mage-molino-hickory-fade-rx-55","status":"publish","type":"product","link":"https:\/\/www.diukoptyk.pl\/pl\/produkt\/jacques-marie-mage-molino-hickory-fade-rx-55\/","title":{"rendered":"Jacques Marie Mage MOLINO (55) | HICKORY FADE RX"},"content":{"rendered":"<p class=\"p1\"><b>Dla kogo?<\/b><br \/>\nTo ponadczasowa ikona JMM, stworzona dla os\u00f3b, kt\u00f3re ceni\u0105 luksusowe rzemios\u0142o, mocny design i artystyczn\u0105 ekspresj\u0119. Oprawa, kt\u00f3ra wyr\u00f3\u017cnia si\u0119 na tle klasyki, pozostaj\u0105c jednocze\u015bnie eleganckim symbolem niezale\u017cnego stylu.<\/p>\n<ul class=\"ul1\">\n<li class=\"li1\">Oprawa dla okular\u00f3w korekcyjnych, oryginalne soczewki demo<\/li>\n<li class=\"li1\">R\u0119czna produkcja w Japonii<\/li>\n<li class=\"li1\">Limitowana seria 500 sztuk na ca\u0142ym \u015bwiecie<\/li>\n<\/ul>\n","protected":false},"excerpt":{"rendered":"<p class=\"p1\"><b>Jacques Marie Mage \u2013 Ikona lat 60.<\/b><\/p>\n<p class=\"p2\"><b>Rebelianci elegancji<\/b><br \/>\nJedna z najbardziej rozpoznawalnych opraw Jacques Marie Mage \u2013 prostok\u0105tne okulary inspirowane stylem lat 60., w kt\u00f3rych klasyczna forma spotyka si\u0119 z odwa\u017cnym charakterem. To model o wyrafinowanej sylwetce, balansuj\u0105cy pomi\u0119dzy obj\u0119to\u015bci\u0105 a subtelnymi detalami, kt\u00f3ry uciele\u015bnia ducha niezale\u017cno\u015bci i artystycznej swobody.<\/p>\n<p class=\"p2\"><b>Detale i design<\/b><b><\/b><\/p>\n<ul class=\"ul1\">\n<li class=\"li2\">Rama: br\u0105zowa, 10-milimetrowa oprawa z utwardzonego acetatu celulozowego<\/li>\n<li class=\"li2\">Zauszniki: podw\u00f3jnie laminowany acetat<\/li>\n<li class=\"li2\">Soczewki: demo<\/li>\n<li class=\"li2\">Subtelne fazowania i rzemie\u015blnicze detale podkre\u015blaj\u0105ce rze\u017abiarski charakter modelu<\/li>\n<li class=\"li2\">R\u0119cznie wykonane z dba\u0142o\u015bci\u0105 o ka\u017cdy szczeg\u00f3\u0142<\/li>\n<\/ul>\n","protected":false},"featured_media":2412,"template":"","meta":{"_acf_changed":false,"_joinchat":[]},"product_brand":[82],"product_cat":[32,37,30,35],"product_tag":[],"model":[410,389],"class_list":{"0":"post-2407","1":"product","2":"type-product","3":"status-publish","4":"has-post-thumbnail","6":"product_brand-jacques-marie-mage","7":"product_cat-damskie","8":"product_cat-meskie","9":"product_cat-okulary-przeciwsloneczne","10":"product_cat-unisex","11":"model-molino","12":"model-molino-55","14":"first","15":"outofstock","16":"shipping-taxable","17":"purchasable","18":"product-type-simple"},"acf":[],"aioseo_notices":[],"_links":{"self":[{"href":"https:\/\/www.diukoptyk.pl\/pl\/wp-json\/wp\/v2\/product\/2407","targetHints":{"allow":["GET"]}}],"collection":[{"href":"https:\/\/www.diukoptyk.pl\/pl\/wp-json\/wp\/v2\/product"}],"about":[{"href":"https:\/\/www.diukoptyk.pl\/pl\/wp-json\/wp\/v2\/types\/product"}],"version-history":[{"count":1,"href":"https:\/\/www.diukoptyk.pl\/pl\/wp-json\/wp\/v2\/product\/2407\/revisions"}],"predecessor-version":[{"id":4197,"href":"https:\/\/www.diukoptyk.pl\/pl\/wp-json\/wp\/v2\/product\/2407\/revisions\/4197"}],"wp:featuredmedia":[{"embeddable":true,"href":"https:\/\/www.diukoptyk.pl\/pl\/wp-json\/wp\/v2\/media\/2412"}],"wp:attachment":[{"href":"https:\/\/www.diukoptyk.pl\/pl\/wp-json\/wp\/v2\/media?parent=2407"}],"wp:term":[{"taxonomy":"product_brand","embeddable":true,"href":"https:\/\/www.diukoptyk.pl\/pl\/wp-json\/wp\/v2\/product_brand?post=2407"},{"taxonomy":"product_cat","embeddable":true,"href":"https:\/\/www.diukoptyk.pl\/pl\/wp-json\/wp\/v2\/product_cat?post=2407"},{"taxonomy":"product_tag","embeddable":true,"href":"https:\/\/www.diukoptyk.pl\/pl\/wp-json\/wp\/v2\/product_tag?post=2407"},{"taxonomy":"model","embeddable":true,"href":"https:\/\/www.diukoptyk.pl\/pl\/wp-json\/wp\/v2\/model?post=2407"}],"curies":[{"name":"wp","href":"https:\/\/api.w.org\/{rel}","templated":true}]}}