{"id":2374,"date":"2025-10-13T11:12:32","date_gmt":"2025-10-13T09:12:32","guid":{"rendered":"https:\/\/www.diukoptyk.pl\/?post_type=product&#038;p=2374"},"modified":"2026-03-30T22:50:49","modified_gmt":"2026-03-30T20:50:49","slug":"jacques-marie-mage-leclair-sand","status":"publish","type":"product","link":"https:\/\/www.diukoptyk.pl\/pl\/produkt\/jacques-marie-mage-leclair-sand\/","title":{"rendered":"Jacques Marie Mage LECLAIR | SAND"},"content":{"rendered":"<p data-start=\"900\" data-end=\"1096\"><strong data-start=\"900\" data-end=\"913\">Dla kogo?<\/strong><br data-start=\"913\" data-end=\"916\" \/><strong data-start=\"916\" data-end=\"927\">Leclair<\/strong> to model dla koneser\u00f3w, kt\u00f3rzy pragn\u0105 po\u0142\u0105czy\u0107 elegancj\u0119 z indywidualizmem. Wyrafinowane, kolekcjonerskie oprawy emanuj\u0105 charakterem, precyzj\u0105 i ponadczasowym stylem.<\/p>\n<p>Limitowana seria 150 sztuk na ca\u0142ym \u015bwiecie.<\/p>\n","protected":false},"excerpt":{"rendered":"<h3 data-start=\"137\" data-end=\"175\">Jacques Marie Mage \u2013 <strong data-start=\"162\" data-end=\"173\">Leclair<\/strong><\/h3>\n<p data-start=\"177\" data-end=\"521\"><strong data-start=\"177\" data-end=\"218\">Klasyka lat 50. w nowoczesnym wydaniu<\/strong><br data-start=\"218\" data-end=\"221\" \/>Model <strong data-start=\"227\" data-end=\"238\">Leclair<\/strong> to wyraziste okulary w kszta\u0142cie Wellington, inspirowane estetyk\u0105 lat 50. Zosta\u0142y stworzone z my\u015bl\u0105 o osobach ceni\u0105cych ponadczasow\u0105 elegancj\u0119 i mocny, zdecydowany design. To oprawa, kt\u00f3ra \u0142\u0105czy klasyczn\u0105 sylwetk\u0119 z luksusowymi detalami charakterystycznymi dla Jacques Marie Mage.<\/p>\n<p data-start=\"523\" data-end=\"544\"><strong data-start=\"523\" data-end=\"542\">Detale i design<\/strong><\/p>\n<ul data-start=\"545\" data-end=\"898\">\n<li data-start=\"545\" data-end=\"626\">\n<p data-start=\"547\" data-end=\"626\">Wyrazista forma typu Wellington z ostrymi liniami i dopracowanymi proporcjami<\/p>\n<\/li>\n<li data-start=\"627\" data-end=\"690\">\n<p data-start=\"629\" data-end=\"690\">Charakterystyczne dla JMM frontowe nity w kszta\u0142cie strza\u0142y<\/p>\n<\/li>\n<li data-start=\"691\" data-end=\"758\">\n<p data-start=\"693\" data-end=\"758\">Pi\u0119ciopr\u0119towe zawiasy dla trwa\u0142o\u015bci i perfekcyjnego wyko\u0144czenia<\/p>\n<\/li>\n<li data-start=\"759\" data-end=\"839\">\n<p data-start=\"761\" data-end=\"839\">Zauszniki z ods\u0142oni\u0119tym rdzeniem <em data-start=\"794\" data-end=\"805\">Snaketail<\/em> i subtelnym grawerem <em data-start=\"827\" data-end=\"837\">hairline<\/em><\/p>\n<\/li>\n<li data-start=\"840\" data-end=\"898\">\n<p data-start=\"842\" data-end=\"898\">Harmonijne po\u0142\u0105czenie klasyki i nowoczesnego rzemios\u0142a<\/p>\n<\/li>\n<\/ul>\n","protected":false},"featured_media":2375,"template":"","meta":{"_acf_changed":false,"_joinchat":[]},"product_brand":[82],"product_cat":[32,37,51,30,35],"product_tag":[],"model":[386],"class_list":{"0":"post-2374","1":"product","2":"type-product","3":"status-publish","4":"has-post-thumbnail","6":"product_brand-jacques-marie-mage","7":"product_cat-damskie","8":"product_cat-meskie","9":"product_cat-okulary-korekcyjne","10":"product_cat-okulary-przeciwsloneczne","11":"product_cat-unisex","12":"model-leclair","14":"first","15":"outofstock","16":"shipping-taxable","17":"purchasable","18":"product-type-simple"},"acf":[],"aioseo_notices":[],"_links":{"self":[{"href":"https:\/\/www.diukoptyk.pl\/pl\/wp-json\/wp\/v2\/product\/2374","targetHints":{"allow":["GET"]}}],"collection":[{"href":"https:\/\/www.diukoptyk.pl\/pl\/wp-json\/wp\/v2\/product"}],"about":[{"href":"https:\/\/www.diukoptyk.pl\/pl\/wp-json\/wp\/v2\/types\/product"}],"version-history":[{"count":1,"href":"https:\/\/www.diukoptyk.pl\/pl\/wp-json\/wp\/v2\/product\/2374\/revisions"}],"predecessor-version":[{"id":4513,"href":"https:\/\/www.diukoptyk.pl\/pl\/wp-json\/wp\/v2\/product\/2374\/revisions\/4513"}],"wp:featuredmedia":[{"embeddable":true,"href":"https:\/\/www.diukoptyk.pl\/pl\/wp-json\/wp\/v2\/media\/2375"}],"wp:attachment":[{"href":"https:\/\/www.diukoptyk.pl\/pl\/wp-json\/wp\/v2\/media?parent=2374"}],"wp:term":[{"taxonomy":"product_brand","embeddable":true,"href":"https:\/\/www.diukoptyk.pl\/pl\/wp-json\/wp\/v2\/product_brand?post=2374"},{"taxonomy":"product_cat","embeddable":true,"href":"https:\/\/www.diukoptyk.pl\/pl\/wp-json\/wp\/v2\/product_cat?post=2374"},{"taxonomy":"product_tag","embeddable":true,"href":"https:\/\/www.diukoptyk.pl\/pl\/wp-json\/wp\/v2\/product_tag?post=2374"},{"taxonomy":"model","embeddable":true,"href":"https:\/\/www.diukoptyk.pl\/pl\/wp-json\/wp\/v2\/model?post=2374"}],"curies":[{"name":"wp","href":"https:\/\/api.w.org\/{rel}","templated":true}]}}