{"id":2367,"date":"2025-10-13T11:01:25","date_gmt":"2025-10-13T09:01:25","guid":{"rendered":"https:\/\/www.diukoptyk.pl\/?post_type=product&#038;p=2367"},"modified":"2026-03-05T17:57:40","modified_gmt":"2026-03-05T16:57:40","slug":"jacques-marie-mage-kirkland-viper-rx","status":"publish","type":"product","link":"https:\/\/www.diukoptyk.pl\/pl\/produkt\/jacques-marie-mage-kirkland-viper-rx\/","title":{"rendered":"Jacques Marie Mage KIRKLAND | VIPER RX"},"content":{"rendered":"<p><strong data-start=\"1229\" data-end=\"1242\">Dla kogo?<\/strong><br data-start=\"1242\" data-end=\"1245\" \/><strong data-start=\"1245\" data-end=\"1286\">Jacques Marie Mage Kirkland in VIPER<\/strong> to oprawa dla os\u00f3b, kt\u00f3re lubi\u0105 \u0142\u0105czy\u0107 wyrazisto\u015b\u0107 z elegancj\u0105.<\/p>\n<p>Stylowy symbol pewno\u015bci siebie \u2013 dla tych, kt\u00f3rzy przyci\u0105gaj\u0105 uwag\u0119 bez wysi\u0142ku, z magnetyzmem w\u0142a\u015bciwym tylko prawdziwym indywidualistom.<\/p>\n","protected":false},"excerpt":{"rendered":"<h3 data-start=\"189\" data-end=\"238\">Jacques Marie Mage \u2013 <strong data-start=\"214\" data-end=\"236\">Kirkland in Viper<\/strong><\/h3>\n<p data-start=\"240\" data-end=\"592\"><strong data-start=\"240\" data-end=\"275\">Charyzma i styl w duchu lat 70.<\/strong><br data-start=\"275\" data-end=\"278\" \/>Model <strong data-start=\"284\" data-end=\"306\">Kirkland in Viper<\/strong> to elegancka reinterpretacja klasycznego kszta\u0142tu <em data-start=\"357\" data-end=\"368\">navigator<\/em>, inspirowana energi\u0105 i ekspresj\u0105 ko\u0144ca lat 70. Limitowana edycja <strong data-start=\"434\" data-end=\"453\">500 egzemplarzy<\/strong> \u0142\u0105czy solidn\u0105 form\u0119 z rzemie\u015blnicz\u0105 precyzj\u0105, tworz\u0105c opraw\u0119 o wyj\u0105tkowej osobowo\u015bci \u2013 wywa\u017con\u0105, pewn\u0105 siebie i niepodrabialnie stylow\u0105.<\/p>\n<p data-start=\"594\" data-end=\"615\"><strong data-start=\"594\" data-end=\"613\">Detale i design<\/strong><\/p>\n<ul data-start=\"616\" data-end=\"1227\">\n<li data-start=\"616\" data-end=\"708\">\n<p data-start=\"618\" data-end=\"708\">Kszta\u0142t: prostok\u0105tny <em data-start=\"639\" data-end=\"650\">navigator<\/em> o nieco szerszym dopasowaniu \u2013 wygodny i proporcjonalny<\/p>\n<\/li>\n<li data-start=\"709\" data-end=\"796\">\n<p data-start=\"711\" data-end=\"796\">Rama: wykonana z acetatu celulozowego w g\u0142\u0119bokim, czarnym odcieniu <strong data-start=\"784\" data-end=\"794\">Viper<\/strong><\/p>\n<\/li>\n<li data-start=\"797\" data-end=\"932\">\n<p data-start=\"799\" data-end=\"932\">Zauszniki: z lekkiego tytanu, zdobione precyzyjnym grawerem <em data-start=\"859\" data-end=\"869\">hairline<\/em> i motywem strza\u0142y \u2013 znakiem rozpoznawczym Jacques Marie Mage<\/p>\n<\/li>\n<li data-start=\"933\" data-end=\"1029\">\n<p data-start=\"935\" data-end=\"1029\">Zawiasy: monoblokowe, w pe\u0142ni zintegrowane z konstrukcj\u0105, zapewniaj\u0105ce trwa\u0142o\u015b\u0107 i stabilno\u015b\u0107<\/p>\n<\/li>\n<li data-start=\"1030\" data-end=\"1144\">\n<p data-start=\"1032\" data-end=\"1144\">Styl: inspirowany nonszalancj\u0105 i elegancj\u0105 lat 70. \u2013 po\u0142\u0105czenie luksusu, pewno\u015bci siebie i artystycznego ducha<\/p>\n<\/li>\n<li data-start=\"1145\" data-end=\"1227\">\n<p data-start=\"1147\" data-end=\"1227\">Limitowana edycja: <strong data-start=\"1166\" data-end=\"1179\">500 sztuk<\/strong>, r\u0119cznie wykonanych z dba\u0142o\u015bci\u0105 o ka\u017cdy detal<\/p>\n<\/li>\n<\/ul>\n","protected":false},"featured_media":2372,"template":"","meta":{"_acf_changed":false,"_joinchat":[]},"product_brand":[82],"product_cat":[32,37,51,35],"product_tag":[],"model":[385],"class_list":{"0":"post-2367","1":"product","2":"type-product","3":"status-publish","4":"has-post-thumbnail","6":"product_brand-jacques-marie-mage","7":"product_cat-damskie","8":"product_cat-meskie","9":"product_cat-okulary-korekcyjne","10":"product_cat-unisex","11":"model-kirkland","13":"first","14":"instock","15":"shipping-taxable","16":"purchasable","17":"product-type-simple"},"acf":[],"aioseo_notices":[],"_links":{"self":[{"href":"https:\/\/www.diukoptyk.pl\/pl\/wp-json\/wp\/v2\/product\/2367","targetHints":{"allow":["GET"]}}],"collection":[{"href":"https:\/\/www.diukoptyk.pl\/pl\/wp-json\/wp\/v2\/product"}],"about":[{"href":"https:\/\/www.diukoptyk.pl\/pl\/wp-json\/wp\/v2\/types\/product"}],"version-history":[{"count":1,"href":"https:\/\/www.diukoptyk.pl\/pl\/wp-json\/wp\/v2\/product\/2367\/revisions"}],"predecessor-version":[{"id":4512,"href":"https:\/\/www.diukoptyk.pl\/pl\/wp-json\/wp\/v2\/product\/2367\/revisions\/4512"}],"wp:featuredmedia":[{"embeddable":true,"href":"https:\/\/www.diukoptyk.pl\/pl\/wp-json\/wp\/v2\/media\/2372"}],"wp:attachment":[{"href":"https:\/\/www.diukoptyk.pl\/pl\/wp-json\/wp\/v2\/media?parent=2367"}],"wp:term":[{"taxonomy":"product_brand","embeddable":true,"href":"https:\/\/www.diukoptyk.pl\/pl\/wp-json\/wp\/v2\/product_brand?post=2367"},{"taxonomy":"product_cat","embeddable":true,"href":"https:\/\/www.diukoptyk.pl\/pl\/wp-json\/wp\/v2\/product_cat?post=2367"},{"taxonomy":"product_tag","embeddable":true,"href":"https:\/\/www.diukoptyk.pl\/pl\/wp-json\/wp\/v2\/product_tag?post=2367"},{"taxonomy":"model","embeddable":true,"href":"https:\/\/www.diukoptyk.pl\/pl\/wp-json\/wp\/v2\/model?post=2367"}],"curies":[{"name":"wp","href":"https:\/\/api.w.org\/{rel}","templated":true}]}}