{"id":2360,"date":"2025-10-13T10:41:54","date_gmt":"2025-10-13T08:41:54","guid":{"rendered":"https:\/\/www.diukoptyk.pl\/?post_type=product&#038;p=2360"},"modified":"2026-03-06T14:07:47","modified_gmt":"2026-03-06T13:07:47","slug":"jacques-marie-mage-jagger-champagne","status":"publish","type":"product","link":"https:\/\/www.diukoptyk.pl\/pl\/produkt\/jacques-marie-mage-jagger-champagne\/","title":{"rendered":"Jacques Marie Mage JAGGER | CHAMPAGNE"},"content":{"rendered":"<p><strong data-start=\"1410\" data-end=\"1423\">Dla kogo:<\/strong><br data-start=\"1423\" data-end=\"1426\" \/>Dla indywidualist\u00f3w o magnetycznej osobowo\u015bci \u2013 <strong data-start=\"1474\" data-end=\"1581\">dla tych, kt\u00f3rzy wchodz\u0105 do pomieszczenia z pewno\u015bci\u0105 siebie, a wychodz\u0105, zostawiaj\u0105c po sobie legend\u0119.<\/strong><\/p>\n","protected":false},"excerpt":{"rendered":"<h3 data-start=\"166\" data-end=\"209\"><strong data-start=\"170\" data-end=\"207\">Jacques Marie Mage \u2013 JAGGER in CHAMPAGNE<\/strong><\/h3>\n<p data-start=\"210\" data-end=\"245\"><strong data-start=\"210\" data-end=\"243\">Limitowana edycja \u2013 500 sztuk<\/strong><\/p>\n<p data-start=\"247\" data-end=\"660\"><strong data-start=\"247\" data-end=\"314\">Odwa\u017cny charakter. Zmys\u0142owa forma. Niezachwiana pewno\u015b\u0107 siebie.<\/strong><br data-start=\"314\" data-end=\"317\" \/>Model <strong>Jagger in CHAMPAGNE<\/strong> to wyrazisty ho\u0142d dla p\u00f3\u017anych lat 70. \u2013 czas\u00f3w ekstrawagancji, muzyki i nieposkromionej energii. Te <strong data-start=\"440\" data-end=\"485\">oversize\u2019owe aviatory z tytanu klasy beta<\/strong> \u0142\u0105cz\u0105 <strong data-start=\"492\" data-end=\"531\">rze\u017abiarski mostek w stylu Art Deco<\/strong>, <strong data-start=\"533\" data-end=\"554\">monoblock zawiasy<\/strong> i <strong data-start=\"557\" data-end=\"597\">r\u0119cznie malowane ko\u0144c\u00f3wki zausznik\u00f3w<\/strong>, tworz\u0105c form\u0119, kt\u00f3ra jednocze\u015bnie emanuje moc\u0105 i elegancj\u0105.<\/p>\n<p data-start=\"662\" data-end=\"955\">Z\u0142ota rama oraz czerwone soczewki przywo\u0142uj\u0105 ducha epoki, w kt\u00f3rej styl by\u0142 manifestem niezale\u017cno\u015bci, a ka\u017cdy szczeg\u00f3\u0142 \u2014 przejawem si\u0142y osobowo\u015bci. To okulary, kt\u00f3re przyci\u0105gaj\u0105 spojrzenia i dodaj\u0105 pewno\u015bci siebie tym, kt\u00f3rzy nie potrzebuj\u0105 jej udowadnia\u0107.<\/p>\n<p data-start=\"957\" data-end=\"982\"><strong data-start=\"957\" data-end=\"980\">Detale i wykonanie:<\/strong><\/p>\n<ul data-start=\"983\" data-end=\"1408\">\n<li data-start=\"983\" data-end=\"1023\">\n<p data-start=\"985\" data-end=\"1023\"><strong data-start=\"985\" data-end=\"996\">Rodzaj:<\/strong> okulary przeciws\u0142oneczne<\/p>\n<\/li>\n<li data-start=\"1024\" data-end=\"1080\">\n<p data-start=\"1026\" data-end=\"1080\"><strong data-start=\"1026\" data-end=\"1038\">Kszta\u0142t:<\/strong> oversize aviator inspirowany latami 70.<\/p>\n<\/li>\n<li data-start=\"1081\" data-end=\"1122\">\n<p data-start=\"1083\" data-end=\"1122\"><strong data-start=\"1083\" data-end=\"1093\">Kolor:<\/strong> Z\u0142oty<\/p>\n<\/li>\n<li data-start=\"1123\" data-end=\"1189\">\n<p data-start=\"1125\" data-end=\"1189\"><strong data-start=\"1125\" data-end=\"1138\">Soczewki:<\/strong> czerwone, 100% ochrona UV, pow\u0142oka antyrefleksyjna<\/p>\n<\/li>\n<li data-start=\"1190\" data-end=\"1223\">\n<p data-start=\"1192\" data-end=\"1223\"><strong data-start=\"1192\" data-end=\"1205\">Materia\u0142:<\/strong> 100% beta tytan<\/p>\n<\/li>\n<li data-start=\"1224\" data-end=\"1339\">\n<p data-start=\"1226\" data-end=\"1339\"><strong data-start=\"1226\" data-end=\"1242\">Wyko\u0144czenie:<\/strong> mostek i g\u00f3rna belka w stylu Art Deco, monoblock zawiasy, r\u0119cznie malowane ko\u0144c\u00f3wki zausznik\u00f3w<\/p>\n<\/li>\n<li data-start=\"1340\" data-end=\"1373\">\n<p data-start=\"1342\" data-end=\"1373\"><strong data-start=\"1342\" data-end=\"1363\">Kraj pochodzenia:<\/strong> Japonia<\/p>\n<\/li>\n<li data-start=\"1374\" data-end=\"1408\">\n<p data-start=\"1376\" data-end=\"1408\"><strong data-start=\"1376\" data-end=\"1390\">Limitacja:<\/strong> 500 egzemplarzy<\/p>\n<\/li>\n<\/ul>\n","protected":false},"featured_media":2365,"template":"","meta":{"_acf_changed":false,"_joinchat":[]},"product_brand":[82],"product_cat":[32,37,30,35],"product_tag":[],"model":[384],"class_list":{"0":"post-2360","1":"product","2":"type-product","3":"status-publish","4":"has-post-thumbnail","6":"product_brand-jacques-marie-mage","7":"product_cat-damskie","8":"product_cat-meskie","9":"product_cat-okulary-przeciwsloneczne","10":"product_cat-unisex","11":"model-jagger","13":"first","14":"instock","15":"shipping-taxable","16":"purchasable","17":"product-type-simple"},"acf":[],"aioseo_notices":[],"_links":{"self":[{"href":"https:\/\/www.diukoptyk.pl\/pl\/wp-json\/wp\/v2\/product\/2360","targetHints":{"allow":["GET"]}}],"collection":[{"href":"https:\/\/www.diukoptyk.pl\/pl\/wp-json\/wp\/v2\/product"}],"about":[{"href":"https:\/\/www.diukoptyk.pl\/pl\/wp-json\/wp\/v2\/types\/product"}],"version-history":[{"count":1,"href":"https:\/\/www.diukoptyk.pl\/pl\/wp-json\/wp\/v2\/product\/2360\/revisions"}],"predecessor-version":[{"id":4509,"href":"https:\/\/www.diukoptyk.pl\/pl\/wp-json\/wp\/v2\/product\/2360\/revisions\/4509"}],"wp:featuredmedia":[{"embeddable":true,"href":"https:\/\/www.diukoptyk.pl\/pl\/wp-json\/wp\/v2\/media\/2365"}],"wp:attachment":[{"href":"https:\/\/www.diukoptyk.pl\/pl\/wp-json\/wp\/v2\/media?parent=2360"}],"wp:term":[{"taxonomy":"product_brand","embeddable":true,"href":"https:\/\/www.diukoptyk.pl\/pl\/wp-json\/wp\/v2\/product_brand?post=2360"},{"taxonomy":"product_cat","embeddable":true,"href":"https:\/\/www.diukoptyk.pl\/pl\/wp-json\/wp\/v2\/product_cat?post=2360"},{"taxonomy":"product_tag","embeddable":true,"href":"https:\/\/www.diukoptyk.pl\/pl\/wp-json\/wp\/v2\/product_tag?post=2360"},{"taxonomy":"model","embeddable":true,"href":"https:\/\/www.diukoptyk.pl\/pl\/wp-json\/wp\/v2\/model?post=2360"}],"curies":[{"name":"wp","href":"https:\/\/api.w.org\/{rel}","templated":true}]}}