{"id":2340,"date":"2025-10-13T10:17:40","date_gmt":"2025-10-13T08:17:40","guid":{"rendered":"https:\/\/www.diukoptyk.pl\/?post_type=product&#038;p=2340"},"modified":"2026-03-05T17:57:02","modified_gmt":"2026-03-05T16:57:02","slug":"jacques-marie-mage-hemmings-apollo","status":"publish","type":"product","link":"https:\/\/www.diukoptyk.pl\/pl\/produkt\/jacques-marie-mage-hemmings-apollo\/","title":{"rendered":"Jacques Marie Mage HEMMINGS | APOLLO"},"content":{"rendered":"<p><strong data-start=\"1503\" data-end=\"1516\">Dla kogo:<\/strong><br data-start=\"1516\" data-end=\"1519\" \/>Dla mi\u0142o\u015bnik\u00f3w klasyki z charakterem \u2013 <strong data-start=\"1558\" data-end=\"1643\">dla tych, kt\u00f3rzy potrafi\u0105 po\u0142\u0105czy\u0107 intelekt, styl i odrobin\u0119 artystycznego buntu.<\/strong><\/p>\n","protected":false},"excerpt":{"rendered":"<h3 data-start=\"140\" data-end=\"188\"><strong data-start=\"144\" data-end=\"186\">Jacques Marie Mage \u2013 HEMMINGS (APOLLO)<\/strong><\/h3>\n<p data-start=\"189\" data-end=\"255\"><strong data-start=\"189\" data-end=\"253\">Limitowana edycja inspirowana duchem Swinging London lat 60.<\/strong><\/p>\n<p data-start=\"257\" data-end=\"581\"><strong data-start=\"257\" data-end=\"282\">Kino. Styl. Charyzma.<\/strong><br data-start=\"282\" data-end=\"285\" \/>Model <strong data-start=\"291\" data-end=\"312\">Hemmings (Apollo)<\/strong> to wyrazista reinterpretacja klasycznego prostok\u0105tnego kszta\u0142tu, inspirowana ikon\u0105 brytyjskiego kina \u2013 Davidem Hemmingsem z kultowego thrillera <em data-start=\"457\" data-end=\"466\">Blow-Up<\/em>. Te okulary to ho\u0142d dla epoki, w kt\u00f3rej elegancja \u0142\u0105czy\u0142a si\u0119 z artystycznym buntem, a styl by\u0142 form\u0105 ekspresji.<\/p>\n<p data-start=\"583\" data-end=\"990\">R\u0119cznie wykonane z najwy\u017cszej jako\u015bci materia\u0142\u00f3w, charakteryzuj\u0105 si\u0119 <strong data-start=\"652\" data-end=\"696\">szerok\u0105 prostok\u0105tn\u0105 ram\u0105 w duchu lat 60.<\/strong>, <strong data-start=\"698\" data-end=\"737\">metalowym pinem w kszta\u0142cie strza\u0142y<\/strong>, subtelnie grawerowanym rdzeniem <em data-start=\"771\" data-end=\"781\">wirecore<\/em> oraz zawiasami <strong data-start=\"797\" data-end=\"825\">z nitami w formie ostr\u00f3g<\/strong>, kt\u00f3re dodaj\u0105 konstrukcji wyrafinowanej si\u0142y.<br data-start=\"871\" data-end=\"874\" \/>Soczewki <strong data-start=\"883\" data-end=\"895\">Jet CR39<\/strong> z pow\u0142ok\u0105 antyrefleksyjn\u0105 od wewn\u0105trz gwarantuj\u0105 doskona\u0142\u0105 przejrzysto\u015b\u0107 i pe\u0142n\u0105 ochron\u0119 UV.<\/p>\n<p data-start=\"992\" data-end=\"1143\">To model dla tych, kt\u00f3rzy \u2013 jak bohaterowie kina nowej fali \u2013 <strong data-start=\"1054\" data-end=\"1141\">nie boj\u0105 si\u0119 stan\u0105\u0107 w \u015bwietle reflektor\u00f3w, pozostaj\u0105c wiernymi w\u0142asnej wizji stylu.<\/strong><\/p>\n<p data-start=\"1145\" data-end=\"1170\"><strong data-start=\"1145\" data-end=\"1168\">Detale i wykonanie:<\/strong><\/p>\n<ul data-start=\"1171\" data-end=\"1501\">\n<li data-start=\"1171\" data-end=\"1211\">\n<p data-start=\"1173\" data-end=\"1211\"><strong data-start=\"1173\" data-end=\"1184\">Rodzaj:<\/strong> okulary przeciws\u0142oneczne<\/p>\n<\/li>\n<li data-start=\"1212\" data-end=\"1269\">\n<p data-start=\"1214\" data-end=\"1269\"><strong data-start=\"1214\" data-end=\"1226\">Kszta\u0142t:<\/strong> szeroki prostok\u0105t inspirowany latami 60.<\/p>\n<\/li>\n<li data-start=\"1270\" data-end=\"1328\">\n<p data-start=\"1272\" data-end=\"1328\"><strong data-start=\"1272\" data-end=\"1291\">Kolor soczewek:<\/strong> Jet CR39 z pow\u0142ok\u0105 antyrefleksyjn\u0105<\/p>\n<\/li>\n<li data-start=\"1329\" data-end=\"1442\">\n<p data-start=\"1331\" data-end=\"1442\"><strong data-start=\"1331\" data-end=\"1342\">Detale:<\/strong> metalowy pin <em data-start=\"1356\" data-end=\"1367\">arrowhead<\/em>, grawerowany rdze\u0144 <em data-start=\"1387\" data-end=\"1406\">hairline wirecore<\/em>, zawias <em data-start=\"1415\" data-end=\"1440\">spur-shaped rivet hinge<\/em><\/p>\n<\/li>\n<li data-start=\"1443\" data-end=\"1467\">\n<p data-start=\"1445\" data-end=\"1467\"><strong data-start=\"1445\" data-end=\"1457\">Ochrona:<\/strong> 100% UV<\/p>\n<\/li>\n<li data-start=\"1468\" data-end=\"1501\">\n<p data-start=\"1470\" data-end=\"1501\"><strong data-start=\"1470\" data-end=\"1491\">Kraj pochodzenia:<\/strong> Japonia<\/p>\n<\/li>\n<\/ul>\n","protected":false},"featured_media":2341,"template":"","meta":{"_acf_changed":false,"_joinchat":[]},"product_brand":[82],"product_cat":[37,30],"product_tag":[],"model":[422],"class_list":{"0":"post-2340","1":"product","2":"type-product","3":"status-publish","4":"has-post-thumbnail","6":"product_brand-jacques-marie-mage","7":"product_cat-meskie","8":"product_cat-okulary-przeciwsloneczne","9":"model-hemmings","11":"first","12":"instock","13":"shipping-taxable","14":"purchasable","15":"product-type-simple"},"acf":[],"aioseo_notices":[],"_links":{"self":[{"href":"https:\/\/www.diukoptyk.pl\/pl\/wp-json\/wp\/v2\/product\/2340","targetHints":{"allow":["GET"]}}],"collection":[{"href":"https:\/\/www.diukoptyk.pl\/pl\/wp-json\/wp\/v2\/product"}],"about":[{"href":"https:\/\/www.diukoptyk.pl\/pl\/wp-json\/wp\/v2\/types\/product"}],"version-history":[{"count":2,"href":"https:\/\/www.diukoptyk.pl\/pl\/wp-json\/wp\/v2\/product\/2340\/revisions"}],"predecessor-version":[{"id":5012,"href":"https:\/\/www.diukoptyk.pl\/pl\/wp-json\/wp\/v2\/product\/2340\/revisions\/5012"}],"wp:featuredmedia":[{"embeddable":true,"href":"https:\/\/www.diukoptyk.pl\/pl\/wp-json\/wp\/v2\/media\/2341"}],"wp:attachment":[{"href":"https:\/\/www.diukoptyk.pl\/pl\/wp-json\/wp\/v2\/media?parent=2340"}],"wp:term":[{"taxonomy":"product_brand","embeddable":true,"href":"https:\/\/www.diukoptyk.pl\/pl\/wp-json\/wp\/v2\/product_brand?post=2340"},{"taxonomy":"product_cat","embeddable":true,"href":"https:\/\/www.diukoptyk.pl\/pl\/wp-json\/wp\/v2\/product_cat?post=2340"},{"taxonomy":"product_tag","embeddable":true,"href":"https:\/\/www.diukoptyk.pl\/pl\/wp-json\/wp\/v2\/product_tag?post=2340"},{"taxonomy":"model","embeddable":true,"href":"https:\/\/www.diukoptyk.pl\/pl\/wp-json\/wp\/v2\/model?post=2340"}],"curies":[{"name":"wp","href":"https:\/\/api.w.org\/{rel}","templated":true}]}}