{"id":2332,"date":"2025-10-13T10:11:03","date_gmt":"2025-10-13T08:11:03","guid":{"rendered":"https:\/\/www.diukoptyk.pl\/?post_type=product&#038;p=2332"},"modified":"2026-03-05T17:56:48","modified_gmt":"2026-03-05T16:56:48","slug":"jacques-marie-mage-hollywood-brunette","status":"publish","type":"product","link":"https:\/\/www.diukoptyk.pl\/pl\/produkt\/jacques-marie-mage-hollywood-brunette\/","title":{"rendered":"Jacques Marie Mage HOLLYWOOD | BRUNETTE"},"content":{"rendered":"<h3 data-start=\"131\" data-end=\"184\"><strong data-start=\"135\" data-end=\"182\">Jacques Marie Mage \u2013 GEORGE CORTINA AVIATOR &#8211; HOLLYWOOD IN BRUNETTE<\/strong><\/h3>\n<p><strong data-start=\"1662\" data-end=\"1675\">Dla kogo:<\/strong><br data-start=\"1675\" data-end=\"1678\" \/>Dla perfekcjonist\u00f3w, kt\u00f3rzy \u0142\u0105cz\u0105 elegancj\u0119 z charyzm\u0105 \u2013 <strong data-start=\"1735\" data-end=\"1801\">dla tych, kt\u00f3rzy potrafi\u0105 by\u0107 ikon\u0105, nie staraj\u0105c si\u0119 ni\u0105 by\u0107.<\/strong><\/p>\n","protected":false},"excerpt":{"rendered":"<h3 data-start=\"131\" data-end=\"184\"><strong data-start=\"135\" data-end=\"182\">Jacques Marie Mage \u2013 GEORGE CORTINA AVIATOR<\/strong><\/h3>\n<p data-start=\"185\" data-end=\"227\"><strong data-start=\"185\" data-end=\"225\">Limitowana edycja \u2013 numerowana seria<\/strong><\/p>\n<p data-start=\"229\" data-end=\"638\"><strong data-start=\"229\" data-end=\"283\">Si\u0142a klasyki. Precyzja rzemios\u0142a. Styl bez granic.<\/strong><br data-start=\"283\" data-end=\"286\" \/>Ikoniczne tytanowe aviatory zaprojektowane przez <strong data-start=\"335\" data-end=\"378\">George\u2019a Cortin\u0119 dla Jacques Marie Mage<\/strong> to mistrzowski ho\u0142d dla ponadczasowej elegancji i odwagi. Inspirowane duchem wolno\u015bci, \u0142\u0105cz\u0105 <strong data-start=\"472\" data-end=\"492\">organiczne linie<\/strong> z <strong data-start=\"495\" data-end=\"532\">precyzyjnym, technicznym kunsztem<\/strong>, tworz\u0105c form\u0119, kt\u00f3ra nie tylko przyci\u0105ga wzrok \u2014 lecz tak\u017ce opowiada histori\u0119 o niezale\u017cno\u015bci i stylu.<\/p>\n<p data-start=\"640\" data-end=\"1006\">Wykonane z <strong data-start=\"651\" data-end=\"677\">100% tytanu klasy beta<\/strong>, oprawki wyr\u00f3\u017cniaj\u0105 si\u0119 <strong data-start=\"702\" data-end=\"734\">unikalnym podw\u00f3jnym mostkiem<\/strong>, <strong data-start=\"736\" data-end=\"778\">grawerowanym wzorem lin \u201erope pattern\u201d<\/strong> oraz <strong data-start=\"784\" data-end=\"813\">dwukolorowym wyko\u0144czeniem<\/strong> na zausznikach i browbarze. Klasyczna <strong data-start=\"852\" data-end=\"880\">soczewka w kszta\u0142cie \u0142zy<\/strong> zosta\u0142a osadzona w lekkiej, idealnie zbalansowanej konstrukcji, kt\u00f3ra zachowuje elegancj\u0119 nawet przy odwa\u017cnych proporcjach.<\/p>\n<p data-start=\"1008\" data-end=\"1143\">To model, kt\u00f3ry doskonale \u0142\u0105czy <strong data-start=\"1040\" data-end=\"1080\">minimalizm formy z energi\u0105 ekspresji<\/strong> \u2014 dla tych, kt\u00f3rzy nie boj\u0105 si\u0119 \u201elecie\u0107 zbyt blisko s\u0142o\u0144ca\u201d.<\/p>\n<p data-start=\"1145\" data-end=\"1170\"><strong data-start=\"1145\" data-end=\"1168\">Detale i wykonanie:<\/strong><\/p>\n<ul data-start=\"1171\" data-end=\"1660\">\n<li data-start=\"1171\" data-end=\"1211\">\n<p data-start=\"1173\" data-end=\"1211\"><strong data-start=\"1173\" data-end=\"1184\">Rodzaj:<\/strong> okulary przeciws\u0142oneczne<\/p>\n<\/li>\n<li data-start=\"1212\" data-end=\"1246\">\n<p data-start=\"1214\" data-end=\"1246\"><strong data-start=\"1214\" data-end=\"1226\">Kszta\u0142t:<\/strong> klasyczny aviator<\/p>\n<\/li>\n<li data-start=\"1247\" data-end=\"1287\">\n<p data-start=\"1249\" data-end=\"1287\"><strong data-start=\"1249\" data-end=\"1259\">Kolor:<\/strong> Silver \/ Dual-Tone Finish<\/p>\n<\/li>\n<li data-start=\"1288\" data-end=\"1321\">\n<p data-start=\"1290\" data-end=\"1321\"><strong data-start=\"1290\" data-end=\"1303\">Materia\u0142:<\/strong> 100% beta tytan<\/p>\n<\/li>\n<li data-start=\"1322\" data-end=\"1414\">\n<p data-start=\"1324\" data-end=\"1414\"><strong data-start=\"1324\" data-end=\"1340\">Wyko\u0144czenie:<\/strong> podw\u00f3jny mostek, grawerowany wz\u00f3r <em data-start=\"1375\" data-end=\"1389\">rope pattern<\/em>, zdobienia <em data-start=\"1401\" data-end=\"1412\">dual-tone<\/em><\/p>\n<\/li>\n<li data-start=\"1415\" data-end=\"1490\">\n<p data-start=\"1417\" data-end=\"1490\"><strong data-start=\"1417\" data-end=\"1430\">Soczewki:<\/strong> 4-base CR39 z pow\u0142ok\u0105 antyrefleksyjn\u0105, 100% UV protection<\/p>\n<\/li>\n<li data-start=\"1491\" data-end=\"1578\">\n<p data-start=\"1493\" data-end=\"1578\"><strong data-start=\"1493\" data-end=\"1505\">Wymiary:<\/strong> Eye 58 mm | Bridge 15 mm | Temples 146 mm | Szeroko\u015b\u0107 ca\u0142kowita 146 mm<\/p>\n<\/li>\n<li data-start=\"1579\" data-end=\"1612\">\n<p data-start=\"1581\" data-end=\"1612\"><strong data-start=\"1581\" data-end=\"1602\">Kraj pochodzenia:<\/strong> Japonia<\/p>\n<\/li>\n<li data-start=\"1613\" data-end=\"1660\">\n<p data-start=\"1615\" data-end=\"1660\"><strong data-start=\"1615\" data-end=\"1629\">Limitacja:<\/strong> numerowana edycja limitowana<\/p>\n<\/li>\n<\/ul>\n","protected":false},"featured_media":2337,"template":"","meta":{"_acf_changed":false,"_joinchat":[]},"product_brand":[82],"product_cat":[37,51,35],"product_tag":[],"model":[],"class_list":{"0":"post-2332","1":"product","2":"type-product","3":"status-publish","4":"has-post-thumbnail","6":"product_brand-jacques-marie-mage","7":"product_cat-meskie","8":"product_cat-okulary-korekcyjne","9":"product_cat-unisex","11":"first","12":"instock","13":"shipping-taxable","14":"purchasable","15":"product-type-simple"},"acf":[],"aioseo_notices":[],"_links":{"self":[{"href":"https:\/\/www.diukoptyk.pl\/pl\/wp-json\/wp\/v2\/product\/2332","targetHints":{"allow":["GET"]}}],"collection":[{"href":"https:\/\/www.diukoptyk.pl\/pl\/wp-json\/wp\/v2\/product"}],"about":[{"href":"https:\/\/www.diukoptyk.pl\/pl\/wp-json\/wp\/v2\/types\/product"}],"version-history":[{"count":1,"href":"https:\/\/www.diukoptyk.pl\/pl\/wp-json\/wp\/v2\/product\/2332\/revisions"}],"predecessor-version":[{"id":5210,"href":"https:\/\/www.diukoptyk.pl\/pl\/wp-json\/wp\/v2\/product\/2332\/revisions\/5210"}],"wp:featuredmedia":[{"embeddable":true,"href":"https:\/\/www.diukoptyk.pl\/pl\/wp-json\/wp\/v2\/media\/2337"}],"wp:attachment":[{"href":"https:\/\/www.diukoptyk.pl\/pl\/wp-json\/wp\/v2\/media?parent=2332"}],"wp:term":[{"taxonomy":"product_brand","embeddable":true,"href":"https:\/\/www.diukoptyk.pl\/pl\/wp-json\/wp\/v2\/product_brand?post=2332"},{"taxonomy":"product_cat","embeddable":true,"href":"https:\/\/www.diukoptyk.pl\/pl\/wp-json\/wp\/v2\/product_cat?post=2332"},{"taxonomy":"product_tag","embeddable":true,"href":"https:\/\/www.diukoptyk.pl\/pl\/wp-json\/wp\/v2\/product_tag?post=2332"},{"taxonomy":"model","embeddable":true,"href":"https:\/\/www.diukoptyk.pl\/pl\/wp-json\/wp\/v2\/model?post=2332"}],"curies":[{"name":"wp","href":"https:\/\/api.w.org\/{rel}","templated":true}]}}