{"id":2322,"date":"2025-10-10T13:28:07","date_gmt":"2025-10-10T11:28:07","guid":{"rendered":"https:\/\/www.diukoptyk.pl\/?post_type=product&#038;p=2322"},"modified":"2026-03-21T14:19:03","modified_gmt":"2026-03-21T13:19:03","slug":"jacques-marie-mage-gt-r-cia","status":"publish","type":"product","link":"https:\/\/www.diukoptyk.pl\/pl\/produkt\/jacques-marie-mage-gt-r-cia\/","title":{"rendered":"Jacques Marie Mage GT-R | CIA"},"content":{"rendered":"<p><strong data-start=\"1608\" data-end=\"1621\">Dla kogo:<\/strong><br data-start=\"1621\" data-end=\"1624\" \/>Dla koneser\u00f3w stylu, pr\u0119dko\u015bci i rzemios\u0142a \u2013 <strong data-start=\"1669\" data-end=\"1735\">dla tych, kt\u00f3rzy \u0142\u0105cz\u0105 pasj\u0119 kierowcy z estetyk\u0105 kolekcjonera.<\/strong><\/p>\n","protected":false},"excerpt":{"rendered":"<h3 data-start=\"171\" data-end=\"216\"><strong data-start=\"175\" data-end=\"214\">Jacques Marie Mage \u2013 GT-R in CIA<\/strong><\/h3>\n<p data-start=\"217\" data-end=\"252\"><strong data-start=\"217\" data-end=\"250\">Limitowana edycja \u2013 400 sztuk<\/strong><\/p>\n<p data-start=\"254\" data-end=\"566\"><strong data-start=\"254\" data-end=\"290\">Pr\u0119dko\u015b\u0107. Precyzja. Doskona\u0142o\u015b\u0107.<\/strong><br data-start=\"290\" data-end=\"293\" \/>Model <strong data-start=\"299\" data-end=\"317\">GT-R in Cia<\/strong> to nowa interpretacja kultowego projektu JMM, inspirowana duchem lat 70. i \u015bwiatem klasycznej motoryzacji. To okulary, kt\u00f3re \u0142\u0105cz\u0105 <strong data-start=\"449\" data-end=\"502\">wy\u015bcigow\u0105 energi\u0119 z luksusowym kunsztem wykonania<\/strong>, b\u0119d\u0105c synonimem si\u0142y, elegancji i technologicznej perfekcji.<\/p>\n<p data-start=\"568\" data-end=\"955\">R\u0119cznie wykonana w Japonii konstrukcja z <strong data-start=\"609\" data-end=\"635\">100% tytanu klasy beta<\/strong> zosta\u0142a uzupe\u0142niona o <strong data-start=\"658\" data-end=\"694\">12-milimetrowe acetatowe inserty<\/strong> wok\u00f3\u0142 soczewek oraz <strong data-start=\"715\" data-end=\"752\">podw\u00f3jny mostek w stylu dual-tone<\/strong>, tworz\u0105c spektakularne po\u0142\u0105czenie precyzji i designu. Rze\u017abione <strong data-start=\"817\" data-end=\"840\">acetatowe zauszniki<\/strong> zapewniaj\u0105 komfort i doskona\u0142e dopasowanie, a <strong data-start=\"887\" data-end=\"905\">szare soczewki<\/strong> nadaj\u0105 ca\u0142o\u015bci wywa\u017conego, m\u0119skiego charakteru.<\/p>\n<p data-start=\"957\" data-end=\"1100\">Tak jak klasyczny roadster, <strong data-start=\"985\" data-end=\"993\">GT-R<\/strong> \u0142\u0105czy moc i wyrafinowanie \u2013 stworzony dla tych, kt\u00f3rzy nie tylko pod\u0105\u017caj\u0105 drog\u0105, ale sami j\u0105 wyznaczaj\u0105.<\/p>\n<p data-start=\"1102\" data-end=\"1127\"><strong data-start=\"1102\" data-end=\"1125\">Detale i wykonanie:<\/strong><\/p>\n<ul data-start=\"1128\" data-end=\"1606\">\n<li data-start=\"1128\" data-end=\"1168\">\n<p data-start=\"1130\" data-end=\"1168\"><strong data-start=\"1130\" data-end=\"1141\">Rodzaj:<\/strong> okulary przeciws\u0142oneczne<\/p>\n<\/li>\n<li data-start=\"1169\" data-end=\"1220\">\n<p data-start=\"1171\" data-end=\"1220\"><strong data-start=\"1171\" data-end=\"1183\">Kszta\u0142t:<\/strong> <em data-start=\"1184\" data-end=\"1195\">navigator<\/em> inspirowany latami 70.<\/p>\n<\/li>\n<li data-start=\"1221\" data-end=\"1272\">\n<p data-start=\"1223\" data-end=\"1272\"><strong data-start=\"1223\" data-end=\"1233\">Kolor:<\/strong> Cia &#8211; z\u0142oto &#8211; czarny<\/p>\n<\/li>\n<li data-start=\"1273\" data-end=\"1347\">\n<p data-start=\"1275\" data-end=\"1347\"><strong data-start=\"1275\" data-end=\"1288\">Materia\u0142:<\/strong> 100% beta tytan z 11 mm wstawkami z utwardzanego acetatu<\/p>\n<\/li>\n<li data-start=\"1348\" data-end=\"1413\">\n<p data-start=\"1350\" data-end=\"1413\"><strong data-start=\"1350\" data-end=\"1363\">Soczewki:<\/strong> szare, 100% ochrona UV, pow\u0142oka antyrefleksyjna<\/p>\n<\/li>\n<li data-start=\"1414\" data-end=\"1526\">\n<p data-start=\"1416\" data-end=\"1526\"><strong data-start=\"1416\" data-end=\"1432\">Wyko\u0144czenie:<\/strong> podw\u00f3jny mostek <em data-start=\"1449\" data-end=\"1460\">dual-tone<\/em>, rze\u017abione zauszniki, metalowe detale <em data-start=\"1499\" data-end=\"1524\">precious metal hardware<\/em><\/p>\n<\/li>\n<li data-start=\"1527\" data-end=\"1560\">\n<p data-start=\"1529\" data-end=\"1560\"><strong data-start=\"1529\" data-end=\"1550\">Kraj pochodzenia:<\/strong> Japonia<\/p>\n<\/li>\n<li data-start=\"1561\" data-end=\"1606\">\n<p data-start=\"1563\" data-end=\"1606\"><strong data-start=\"1563\" data-end=\"1577\">Limitacja:<\/strong> 400 egzemplarzy na \u015bwiecie<\/p>\n<\/li>\n<\/ul>\n","protected":false},"featured_media":2324,"template":"","meta":{"_acf_changed":false,"_joinchat":[]},"product_brand":[82],"product_cat":[37,30],"product_tag":[],"model":[381],"class_list":{"0":"post-2322","1":"product","2":"type-product","3":"status-publish","4":"has-post-thumbnail","6":"product_brand-jacques-marie-mage","7":"product_cat-meskie","8":"product_cat-okulary-przeciwsloneczne","9":"model-gt-r","11":"first","12":"instock","13":"shipping-taxable","14":"purchasable","15":"product-type-simple"},"acf":[],"aioseo_notices":[],"_links":{"self":[{"href":"https:\/\/www.diukoptyk.pl\/pl\/wp-json\/wp\/v2\/product\/2322","targetHints":{"allow":["GET"]}}],"collection":[{"href":"https:\/\/www.diukoptyk.pl\/pl\/wp-json\/wp\/v2\/product"}],"about":[{"href":"https:\/\/www.diukoptyk.pl\/pl\/wp-json\/wp\/v2\/types\/product"}],"version-history":[{"count":1,"href":"https:\/\/www.diukoptyk.pl\/pl\/wp-json\/wp\/v2\/product\/2322\/revisions"}],"predecessor-version":[{"id":4506,"href":"https:\/\/www.diukoptyk.pl\/pl\/wp-json\/wp\/v2\/product\/2322\/revisions\/4506"}],"wp:featuredmedia":[{"embeddable":true,"href":"https:\/\/www.diukoptyk.pl\/pl\/wp-json\/wp\/v2\/media\/2324"}],"wp:attachment":[{"href":"https:\/\/www.diukoptyk.pl\/pl\/wp-json\/wp\/v2\/media?parent=2322"}],"wp:term":[{"taxonomy":"product_brand","embeddable":true,"href":"https:\/\/www.diukoptyk.pl\/pl\/wp-json\/wp\/v2\/product_brand?post=2322"},{"taxonomy":"product_cat","embeddable":true,"href":"https:\/\/www.diukoptyk.pl\/pl\/wp-json\/wp\/v2\/product_cat?post=2322"},{"taxonomy":"product_tag","embeddable":true,"href":"https:\/\/www.diukoptyk.pl\/pl\/wp-json\/wp\/v2\/product_tag?post=2322"},{"taxonomy":"model","embeddable":true,"href":"https:\/\/www.diukoptyk.pl\/pl\/wp-json\/wp\/v2\/model?post=2322"}],"curies":[{"name":"wp","href":"https:\/\/api.w.org\/{rel}","templated":true}]}}