{"id":2249,"date":"2025-10-10T11:42:42","date_gmt":"2025-10-10T09:42:42","guid":{"rendered":"https:\/\/www.diukoptyk.pl\/?post_type=product&#038;p=2249"},"modified":"2026-03-05T17:54:19","modified_gmt":"2026-03-05T16:54:19","slug":"jacques-marie-mage-daido-silver","status":"publish","type":"product","link":"https:\/\/www.diukoptyk.pl\/pl\/produkt\/jacques-marie-mage-daido-silver\/","title":{"rendered":"Jacques Marie Mage DAIDO | SILVER"},"content":{"rendered":"<p><strong data-start=\"1631\" data-end=\"1644\">Dla kogo:<\/strong><br data-start=\"1644\" data-end=\"1647\" \/>Dla tw\u00f3rc\u00f3w, my\u015blicieli i estet\u00f3w, kt\u00f3rzy widz\u0105 w formie filozofi\u0119 \u2013 <strong data-start=\"1716\" data-end=\"1796\">dla tych, kt\u00f3rzy patrz\u0105 dalej, g\u0142\u0119biej i z pe\u0142n\u0105 \u015bwiadomo\u015bci\u0105 w\u0142asnej wizji.<\/strong><\/p>\n","protected":false},"excerpt":{"rendered":"<h3 data-start=\"155\" data-end=\"204\"><strong data-start=\"159\" data-end=\"202\">Jacques Marie Mage \u2013 \u5927\u9053 DAIDO in SILVER<\/strong><\/h3>\n<p data-start=\"205\" data-end=\"240\"><strong data-start=\"205\" data-end=\"238\">Limitowana edycja \u2013 500 sztuk<\/strong><\/p>\n<p data-start=\"242\" data-end=\"583\"><strong data-start=\"242\" data-end=\"275\">Sztuka. Wolno\u015b\u0107. Perspektywa.<\/strong><br data-start=\"275\" data-end=\"278\" \/>Model <strong data-start=\"284\" data-end=\"303\">Daido in Silver<\/strong> to pierwsza tytanowa interpretacja z presti\u017cowej serii <strong data-start=\"359\" data-end=\"369\">Kyosho<\/strong>, inspirowanej japo\u0144sk\u0105 filozofi\u0105 precyzji, harmonii i mistrzostwa formy. To okulary stworzone dla wizjoner\u00f3w \u2013 dla tych, kt\u00f3rzy widz\u0105 \u015bwiat w niuansach i potrafi\u0105 z surowo\u015bci do\u015bwiadczenia wydoby\u0107 czyst\u0105 sztuk\u0119.<\/p>\n<p data-start=\"585\" data-end=\"1009\">Wyrafinowana konstrukcja <strong data-start=\"610\" data-end=\"622\">aviatora<\/strong> z g\u0142\u0119boko wyprofilowanymi soczewkami i <strong data-start=\"662\" data-end=\"688\">wysuwanymi zausznikami<\/strong> zachwyca proporcj\u0105 i detalem. Unikalny mostek z eleganckim, okr\u0105g\u0142ym wg\u0142\u0119bieniem oraz <strong data-start=\"775\" data-end=\"817\">grawerowane zdobienia w stylu Art Deco<\/strong> tworz\u0105 subtelny dialog mi\u0119dzy tradycj\u0105 a nowoczesno\u015bci\u0105. Ca\u0142o\u015b\u0107 dope\u0142niaj\u0105 <strong data-start=\"893\" data-end=\"923\">czarno-srebrne wyko\u0144czenie<\/strong> i <strong data-start=\"926\" data-end=\"957\">czarne gradientowe soczewki<\/strong>, kt\u00f3re podkre\u015blaj\u0105 charakter i g\u0142\u0119bi\u0119 spojrzenia.<\/p>\n<p data-start=\"1011\" data-end=\"1123\"><strong data-start=\"1011\" data-end=\"1020\">Daido<\/strong> to nie tylko okulary \u2013 to narz\u0119dzie postrzegania \u015bwiata. Symbol wolno\u015bci, refleksji i si\u0142y tw\u00f3rczej.<\/p>\n<p data-start=\"1125\" data-end=\"1150\"><strong data-start=\"1125\" data-end=\"1148\">Detale i wykonanie:<\/strong><\/p>\n<ul data-start=\"1151\" data-end=\"1629\">\n<li data-start=\"1151\" data-end=\"1191\">\n<p data-start=\"1153\" data-end=\"1191\"><strong data-start=\"1153\" data-end=\"1164\">Rodzaj:<\/strong> okulary przeciws\u0142oneczne<\/p>\n<\/li>\n<li data-start=\"1192\" data-end=\"1257\">\n<p data-start=\"1194\" data-end=\"1257\"><strong data-start=\"1194\" data-end=\"1206\">Kszta\u0142t:<\/strong> <em data-start=\"1207\" data-end=\"1216\">aviator<\/em> z g\u0142\u0119bokimi soczewkami w stylu lat 70.<\/p>\n<\/li>\n<li data-start=\"1258\" data-end=\"1287\">\n<p data-start=\"1260\" data-end=\"1287\"><strong data-start=\"1260\" data-end=\"1270\">Kolor:<\/strong> Silver \/ Black<\/p>\n<\/li>\n<li data-start=\"1288\" data-end=\"1359\">\n<p data-start=\"1290\" data-end=\"1359\"><strong data-start=\"1290\" data-end=\"1303\">Materia\u0142:<\/strong> 100% beta tytan \u2013 ultralekki, elastyczny i wytrzyma\u0142y<\/p>\n<\/li>\n<li data-start=\"1360\" data-end=\"1435\">\n<p data-start=\"1362\" data-end=\"1435\"><strong data-start=\"1362\" data-end=\"1375\">Soczewki:<\/strong> czarny gradient, 100% ochrona UV, pow\u0142oka antyrefleksyjna<\/p>\n<\/li>\n<li data-start=\"1436\" data-end=\"1549\">\n<p data-start=\"1438\" data-end=\"1549\"><strong data-start=\"1438\" data-end=\"1454\">Wyko\u0144czenie:<\/strong> unikalny mostek z okr\u0105g\u0142ym wg\u0142\u0119bieniem, wysuwane zauszniki, grawer Art Deco, sygnatura marki<\/p>\n<\/li>\n<li data-start=\"1550\" data-end=\"1583\">\n<p data-start=\"1552\" data-end=\"1583\"><strong data-start=\"1552\" data-end=\"1573\">Kraj pochodzenia:<\/strong> Japonia<\/p>\n<\/li>\n<li data-start=\"1584\" data-end=\"1629\">\n<p data-start=\"1586\" data-end=\"1629\"><strong data-start=\"1586\" data-end=\"1600\">Limitacja:<\/strong> 500 egzemplarzy na \u015bwiecie<\/p>\n<\/li>\n<\/ul>\n","protected":false},"featured_media":2253,"template":"","meta":{"_acf_changed":false,"_joinchat":[]},"product_brand":[82],"product_cat":[32,37,30,35],"product_tag":[],"model":[373],"class_list":{"0":"post-2249","1":"product","2":"type-product","3":"status-publish","4":"has-post-thumbnail","6":"product_brand-jacques-marie-mage","7":"product_cat-damskie","8":"product_cat-meskie","9":"product_cat-okulary-przeciwsloneczne","10":"product_cat-unisex","11":"model-daido","13":"first","14":"instock","15":"shipping-taxable","16":"purchasable","17":"product-type-simple"},"acf":[],"aioseo_notices":[],"_links":{"self":[{"href":"https:\/\/www.diukoptyk.pl\/pl\/wp-json\/wp\/v2\/product\/2249","targetHints":{"allow":["GET"]}}],"collection":[{"href":"https:\/\/www.diukoptyk.pl\/pl\/wp-json\/wp\/v2\/product"}],"about":[{"href":"https:\/\/www.diukoptyk.pl\/pl\/wp-json\/wp\/v2\/types\/product"}],"version-history":[{"count":1,"href":"https:\/\/www.diukoptyk.pl\/pl\/wp-json\/wp\/v2\/product\/2249\/revisions"}],"predecessor-version":[{"id":4475,"href":"https:\/\/www.diukoptyk.pl\/pl\/wp-json\/wp\/v2\/product\/2249\/revisions\/4475"}],"wp:featuredmedia":[{"embeddable":true,"href":"https:\/\/www.diukoptyk.pl\/pl\/wp-json\/wp\/v2\/media\/2253"}],"wp:attachment":[{"href":"https:\/\/www.diukoptyk.pl\/pl\/wp-json\/wp\/v2\/media?parent=2249"}],"wp:term":[{"taxonomy":"product_brand","embeddable":true,"href":"https:\/\/www.diukoptyk.pl\/pl\/wp-json\/wp\/v2\/product_brand?post=2249"},{"taxonomy":"product_cat","embeddable":true,"href":"https:\/\/www.diukoptyk.pl\/pl\/wp-json\/wp\/v2\/product_cat?post=2249"},{"taxonomy":"product_tag","embeddable":true,"href":"https:\/\/www.diukoptyk.pl\/pl\/wp-json\/wp\/v2\/product_tag?post=2249"},{"taxonomy":"model","embeddable":true,"href":"https:\/\/www.diukoptyk.pl\/pl\/wp-json\/wp\/v2\/model?post=2249"}],"curies":[{"name":"wp","href":"https:\/\/api.w.org\/{rel}","templated":true}]}}