{"id":2241,"date":"2025-10-10T11:29:32","date_gmt":"2025-10-10T09:29:32","guid":{"rendered":"https:\/\/www.diukoptyk.pl\/?post_type=product&#038;p=2241"},"modified":"2026-03-05T17:53:53","modified_gmt":"2026-03-05T16:53:53","slug":"jacques-marie-mage-corniche-hickory","status":"publish","type":"product","link":"https:\/\/www.diukoptyk.pl\/pl\/produkt\/jacques-marie-mage-corniche-hickory\/","title":{"rendered":"Jacques Marie Mage CORNICHE | HICKORY"},"content":{"rendered":"<p><strong data-start=\"884\" data-end=\"897\">Dla kogo?<\/strong><br data-start=\"897\" data-end=\"900\" \/>To okulary stworzone dla os\u00f3b, kt\u00f3re chc\u0105 celebrowa\u0107 luksus i swobod\u0119, ceni\u0105 sobie ponadczasow\u0105 elegancj\u0119, a jednocze\u015bnie odwa\u017cny design inspirowany stylem lat 60. Jacques Marie Mage oferuje tu co\u015b wi\u0119cej ni\u017c oprawy \u2013 to manifest stylu, wolno\u015bci i artystycznego ducha.<\/p>\n<p>Limitowana seria 400 sztuk na ca\u0142ym \u015bwiecie.<\/p>\n","protected":false},"excerpt":{"rendered":"<h3 data-start=\"90\" data-end=\"143\">Jacques Marie Mage \u2013 inspirowane ko\u0144cem lat 60.<\/h3>\n<p data-start=\"145\" data-end=\"470\"><strong data-start=\"145\" data-end=\"174\">Elegancja w duchu Riviery<\/strong><br data-start=\"174\" data-end=\"177\" \/>Model o wyd\u0142u\u017conym, prostok\u0105tnym kszta\u0142cie z subtelnie zakrzywion\u0105 g\u00f3rn\u0105 lini\u0105 oprawy i rze\u017abiarsk\u0105 sylwetk\u0105, kt\u00f3ra przywo\u0142uje klimat p\u00f3\u017anych lat 60. To projekt, kt\u00f3ry \u0142\u0105czy wyrafinowan\u0105 form\u0119 z artystyczn\u0105 nonszalancj\u0105 \u2013 luksusowy ho\u0142d dla beztroski i zmys\u0142owo\u015bci stylu francuskiej Riwiery.<\/p>\n<p data-start=\"472\" data-end=\"493\"><strong data-start=\"472\" data-end=\"491\">Detale i design<\/strong><\/p>\n<ul data-start=\"494\" data-end=\"882\">\n<li data-start=\"494\" data-end=\"562\">\n<p data-start=\"496\" data-end=\"562\">Rama: czarna, 10-milimetrowa z utwardzonego acetatu celulozowego<\/p>\n<\/li>\n<li data-start=\"563\" data-end=\"650\">\n<p data-start=\"565\" data-end=\"650\">Zauszniki: podw\u00f3jnie laminowany acetat z ozdobnymi elementami z metali szlachetnych<\/p>\n<\/li>\n<li data-start=\"651\" data-end=\"719\">\n<p data-start=\"653\" data-end=\"719\">Rdze\u0144: klasyczny wirecore z grawerowanymi detalami typu hairline<\/p>\n<\/li>\n<li data-start=\"720\" data-end=\"786\">\n<p data-start=\"722\" data-end=\"786\">Soczewki: br\u0105zowe, eleganckie i ponadczasowe, z pe\u0142n\u0105 ochron\u0105 UV<\/p>\n<\/li>\n<li data-start=\"787\" data-end=\"882\">\n<p data-start=\"789\" data-end=\"882\">Forma: wyd\u0142u\u017cony prostok\u0105t z delikatnie wygi\u0119t\u0105 g\u00f3rn\u0105 lini\u0105 \u2013 rze\u017abiarski i lekki charakter<\/p>\n<\/li>\n<\/ul>\n","protected":false},"featured_media":2243,"template":"","meta":{"_acf_changed":false,"_joinchat":[]},"product_brand":[82],"product_cat":[32,37,30,35],"product_tag":[329],"model":[371],"class_list":{"0":"post-2241","1":"product","2":"type-product","3":"status-publish","4":"has-post-thumbnail","6":"product_brand-jacques-marie-mage","7":"product_cat-damskie","8":"product_cat-meskie","9":"product_cat-okulary-przeciwsloneczne","10":"product_cat-unisex","11":"product_tag-jmmco01","12":"model-corniche","14":"first","15":"instock","16":"shipping-taxable","17":"purchasable","18":"product-type-simple"},"acf":[],"aioseo_notices":[],"_links":{"self":[{"href":"https:\/\/www.diukoptyk.pl\/pl\/wp-json\/wp\/v2\/product\/2241","targetHints":{"allow":["GET"]}}],"collection":[{"href":"https:\/\/www.diukoptyk.pl\/pl\/wp-json\/wp\/v2\/product"}],"about":[{"href":"https:\/\/www.diukoptyk.pl\/pl\/wp-json\/wp\/v2\/types\/product"}],"version-history":[{"count":1,"href":"https:\/\/www.diukoptyk.pl\/pl\/wp-json\/wp\/v2\/product\/2241\/revisions"}],"predecessor-version":[{"id":4471,"href":"https:\/\/www.diukoptyk.pl\/pl\/wp-json\/wp\/v2\/product\/2241\/revisions\/4471"}],"wp:featuredmedia":[{"embeddable":true,"href":"https:\/\/www.diukoptyk.pl\/pl\/wp-json\/wp\/v2\/media\/2243"}],"wp:attachment":[{"href":"https:\/\/www.diukoptyk.pl\/pl\/wp-json\/wp\/v2\/media?parent=2241"}],"wp:term":[{"taxonomy":"product_brand","embeddable":true,"href":"https:\/\/www.diukoptyk.pl\/pl\/wp-json\/wp\/v2\/product_brand?post=2241"},{"taxonomy":"product_cat","embeddable":true,"href":"https:\/\/www.diukoptyk.pl\/pl\/wp-json\/wp\/v2\/product_cat?post=2241"},{"taxonomy":"product_tag","embeddable":true,"href":"https:\/\/www.diukoptyk.pl\/pl\/wp-json\/wp\/v2\/product_tag?post=2241"},{"taxonomy":"model","embeddable":true,"href":"https:\/\/www.diukoptyk.pl\/pl\/wp-json\/wp\/v2\/model?post=2241"}],"curies":[{"name":"wp","href":"https:\/\/api.w.org\/{rel}","templated":true}]}}