{"id":2234,"date":"2025-10-10T11:20:50","date_gmt":"2025-10-10T09:20:50","guid":{"rendered":"https:\/\/www.diukoptyk.pl\/?post_type=product&#038;p=2234"},"modified":"2026-03-05T17:53:39","modified_gmt":"2026-03-05T16:53:39","slug":"jacques-marie-mage-cleavon-57-regal","status":"publish","type":"product","link":"https:\/\/www.diukoptyk.pl\/pl\/produkt\/jacques-marie-mage-cleavon-57-regal\/","title":{"rendered":"Jacques Marie Mage CLEAVON 57 | REGAL"},"content":{"rendered":"<p><strong data-start=\"1143\" data-end=\"1156\">Dla kogo?<\/strong><br data-start=\"1156\" data-end=\"1159\" \/><strong data-start=\"1159\" data-end=\"1205\">Jacques Marie Mage Cleavon 57 in Regal<\/strong> to oprawa dla indywidualist\u00f3w, kt\u00f3rzy szukaj\u0105 formy r\u00f3wnie wyj\u0105tkowej jak ich charakter \u2014 <strong data-start=\"1580\" data-end=\"1664\">dla tych, kt\u00f3rzy kieruj\u0105 si\u0119 pasj\u0105, elegancj\u0105 i odwag\u0105 patrzenia dalej ni\u017c inni.<\/strong><\/p>\n","protected":false},"excerpt":{"rendered":"<h3 data-start=\"156\" data-end=\"206\"><strong data-start=\"160\" data-end=\"204\">Jacques Marie Mage \u2013 CLEAVON 57 in REGAL<\/strong><\/h3>\n<p data-start=\"207\" data-end=\"242\"><strong data-start=\"207\" data-end=\"240\">Limitowana edycja \u2013 350 sztuk<\/strong><\/p>\n<p data-start=\"244\" data-end=\"476\"><strong data-start=\"244\" data-end=\"268\">Wolno\u015b\u0107. Si\u0142a. Styl.<\/strong><br data-start=\"268\" data-end=\"271\" \/>Model <strong data-start=\"277\" data-end=\"300\">Cleavon 57 in Regal<\/strong> to ho\u0142d dla nieustraszonych podr\u00f3\u017cnik\u00f3w i ikon wolnego ducha lat 80. \u2013 okulary o <strong data-start=\"382\" data-end=\"412\">mi\u0119kkim, op\u0142ywowym profilu<\/strong> i imponuj\u0105cych proporcjach, kt\u00f3re \u0142\u0105cz\u0105 elegancj\u0119 z dynamik\u0105.<\/p>\n<p data-start=\"478\" data-end=\"864\">R\u0119cznie wykonane w Japonii z <strong data-start=\"507\" data-end=\"547\">8-milimetrowego utwardzanego acetatu<\/strong> w odcieniu g\u0142\u0119bokiego b\u0142\u0119kitu, zachwycaj\u0105 rze\u017abiarsk\u0105 form\u0105, bogat\u0105 obj\u0119to\u015bci\u0105 i subtelnym efektem otulenia twarzy. Ich podw\u00f3jnie laminowane zauszniki z <strong data-start=\"701\" data-end=\"746\">metalowymi detalami z metali szlachetnych<\/strong> oraz <strong data-start=\"752\" data-end=\"802\">niebieskie soczewki o gradientowym wyko\u0144czeniu<\/strong> tworz\u0105 harmonijn\u0105 kompozycj\u0119 luksusu, precyzji i ekspresji.<\/p>\n<p data-start=\"866\" data-end=\"997\"><strong data-start=\"866\" data-end=\"880\">Cleavon 57<\/strong> to model dla tych, kt\u00f3rzy widz\u0105 w drodze co\u015b wi\u0119cej ni\u017c podr\u00f3\u017c \u2013 <strong data-start=\"946\" data-end=\"995\">manifest stylu, odwagi i pragnienia wolno\u015bci.<\/strong><\/p>\n<p data-start=\"999\" data-end=\"1024\"><strong data-start=\"999\" data-end=\"1022\">Detale i wykonanie:<\/strong><\/p>\n<ul data-start=\"1025\" data-end=\"1482\">\n<li data-start=\"1025\" data-end=\"1065\">\n<p data-start=\"1027\" data-end=\"1065\"><strong data-start=\"1027\" data-end=\"1038\">Rodzaj:<\/strong> okulary przeciws\u0142oneczne<\/p>\n<\/li>\n<li data-start=\"1066\" data-end=\"1149\">\n<p data-start=\"1068\" data-end=\"1149\"><strong data-start=\"1068\" data-end=\"1080\">Kszta\u0142t:<\/strong> inspirowany estetyk\u0105 lat 80., z mi\u0119kk\u0105 lini\u0105 i otulaj\u0105cym profilem<\/p>\n<\/li>\n<li data-start=\"1150\" data-end=\"1187\">\n<p data-start=\"1152\" data-end=\"1187\"><strong data-start=\"1152\" data-end=\"1162\">Kolor:<\/strong> Regal \u2013 g\u0142\u0119boki b\u0142\u0119kit<\/p>\n<\/li>\n<li data-start=\"1188\" data-end=\"1228\">\n<p data-start=\"1190\" data-end=\"1228\"><strong data-start=\"1190\" data-end=\"1203\">Materia\u0142:<\/strong> 8 mm utwardzany acetat<\/p>\n<\/li>\n<li data-start=\"1229\" data-end=\"1307\">\n<p data-start=\"1231\" data-end=\"1307\"><strong data-start=\"1231\" data-end=\"1244\">Soczewki:<\/strong> niebieski gradient, 100% ochrona UV, pow\u0142oka antyrefleksyjna<\/p>\n<\/li>\n<li data-start=\"1308\" data-end=\"1402\">\n<p data-start=\"1310\" data-end=\"1402\"><strong data-start=\"1310\" data-end=\"1326\">Wyko\u0144czenie:<\/strong> podw\u00f3jnie laminowane zauszniki, metalowe detale <em data-start=\"1375\" data-end=\"1400\">precious metal hardware<\/em><\/p>\n<\/li>\n<li data-start=\"1403\" data-end=\"1436\">\n<p data-start=\"1405\" data-end=\"1436\"><strong data-start=\"1405\" data-end=\"1426\">Kraj pochodzenia:<\/strong> Japonia<\/p>\n<\/li>\n<li data-start=\"1437\" data-end=\"1482\">\n<p data-start=\"1439\" data-end=\"1482\"><strong data-start=\"1439\" data-end=\"1453\">Limitacja:<\/strong> 350 egzemplarzy na \u015bwiecie<\/p>\n<\/li>\n<\/ul>\n","protected":false},"featured_media":2239,"template":"","meta":{"_acf_changed":false,"_joinchat":[]},"product_brand":[82],"product_cat":[32,37,30,35],"product_tag":[112],"model":[370],"class_list":{"0":"post-2234","1":"product","2":"type-product","3":"status-publish","4":"has-post-thumbnail","6":"product_brand-jacques-marie-mage","7":"product_cat-damskie","8":"product_cat-meskie","9":"product_cat-okulary-przeciwsloneczne","10":"product_cat-unisex","11":"product_tag-jmmvnx11d","12":"model-cleavon","14":"first","15":"instock","16":"shipping-taxable","17":"purchasable","18":"product-type-simple"},"acf":[],"aioseo_notices":[],"_links":{"self":[{"href":"https:\/\/www.diukoptyk.pl\/pl\/wp-json\/wp\/v2\/product\/2234","targetHints":{"allow":["GET"]}}],"collection":[{"href":"https:\/\/www.diukoptyk.pl\/pl\/wp-json\/wp\/v2\/product"}],"about":[{"href":"https:\/\/www.diukoptyk.pl\/pl\/wp-json\/wp\/v2\/types\/product"}],"version-history":[{"count":1,"href":"https:\/\/www.diukoptyk.pl\/pl\/wp-json\/wp\/v2\/product\/2234\/revisions"}],"predecessor-version":[{"id":4468,"href":"https:\/\/www.diukoptyk.pl\/pl\/wp-json\/wp\/v2\/product\/2234\/revisions\/4468"}],"wp:featuredmedia":[{"embeddable":true,"href":"https:\/\/www.diukoptyk.pl\/pl\/wp-json\/wp\/v2\/media\/2239"}],"wp:attachment":[{"href":"https:\/\/www.diukoptyk.pl\/pl\/wp-json\/wp\/v2\/media?parent=2234"}],"wp:term":[{"taxonomy":"product_brand","embeddable":true,"href":"https:\/\/www.diukoptyk.pl\/pl\/wp-json\/wp\/v2\/product_brand?post=2234"},{"taxonomy":"product_cat","embeddable":true,"href":"https:\/\/www.diukoptyk.pl\/pl\/wp-json\/wp\/v2\/product_cat?post=2234"},{"taxonomy":"product_tag","embeddable":true,"href":"https:\/\/www.diukoptyk.pl\/pl\/wp-json\/wp\/v2\/product_tag?post=2234"},{"taxonomy":"model","embeddable":true,"href":"https:\/\/www.diukoptyk.pl\/pl\/wp-json\/wp\/v2\/model?post=2234"}],"curies":[{"name":"wp","href":"https:\/\/api.w.org\/{rel}","templated":true}]}}