{"id":2192,"date":"2025-10-10T10:49:55","date_gmt":"2025-10-10T08:49:55","guid":{"rendered":"https:\/\/www.diukoptyk.pl\/?post_type=product&#038;p=2192"},"modified":"2026-03-05T17:52:09","modified_gmt":"2026-03-05T16:52:09","slug":"jacques-marie-mage-assen-silver","status":"publish","type":"product","link":"https:\/\/www.diukoptyk.pl\/pl\/produkt\/jacques-marie-mage-assen-silver\/","title":{"rendered":"Jacques Marie Mage ASSEN | SILVER"},"content":{"rendered":"<p><strong data-start=\"1496\" data-end=\"1509\">Dla kogo:<\/strong><br data-start=\"1509\" data-end=\"1512\" \/>Dla m\u0119\u017cczyzn o silnym charakterze i niepodwa\u017calnym poczuciu stylu \u2014 <strong data-start=\"1580\" data-end=\"1623\">dla tych, kt\u00f3rzy prowadz\u0105, nie pod\u0105\u017caj\u0105<\/strong>.<\/p>\n","protected":false},"excerpt":{"rendered":"<h3 data-start=\"147\" data-end=\"192\"><strong data-start=\"151\" data-end=\"190\">Jacques Marie Mage \u2013 ASSEN in BLACK<\/strong><\/h3>\n<p data-start=\"193\" data-end=\"228\"><strong data-start=\"193\" data-end=\"226\">Limitowana edycja \u2013 100 sztuk<\/strong><\/p>\n<p data-start=\"230\" data-end=\"552\"><strong data-start=\"230\" data-end=\"255\">Szybko\u015b\u0107. Si\u0142a. Styl.<\/strong><br data-start=\"255\" data-end=\"258\" \/>Model <strong data-start=\"264\" data-end=\"282\">Assen in Silver<\/strong>\u00a0to tytanowe okulary przeciws\u0142oneczne stworzone dla tych, kt\u00f3rzy \u017cyj\u0105 z pasj\u0105 i precyzj\u0105 \u2014 jak mistrzowie toru. Inspirowane legendarnym torem <strong data-start=\"424\" data-end=\"441\">Assen Circuit<\/strong>, zwanym \u201eKatedr\u0105 pr\u0119dko\u015bci\u201d, stanowi\u0105 ho\u0142d dla odwagi, determinacji i elegancji, kt\u00f3re definiuj\u0105 zwyci\u0119zc\u00f3w.<\/p>\n<p data-start=\"554\" data-end=\"854\">Smuk\u0142a, nowoczesna forma <em data-start=\"579\" data-end=\"590\">navigator<\/em> wykonana z <strong data-start=\"602\" data-end=\"628\">100% tytanu klasy beta<\/strong> \u0142\u0105czy lekko\u015b\u0107 z niezwyk\u0142\u0105 wytrzyma\u0142o\u015bci\u0105. Wyrazisty <strong data-start=\"681\" data-end=\"700\">podw\u00f3jny mostek<\/strong>, grawerowane zauszniki, precyzyjnie wykonane <strong data-start=\"746\" data-end=\"776\">os\u0142ony boczne z soczewkami<\/strong> oraz detale z acetatu podkre\u015blaj\u0105 charakter r\u0119cznego japo\u0144skiego rzemios\u0142a.<\/p>\n<p data-start=\"856\" data-end=\"1002\">W srebrze, z <strong data-start=\"878\" data-end=\"901\">zielonymi soczewkami<\/strong> o pe\u0142nej ochronie UV, model <strong data-start=\"930\" data-end=\"939\">Assen<\/strong> staje si\u0119 manifestem pewno\u015bci siebie i ponadczasowego stylu.<\/p>\n<p data-start=\"1004\" data-end=\"1029\"><strong data-start=\"1004\" data-end=\"1027\">Detale i wykonanie:<\/strong><\/p>\n<ul data-start=\"1030\" data-end=\"1494\">\n<li data-start=\"1030\" data-end=\"1070\">\n<p data-start=\"1032\" data-end=\"1070\"><strong data-start=\"1032\" data-end=\"1043\">Rodzaj:<\/strong> okulary przeciws\u0142oneczne<\/p>\n<\/li>\n<li data-start=\"1071\" data-end=\"1139\">\n<p data-start=\"1073\" data-end=\"1139\"><strong data-start=\"1073\" data-end=\"1085\">Kszta\u0142t:<\/strong> <em data-start=\"1086\" data-end=\"1097\">navigator<\/em> \u2013 inspirowany klasycznym stylem pilotek<\/p>\n<\/li>\n<li data-start=\"1140\" data-end=\"1168\">\n<p data-start=\"1142\" data-end=\"1168\"><strong data-start=\"1142\" data-end=\"1152\">Kolor:<\/strong> srebrny<\/p>\n<\/li>\n<li data-start=\"1169\" data-end=\"1248\">\n<p data-start=\"1171\" data-end=\"1248\"><strong data-start=\"1171\" data-end=\"1184\">Materia\u0142:<\/strong> 100% beta tytan \u2013 lekki, elastyczny, odporny na odkszta\u0142cenia<\/p>\n<\/li>\n<li data-start=\"1249\" data-end=\"1315\">\n<p data-start=\"1251\" data-end=\"1315\"><strong data-start=\"1251\" data-end=\"1264\">Soczewki:<\/strong> czarne, 100% ochrona UV, pow\u0142oka antyrefleksyjna<\/p>\n<\/li>\n<li data-start=\"1316\" data-end=\"1414\">\n<p data-start=\"1318\" data-end=\"1414\"><strong data-start=\"1318\" data-end=\"1334\">Wyko\u0144czenie:<\/strong> podw\u00f3jny mostek, monoblokowe zawiasy, grawerowane zauszniki, r\u0119czne wykonanie<\/p>\n<\/li>\n<li data-start=\"1415\" data-end=\"1448\">\n<p data-start=\"1417\" data-end=\"1448\"><strong data-start=\"1417\" data-end=\"1438\">Kraj pochodzenia:<\/strong> Japonia<\/p>\n<\/li>\n<li data-start=\"1449\" data-end=\"1494\">\n<p data-start=\"1451\" data-end=\"1494\"><strong data-start=\"1451\" data-end=\"1465\">Limitacja:<\/strong> 100 egzemplarzy na \u015bwiecie<\/p>\n<\/li>\n<\/ul>\n","protected":false},"featured_media":2199,"template":"","meta":{"_acf_changed":false,"_joinchat":[]},"product_brand":[82],"product_cat":[37,30],"product_tag":[],"model":[],"class_list":{"0":"post-2192","1":"product","2":"type-product","3":"status-publish","4":"has-post-thumbnail","6":"product_brand-jacques-marie-mage","7":"product_cat-meskie","8":"product_cat-okulary-przeciwsloneczne","10":"first","11":"instock","12":"shipping-taxable","13":"purchasable","14":"product-type-simple"},"acf":[],"aioseo_notices":[],"_links":{"self":[{"href":"https:\/\/www.diukoptyk.pl\/pl\/wp-json\/wp\/v2\/product\/2192","targetHints":{"allow":["GET"]}}],"collection":[{"href":"https:\/\/www.diukoptyk.pl\/pl\/wp-json\/wp\/v2\/product"}],"about":[{"href":"https:\/\/www.diukoptyk.pl\/pl\/wp-json\/wp\/v2\/types\/product"}],"version-history":[{"count":1,"href":"https:\/\/www.diukoptyk.pl\/pl\/wp-json\/wp\/v2\/product\/2192\/revisions"}],"predecessor-version":[{"id":4661,"href":"https:\/\/www.diukoptyk.pl\/pl\/wp-json\/wp\/v2\/product\/2192\/revisions\/4661"}],"wp:featuredmedia":[{"embeddable":true,"href":"https:\/\/www.diukoptyk.pl\/pl\/wp-json\/wp\/v2\/media\/2199"}],"wp:attachment":[{"href":"https:\/\/www.diukoptyk.pl\/pl\/wp-json\/wp\/v2\/media?parent=2192"}],"wp:term":[{"taxonomy":"product_brand","embeddable":true,"href":"https:\/\/www.diukoptyk.pl\/pl\/wp-json\/wp\/v2\/product_brand?post=2192"},{"taxonomy":"product_cat","embeddable":true,"href":"https:\/\/www.diukoptyk.pl\/pl\/wp-json\/wp\/v2\/product_cat?post=2192"},{"taxonomy":"product_tag","embeddable":true,"href":"https:\/\/www.diukoptyk.pl\/pl\/wp-json\/wp\/v2\/product_tag?post=2192"},{"taxonomy":"model","embeddable":true,"href":"https:\/\/www.diukoptyk.pl\/pl\/wp-json\/wp\/v2\/model?post=2192"}],"curies":[{"name":"wp","href":"https:\/\/api.w.org\/{rel}","templated":true}]}}