{"id":2175,"date":"2025-10-09T14:44:17","date_gmt":"2025-10-09T12:44:17","guid":{"rendered":"https:\/\/www.diukoptyk.pl\/?post_type=product&#038;p=2175"},"modified":"2025-10-27T08:26:23","modified_gmt":"2025-10-27T07:26:23","slug":"tom-ford-tf709-whyat","status":"publish","type":"product","link":"https:\/\/www.diukoptyk.pl\/pl\/produkt\/tom-ford-tf709-whyat\/","title":{"rendered":"Tom Ford TF709 WHYAT"},"content":{"rendered":"<p><strong data-start=\"1303\" data-end=\"1316\">Dla kogo:<\/strong><br data-start=\"1316\" data-end=\"1319\" \/>Dla os\u00f3b, kt\u00f3re ceni\u0105 <strong data-start=\"1341\" data-end=\"1395\">odwa\u017cny design, elegancj\u0119 i presti\u017c marki Tom Ford<\/strong>. Idealny wyb\u00f3r na lato \u2013 zar\u00f3wno do miejskich stylizacji, jak i luksusowych podr\u00f3\u017cy.<\/p>\n<p>W salonie DIUK Optyk dost\u0119pna jest pe\u0142na kolekcja opraw <strong data-start=\"223\" data-end=\"235\">Tom Ford<\/strong> \u2014 <strong>15\u00a0modeli<\/strong>.<br data-start=\"258\" data-end=\"261\" \/>Na stronie prezentujemy jedynie wybrane propozycje, aby da\u0107 przedsmak tego, co czeka na Pa\u0144stwa w naszym butiku.<\/p>\n","protected":false},"excerpt":{"rendered":"<h3 data-start=\"148\" data-end=\"178\"><strong data-start=\"152\" data-end=\"178\">Tom Ford \u2013 TF709 WHYAT<\/strong><\/h3>\n<p data-start=\"180\" data-end=\"481\"><strong data-start=\"180\" data-end=\"221\">Runway look. Luksus w czystej formie.<\/strong><br data-start=\"221\" data-end=\"224\" \/>Model <strong data-start=\"230\" data-end=\"254\">Tom Ford TF709 WHYAT<\/strong> to wyj\u0105tkowe okulary przeciws\u0142oneczne inspirowane stylem prosto z wybiegu. Czarne, l\u015bni\u0105ce oprawy z charakterystycznym z\u0142otym logo <strong data-start=\"386\" data-end=\"393\">\u201eT\u201d<\/strong> na zausznikach to kwintesencja elegancji i si\u0142y, kt\u00f3re definiuj\u0105 estetyk\u0119 Toma Forda.<\/p>\n<p data-start=\"483\" data-end=\"743\">Z\u0142ote, lustrzane soczewki przyci\u0105gaj\u0105 wzrok i nadaj\u0105 ca\u0142o\u015bci efektu glamour \u2013 tworz\u0105c idealne po\u0142\u0105czenie luksusu i pewno\u015bci siebie. Dzi\u0119ki <strong data-start=\"622\" data-end=\"642\">100% ochronie UV<\/strong>, model WHYAT nie tylko zachwyca wygl\u0105dem, ale r\u00f3wnie\u017c skutecznie chroni wzrok w ka\u017cdych warunkach.<\/p>\n<p data-start=\"745\" data-end=\"878\">Wykonane we W\u0142oszech z najwy\u017cszej jako\u015bci <strong data-start=\"787\" data-end=\"798\">acetatu<\/strong> i metalu, te okulary \u0142\u0105cz\u0105 wyrazisto\u015b\u0107 formy z doskona\u0142ym komfortem noszenia.<\/p>\n<p data-start=\"880\" data-end=\"905\"><strong data-start=\"880\" data-end=\"903\">Detale i wykonanie:<\/strong><\/p>\n<ul data-start=\"906\" data-end=\"1301\">\n<li data-start=\"906\" data-end=\"946\">\n<p data-start=\"908\" data-end=\"946\"><strong data-start=\"908\" data-end=\"919\">Rodzaj:<\/strong> okulary przeciws\u0142oneczne<\/p>\n<\/li>\n<li data-start=\"947\" data-end=\"1004\">\n<p data-start=\"949\" data-end=\"1004\"><strong data-start=\"949\" data-end=\"961\">Kszta\u0142t:<\/strong> klasyczny, z lekko prostok\u0105tnym profilem<\/p>\n<\/li>\n<li data-start=\"1005\" data-end=\"1040\">\n<p data-start=\"1007\" data-end=\"1040\"><strong data-start=\"1007\" data-end=\"1024\">Kolor oprawy:<\/strong> czarny po\u0142ysk<\/p>\n<\/li>\n<li data-start=\"1041\" data-end=\"1088\">\n<p data-start=\"1043\" data-end=\"1088\"><strong data-start=\"1043\" data-end=\"1056\">Soczewki:<\/strong> z\u0142ote lustro, 100% ochrona UV<\/p>\n<\/li>\n<li data-start=\"1089\" data-end=\"1145\">\n<p data-start=\"1091\" data-end=\"1145\"><strong data-start=\"1091\" data-end=\"1100\">Logo:<\/strong> charakterystyczne z\u0142ote \u201eT\u201d na zausznikach<\/p>\n<\/li>\n<li data-start=\"1146\" data-end=\"1200\">\n<p data-start=\"1148\" data-end=\"1200\"><strong data-start=\"1148\" data-end=\"1161\">Materia\u0142:<\/strong> premium acetat z metalowymi detalami<\/p>\n<\/li>\n<li data-start=\"1201\" data-end=\"1268\">\n<p data-start=\"1203\" data-end=\"1268\"><strong data-start=\"1203\" data-end=\"1215\">Rozmiar:<\/strong> szeroko\u015b\u0107 frontu 146 mm \/ d\u0142ugo\u015b\u0107 zausznika 140 mm<\/p>\n<\/li>\n<li data-start=\"1269\" data-end=\"1301\">\n<p data-start=\"1271\" data-end=\"1301\"><strong data-start=\"1271\" data-end=\"1292\">Kraj pochodzenia:<\/strong> W\u0142ochy<\/p>\n<\/li>\n<\/ul>\n","protected":false},"featured_media":2178,"template":"","meta":{"_acf_changed":false,"_joinchat":[]},"product_brand":[342],"product_cat":[32,37,30,35],"product_tag":[],"model":[],"class_list":{"0":"post-2175","1":"product","2":"type-product","3":"status-publish","4":"has-post-thumbnail","6":"product_brand-tom-ford","7":"product_cat-damskie","8":"product_cat-meskie","9":"product_cat-okulary-przeciwsloneczne","10":"product_cat-unisex","12":"first","13":"instock","14":"shipping-taxable","15":"purchasable","16":"product-type-simple"},"acf":[],"aioseo_notices":[],"_links":{"self":[{"href":"https:\/\/www.diukoptyk.pl\/pl\/wp-json\/wp\/v2\/product\/2175","targetHints":{"allow":["GET"]}}],"collection":[{"href":"https:\/\/www.diukoptyk.pl\/pl\/wp-json\/wp\/v2\/product"}],"about":[{"href":"https:\/\/www.diukoptyk.pl\/pl\/wp-json\/wp\/v2\/types\/product"}],"version-history":[{"count":0,"href":"https:\/\/www.diukoptyk.pl\/pl\/wp-json\/wp\/v2\/product\/2175\/revisions"}],"wp:featuredmedia":[{"embeddable":true,"href":"https:\/\/www.diukoptyk.pl\/pl\/wp-json\/wp\/v2\/media\/2178"}],"wp:attachment":[{"href":"https:\/\/www.diukoptyk.pl\/pl\/wp-json\/wp\/v2\/media?parent=2175"}],"wp:term":[{"taxonomy":"product_brand","embeddable":true,"href":"https:\/\/www.diukoptyk.pl\/pl\/wp-json\/wp\/v2\/product_brand?post=2175"},{"taxonomy":"product_cat","embeddable":true,"href":"https:\/\/www.diukoptyk.pl\/pl\/wp-json\/wp\/v2\/product_cat?post=2175"},{"taxonomy":"product_tag","embeddable":true,"href":"https:\/\/www.diukoptyk.pl\/pl\/wp-json\/wp\/v2\/product_tag?post=2175"},{"taxonomy":"model","embeddable":true,"href":"https:\/\/www.diukoptyk.pl\/pl\/wp-json\/wp\/v2\/model?post=2175"}],"curies":[{"name":"wp","href":"https:\/\/api.w.org\/{rel}","templated":true}]}}