{"id":1437,"date":"2025-09-15T19:39:23","date_gmt":"2025-09-15T17:39:23","guid":{"rendered":"https:\/\/duke2.unixstorm.eu\/produkt\/jacques-marie-mage-grandfunk-black\/"},"modified":"2026-03-05T17:51:34","modified_gmt":"2026-03-05T16:51:34","slug":"jacques-marie-mage-grandfunk-black","status":"publish","type":"product","link":"https:\/\/www.diukoptyk.pl\/pl\/produkt\/jacques-marie-mage-grandfunk-black\/","title":{"rendered":"Jacques Marie Mage GRANDFUNK | BLACK"},"content":{"rendered":"<p>&nbsp;<\/p>\n<ul>\n<li>Soczewki CR39 z wewn\u0119trzn\u0105 pow\u0142ok\u0105 antyrefleksyjn\u0105<\/li>\n<li>Ochrona UV 100%<\/li>\n<li>R\u0119czna produkcja w Japonii<\/li>\n<li>Wymiary: 58-17-146<\/li>\n<li>Limitowana seria 250 sztuk na ca\u0142ym \u015bwiecie.<\/li>\n<\/ul>\n","protected":false},"excerpt":{"rendered":"<p>&nbsp; Soczewki CR39 z wewn\u0119trzn\u0105 pow\u0142ok\u0105 antyrefleksyjn\u0105 Ochrona UV 100% R\u0119czna produkcja w Japonii Wymiary: 58-17-146 Limitowana seria 250 sztuk na ca\u0142ym \u015bwiecie.<\/p>\n","protected":false},"featured_media":1434,"template":"","meta":{"_acf_changed":false,"_joinchat":[]},"product_brand":[82],"product_cat":[32,30],"product_tag":[333],"model":[380],"class_list":{"0":"post-1437","1":"product","2":"type-product","3":"status-publish","4":"has-post-thumbnail","6":"product_brand-jacques-marie-mage","7":"product_cat-damskie","8":"product_cat-okulary-przeciwsloneczne","9":"product_tag-jmmgf88","10":"model-grandfunk","12":"first","13":"instock","14":"shipping-taxable","15":"purchasable","16":"product-type-simple"},"acf":[],"aioseo_notices":[],"_links":{"self":[{"href":"https:\/\/www.diukoptyk.pl\/pl\/wp-json\/wp\/v2\/product\/1437","targetHints":{"allow":["GET"]}}],"collection":[{"href":"https:\/\/www.diukoptyk.pl\/pl\/wp-json\/wp\/v2\/product"}],"about":[{"href":"https:\/\/www.diukoptyk.pl\/pl\/wp-json\/wp\/v2\/types\/product"}],"version-history":[{"count":1,"href":"https:\/\/www.diukoptyk.pl\/pl\/wp-json\/wp\/v2\/product\/1437\/revisions"}],"predecessor-version":[{"id":4502,"href":"https:\/\/www.diukoptyk.pl\/pl\/wp-json\/wp\/v2\/product\/1437\/revisions\/4502"}],"wp:featuredmedia":[{"embeddable":true,"href":"https:\/\/www.diukoptyk.pl\/pl\/wp-json\/wp\/v2\/media\/1434"}],"wp:attachment":[{"href":"https:\/\/www.diukoptyk.pl\/pl\/wp-json\/wp\/v2\/media?parent=1437"}],"wp:term":[{"taxonomy":"product_brand","embeddable":true,"href":"https:\/\/www.diukoptyk.pl\/pl\/wp-json\/wp\/v2\/product_brand?post=1437"},{"taxonomy":"product_cat","embeddable":true,"href":"https:\/\/www.diukoptyk.pl\/pl\/wp-json\/wp\/v2\/product_cat?post=1437"},{"taxonomy":"product_tag","embeddable":true,"href":"https:\/\/www.diukoptyk.pl\/pl\/wp-json\/wp\/v2\/product_tag?post=1437"},{"taxonomy":"model","embeddable":true,"href":"https:\/\/www.diukoptyk.pl\/pl\/wp-json\/wp\/v2\/model?post=1437"}],"curies":[{"name":"wp","href":"https:\/\/api.w.org\/{rel}","templated":true}]}}