{"id":1411,"date":"2025-09-15T19:26:30","date_gmt":"2025-09-15T17:26:30","guid":{"rendered":"https:\/\/duke2.unixstorm.eu\/produkt\/jacques-marie-mage-ritz-ciel\/"},"modified":"2026-03-05T17:34:53","modified_gmt":"2026-03-05T16:34:53","slug":"jacques-marie-mage-ritz-ciel","status":"publish","type":"product","link":"https:\/\/www.diukoptyk.pl\/pl\/produkt\/jacques-marie-mage-ritz-ciel\/","title":{"rendered":"Jacques Marie Mage RITZ | Ciel"},"content":{"rendered":"<p data-start=\"913\" data-end=\"1165\"><strong data-start=\"913\" data-end=\"926\">Dla kogo?<\/strong><br data-start=\"926\" data-end=\"929\" \/>To oprawy stworzone dla os\u00f3b, kt\u00f3re chc\u0105 wygl\u0105da\u0107 jak milion dolar\u00f3w \u2013 pewnych siebie, ceni\u0105cych luksus i wyrazisty design. Jacques Marie Mage x George Cortina to wi\u0119cej ni\u017c okulary \u2013 to manifest si\u0142y, stylu i ponadczasowej elegancji.<\/p>\n<p>&nbsp;<\/p>\n<p>Limitowana seria 500 sztuk na ca\u0142ym \u015bwiecie.<\/p>\n","protected":false},"excerpt":{"rendered":"<h3 data-start=\"87\" data-end=\"152\">Jacques Marie Mage x George Cortina \u2013 <strong data-start=\"129\" data-end=\"150\">Limitowana Edycja<\/strong><\/h3>\n<p data-start=\"154\" data-end=\"498\"><strong data-start=\"154\" data-end=\"179\">Si\u0142a stylu i charyzmy<\/strong><br data-start=\"179\" data-end=\"182\" \/>Projekt stworzony we wsp\u00f3\u0142pracy z ikon\u0105 stylu <strong data-start=\"228\" data-end=\"249\">George\u2019em Cortin\u0105<\/strong> to mocne, wyraziste oprawy, kt\u00f3re nie pozostawiaj\u0105 miejsca na kompromisy. Charakterystyczna g\u00f3rna linia oprawki, rze\u017abiarskie zauszniki i sygnowane metalowe detale tworz\u0105 kompozycj\u0119, kt\u00f3ra \u0142\u0105czy elegancj\u0119 z odwa\u017cnym, bezkompromisowym charakterem.<\/p>\n<p data-start=\"500\" data-end=\"521\"><strong data-start=\"500\" data-end=\"519\">Detale i design<\/strong><\/p>\n<ul data-start=\"522\" data-end=\"911\">\n<li data-start=\"522\" data-end=\"590\">\n<p data-start=\"524\" data-end=\"590\">Rama: czarna, 10-milimetrowa z utwardzonego acetatu celulozowego<\/p>\n<\/li>\n<li data-start=\"591\" data-end=\"668\">\n<p data-start=\"593\" data-end=\"668\">Zauszniki: podw\u00f3jnie laminowany acetat z elementami z metalu szlachetnego<\/p>\n<\/li>\n<li data-start=\"669\" data-end=\"759\">\n<p data-start=\"671\" data-end=\"759\">Soczewki: niebieskie, nadaj\u0105ce nowoczesny, charyzmatyczny charakter i pe\u0142n\u0105 ochron\u0119 UV<\/p>\n<\/li>\n<li data-start=\"760\" data-end=\"842\">\n<p data-start=\"762\" data-end=\"842\">Forma: mocna linia brwiowa i rze\u017abiarska konstrukcja dla maksymalnej ekspresji<\/p>\n<\/li>\n<li data-start=\"843\" data-end=\"911\">\n<p data-start=\"845\" data-end=\"911\">Limitowana edycja \u2013 unikalny projekt dla kolekcjoner\u00f3w i estet\u00f3w<\/p>\n<\/li>\n<\/ul>\n","protected":false},"featured_media":1409,"template":"","meta":{"_acf_changed":false,"_joinchat":[]},"product_brand":[82],"product_cat":[37,30],"product_tag":[325],"model":[],"class_list":{"0":"post-1411","1":"product","2":"type-product","3":"status-publish","4":"has-post-thumbnail","6":"product_brand-jacques-marie-mage","7":"product_cat-meskie","8":"product_cat-okulary-przeciwsloneczne","9":"product_tag-jmmrtz26","11":"first","12":"outofstock","13":"shipping-taxable","14":"purchasable","15":"product-type-simple"},"acf":[],"aioseo_notices":[],"_links":{"self":[{"href":"https:\/\/www.diukoptyk.pl\/pl\/wp-json\/wp\/v2\/product\/1411","targetHints":{"allow":["GET"]}}],"collection":[{"href":"https:\/\/www.diukoptyk.pl\/pl\/wp-json\/wp\/v2\/product"}],"about":[{"href":"https:\/\/www.diukoptyk.pl\/pl\/wp-json\/wp\/v2\/types\/product"}],"version-history":[{"count":1,"href":"https:\/\/www.diukoptyk.pl\/pl\/wp-json\/wp\/v2\/product\/1411\/revisions"}],"predecessor-version":[{"id":4179,"href":"https:\/\/www.diukoptyk.pl\/pl\/wp-json\/wp\/v2\/product\/1411\/revisions\/4179"}],"wp:featuredmedia":[{"embeddable":true,"href":"https:\/\/www.diukoptyk.pl\/pl\/wp-json\/wp\/v2\/media\/1409"}],"wp:attachment":[{"href":"https:\/\/www.diukoptyk.pl\/pl\/wp-json\/wp\/v2\/media?parent=1411"}],"wp:term":[{"taxonomy":"product_brand","embeddable":true,"href":"https:\/\/www.diukoptyk.pl\/pl\/wp-json\/wp\/v2\/product_brand?post=1411"},{"taxonomy":"product_cat","embeddable":true,"href":"https:\/\/www.diukoptyk.pl\/pl\/wp-json\/wp\/v2\/product_cat?post=1411"},{"taxonomy":"product_tag","embeddable":true,"href":"https:\/\/www.diukoptyk.pl\/pl\/wp-json\/wp\/v2\/product_tag?post=1411"},{"taxonomy":"model","embeddable":true,"href":"https:\/\/www.diukoptyk.pl\/pl\/wp-json\/wp\/v2\/model?post=1411"}],"curies":[{"name":"wp","href":"https:\/\/api.w.org\/{rel}","templated":true}]}}