{"id":1407,"date":"2025-09-15T19:24:37","date_gmt":"2025-09-15T17:24:37","guid":{"rendered":"https:\/\/duke2.unixstorm.eu\/produkt\/jacques-marie-mage-wesley-cobra\/"},"modified":"2026-03-05T17:34:41","modified_gmt":"2026-03-05T16:34:41","slug":"jacques-marie-mage-wesley-cobra","status":"publish","type":"product","link":"https:\/\/www.diukoptyk.pl\/pl\/produkt\/jacques-marie-mage-wesley-cobra\/","title":{"rendered":"Jacques Marie Mage WESLEY | COBRA"},"content":{"rendered":"<p><strong data-start=\"1033\" data-end=\"1046\">Dla kogo?<\/strong><br data-start=\"1046\" data-end=\"1049\" \/><strong data-start=\"1049\" data-end=\"1087\">Jacques Marie Mage Wesley in Cobra<\/strong> to oprawa dla os\u00f3b, kt\u00f3re ceni\u0105 luksus w ruchu \u2013 odwa\u017cnych, niezale\u017cnych i z wyczuciem stylu.<\/p>\n<p>Elegancka, a zarazem pe\u0142na charakteru, jest niczym pi\u00f3ro rzucone na wiatr \u2013 ho\u0142d dla wolno\u015bci, sztuki i rzemios\u0142a najwy\u017cszej klasy.<\/p>\n","protected":false},"excerpt":{"rendered":"<h3 data-start=\"125\" data-end=\"171\">acques Marie Mage \u2013 <strong data-start=\"150\" data-end=\"169\">Wesley in Cobra<\/strong><\/h3>\n<p data-start=\"173\" data-end=\"503\"><strong data-start=\"173\" data-end=\"222\">Nowoczesna elegancja w duchu Dzikiego Zachodu<\/strong><br data-start=\"222\" data-end=\"225\" \/>Model <strong data-start=\"231\" data-end=\"250\">Wesley in Cobra<\/strong> to reinterpretacja kultowego projektu z 2016 roku \u2013 dynamiczny i wyrafinowany, z szerokim dopasowaniem i charakterystycznym mostkiem typu <em data-start=\"389\" data-end=\"398\">keyhole<\/em>. Limitowana edycja <strong data-start=\"418\" data-end=\"437\">500 egzemplarzy<\/strong> \u0142\u0105czy nowoczesny design z duchem legend ameryka\u0144skiego Zachodu.<\/p>\n<p data-start=\"505\" data-end=\"526\"><strong data-start=\"505\" data-end=\"524\">Detale i design<\/strong><\/p>\n<ul data-start=\"527\" data-end=\"1031\">\n<li data-start=\"527\" data-end=\"615\">\n<p data-start=\"529\" data-end=\"615\">Rama: czarna, 10-milimetrowa z utwardzonego acetatu celulozowego w kolorze <strong data-start=\"604\" data-end=\"613\">Cobra<\/strong><\/p>\n<\/li>\n<li data-start=\"616\" data-end=\"676\">\n<p data-start=\"618\" data-end=\"676\">Profil: elegancki, prostok\u0105tny, z rze\u017abiarskimi detalami<\/p>\n<\/li>\n<li data-start=\"677\" data-end=\"797\">\n<p data-start=\"679\" data-end=\"797\">Zauszniki: podw\u00f3jnie laminowany acetat z nowym rdzeniem <em data-start=\"735\" data-end=\"755\">feathered wirecore<\/em> \u2013 pierwszym tego rodzaju w historii JMM<\/p>\n<\/li>\n<li data-start=\"798\" data-end=\"866\">\n<p data-start=\"800\" data-end=\"866\">Mostek: charakterystyczny kszta\u0142t <em data-start=\"834\" data-end=\"843\">keyhole<\/em> dla komfortu i stylu<\/p>\n<\/li>\n<li data-start=\"867\" data-end=\"960\">\n<p data-start=\"869\" data-end=\"960\">Soczewki: zielone, z pe\u0142n\u0105 ochron\u0105 UV, zapewniaj\u0105ce subtelny kontrast i g\u0142\u0119bi\u0119 spojrzenia<\/p>\n<\/li>\n<li data-start=\"961\" data-end=\"1031\">\n<p data-start=\"963\" data-end=\"1031\">Limitowana edycja: <strong data-start=\"982\" data-end=\"995\">500 sztuk<\/strong> \u2013 ka\u017cdy egzemplarz kolekcjonerski<\/p>\n<\/li>\n<\/ul>\n","protected":false},"featured_media":1404,"template":"","meta":{"_acf_changed":false,"_joinchat":[]},"product_brand":[82],"product_cat":[37,30,35],"product_tag":[39],"model":[408],"class_list":{"0":"post-1407","1":"product","2":"type-product","3":"status-publish","4":"has-post-thumbnail","6":"product_brand-jacques-marie-mage","7":"product_cat-meskie","8":"product_cat-okulary-przeciwsloneczne","9":"product_cat-unisex","10":"product_tag-jmmwy16c","11":"model-wesley","13":"first","14":"instock","15":"shipping-taxable","16":"purchasable","17":"product-type-simple"},"acf":[],"aioseo_notices":[],"_links":{"self":[{"href":"https:\/\/www.diukoptyk.pl\/pl\/wp-json\/wp\/v2\/product\/1407","targetHints":{"allow":["GET"]}}],"collection":[{"href":"https:\/\/www.diukoptyk.pl\/pl\/wp-json\/wp\/v2\/product"}],"about":[{"href":"https:\/\/www.diukoptyk.pl\/pl\/wp-json\/wp\/v2\/types\/product"}],"version-history":[{"count":1,"href":"https:\/\/www.diukoptyk.pl\/pl\/wp-json\/wp\/v2\/product\/1407\/revisions"}],"predecessor-version":[{"id":4579,"href":"https:\/\/www.diukoptyk.pl\/pl\/wp-json\/wp\/v2\/product\/1407\/revisions\/4579"}],"wp:featuredmedia":[{"embeddable":true,"href":"https:\/\/www.diukoptyk.pl\/pl\/wp-json\/wp\/v2\/media\/1404"}],"wp:attachment":[{"href":"https:\/\/www.diukoptyk.pl\/pl\/wp-json\/wp\/v2\/media?parent=1407"}],"wp:term":[{"taxonomy":"product_brand","embeddable":true,"href":"https:\/\/www.diukoptyk.pl\/pl\/wp-json\/wp\/v2\/product_brand?post=1407"},{"taxonomy":"product_cat","embeddable":true,"href":"https:\/\/www.diukoptyk.pl\/pl\/wp-json\/wp\/v2\/product_cat?post=1407"},{"taxonomy":"product_tag","embeddable":true,"href":"https:\/\/www.diukoptyk.pl\/pl\/wp-json\/wp\/v2\/product_tag?post=1407"},{"taxonomy":"model","embeddable":true,"href":"https:\/\/www.diukoptyk.pl\/pl\/wp-json\/wp\/v2\/model?post=1407"}],"curies":[{"name":"wp","href":"https:\/\/api.w.org\/{rel}","templated":true}]}}