{"id":1402,"date":"2025-09-15T19:23:53","date_gmt":"2025-09-15T17:23:53","guid":{"rendered":"https:\/\/duke2.unixstorm.eu\/produkt\/jacques-marie-mage-tramonto-shadow\/"},"modified":"2026-03-05T17:34:28","modified_gmt":"2026-03-05T16:34:28","slug":"jacques-marie-mage-tramonto-shadow","status":"publish","type":"product","link":"https:\/\/www.diukoptyk.pl\/pl\/produkt\/jacques-marie-mage-tramonto-shadow\/","title":{"rendered":"Jacques Marie Mage TRAMONTO | SHADOW"},"content":{"rendered":"<p data-start=\"777\" data-end=\"991\"><strong data-start=\"777\" data-end=\"796\">Dlaczego warto?<\/strong><br data-start=\"796\" data-end=\"799\" \/>Limitowana edycja \u0142\u0105czy \u015bwiat wy\u015bcig\u00f3w z najwy\u017cszym kunsztem optycznym. Jacques Marie Mage x Valentino Rossi to nie tylko okulary \u2013 to symbol odwagi, energii i kolekcjonerskiej wyj\u0105tkowo\u015bci.<\/p>\n<p>&nbsp;<\/p>\n<p>Limitowana seria 500 sztuk na ca\u0142ym \u015bwiecie.<\/p>\n","protected":false},"excerpt":{"rendered":"<h3 data-start=\"92\" data-end=\"157\">Jacques Marie Mage x Valentino Rossi \u2013 <strong data-start=\"135\" data-end=\"155\">SoleLuna Edition<\/strong><\/h3>\n<p data-start=\"159\" data-end=\"494\"><strong data-start=\"159\" data-end=\"189\">Rzemios\u0142o z dusz\u0105 wy\u015bcig\u00f3w<\/strong><br data-start=\"189\" data-end=\"192\" \/>R\u0119cznie wykonane w Japonii prostok\u0105tne okulary o rze\u017abiarskiej linii brwiowej i szerokim dopasowaniu. Wyposa\u017cone w nowe <strong data-start=\"312\" data-end=\"338\">zawiasy siedmiopr\u0119towe<\/strong>, klasyczny drut rdzeniowy z grawerowanymi detalami typu <em data-start=\"395\" data-end=\"405\">hairline<\/em> oraz wyj\u0105tkowy emblemat <strong data-start=\"430\" data-end=\"463\">\u201eSoleLuna\u201d Valentino Rossiego<\/strong> na zako\u0144czeniach zausznik\u00f3w.<\/p>\n<p data-start=\"496\" data-end=\"775\"><strong data-start=\"496\" data-end=\"522\">Inspiracja i charakter<\/strong><br data-start=\"522\" data-end=\"525\" \/>Podobnie jak legendarna <strong data-start=\"549\" data-end=\"589\">\u201eCurva del Tramonto\u201d na torze Misano<\/strong>, gdzie Valentino Rossi od lat jest ulubie\u0144cem publiczno\u015bci, ten model emanuje pasj\u0105 i charyzm\u0105. To spektakularna oprawa, kt\u00f3ra celebruje odwag\u0119, ducha rywalizacji i d\u0105\u017cenie do chwa\u0142y.<\/p>\n","protected":false},"featured_media":1400,"template":"","meta":{"_acf_changed":false,"_joinchat":[]},"product_brand":[82],"product_cat":[37,30,35],"product_tag":[321],"model":[403],"class_list":{"0":"post-1402","1":"product","2":"type-product","3":"status-publish","4":"has-post-thumbnail","6":"product_brand-jacques-marie-mage","7":"product_cat-meskie","8":"product_cat-okulary-przeciwsloneczne","9":"product_cat-unisex","10":"product_tag-jmmtm26","11":"model-tramonto","13":"first","14":"outofstock","15":"shipping-taxable","16":"purchasable","17":"product-type-simple"},"acf":[],"aioseo_notices":[],"_links":{"self":[{"href":"https:\/\/www.diukoptyk.pl\/pl\/wp-json\/wp\/v2\/product\/1402","targetHints":{"allow":["GET"]}}],"collection":[{"href":"https:\/\/www.diukoptyk.pl\/pl\/wp-json\/wp\/v2\/product"}],"about":[{"href":"https:\/\/www.diukoptyk.pl\/pl\/wp-json\/wp\/v2\/types\/product"}],"version-history":[{"count":1,"href":"https:\/\/www.diukoptyk.pl\/pl\/wp-json\/wp\/v2\/product\/1402\/revisions"}],"predecessor-version":[{"id":4563,"href":"https:\/\/www.diukoptyk.pl\/pl\/wp-json\/wp\/v2\/product\/1402\/revisions\/4563"}],"wp:featuredmedia":[{"embeddable":true,"href":"https:\/\/www.diukoptyk.pl\/pl\/wp-json\/wp\/v2\/media\/1400"}],"wp:attachment":[{"href":"https:\/\/www.diukoptyk.pl\/pl\/wp-json\/wp\/v2\/media?parent=1402"}],"wp:term":[{"taxonomy":"product_brand","embeddable":true,"href":"https:\/\/www.diukoptyk.pl\/pl\/wp-json\/wp\/v2\/product_brand?post=1402"},{"taxonomy":"product_cat","embeddable":true,"href":"https:\/\/www.diukoptyk.pl\/pl\/wp-json\/wp\/v2\/product_cat?post=1402"},{"taxonomy":"product_tag","embeddable":true,"href":"https:\/\/www.diukoptyk.pl\/pl\/wp-json\/wp\/v2\/product_tag?post=1402"},{"taxonomy":"model","embeddable":true,"href":"https:\/\/www.diukoptyk.pl\/pl\/wp-json\/wp\/v2\/model?post=1402"}],"curies":[{"name":"wp","href":"https:\/\/api.w.org\/{rel}","templated":true}]}}