{"id":1385,"date":"2025-09-15T19:20:00","date_gmt":"2025-09-15T17:20:00","guid":{"rendered":"https:\/\/duke2.unixstorm.eu\/produkt\/jacques-marie-mage-reynold-tropic\/"},"modified":"2026-03-05T17:34:10","modified_gmt":"2026-03-05T16:34:10","slug":"jacques-marie-mage-reynold-tropic","status":"publish","type":"product","link":"https:\/\/www.diukoptyk.pl\/pl\/produkt\/jacques-marie-mage-reynold-tropic\/","title":{"rendered":"Jacques Marie Mage REYNOLD | TROPIC"},"content":{"rendered":"<p><strong data-start=\"760\" data-end=\"773\">Dla kogo?<\/strong><br data-start=\"773\" data-end=\"776\" \/>To model stworzony dla os\u00f3b, kt\u00f3re chc\u0105 \u0142\u0105czy\u0107 odwa\u017cny styl retro z nowoczesnym wyrafinowaniem. <strong data-start=\"872\" data-end=\"902\">Jacques Marie Mage Aviator<\/strong> to manifest pewno\u015bci siebie, kt\u00f3ry idealnie sprawdzi si\u0119 zar\u00f3wno w codziennym \u017cyciu, jak i jako mocny element stylizacji.<\/p>\n<p>&nbsp;<\/p>\n<ul>\n<li>Soczewki CR39<\/li>\n<li>Ochrona UV 100%<\/li>\n<li>R\u0119czna produkcja w Japonii<\/li>\n<li>Limitowana seria 250 sztuk na ca\u0142ym \u015bwiecie.<\/li>\n<\/ul>\n","protected":false},"excerpt":{"rendered":"<p data-start=\"183\" data-end=\"431\"><strong data-start=\"183\" data-end=\"207\">Ikona odwagi i stylu<\/strong><br data-start=\"207\" data-end=\"210\" \/>Oversize\u2019owe aviatory zainspirowane estetyk\u0105 lat 70., wykonane w ca\u0142o\u015bci z tytanu, \u0142\u0105cz\u0105 elegancj\u0119 z nonszalancj\u0105. To oprawa, kt\u00f3ra przyci\u0105ga spojrzenia \u2013 pe\u0142na filmowej charyzmy i odrobiny szalonego ducha tamtej epoki.<\/p>\n<p data-start=\"433\" data-end=\"472\"><strong data-start=\"433\" data-end=\"470\">Detale, kt\u00f3re definiuj\u0105 charakter<\/strong><\/p>\n<ul data-start=\"473\" data-end=\"758\">\n<li data-start=\"473\" data-end=\"554\">\n<p data-start=\"475\" data-end=\"554\">Precyzyjnie grawerowany <strong data-start=\"499\" data-end=\"518\">podw\u00f3jny mostek<\/strong> nadaj\u0105cy oprawie wyj\u0105tkowej g\u0142\u0119bi<\/p>\n<\/li>\n<li data-start=\"555\" data-end=\"666\">\n<p data-start=\"557\" data-end=\"666\">Charakterystyczne <strong data-start=\"575\" data-end=\"625\">zauszniki z ko\u0144c\u00f3wkami w kszta\u0142cie statecznika<\/strong> \u2013 podpis projektowy Jacques Marie Mage<\/p>\n<\/li>\n<li data-start=\"667\" data-end=\"758\">\n<p data-start=\"669\" data-end=\"758\">Konstrukcja z lekkiego, a zarazem wytrzyma\u0142ego <strong data-start=\"716\" data-end=\"726\">tytanu<\/strong> zapewniaj\u0105ca komfort noszenia<\/p>\n<\/li>\n<\/ul>\n","protected":false},"featured_media":1663,"template":"","meta":{"_acf_changed":false,"_joinchat":[]},"product_brand":[82],"product_cat":[32,37,30,35],"product_tag":[306],"model":[393],"class_list":{"0":"post-1385","1":"product","2":"type-product","3":"status-publish","4":"has-post-thumbnail","6":"product_brand-jacques-marie-mage","7":"product_cat-damskie","8":"product_cat-meskie","9":"product_cat-okulary-przeciwsloneczne","10":"product_cat-unisex","11":"product_tag-jmmre6u","12":"model-reynold","14":"first","15":"instock","16":"shipping-taxable","17":"purchasable","18":"product-type-simple"},"acf":[],"aioseo_notices":[],"_links":{"self":[{"href":"https:\/\/www.diukoptyk.pl\/pl\/wp-json\/wp\/v2\/product\/1385","targetHints":{"allow":["GET"]}}],"collection":[{"href":"https:\/\/www.diukoptyk.pl\/pl\/wp-json\/wp\/v2\/product"}],"about":[{"href":"https:\/\/www.diukoptyk.pl\/pl\/wp-json\/wp\/v2\/types\/product"}],"version-history":[{"count":1,"href":"https:\/\/www.diukoptyk.pl\/pl\/wp-json\/wp\/v2\/product\/1385\/revisions"}],"predecessor-version":[{"id":4536,"href":"https:\/\/www.diukoptyk.pl\/pl\/wp-json\/wp\/v2\/product\/1385\/revisions\/4536"}],"wp:featuredmedia":[{"embeddable":true,"href":"https:\/\/www.diukoptyk.pl\/pl\/wp-json\/wp\/v2\/media\/1663"}],"wp:attachment":[{"href":"https:\/\/www.diukoptyk.pl\/pl\/wp-json\/wp\/v2\/media?parent=1385"}],"wp:term":[{"taxonomy":"product_brand","embeddable":true,"href":"https:\/\/www.diukoptyk.pl\/pl\/wp-json\/wp\/v2\/product_brand?post=1385"},{"taxonomy":"product_cat","embeddable":true,"href":"https:\/\/www.diukoptyk.pl\/pl\/wp-json\/wp\/v2\/product_cat?post=1385"},{"taxonomy":"product_tag","embeddable":true,"href":"https:\/\/www.diukoptyk.pl\/pl\/wp-json\/wp\/v2\/product_tag?post=1385"},{"taxonomy":"model","embeddable":true,"href":"https:\/\/www.diukoptyk.pl\/pl\/wp-json\/wp\/v2\/model?post=1385"}],"curies":[{"name":"wp","href":"https:\/\/api.w.org\/{rel}","templated":true}]}}