{"id":1377,"date":"2025-09-15T19:17:59","date_gmt":"2025-09-15T17:17:59","guid":{"rendered":"https:\/\/duke2.unixstorm.eu\/produkt\/jacques-marie-mage-ugo-silver\/"},"modified":"2026-03-05T17:33:38","modified_gmt":"2026-03-05T16:33:38","slug":"jacques-marie-mage-ugo-silver","status":"publish","type":"product","link":"https:\/\/www.diukoptyk.pl\/pl\/produkt\/jacques-marie-mage-ugo-silver\/","title":{"rendered":"Jacques Marie Mage UGO | SILVER"},"content":{"rendered":"<h3 data-start=\"126\" data-end=\"167\">Jacques Marie Mage \u2013 <strong data-start=\"151\" data-end=\"165\">UGO Silver<\/strong><\/h3>\n<p data-start=\"169\" data-end=\"221\"><strong data-start=\"169\" data-end=\"219\">Limitowana edycja \u2013 tylko 350 sztuk na \u015bwiecie<\/strong><\/p>\n<p data-start=\"223\" data-end=\"528\">Model <strong data-start=\"229\" data-end=\"243\">UGO Silver<\/strong> to wyraziste, sze\u015bciok\u0105tne oprawy inspirowane latami 90., nale\u017c\u0105ce do presti\u017cowej <strong data-start=\"326\" data-end=\"345\">Titanium Series<\/strong>. Ich charakter podkre\u015bla nowy profil w kszta\u0142cie litery V, unikalny ukryty zawias oraz subtelne detale z \u017cywicy epoksydowej, kt\u00f3re dodaj\u0105 ca\u0142o\u015bci g\u0142\u0119bi i rze\u017abiarskiego charakteru.<\/p>\n<p data-start=\"530\" data-end=\"551\"><strong data-start=\"530\" data-end=\"549\">Detale i design<\/strong><\/p>\n<ul data-start=\"552\" data-end=\"896\">\n<li data-start=\"552\" data-end=\"619\">\n<p data-start=\"554\" data-end=\"619\">Geometryczny, sze\u015bciok\u0105tny kszta\u0142t inspirowany estetyk\u0105 lat 90.<\/p>\n<\/li>\n<li data-start=\"620\" data-end=\"690\">\n<p data-start=\"622\" data-end=\"690\">Profil w kszta\u0142cie litery V podkre\u015blaj\u0105cy odwa\u017cny charakter modelu<\/p>\n<\/li>\n<li data-start=\"691\" data-end=\"774\">\n<p data-start=\"693\" data-end=\"774\">Zauszniki wyko\u0144czone r\u0119cznie laminowanym acetatem, zapewniaj\u0105cym unikalny efekt<\/p>\n<\/li>\n<li data-start=\"775\" data-end=\"843\">\n<p data-start=\"777\" data-end=\"843\">Subtelne detale z \u017cywicy epoksydowej i precyzyjnie ukryty zawias<\/p>\n<\/li>\n<li data-start=\"844\" data-end=\"896\">\n<p data-start=\"846\" data-end=\"896\">Konstrukcja z tytanu \u2013 lekka, trwa\u0142a i luksusowa<\/p>\n<\/li>\n<\/ul>\n","protected":false},"excerpt":{"rendered":"<p data-start=\"898\" data-end=\"1126\"><strong data-start=\"898\" data-end=\"916\">Manifest stylu<\/strong><br data-start=\"916\" data-end=\"919\" \/>UGO Silver to zaproszenie do prze\u0142amania schemat\u00f3w \u2013 oprawa, kt\u00f3ra celebruje niezale\u017cno\u015b\u0107 i lekko buntowniczy charakter. \u0141\u0105czy w sobie rze\u017abiarsk\u0105 form\u0119, najwy\u017csze rzemios\u0142o i niepowtarzalny klimat lat 90.<\/p>\n","protected":false},"featured_media":1691,"template":"","meta":{"_acf_changed":false,"_joinchat":[]},"product_brand":[82],"product_cat":[32,37,30,35],"product_tag":[302],"model":[404],"class_list":{"0":"post-1377","1":"product","2":"type-product","3":"status-publish","4":"has-post-thumbnail","6":"product_brand-jacques-marie-mage","7":"product_cat-damskie","8":"product_cat-meskie","9":"product_cat-okulary-przeciwsloneczne","10":"product_cat-unisex","11":"product_tag-jmmug41","12":"model-ugo","14":"first","15":"instock","16":"shipping-taxable","17":"purchasable","18":"product-type-simple"},"acf":[],"aioseo_notices":[],"_links":{"self":[{"href":"https:\/\/www.diukoptyk.pl\/pl\/wp-json\/wp\/v2\/product\/1377","targetHints":{"allow":["GET"]}}],"collection":[{"href":"https:\/\/www.diukoptyk.pl\/pl\/wp-json\/wp\/v2\/product"}],"about":[{"href":"https:\/\/www.diukoptyk.pl\/pl\/wp-json\/wp\/v2\/types\/product"}],"version-history":[{"count":1,"href":"https:\/\/www.diukoptyk.pl\/pl\/wp-json\/wp\/v2\/product\/1377\/revisions"}],"predecessor-version":[{"id":4567,"href":"https:\/\/www.diukoptyk.pl\/pl\/wp-json\/wp\/v2\/product\/1377\/revisions\/4567"}],"wp:featuredmedia":[{"embeddable":true,"href":"https:\/\/www.diukoptyk.pl\/pl\/wp-json\/wp\/v2\/media\/1691"}],"wp:attachment":[{"href":"https:\/\/www.diukoptyk.pl\/pl\/wp-json\/wp\/v2\/media?parent=1377"}],"wp:term":[{"taxonomy":"product_brand","embeddable":true,"href":"https:\/\/www.diukoptyk.pl\/pl\/wp-json\/wp\/v2\/product_brand?post=1377"},{"taxonomy":"product_cat","embeddable":true,"href":"https:\/\/www.diukoptyk.pl\/pl\/wp-json\/wp\/v2\/product_cat?post=1377"},{"taxonomy":"product_tag","embeddable":true,"href":"https:\/\/www.diukoptyk.pl\/pl\/wp-json\/wp\/v2\/product_tag?post=1377"},{"taxonomy":"model","embeddable":true,"href":"https:\/\/www.diukoptyk.pl\/pl\/wp-json\/wp\/v2\/model?post=1377"}],"curies":[{"name":"wp","href":"https:\/\/api.w.org\/{rel}","templated":true}]}}