{"id":1368,"date":"2025-09-15T19:15:49","date_gmt":"2025-09-15T17:15:49","guid":{"rendered":"https:\/\/duke2.unixstorm.eu\/produkt\/jacques-marie-mage-donohu-burgundy\/"},"modified":"2026-03-05T17:33:03","modified_gmt":"2026-03-05T16:33:03","slug":"jacques-marie-mage-donohu-burgundy","status":"publish","type":"product","link":"https:\/\/www.diukoptyk.pl\/pl\/produkt\/jacques-marie-mage-donohu-burgundy\/","title":{"rendered":"Jacques Marie Mage DONOHU | BURGUNDY"},"content":{"rendered":"<p>Donohu to nie tylko okulary \u2013 to manifest si\u0142y, szybko\u015bci i zwyci\u0119stwa. Stworzone dla os\u00f3b, kt\u00f3re szukaj\u0105 wyj\u0105tkowej formy, komfortu i presti\u017cowego designu Jacques Marie Mage.<\/p>\n<ul>\n<li>Symbol JMMDH24<\/li>\n<li>Soczewki CR39 z wewn\u0119trzn\u0105 pow\u0142ok\u0105 antyrefleksyjn\u0105<\/li>\n<li>Ochrona UV 100%<\/li>\n<li>R\u0119czna produkcja w Japonii<\/li>\n<li>Limitowana seria 500 sztuk na ca\u0142ym \u015bwiecie.<\/li>\n<\/ul>\n","protected":false},"excerpt":{"rendered":"<p data-start=\"742\" data-end=\"947\"><strong data-start=\"742\" data-end=\"771\">Jacques Marie Mage Donohu<\/strong> \u2013 limitowana edycja inspirowana duchem rywalizacji i legend\u0105 otwartych dr\u00f3g. Ten model \u0142\u0105czy w sobie mocny, prostok\u0105tny kszta\u0142t typu <strong data-start=\"905\" data-end=\"918\">navigator<\/strong> z luksusowym wyko\u0144czeniem:<\/p>\n<ul data-start=\"948\" data-end=\"1229\">\n<li data-start=\"948\" data-end=\"1056\">\n<p data-start=\"950\" data-end=\"1056\"><strong data-start=\"950\" data-end=\"961\">Oprawa:<\/strong> szeroka, odwa\u017cna forma z najwy\u017cszej jako\u015bci acetatu, doskona\u0142a dla os\u00f3b o pe\u0142niejszej twarzy<\/p>\n<\/li>\n<li data-start=\"1057\" data-end=\"1161\">\n<p data-start=\"1059\" data-end=\"1161\"><strong data-start=\"1059\" data-end=\"1070\">Detale:<\/strong> smuk\u0142e tytanowe zauszniki i g\u00f3rna belka, kt\u00f3re dodaj\u0105 lekko\u015bci i nowoczesnego charakteru<\/p>\n<\/li>\n<li data-start=\"1162\" data-end=\"1229\">\n<p data-start=\"1164\" data-end=\"1229\"><strong data-start=\"1164\" data-end=\"1178\">Rzemios\u0142o:<\/strong> ka\u017cdy egzemplarz jest r\u0119cznie wykonany w Japonii<\/p>\n<\/li>\n<\/ul>\n","protected":false},"featured_media":1642,"template":"","meta":{"_acf_changed":false,"_joinchat":[]},"product_brand":[82],"product_cat":[37,30,35],"product_tag":[297],"model":[],"class_list":{"0":"post-1368","1":"product","2":"type-product","3":"status-publish","4":"has-post-thumbnail","6":"product_brand-jacques-marie-mage","7":"product_cat-meskie","8":"product_cat-okulary-przeciwsloneczne","9":"product_cat-unisex","10":"product_tag-jmmdh24","12":"first","13":"outofstock","14":"shipping-taxable","15":"purchasable","16":"product-type-simple"},"acf":[],"aioseo_notices":[],"_links":{"self":[{"href":"https:\/\/www.diukoptyk.pl\/pl\/wp-json\/wp\/v2\/product\/1368","targetHints":{"allow":["GET"]}}],"collection":[{"href":"https:\/\/www.diukoptyk.pl\/pl\/wp-json\/wp\/v2\/product"}],"about":[{"href":"https:\/\/www.diukoptyk.pl\/pl\/wp-json\/wp\/v2\/types\/product"}],"version-history":[{"count":1,"href":"https:\/\/www.diukoptyk.pl\/pl\/wp-json\/wp\/v2\/product\/1368\/revisions"}],"predecessor-version":[{"id":5208,"href":"https:\/\/www.diukoptyk.pl\/pl\/wp-json\/wp\/v2\/product\/1368\/revisions\/5208"}],"wp:featuredmedia":[{"embeddable":true,"href":"https:\/\/www.diukoptyk.pl\/pl\/wp-json\/wp\/v2\/media\/1642"}],"wp:attachment":[{"href":"https:\/\/www.diukoptyk.pl\/pl\/wp-json\/wp\/v2\/media?parent=1368"}],"wp:term":[{"taxonomy":"product_brand","embeddable":true,"href":"https:\/\/www.diukoptyk.pl\/pl\/wp-json\/wp\/v2\/product_brand?post=1368"},{"taxonomy":"product_cat","embeddable":true,"href":"https:\/\/www.diukoptyk.pl\/pl\/wp-json\/wp\/v2\/product_cat?post=1368"},{"taxonomy":"product_tag","embeddable":true,"href":"https:\/\/www.diukoptyk.pl\/pl\/wp-json\/wp\/v2\/product_tag?post=1368"},{"taxonomy":"model","embeddable":true,"href":"https:\/\/www.diukoptyk.pl\/pl\/wp-json\/wp\/v2\/model?post=1368"}],"curies":[{"name":"wp","href":"https:\/\/api.w.org\/{rel}","templated":true}]}}