{"id":1364,"date":"2025-09-15T19:14:55","date_gmt":"2025-09-15T17:14:55","guid":{"rendered":"https:\/\/duke2.unixstorm.eu\/produkt\/jacques-marie-mage-torino-noir-x\/"},"modified":"2026-03-05T17:32:42","modified_gmt":"2026-03-05T16:32:42","slug":"jacques-marie-mage-torino-noir-x","status":"publish","type":"product","link":"https:\/\/www.diukoptyk.pl\/pl\/produkt\/jacques-marie-mage-torino-noir-x\/","title":{"rendered":"Jacques Marie Mage TORINO | NOIR X"},"content":{"rendered":"<p><strong data-start=\"882\" data-end=\"895\">Dla kogo?<\/strong><br data-start=\"895\" data-end=\"898\" \/>Jacques Marie Mage <strong data-start=\"917\" data-end=\"927\">Torino<\/strong> to wyrafinowana propozycja dla os\u00f3b, kt\u00f3re ceni\u0105 sztuk\u0119, architektur\u0119 i ponadczasow\u0105 elegancj\u0119. Oprawa, kt\u00f3ra nie tylko podkre\u015bla styl, ale i nadaje mu scenicznego charakteru \u2013 godna wielkiego bisu.<\/p>\n<p>&nbsp;<\/p>\n<p>Limitowana seria 500 sztuk na ca\u0142ym \u015bwiecie.<\/p>\n","protected":false},"excerpt":{"rendered":"<h3 data-start=\"84\" data-end=\"121\">Jacques Marie Mage \u2013 <strong data-start=\"109\" data-end=\"119\">Torino<\/strong><\/h3>\n<p data-start=\"123\" data-end=\"426\"><strong data-start=\"123\" data-end=\"154\">Ho\u0142d dla w\u0142oskiej elegancji<\/strong><br data-start=\"154\" data-end=\"157\" \/>Klasyczne oprawy inspirowane latami 60., kt\u00f3rych nazwa nawi\u0105zuje do s\u0142ynnego <strong data-start=\"234\" data-end=\"257\">Teatro Regio Torino<\/strong> \u2013 miejsca wielkich artystycznych wyst\u0119p\u00f3w. To model, kt\u00f3ry \u0142\u0105czy w sobie subtelne k\u0105ty, architektoniczne linie i wysmakowane detale, tworz\u0105c spektakl formy i luksusu.<\/p>\n<p data-start=\"428\" data-end=\"449\"><strong data-start=\"428\" data-end=\"447\">Detale i design<\/strong><\/p>\n<ul data-start=\"450\" data-end=\"880\">\n<li data-start=\"450\" data-end=\"513\">\n<p data-start=\"452\" data-end=\"513\">Charakterystyczne dla JMM przednie nity w kszta\u0142cie strza\u0142y<\/p>\n<\/li>\n<li data-start=\"514\" data-end=\"587\">\n<p data-start=\"516\" data-end=\"587\">Siedmiopr\u0119towe zawiasy zapewniaj\u0105ce trwa\u0142o\u015b\u0107 i eleganckie wyko\u0144czenie<\/p>\n<\/li>\n<li data-start=\"588\" data-end=\"678\">\n<p data-start=\"590\" data-end=\"678\">Zauszniki z klasycznym drutem rdzeniowym, zdobione delikatnym grawerem typu <em data-start=\"666\" data-end=\"676\">hairline<\/em><\/p>\n<\/li>\n<li data-start=\"679\" data-end=\"748\">\n<p data-start=\"681\" data-end=\"748\">Wywa\u017cony kszta\u0142t z mi\u0119kkimi liniami, inspirowany estetyk\u0105 lat 60.<\/p>\n<\/li>\n<li data-start=\"749\" data-end=\"880\">\n<p data-start=\"751\" data-end=\"880\">Pierwsza edycja tego modelu ukaza\u0142a si\u0119 wiosn\u0105 2018 roku i od tego czasu pozostaje jedn\u0105 z najbardziej rozpoznawalnych ikon JMM<\/p>\n<\/li>\n<\/ul>\n","protected":false},"featured_media":1361,"template":"","meta":{"_acf_changed":false,"_joinchat":[]},"product_brand":[82],"product_cat":[37,30,35],"product_tag":[293],"model":[402],"class_list":{"0":"post-1364","1":"product","2":"type-product","3":"status-publish","4":"has-post-thumbnail","6":"product_brand-jacques-marie-mage","7":"product_cat-meskie","8":"product_cat-okulary-przeciwsloneczne","9":"product_cat-unisex","10":"product_tag-jmmtr10a","11":"model-torino","13":"first","14":"instock","15":"shipping-taxable","16":"purchasable","17":"product-type-simple"},"acf":[],"aioseo_notices":[],"_links":{"self":[{"href":"https:\/\/www.diukoptyk.pl\/pl\/wp-json\/wp\/v2\/product\/1364","targetHints":{"allow":["GET"]}}],"collection":[{"href":"https:\/\/www.diukoptyk.pl\/pl\/wp-json\/wp\/v2\/product"}],"about":[{"href":"https:\/\/www.diukoptyk.pl\/pl\/wp-json\/wp\/v2\/types\/product"}],"version-history":[{"count":1,"href":"https:\/\/www.diukoptyk.pl\/pl\/wp-json\/wp\/v2\/product\/1364\/revisions"}],"predecessor-version":[{"id":4558,"href":"https:\/\/www.diukoptyk.pl\/pl\/wp-json\/wp\/v2\/product\/1364\/revisions\/4558"}],"wp:featuredmedia":[{"embeddable":true,"href":"https:\/\/www.diukoptyk.pl\/pl\/wp-json\/wp\/v2\/media\/1361"}],"wp:attachment":[{"href":"https:\/\/www.diukoptyk.pl\/pl\/wp-json\/wp\/v2\/media?parent=1364"}],"wp:term":[{"taxonomy":"product_brand","embeddable":true,"href":"https:\/\/www.diukoptyk.pl\/pl\/wp-json\/wp\/v2\/product_brand?post=1364"},{"taxonomy":"product_cat","embeddable":true,"href":"https:\/\/www.diukoptyk.pl\/pl\/wp-json\/wp\/v2\/product_cat?post=1364"},{"taxonomy":"product_tag","embeddable":true,"href":"https:\/\/www.diukoptyk.pl\/pl\/wp-json\/wp\/v2\/product_tag?post=1364"},{"taxonomy":"model","embeddable":true,"href":"https:\/\/www.diukoptyk.pl\/pl\/wp-json\/wp\/v2\/model?post=1364"}],"curies":[{"name":"wp","href":"https:\/\/api.w.org\/{rel}","templated":true}]}}